{"id":152,"date":"2023-05-18T17:39:43","date_gmt":"2023-05-18T17:39:43","guid":{"rendered":"https:\/\/betwinner.tips\/az\/?page_id=152"},"modified":"2026-03-31T11:42:08","modified_gmt":"2026-03-31T11:42:08","slug":"bonus","status":"publish","type":"page","link":"https:\/\/betwinner.tips\/az\/bonus\/","title":{"rendered":"Bonus"},"content":{"rendered":"","protected":false},"excerpt":{"rendered":"","protected":false},"author":1,"featured_media":0,"parent":0,"menu_order":0,"comment_status":"closed","ping_status":"closed","template":"","meta":{"footnotes":""},"class_list":["post-152","page","type-page","status-publish","hentry"],"yoast_head":"<!-- This site is optimized with the Yoast SEO plugin v25.6 - https:\/\/yoast.com\/wordpress\/plugins\/seo\/ -->\n<title>BetWinner Bonus B\u0259l\u0259d\u00e7isi | Ekskl\u00fcziv M\u0259rc T\u0259klifl\u0259ri<\/title>\n<meta name=\"description\" content=\"BetWinner-d\u0259 qeydiyyatdan ke\u00e7dikd\u0259n sonra idman v\u0259 kazino \u00fc\u00e7\u00fcn xo\u015f g\u0259lmisiniz bonusu qazan\u0131n! Oyundan z\u00f6vq al\u0131n v\u0259 aktiv oyun \u00fc\u00e7\u00fcn bonuslar \u0259ld\u0259 edin!\" \/>\n<meta name=\"robots\" content=\"index, follow, max-snippet:-1, max-image-preview:large, max-video-preview:-1\" \/>\n<meta property=\"og:locale\" content=\"az_AZ\" \/>\n<meta property=\"og:type\" content=\"article\" \/>\n<meta property=\"og:title\" content=\"BetWinner Bonus B\u0259l\u0259d\u00e7isi | Ekskl\u00fcziv M\u0259rc T\u0259klifl\u0259ri\" \/>\n<meta property=\"og:description\" content=\"BetWinner-d\u0259 qeydiyyatdan ke\u00e7dikd\u0259n sonra idman v\u0259 kazino \u00fc\u00e7\u00fcn xo\u015f g\u0259lmisiniz bonusu qazan\u0131n! Oyundan z\u00f6vq al\u0131n v\u0259 aktiv oyun \u00fc\u00e7\u00fcn bonuslar \u0259ld\u0259 edin!\" \/>\n<meta property=\"og:url\" content=\"https:\/\/betwinner.tips\/az\/bonus\/\" \/>\n<meta property=\"og:site_name\" content=\"Betwinner Tips az\" \/>\n<meta property=\"article:modified_time\" content=\"2026-03-31T11:42:08+00:00\" \/>\n<meta name=\"twitter:card\" content=\"summary_large_image\" \/>\n<script type=\"application\/ld+json\" class=\"yoast-schema-graph\">{\"@context\":\"https:\/\/schema.org\",\"@graph\":[{\"@type\":\"WebPage\",\"@id\":\"https:\/\/betwinner.tips\/az\/bonus\/\",\"url\":\"https:\/\/betwinner.tips\/az\/bonus\/\",\"name\":\"BetWinner Bonus B\u0259l\u0259d\u00e7isi | Ekskl\u00fcziv M\u0259rc T\u0259klifl\u0259ri\",\"isPartOf\":{\"@id\":\"https:\/\/betwinner.tips\/az\/#website\"},\"datePublished\":\"2023-05-18T17:39:43+00:00\",\"dateModified\":\"2026-03-31T11:42:08+00:00\",\"description\":\"BetWinner-d\u0259 qeydiyyatdan ke\u00e7dikd\u0259n sonra idman v\u0259 kazino \u00fc\u00e7\u00fcn xo\u015f g\u0259lmisiniz bonusu qazan\u0131n! Oyundan z\u00f6vq al\u0131n v\u0259 aktiv oyun \u00fc\u00e7\u00fcn bonuslar \u0259ld\u0259 edin!\",\"breadcrumb\":{\"@id\":\"https:\/\/betwinner.tips\/az\/bonus\/#breadcrumb\"},\"inLanguage\":\"az\",\"potentialAction\":[{\"@type\":\"ReadAction\",\"target\":[\"https:\/\/betwinner.tips\/az\/bonus\/\"]}]},{\"@type\":\"BreadcrumbList\",\"@id\":\"https:\/\/betwinner.tips\/az\/bonus\/#breadcrumb\",\"itemListElement\":[{\"@type\":\"ListItem\",\"position\":1,\"name\":\"Home\",\"item\":\"https:\/\/betwinner.tips\/az\/\"},{\"@type\":\"ListItem\",\"position\":2,\"name\":\"Bonus\"}]},{\"@type\":\"WebSite\",\"@id\":\"https:\/\/betwinner.tips\/az\/#website\",\"url\":\"https:\/\/betwinner.tips\/az\/\",\"name\":\"Betwinner Tips az\",\"description\":\"My WordPress Blog\",\"potentialAction\":[{\"@type\":\"SearchAction\",\"target\":{\"@type\":\"EntryPoint\",\"urlTemplate\":\"https:\/\/betwinner.tips\/az\/?s={search_term_string}\"},\"query-input\":{\"@type\":\"PropertyValueSpecification\",\"valueRequired\":true,\"valueName\":\"search_term_string\"}}],\"inLanguage\":\"az\"}]}<\/script>\n<!-- \/ Yoast SEO plugin. -->","yoast_head_json":{"title":"BetWinner Bonus B\u0259l\u0259d\u00e7isi | Ekskl\u00fcziv M\u0259rc T\u0259klifl\u0259ri","description":"BetWinner-d\u0259 qeydiyyatdan ke\u00e7dikd\u0259n sonra idman v\u0259 kazino \u00fc\u00e7\u00fcn xo\u015f g\u0259lmisiniz bonusu qazan\u0131n! Oyundan z\u00f6vq al\u0131n v\u0259 aktiv oyun \u00fc\u00e7\u00fcn bonuslar \u0259ld\u0259 edin!","robots":{"index":"index","follow":"follow","max-snippet":"max-snippet:-1","max-image-preview":"max-image-preview:large","max-video-preview":"max-video-preview:-1"},"og_locale":"az_AZ","og_type":"article","og_title":"BetWinner Bonus B\u0259l\u0259d\u00e7isi | Ekskl\u00fcziv M\u0259rc T\u0259klifl\u0259ri","og_description":"BetWinner-d\u0259 qeydiyyatdan ke\u00e7dikd\u0259n sonra idman v\u0259 kazino \u00fc\u00e7\u00fcn xo\u015f g\u0259lmisiniz bonusu qazan\u0131n! Oyundan z\u00f6vq al\u0131n v\u0259 aktiv oyun \u00fc\u00e7\u00fcn bonuslar \u0259ld\u0259 edin!","og_url":"https:\/\/betwinner.tips\/az\/bonus\/","og_site_name":"Betwinner Tips az","article_modified_time":"2026-03-31T11:42:08+00:00","twitter_card":"summary_large_image","schema":{"@context":"https:\/\/schema.org","@graph":[{"@type":"WebPage","@id":"https:\/\/betwinner.tips\/az\/bonus\/","url":"https:\/\/betwinner.tips\/az\/bonus\/","name":"BetWinner Bonus B\u0259l\u0259d\u00e7isi | Ekskl\u00fcziv M\u0259rc T\u0259klifl\u0259ri","isPartOf":{"@id":"https:\/\/betwinner.tips\/az\/#website"},"datePublished":"2023-05-18T17:39:43+00:00","dateModified":"2026-03-31T11:42:08+00:00","description":"BetWinner-d\u0259 qeydiyyatdan ke\u00e7dikd\u0259n sonra idman v\u0259 kazino \u00fc\u00e7\u00fcn xo\u015f g\u0259lmisiniz bonusu qazan\u0131n! Oyundan z\u00f6vq al\u0131n v\u0259 aktiv oyun \u00fc\u00e7\u00fcn bonuslar \u0259ld\u0259 edin!","breadcrumb":{"@id":"https:\/\/betwinner.tips\/az\/bonus\/#breadcrumb"},"inLanguage":"az","potentialAction":[{"@type":"ReadAction","target":["https:\/\/betwinner.tips\/az\/bonus\/"]}]},{"@type":"BreadcrumbList","@id":"https:\/\/betwinner.tips\/az\/bonus\/#breadcrumb","itemListElement":[{"@type":"ListItem","position":1,"name":"Home","item":"https:\/\/betwinner.tips\/az\/"},{"@type":"ListItem","position":2,"name":"Bonus"}]},{"@type":"WebSite","@id":"https:\/\/betwinner.tips\/az\/#website","url":"https:\/\/betwinner.tips\/az\/","name":"Betwinner Tips az","description":"My WordPress Blog","potentialAction":[{"@type":"SearchAction","target":{"@type":"EntryPoint","urlTemplate":"https:\/\/betwinner.tips\/az\/?s={search_term_string}"},"query-input":{"@type":"PropertyValueSpecification","valueRequired":true,"valueName":"search_term_string"}}],"inLanguage":"az"}]}},"_links":{"self":[{"href":"https:\/\/betwinner.tips\/az\/wp-json\/wp\/v2\/pages\/152","targetHints":{"allow":["GET"]}}],"collection":[{"href":"https:\/\/betwinner.tips\/az\/wp-json\/wp\/v2\/pages"}],"about":[{"href":"https:\/\/betwinner.tips\/az\/wp-json\/wp\/v2\/types\/page"}],"author":[{"embeddable":true,"href":"https:\/\/betwinner.tips\/az\/wp-json\/wp\/v2\/users\/1"}],"replies":[{"embeddable":true,"href":"https:\/\/betwinner.tips\/az\/wp-json\/wp\/v2\/comments?post=152"}],"version-history":[{"count":7,"href":"https:\/\/betwinner.tips\/az\/wp-json\/wp\/v2\/pages\/152\/revisions"}],"predecessor-version":[{"id":512,"href":"https:\/\/betwinner.tips\/az\/wp-json\/wp\/v2\/pages\/152\/revisions\/512"}],"wp:attachment":[{"href":"https:\/\/betwinner.tips\/az\/wp-json\/wp\/v2\/media?parent=152"}],"curies":[{"name":"wp","href":"https:\/\/api.w.org\/{rel}","templated":true}]}}