{"id":220,"date":"2024-10-17T06:13:26","date_gmt":"2024-10-17T06:13:26","guid":{"rendered":"https:\/\/betwinner.tips\/az\/?page_id=220"},"modified":"2026-03-31T12:13:37","modified_gmt":"2026-03-31T12:13:37","slug":"promo-code","status":"publish","type":"page","link":"https:\/\/betwinner.tips\/az\/promo-code\/","title":{"rendered":"Promo Kod"},"content":{"rendered":"","protected":false},"excerpt":{"rendered":"","protected":false},"author":1,"featured_media":0,"parent":0,"menu_order":0,"comment_status":"closed","ping_status":"closed","template":"","meta":{"footnotes":""},"class_list":["post-220","page","type-page","status-publish","hentry"],"yoast_head":"<!-- This site is optimized with the Yoast SEO plugin v25.6 - https:\/\/yoast.com\/wordpress\/plugins\/seo\/ -->\n<title>Betwinner Promo kodu 2026 \u1409 Bonuslar\u0131n\u0131z\u0131 maksimum d\u0259r\u0259c\u0259d\u0259 art\u0131r\u0131n<\/title>\n<meta name=\"description\" content=\"\u00d6z ekskl\u00fcziv Betwinner promo kodunuzu \u0259ld\u0259 edin v\u0259 m\u0259rc t\u0259cr\u00fcb\u0259nizi y\u00fcks\u0259ld\u0259n r\u0259qab\u0259tsiz bonuslar\u0131 a\u00e7\u0131n. \u0130mkan\u0131n\u0131 qa\u00e7\u0131rmay\u0131n \u2013 bu g\u00fcn \u00fcst\u00fcnl\u00fcy\u00fcn\u00fcz\u00fc t\u0259l\u0259b edin!\" \/>\n<meta name=\"robots\" content=\"index, follow, max-snippet:-1, max-image-preview:large, max-video-preview:-1\" \/>\n<meta property=\"og:locale\" content=\"az_AZ\" \/>\n<meta property=\"og:type\" content=\"article\" \/>\n<meta property=\"og:title\" content=\"Betwinner Promo kodu 2026 \u1409 Bonuslar\u0131n\u0131z\u0131 maksimum d\u0259r\u0259c\u0259d\u0259 art\u0131r\u0131n\" \/>\n<meta property=\"og:description\" content=\"\u00d6z ekskl\u00fcziv Betwinner promo kodunuzu \u0259ld\u0259 edin v\u0259 m\u0259rc t\u0259cr\u00fcb\u0259nizi y\u00fcks\u0259ld\u0259n r\u0259qab\u0259tsiz bonuslar\u0131 a\u00e7\u0131n. \u0130mkan\u0131n\u0131 qa\u00e7\u0131rmay\u0131n \u2013 bu g\u00fcn \u00fcst\u00fcnl\u00fcy\u00fcn\u00fcz\u00fc t\u0259l\u0259b edin!\" \/>\n<meta property=\"og:url\" content=\"https:\/\/betwinner.tips\/az\/promo-code\/\" \/>\n<meta property=\"og:site_name\" content=\"Betwinner Tips az\" \/>\n<meta property=\"article:modified_time\" content=\"2026-03-31T12:13:37+00:00\" \/>\n<meta name=\"twitter:card\" content=\"summary_large_image\" \/>\n<script type=\"application\/ld+json\" class=\"yoast-schema-graph\">{\"@context\":\"https:\/\/schema.org\",\"@graph\":[{\"@type\":\"WebPage\",\"@id\":\"https:\/\/betwinner.tips\/az\/promo-code\/\",\"url\":\"https:\/\/betwinner.tips\/az\/promo-code\/\",\"name\":\"Betwinner Promo kodu 2026 \u1409 Bonuslar\u0131n\u0131z\u0131 maksimum d\u0259r\u0259c\u0259d\u0259 art\u0131r\u0131n\",\"isPartOf\":{\"@id\":\"https:\/\/betwinner.tips\/az\/#website\"},\"datePublished\":\"2024-10-17T06:13:26+00:00\",\"dateModified\":\"2026-03-31T12:13:37+00:00\",\"description\":\"\u00d6z ekskl\u00fcziv Betwinner promo kodunuzu \u0259ld\u0259 edin v\u0259 m\u0259rc t\u0259cr\u00fcb\u0259nizi y\u00fcks\u0259ld\u0259n r\u0259qab\u0259tsiz bonuslar\u0131 a\u00e7\u0131n. \u0130mkan\u0131n\u0131 qa\u00e7\u0131rmay\u0131n \u2013 bu g\u00fcn \u00fcst\u00fcnl\u00fcy\u00fcn\u00fcz\u00fc t\u0259l\u0259b edin!\",\"breadcrumb\":{\"@id\":\"https:\/\/betwinner.tips\/az\/promo-code\/#breadcrumb\"},\"inLanguage\":\"az\",\"potentialAction\":[{\"@type\":\"ReadAction\",\"target\":[\"https:\/\/betwinner.tips\/az\/promo-code\/\"]}]},{\"@type\":\"BreadcrumbList\",\"@id\":\"https:\/\/betwinner.tips\/az\/promo-code\/#breadcrumb\",\"itemListElement\":[{\"@type\":\"ListItem\",\"position\":1,\"name\":\"Home\",\"item\":\"https:\/\/betwinner.tips\/az\/\"},{\"@type\":\"ListItem\",\"position\":2,\"name\":\"Promo Kod\"}]},{\"@type\":\"WebSite\",\"@id\":\"https:\/\/betwinner.tips\/az\/#website\",\"url\":\"https:\/\/betwinner.tips\/az\/\",\"name\":\"Betwinner Tips az\",\"description\":\"My WordPress Blog\",\"potentialAction\":[{\"@type\":\"SearchAction\",\"target\":{\"@type\":\"EntryPoint\",\"urlTemplate\":\"https:\/\/betwinner.tips\/az\/?s={search_term_string}\"},\"query-input\":{\"@type\":\"PropertyValueSpecification\",\"valueRequired\":true,\"valueName\":\"search_term_string\"}}],\"inLanguage\":\"az\"}]}<\/script>\n<!-- \/ Yoast SEO plugin. -->","yoast_head_json":{"title":"Betwinner Promo kodu 2026 \u1409 Bonuslar\u0131n\u0131z\u0131 maksimum d\u0259r\u0259c\u0259d\u0259 art\u0131r\u0131n","description":"\u00d6z ekskl\u00fcziv Betwinner promo kodunuzu \u0259ld\u0259 edin v\u0259 m\u0259rc t\u0259cr\u00fcb\u0259nizi y\u00fcks\u0259ld\u0259n r\u0259qab\u0259tsiz bonuslar\u0131 a\u00e7\u0131n. \u0130mkan\u0131n\u0131 qa\u00e7\u0131rmay\u0131n \u2013 bu g\u00fcn \u00fcst\u00fcnl\u00fcy\u00fcn\u00fcz\u00fc t\u0259l\u0259b edin!","robots":{"index":"index","follow":"follow","max-snippet":"max-snippet:-1","max-image-preview":"max-image-preview:large","max-video-preview":"max-video-preview:-1"},"og_locale":"az_AZ","og_type":"article","og_title":"Betwinner Promo kodu 2026 \u1409 Bonuslar\u0131n\u0131z\u0131 maksimum d\u0259r\u0259c\u0259d\u0259 art\u0131r\u0131n","og_description":"\u00d6z ekskl\u00fcziv Betwinner promo kodunuzu \u0259ld\u0259 edin v\u0259 m\u0259rc t\u0259cr\u00fcb\u0259nizi y\u00fcks\u0259ld\u0259n r\u0259qab\u0259tsiz bonuslar\u0131 a\u00e7\u0131n. \u0130mkan\u0131n\u0131 qa\u00e7\u0131rmay\u0131n \u2013 bu g\u00fcn \u00fcst\u00fcnl\u00fcy\u00fcn\u00fcz\u00fc t\u0259l\u0259b edin!","og_url":"https:\/\/betwinner.tips\/az\/promo-code\/","og_site_name":"Betwinner Tips az","article_modified_time":"2026-03-31T12:13:37+00:00","twitter_card":"summary_large_image","schema":{"@context":"https:\/\/schema.org","@graph":[{"@type":"WebPage","@id":"https:\/\/betwinner.tips\/az\/promo-code\/","url":"https:\/\/betwinner.tips\/az\/promo-code\/","name":"Betwinner Promo kodu 2026 \u1409 Bonuslar\u0131n\u0131z\u0131 maksimum d\u0259r\u0259c\u0259d\u0259 art\u0131r\u0131n","isPartOf":{"@id":"https:\/\/betwinner.tips\/az\/#website"},"datePublished":"2024-10-17T06:13:26+00:00","dateModified":"2026-03-31T12:13:37+00:00","description":"\u00d6z ekskl\u00fcziv Betwinner promo kodunuzu \u0259ld\u0259 edin v\u0259 m\u0259rc t\u0259cr\u00fcb\u0259nizi y\u00fcks\u0259ld\u0259n r\u0259qab\u0259tsiz bonuslar\u0131 a\u00e7\u0131n. \u0130mkan\u0131n\u0131 qa\u00e7\u0131rmay\u0131n \u2013 bu g\u00fcn \u00fcst\u00fcnl\u00fcy\u00fcn\u00fcz\u00fc t\u0259l\u0259b edin!","breadcrumb":{"@id":"https:\/\/betwinner.tips\/az\/promo-code\/#breadcrumb"},"inLanguage":"az","potentialAction":[{"@type":"ReadAction","target":["https:\/\/betwinner.tips\/az\/promo-code\/"]}]},{"@type":"BreadcrumbList","@id":"https:\/\/betwinner.tips\/az\/promo-code\/#breadcrumb","itemListElement":[{"@type":"ListItem","position":1,"name":"Home","item":"https:\/\/betwinner.tips\/az\/"},{"@type":"ListItem","position":2,"name":"Promo Kod"}]},{"@type":"WebSite","@id":"https:\/\/betwinner.tips\/az\/#website","url":"https:\/\/betwinner.tips\/az\/","name":"Betwinner Tips az","description":"My WordPress Blog","potentialAction":[{"@type":"SearchAction","target":{"@type":"EntryPoint","urlTemplate":"https:\/\/betwinner.tips\/az\/?s={search_term_string}"},"query-input":{"@type":"PropertyValueSpecification","valueRequired":true,"valueName":"search_term_string"}}],"inLanguage":"az"}]}},"_links":{"self":[{"href":"https:\/\/betwinner.tips\/az\/wp-json\/wp\/v2\/pages\/220","targetHints":{"allow":["GET"]}}],"collection":[{"href":"https:\/\/betwinner.tips\/az\/wp-json\/wp\/v2\/pages"}],"about":[{"href":"https:\/\/betwinner.tips\/az\/wp-json\/wp\/v2\/types\/page"}],"author":[{"embeddable":true,"href":"https:\/\/betwinner.tips\/az\/wp-json\/wp\/v2\/users\/1"}],"replies":[{"embeddable":true,"href":"https:\/\/betwinner.tips\/az\/wp-json\/wp\/v2\/comments?post=220"}],"version-history":[{"count":11,"href":"https:\/\/betwinner.tips\/az\/wp-json\/wp\/v2\/pages\/220\/revisions"}],"predecessor-version":[{"id":518,"href":"https:\/\/betwinner.tips\/az\/wp-json\/wp\/v2\/pages\/220\/revisions\/518"}],"wp:attachment":[{"href":"https:\/\/betwinner.tips\/az\/wp-json\/wp\/v2\/media?parent=220"}],"curies":[{"name":"wp","href":"https:\/\/api.w.org\/{rel}","templated":true}]}}