{"id":253,"date":"2024-10-29T07:41:20","date_gmt":"2024-10-29T07:41:20","guid":{"rendered":"https:\/\/betwinner.tips\/az\/?page_id=253"},"modified":"2026-03-31T11:35:06","modified_gmt":"2026-03-31T11:35:06","slug":"apk","status":"publish","type":"page","link":"https:\/\/betwinner.tips\/az\/apk\/","title":{"rendered":"Apk"},"content":{"rendered":"","protected":false},"excerpt":{"rendered":"","protected":false},"author":1,"featured_media":0,"parent":0,"menu_order":0,"comment_status":"closed","ping_status":"closed","template":"","meta":{"footnotes":""},"class_list":["post-253","page","type-page","status-publish","hentry"],"yoast_head":"<!-- This site is optimized with the Yoast SEO plugin v25.6 - https:\/\/yoast.com\/wordpress\/plugins\/seo\/ -->\n<title>Betwinner Apk \u2b07\ufe0f Android v\u0259 iOS \u00fc\u00e7\u00fcn APK-ni y\u00fckl\u0259yin 2026<\/title>\n<meta name=\"description\" content=\"Add\u0131m-add\u0131m t\u0259limat\u0131m\u0131zla Android v\u0259 ya iOS cihaz\u0131n\u0131za Betwinner APK-ni y\u00fckl\u0259yin v\u0259 qura\u015fd\u0131r\u0131n. Betwinner Mobile APK il\u0259 mobil m\u0259rc v\u0259 kazino oyunlar\u0131n\u0131 k\u0259\u015ff edin \u2b50 Betwinner APK-ni y\u00fckl\u0259m\u0259kd\u0259n h\u0259zz al\u0131n\" \/>\n<meta name=\"robots\" content=\"index, follow, max-snippet:-1, max-image-preview:large, max-video-preview:-1\" \/>\n<meta property=\"og:locale\" content=\"az_AZ\" \/>\n<meta property=\"og:type\" content=\"article\" \/>\n<meta property=\"og:title\" content=\"Betwinner Apk \u2b07\ufe0f Android v\u0259 iOS \u00fc\u00e7\u00fcn APK-ni y\u00fckl\u0259yin 2026\" \/>\n<meta property=\"og:description\" content=\"Add\u0131m-add\u0131m t\u0259limat\u0131m\u0131zla Android v\u0259 ya iOS cihaz\u0131n\u0131za Betwinner APK-ni y\u00fckl\u0259yin v\u0259 qura\u015fd\u0131r\u0131n. Betwinner Mobile APK il\u0259 mobil m\u0259rc v\u0259 kazino oyunlar\u0131n\u0131 k\u0259\u015ff edin \u2b50 Betwinner APK-ni y\u00fckl\u0259m\u0259kd\u0259n h\u0259zz al\u0131n\" \/>\n<meta property=\"og:url\" content=\"https:\/\/betwinner.tips\/az\/apk\/\" \/>\n<meta property=\"og:site_name\" content=\"Betwinner Tips az\" \/>\n<meta property=\"article:modified_time\" content=\"2026-03-31T11:35:06+00:00\" \/>\n<meta name=\"twitter:card\" content=\"summary_large_image\" \/>\n<script type=\"application\/ld+json\" class=\"yoast-schema-graph\">{\"@context\":\"https:\/\/schema.org\",\"@graph\":[{\"@type\":\"WebPage\",\"@id\":\"https:\/\/betwinner.tips\/az\/apk\/\",\"url\":\"https:\/\/betwinner.tips\/az\/apk\/\",\"name\":\"Betwinner Apk \u2b07\ufe0f Android v\u0259 iOS \u00fc\u00e7\u00fcn APK-ni y\u00fckl\u0259yin 2026\",\"isPartOf\":{\"@id\":\"https:\/\/betwinner.tips\/az\/#website\"},\"datePublished\":\"2024-10-29T07:41:20+00:00\",\"dateModified\":\"2026-03-31T11:35:06+00:00\",\"description\":\"Add\u0131m-add\u0131m t\u0259limat\u0131m\u0131zla Android v\u0259 ya iOS cihaz\u0131n\u0131za Betwinner APK-ni y\u00fckl\u0259yin v\u0259 qura\u015fd\u0131r\u0131n. Betwinner Mobile APK il\u0259 mobil m\u0259rc v\u0259 kazino oyunlar\u0131n\u0131 k\u0259\u015ff edin \u2b50 Betwinner APK-ni y\u00fckl\u0259m\u0259kd\u0259n h\u0259zz al\u0131n\",\"breadcrumb\":{\"@id\":\"https:\/\/betwinner.tips\/az\/apk\/#breadcrumb\"},\"inLanguage\":\"az\",\"potentialAction\":[{\"@type\":\"ReadAction\",\"target\":[\"https:\/\/betwinner.tips\/az\/apk\/\"]}]},{\"@type\":\"BreadcrumbList\",\"@id\":\"https:\/\/betwinner.tips\/az\/apk\/#breadcrumb\",\"itemListElement\":[{\"@type\":\"ListItem\",\"position\":1,\"name\":\"Home\",\"item\":\"https:\/\/betwinner.tips\/az\/\"},{\"@type\":\"ListItem\",\"position\":2,\"name\":\"Apk\"}]},{\"@type\":\"WebSite\",\"@id\":\"https:\/\/betwinner.tips\/az\/#website\",\"url\":\"https:\/\/betwinner.tips\/az\/\",\"name\":\"Betwinner Tips az\",\"description\":\"My WordPress Blog\",\"potentialAction\":[{\"@type\":\"SearchAction\",\"target\":{\"@type\":\"EntryPoint\",\"urlTemplate\":\"https:\/\/betwinner.tips\/az\/?s={search_term_string}\"},\"query-input\":{\"@type\":\"PropertyValueSpecification\",\"valueRequired\":true,\"valueName\":\"search_term_string\"}}],\"inLanguage\":\"az\"}]}<\/script>\n<!-- \/ Yoast SEO plugin. -->","yoast_head_json":{"title":"Betwinner Apk \u2b07\ufe0f Android v\u0259 iOS \u00fc\u00e7\u00fcn APK-ni y\u00fckl\u0259yin 2026","description":"Add\u0131m-add\u0131m t\u0259limat\u0131m\u0131zla Android v\u0259 ya iOS cihaz\u0131n\u0131za Betwinner APK-ni y\u00fckl\u0259yin v\u0259 qura\u015fd\u0131r\u0131n. Betwinner Mobile APK il\u0259 mobil m\u0259rc v\u0259 kazino oyunlar\u0131n\u0131 k\u0259\u015ff edin \u2b50 Betwinner APK-ni y\u00fckl\u0259m\u0259kd\u0259n h\u0259zz al\u0131n","robots":{"index":"index","follow":"follow","max-snippet":"max-snippet:-1","max-image-preview":"max-image-preview:large","max-video-preview":"max-video-preview:-1"},"og_locale":"az_AZ","og_type":"article","og_title":"Betwinner Apk \u2b07\ufe0f Android v\u0259 iOS \u00fc\u00e7\u00fcn APK-ni y\u00fckl\u0259yin 2026","og_description":"Add\u0131m-add\u0131m t\u0259limat\u0131m\u0131zla Android v\u0259 ya iOS cihaz\u0131n\u0131za Betwinner APK-ni y\u00fckl\u0259yin v\u0259 qura\u015fd\u0131r\u0131n. Betwinner Mobile APK il\u0259 mobil m\u0259rc v\u0259 kazino oyunlar\u0131n\u0131 k\u0259\u015ff edin \u2b50 Betwinner APK-ni y\u00fckl\u0259m\u0259kd\u0259n h\u0259zz al\u0131n","og_url":"https:\/\/betwinner.tips\/az\/apk\/","og_site_name":"Betwinner Tips az","article_modified_time":"2026-03-31T11:35:06+00:00","twitter_card":"summary_large_image","schema":{"@context":"https:\/\/schema.org","@graph":[{"@type":"WebPage","@id":"https:\/\/betwinner.tips\/az\/apk\/","url":"https:\/\/betwinner.tips\/az\/apk\/","name":"Betwinner Apk \u2b07\ufe0f Android v\u0259 iOS \u00fc\u00e7\u00fcn APK-ni y\u00fckl\u0259yin 2026","isPartOf":{"@id":"https:\/\/betwinner.tips\/az\/#website"},"datePublished":"2024-10-29T07:41:20+00:00","dateModified":"2026-03-31T11:35:06+00:00","description":"Add\u0131m-add\u0131m t\u0259limat\u0131m\u0131zla Android v\u0259 ya iOS cihaz\u0131n\u0131za Betwinner APK-ni y\u00fckl\u0259yin v\u0259 qura\u015fd\u0131r\u0131n. Betwinner Mobile APK il\u0259 mobil m\u0259rc v\u0259 kazino oyunlar\u0131n\u0131 k\u0259\u015ff edin \u2b50 Betwinner APK-ni y\u00fckl\u0259m\u0259kd\u0259n h\u0259zz al\u0131n","breadcrumb":{"@id":"https:\/\/betwinner.tips\/az\/apk\/#breadcrumb"},"inLanguage":"az","potentialAction":[{"@type":"ReadAction","target":["https:\/\/betwinner.tips\/az\/apk\/"]}]},{"@type":"BreadcrumbList","@id":"https:\/\/betwinner.tips\/az\/apk\/#breadcrumb","itemListElement":[{"@type":"ListItem","position":1,"name":"Home","item":"https:\/\/betwinner.tips\/az\/"},{"@type":"ListItem","position":2,"name":"Apk"}]},{"@type":"WebSite","@id":"https:\/\/betwinner.tips\/az\/#website","url":"https:\/\/betwinner.tips\/az\/","name":"Betwinner Tips az","description":"My WordPress Blog","potentialAction":[{"@type":"SearchAction","target":{"@type":"EntryPoint","urlTemplate":"https:\/\/betwinner.tips\/az\/?s={search_term_string}"},"query-input":{"@type":"PropertyValueSpecification","valueRequired":true,"valueName":"search_term_string"}}],"inLanguage":"az"}]}},"_links":{"self":[{"href":"https:\/\/betwinner.tips\/az\/wp-json\/wp\/v2\/pages\/253","targetHints":{"allow":["GET"]}}],"collection":[{"href":"https:\/\/betwinner.tips\/az\/wp-json\/wp\/v2\/pages"}],"about":[{"href":"https:\/\/betwinner.tips\/az\/wp-json\/wp\/v2\/types\/page"}],"author":[{"embeddable":true,"href":"https:\/\/betwinner.tips\/az\/wp-json\/wp\/v2\/users\/1"}],"replies":[{"embeddable":true,"href":"https:\/\/betwinner.tips\/az\/wp-json\/wp\/v2\/comments?post=253"}],"version-history":[{"count":7,"href":"https:\/\/betwinner.tips\/az\/wp-json\/wp\/v2\/pages\/253\/revisions"}],"predecessor-version":[{"id":511,"href":"https:\/\/betwinner.tips\/az\/wp-json\/wp\/v2\/pages\/253\/revisions\/511"}],"wp:attachment":[{"href":"https:\/\/betwinner.tips\/az\/wp-json\/wp\/v2\/media?parent=253"}],"curies":[{"name":"wp","href":"https:\/\/api.w.org\/{rel}","templated":true}]}}