{"id":273,"date":"2024-10-30T08:26:29","date_gmt":"2024-10-30T08:26:29","guid":{"rendered":"https:\/\/betwinner.tips\/az\/?page_id=273"},"modified":"2026-03-31T12:17:11","modified_gmt":"2026-03-31T12:17:11","slug":"registration","status":"publish","type":"page","link":"https:\/\/betwinner.tips\/az\/registration\/","title":{"rendered":"Qeydiyyat"},"content":{"rendered":"","protected":false},"excerpt":{"rendered":"","protected":false},"author":1,"featured_media":0,"parent":0,"menu_order":0,"comment_status":"closed","ping_status":"closed","template":"","meta":{"footnotes":""},"class_list":["post-273","page","type-page","status-publish","hentry"],"yoast_head":"<!-- This site is optimized with the Yoast SEO plugin v25.6 - https:\/\/yoast.com\/wordpress\/plugins\/seo\/ -->\n<title>Betwinner Qeydiyyat \ud83d\udd39 Bu g\u00fcn hesab\u0131n\u0131z\u0131 yarad\u0131n<\/title>\n<meta name=\"description\" content=\"Betwinner-\u0259 qeydiyyatdan ke\u00e7in v\u0259 m\u0259rc potensial\u0131n\u0131z\u0131 a\u00e7\u0131n. Qeydiyyatdan ke\u00e7m\u0259yin problemsiz prosesi \u00fc\u00e7\u00fcn b\u0259l\u0259d\u00e7imiz\u0259 n\u0259z\u0259r yetirin! Betwinner il\u0259 m\u0259rc h\u0259y\u0259can\u0131na qo\u015fulun!\" \/>\n<meta name=\"robots\" content=\"index, follow, max-snippet:-1, max-image-preview:large, max-video-preview:-1\" \/>\n<meta property=\"og:locale\" content=\"az_AZ\" \/>\n<meta property=\"og:type\" content=\"article\" \/>\n<meta property=\"og:title\" content=\"Betwinner Qeydiyyat \ud83d\udd39 Bu g\u00fcn hesab\u0131n\u0131z\u0131 yarad\u0131n\" \/>\n<meta property=\"og:description\" content=\"Betwinner-\u0259 qeydiyyatdan ke\u00e7in v\u0259 m\u0259rc potensial\u0131n\u0131z\u0131 a\u00e7\u0131n. Qeydiyyatdan ke\u00e7m\u0259yin problemsiz prosesi \u00fc\u00e7\u00fcn b\u0259l\u0259d\u00e7imiz\u0259 n\u0259z\u0259r yetirin! Betwinner il\u0259 m\u0259rc h\u0259y\u0259can\u0131na qo\u015fulun!\" \/>\n<meta property=\"og:url\" content=\"https:\/\/betwinner.tips\/az\/registration\/\" \/>\n<meta property=\"og:site_name\" content=\"Betwinner Tips az\" \/>\n<meta property=\"article:modified_time\" content=\"2026-03-31T12:17:11+00:00\" \/>\n<meta name=\"twitter:card\" content=\"summary_large_image\" \/>\n<script type=\"application\/ld+json\" class=\"yoast-schema-graph\">{\"@context\":\"https:\/\/schema.org\",\"@graph\":[{\"@type\":\"WebPage\",\"@id\":\"https:\/\/betwinner.tips\/az\/registration\/\",\"url\":\"https:\/\/betwinner.tips\/az\/registration\/\",\"name\":\"Betwinner Qeydiyyat \ud83d\udd39 Bu g\u00fcn hesab\u0131n\u0131z\u0131 yarad\u0131n\",\"isPartOf\":{\"@id\":\"https:\/\/betwinner.tips\/az\/#website\"},\"datePublished\":\"2024-10-30T08:26:29+00:00\",\"dateModified\":\"2026-03-31T12:17:11+00:00\",\"description\":\"Betwinner-\u0259 qeydiyyatdan ke\u00e7in v\u0259 m\u0259rc potensial\u0131n\u0131z\u0131 a\u00e7\u0131n. Qeydiyyatdan ke\u00e7m\u0259yin problemsiz prosesi \u00fc\u00e7\u00fcn b\u0259l\u0259d\u00e7imiz\u0259 n\u0259z\u0259r yetirin! Betwinner il\u0259 m\u0259rc h\u0259y\u0259can\u0131na qo\u015fulun!\",\"breadcrumb\":{\"@id\":\"https:\/\/betwinner.tips\/az\/registration\/#breadcrumb\"},\"inLanguage\":\"az\",\"potentialAction\":[{\"@type\":\"ReadAction\",\"target\":[\"https:\/\/betwinner.tips\/az\/registration\/\"]}]},{\"@type\":\"BreadcrumbList\",\"@id\":\"https:\/\/betwinner.tips\/az\/registration\/#breadcrumb\",\"itemListElement\":[{\"@type\":\"ListItem\",\"position\":1,\"name\":\"Home\",\"item\":\"https:\/\/betwinner.tips\/az\/\"},{\"@type\":\"ListItem\",\"position\":2,\"name\":\"Qeydiyyat\"}]},{\"@type\":\"WebSite\",\"@id\":\"https:\/\/betwinner.tips\/az\/#website\",\"url\":\"https:\/\/betwinner.tips\/az\/\",\"name\":\"Betwinner Tips az\",\"description\":\"My WordPress Blog\",\"potentialAction\":[{\"@type\":\"SearchAction\",\"target\":{\"@type\":\"EntryPoint\",\"urlTemplate\":\"https:\/\/betwinner.tips\/az\/?s={search_term_string}\"},\"query-input\":{\"@type\":\"PropertyValueSpecification\",\"valueRequired\":true,\"valueName\":\"search_term_string\"}}],\"inLanguage\":\"az\"}]}<\/script>\n<!-- \/ Yoast SEO plugin. -->","yoast_head_json":{"title":"Betwinner Qeydiyyat \ud83d\udd39 Bu g\u00fcn hesab\u0131n\u0131z\u0131 yarad\u0131n","description":"Betwinner-\u0259 qeydiyyatdan ke\u00e7in v\u0259 m\u0259rc potensial\u0131n\u0131z\u0131 a\u00e7\u0131n. Qeydiyyatdan ke\u00e7m\u0259yin problemsiz prosesi \u00fc\u00e7\u00fcn b\u0259l\u0259d\u00e7imiz\u0259 n\u0259z\u0259r yetirin! Betwinner il\u0259 m\u0259rc h\u0259y\u0259can\u0131na qo\u015fulun!","robots":{"index":"index","follow":"follow","max-snippet":"max-snippet:-1","max-image-preview":"max-image-preview:large","max-video-preview":"max-video-preview:-1"},"og_locale":"az_AZ","og_type":"article","og_title":"Betwinner Qeydiyyat \ud83d\udd39 Bu g\u00fcn hesab\u0131n\u0131z\u0131 yarad\u0131n","og_description":"Betwinner-\u0259 qeydiyyatdan ke\u00e7in v\u0259 m\u0259rc potensial\u0131n\u0131z\u0131 a\u00e7\u0131n. Qeydiyyatdan ke\u00e7m\u0259yin problemsiz prosesi \u00fc\u00e7\u00fcn b\u0259l\u0259d\u00e7imiz\u0259 n\u0259z\u0259r yetirin! Betwinner il\u0259 m\u0259rc h\u0259y\u0259can\u0131na qo\u015fulun!","og_url":"https:\/\/betwinner.tips\/az\/registration\/","og_site_name":"Betwinner Tips az","article_modified_time":"2026-03-31T12:17:11+00:00","twitter_card":"summary_large_image","schema":{"@context":"https:\/\/schema.org","@graph":[{"@type":"WebPage","@id":"https:\/\/betwinner.tips\/az\/registration\/","url":"https:\/\/betwinner.tips\/az\/registration\/","name":"Betwinner Qeydiyyat \ud83d\udd39 Bu g\u00fcn hesab\u0131n\u0131z\u0131 yarad\u0131n","isPartOf":{"@id":"https:\/\/betwinner.tips\/az\/#website"},"datePublished":"2024-10-30T08:26:29+00:00","dateModified":"2026-03-31T12:17:11+00:00","description":"Betwinner-\u0259 qeydiyyatdan ke\u00e7in v\u0259 m\u0259rc potensial\u0131n\u0131z\u0131 a\u00e7\u0131n. Qeydiyyatdan ke\u00e7m\u0259yin problemsiz prosesi \u00fc\u00e7\u00fcn b\u0259l\u0259d\u00e7imiz\u0259 n\u0259z\u0259r yetirin! Betwinner il\u0259 m\u0259rc h\u0259y\u0259can\u0131na qo\u015fulun!","breadcrumb":{"@id":"https:\/\/betwinner.tips\/az\/registration\/#breadcrumb"},"inLanguage":"az","potentialAction":[{"@type":"ReadAction","target":["https:\/\/betwinner.tips\/az\/registration\/"]}]},{"@type":"BreadcrumbList","@id":"https:\/\/betwinner.tips\/az\/registration\/#breadcrumb","itemListElement":[{"@type":"ListItem","position":1,"name":"Home","item":"https:\/\/betwinner.tips\/az\/"},{"@type":"ListItem","position":2,"name":"Qeydiyyat"}]},{"@type":"WebSite","@id":"https:\/\/betwinner.tips\/az\/#website","url":"https:\/\/betwinner.tips\/az\/","name":"Betwinner Tips az","description":"My WordPress Blog","potentialAction":[{"@type":"SearchAction","target":{"@type":"EntryPoint","urlTemplate":"https:\/\/betwinner.tips\/az\/?s={search_term_string}"},"query-input":{"@type":"PropertyValueSpecification","valueRequired":true,"valueName":"search_term_string"}}],"inLanguage":"az"}]}},"_links":{"self":[{"href":"https:\/\/betwinner.tips\/az\/wp-json\/wp\/v2\/pages\/273","targetHints":{"allow":["GET"]}}],"collection":[{"href":"https:\/\/betwinner.tips\/az\/wp-json\/wp\/v2\/pages"}],"about":[{"href":"https:\/\/betwinner.tips\/az\/wp-json\/wp\/v2\/types\/page"}],"author":[{"embeddable":true,"href":"https:\/\/betwinner.tips\/az\/wp-json\/wp\/v2\/users\/1"}],"replies":[{"embeddable":true,"href":"https:\/\/betwinner.tips\/az\/wp-json\/wp\/v2\/comments?post=273"}],"version-history":[{"count":7,"href":"https:\/\/betwinner.tips\/az\/wp-json\/wp\/v2\/pages\/273\/revisions"}],"predecessor-version":[{"id":520,"href":"https:\/\/betwinner.tips\/az\/wp-json\/wp\/v2\/pages\/273\/revisions\/520"}],"wp:attachment":[{"href":"https:\/\/betwinner.tips\/az\/wp-json\/wp\/v2\/media?parent=273"}],"curies":[{"name":"wp","href":"https:\/\/api.w.org\/{rel}","templated":true}]}}