{"id":290,"date":"2024-10-30T14:57:05","date_gmt":"2024-10-30T14:57:05","guid":{"rendered":"https:\/\/betwinner.tips\/az\/?page_id=290"},"modified":"2026-03-31T12:08:08","modified_gmt":"2026-03-31T12:08:08","slug":"login","status":"publish","type":"page","link":"https:\/\/betwinner.tips\/az\/login\/","title":{"rendered":"Giri\u015f"},"content":{"rendered":"","protected":false},"excerpt":{"rendered":"","protected":false},"author":1,"featured_media":0,"parent":0,"menu_order":0,"comment_status":"closed","ping_status":"closed","template":"","meta":{"footnotes":""},"class_list":["post-290","page","type-page","status-publish","hentry"],"yoast_head":"<!-- This site is optimized with the Yoast SEO plugin v25.6 - https:\/\/yoast.com\/wordpress\/plugins\/seo\/ -->\n<title>Betwinner Giri\u015fi \u2611\ufe0f R\u0259smi Sayt v\u0259 T\u0259hl\u00fck\u0259siz Giri\u015f M\u0259sl\u0259h\u0259ti<\/title>\n<meta name=\"description\" content=\"Betwinner hesab\u0131n\u0131za nec\u0259 daxil olmaq \u2611\ufe0f Betwinner veb sayt\u0131na daxil olun v\u0259 Giri\u015f d\u00fcym\u0259sini bas\u0131n \u2713 Betwinner hesab\u0131n\u0131n qeydiyyat\u0131 v\u0259 t\u0259sdiqi\" \/>\n<meta name=\"robots\" content=\"index, follow, max-snippet:-1, max-image-preview:large, max-video-preview:-1\" \/>\n<meta property=\"og:locale\" content=\"az_AZ\" \/>\n<meta property=\"og:type\" content=\"article\" \/>\n<meta property=\"og:title\" content=\"Betwinner Giri\u015fi \u2611\ufe0f R\u0259smi Sayt v\u0259 T\u0259hl\u00fck\u0259siz Giri\u015f M\u0259sl\u0259h\u0259ti\" \/>\n<meta property=\"og:description\" content=\"Betwinner hesab\u0131n\u0131za nec\u0259 daxil olmaq \u2611\ufe0f Betwinner veb sayt\u0131na daxil olun v\u0259 Giri\u015f d\u00fcym\u0259sini bas\u0131n \u2713 Betwinner hesab\u0131n\u0131n qeydiyyat\u0131 v\u0259 t\u0259sdiqi\" \/>\n<meta property=\"og:url\" content=\"https:\/\/betwinner.tips\/az\/login\/\" \/>\n<meta property=\"og:site_name\" content=\"Betwinner Tips az\" \/>\n<meta property=\"article:modified_time\" content=\"2026-03-31T12:08:08+00:00\" \/>\n<meta name=\"twitter:card\" content=\"summary_large_image\" \/>\n<script type=\"application\/ld+json\" class=\"yoast-schema-graph\">{\"@context\":\"https:\/\/schema.org\",\"@graph\":[{\"@type\":\"WebPage\",\"@id\":\"https:\/\/betwinner.tips\/az\/login\/\",\"url\":\"https:\/\/betwinner.tips\/az\/login\/\",\"name\":\"Betwinner Giri\u015fi \u2611\ufe0f R\u0259smi Sayt v\u0259 T\u0259hl\u00fck\u0259siz Giri\u015f M\u0259sl\u0259h\u0259ti\",\"isPartOf\":{\"@id\":\"https:\/\/betwinner.tips\/az\/#website\"},\"datePublished\":\"2024-10-30T14:57:05+00:00\",\"dateModified\":\"2026-03-31T12:08:08+00:00\",\"description\":\"Betwinner hesab\u0131n\u0131za nec\u0259 daxil olmaq \u2611\ufe0f Betwinner veb sayt\u0131na daxil olun v\u0259 Giri\u015f d\u00fcym\u0259sini bas\u0131n \u2713 Betwinner hesab\u0131n\u0131n qeydiyyat\u0131 v\u0259 t\u0259sdiqi\",\"breadcrumb\":{\"@id\":\"https:\/\/betwinner.tips\/az\/login\/#breadcrumb\"},\"inLanguage\":\"az\",\"potentialAction\":[{\"@type\":\"ReadAction\",\"target\":[\"https:\/\/betwinner.tips\/az\/login\/\"]}]},{\"@type\":\"BreadcrumbList\",\"@id\":\"https:\/\/betwinner.tips\/az\/login\/#breadcrumb\",\"itemListElement\":[{\"@type\":\"ListItem\",\"position\":1,\"name\":\"Home\",\"item\":\"https:\/\/betwinner.tips\/az\/\"},{\"@type\":\"ListItem\",\"position\":2,\"name\":\"Giri\u015f\"}]},{\"@type\":\"WebSite\",\"@id\":\"https:\/\/betwinner.tips\/az\/#website\",\"url\":\"https:\/\/betwinner.tips\/az\/\",\"name\":\"Betwinner Tips az\",\"description\":\"My WordPress Blog\",\"potentialAction\":[{\"@type\":\"SearchAction\",\"target\":{\"@type\":\"EntryPoint\",\"urlTemplate\":\"https:\/\/betwinner.tips\/az\/?s={search_term_string}\"},\"query-input\":{\"@type\":\"PropertyValueSpecification\",\"valueRequired\":true,\"valueName\":\"search_term_string\"}}],\"inLanguage\":\"az\"}]}<\/script>\n<!-- \/ Yoast SEO plugin. -->","yoast_head_json":{"title":"Betwinner Giri\u015fi \u2611\ufe0f R\u0259smi Sayt v\u0259 T\u0259hl\u00fck\u0259siz Giri\u015f M\u0259sl\u0259h\u0259ti","description":"Betwinner hesab\u0131n\u0131za nec\u0259 daxil olmaq \u2611\ufe0f Betwinner veb sayt\u0131na daxil olun v\u0259 Giri\u015f d\u00fcym\u0259sini bas\u0131n \u2713 Betwinner hesab\u0131n\u0131n qeydiyyat\u0131 v\u0259 t\u0259sdiqi","robots":{"index":"index","follow":"follow","max-snippet":"max-snippet:-1","max-image-preview":"max-image-preview:large","max-video-preview":"max-video-preview:-1"},"og_locale":"az_AZ","og_type":"article","og_title":"Betwinner Giri\u015fi \u2611\ufe0f R\u0259smi Sayt v\u0259 T\u0259hl\u00fck\u0259siz Giri\u015f M\u0259sl\u0259h\u0259ti","og_description":"Betwinner hesab\u0131n\u0131za nec\u0259 daxil olmaq \u2611\ufe0f Betwinner veb sayt\u0131na daxil olun v\u0259 Giri\u015f d\u00fcym\u0259sini bas\u0131n \u2713 Betwinner hesab\u0131n\u0131n qeydiyyat\u0131 v\u0259 t\u0259sdiqi","og_url":"https:\/\/betwinner.tips\/az\/login\/","og_site_name":"Betwinner Tips az","article_modified_time":"2026-03-31T12:08:08+00:00","twitter_card":"summary_large_image","schema":{"@context":"https:\/\/schema.org","@graph":[{"@type":"WebPage","@id":"https:\/\/betwinner.tips\/az\/login\/","url":"https:\/\/betwinner.tips\/az\/login\/","name":"Betwinner Giri\u015fi \u2611\ufe0f R\u0259smi Sayt v\u0259 T\u0259hl\u00fck\u0259siz Giri\u015f M\u0259sl\u0259h\u0259ti","isPartOf":{"@id":"https:\/\/betwinner.tips\/az\/#website"},"datePublished":"2024-10-30T14:57:05+00:00","dateModified":"2026-03-31T12:08:08+00:00","description":"Betwinner hesab\u0131n\u0131za nec\u0259 daxil olmaq \u2611\ufe0f Betwinner veb sayt\u0131na daxil olun v\u0259 Giri\u015f d\u00fcym\u0259sini bas\u0131n \u2713 Betwinner hesab\u0131n\u0131n qeydiyyat\u0131 v\u0259 t\u0259sdiqi","breadcrumb":{"@id":"https:\/\/betwinner.tips\/az\/login\/#breadcrumb"},"inLanguage":"az","potentialAction":[{"@type":"ReadAction","target":["https:\/\/betwinner.tips\/az\/login\/"]}]},{"@type":"BreadcrumbList","@id":"https:\/\/betwinner.tips\/az\/login\/#breadcrumb","itemListElement":[{"@type":"ListItem","position":1,"name":"Home","item":"https:\/\/betwinner.tips\/az\/"},{"@type":"ListItem","position":2,"name":"Giri\u015f"}]},{"@type":"WebSite","@id":"https:\/\/betwinner.tips\/az\/#website","url":"https:\/\/betwinner.tips\/az\/","name":"Betwinner Tips az","description":"My WordPress Blog","potentialAction":[{"@type":"SearchAction","target":{"@type":"EntryPoint","urlTemplate":"https:\/\/betwinner.tips\/az\/?s={search_term_string}"},"query-input":{"@type":"PropertyValueSpecification","valueRequired":true,"valueName":"search_term_string"}}],"inLanguage":"az"}]}},"_links":{"self":[{"href":"https:\/\/betwinner.tips\/az\/wp-json\/wp\/v2\/pages\/290","targetHints":{"allow":["GET"]}}],"collection":[{"href":"https:\/\/betwinner.tips\/az\/wp-json\/wp\/v2\/pages"}],"about":[{"href":"https:\/\/betwinner.tips\/az\/wp-json\/wp\/v2\/types\/page"}],"author":[{"embeddable":true,"href":"https:\/\/betwinner.tips\/az\/wp-json\/wp\/v2\/users\/1"}],"replies":[{"embeddable":true,"href":"https:\/\/betwinner.tips\/az\/wp-json\/wp\/v2\/comments?post=290"}],"version-history":[{"count":6,"href":"https:\/\/betwinner.tips\/az\/wp-json\/wp\/v2\/pages\/290\/revisions"}],"predecessor-version":[{"id":516,"href":"https:\/\/betwinner.tips\/az\/wp-json\/wp\/v2\/pages\/290\/revisions\/516"}],"wp:attachment":[{"href":"https:\/\/betwinner.tips\/az\/wp-json\/wp\/v2\/media?parent=290"}],"curies":[{"name":"wp","href":"https:\/\/api.w.org\/{rel}","templated":true}]}}