{"id":303,"date":"2024-10-31T15:11:26","date_gmt":"2024-10-31T15:11:26","guid":{"rendered":"https:\/\/betwinner.tips\/az\/?page_id=303"},"modified":"2026-03-31T11:25:11","modified_gmt":"2026-03-31T11:25:11","slug":"affiliate","status":"publish","type":"page","link":"https:\/\/betwinner.tips\/az\/affiliate\/","title":{"rendered":"Filial"},"content":{"rendered":"","protected":false},"excerpt":{"rendered":"","protected":false},"author":1,"featured_media":0,"parent":0,"menu_order":0,"comment_status":"closed","ping_status":"closed","template":"","meta":{"footnotes":""},"class_list":["post-303","page","type-page","status-publish","hentry"],"yoast_head":"<!-- This site is optimized with the Yoast SEO plugin v25.6 - https:\/\/yoast.com\/wordpress\/plugins\/seo\/ -->\n<title>Betwinner Partners \u2611\ufe0f T\u0259r\u0259fda\u015fl\u0131qla U\u011fura Ged\u0259n Yolunuz<\/title>\n<meta name=\"description\" content=\"R\u0259smi Betwinner t\u0259r\u0259fda\u015fl\u0131q proqram\u0131na qo\u015fulun v\u0259 t\u00f6vsiy\u0259 etdiyiniz h\u0259r oyun\u00e7udan \u015fir\u0259li komissiyalar qazanma\u011fa ba\u015flay\u0131n! G\u0259lirinizi art\u0131rmaq \u00fc\u00e7\u00fcn bu f\u00fcrs\u0259ti qa\u00e7\u0131rmay\u0131n!\" \/>\n<meta name=\"robots\" content=\"index, follow, max-snippet:-1, max-image-preview:large, max-video-preview:-1\" \/>\n<meta property=\"og:locale\" content=\"az_AZ\" \/>\n<meta property=\"og:type\" content=\"article\" \/>\n<meta property=\"og:title\" content=\"Betwinner Partners \u2611\ufe0f T\u0259r\u0259fda\u015fl\u0131qla U\u011fura Ged\u0259n Yolunuz\" \/>\n<meta property=\"og:description\" content=\"R\u0259smi Betwinner t\u0259r\u0259fda\u015fl\u0131q proqram\u0131na qo\u015fulun v\u0259 t\u00f6vsiy\u0259 etdiyiniz h\u0259r oyun\u00e7udan \u015fir\u0259li komissiyalar qazanma\u011fa ba\u015flay\u0131n! G\u0259lirinizi art\u0131rmaq \u00fc\u00e7\u00fcn bu f\u00fcrs\u0259ti qa\u00e7\u0131rmay\u0131n!\" \/>\n<meta property=\"og:url\" content=\"https:\/\/betwinner.tips\/az\/affiliate\/\" \/>\n<meta property=\"og:site_name\" content=\"Betwinner Tips az\" \/>\n<meta property=\"article:modified_time\" content=\"2026-03-31T11:25:11+00:00\" \/>\n<meta name=\"twitter:card\" content=\"summary_large_image\" \/>\n<script type=\"application\/ld+json\" class=\"yoast-schema-graph\">{\"@context\":\"https:\/\/schema.org\",\"@graph\":[{\"@type\":\"WebPage\",\"@id\":\"https:\/\/betwinner.tips\/az\/affiliate\/\",\"url\":\"https:\/\/betwinner.tips\/az\/affiliate\/\",\"name\":\"Betwinner Partners \u2611\ufe0f T\u0259r\u0259fda\u015fl\u0131qla U\u011fura Ged\u0259n Yolunuz\",\"isPartOf\":{\"@id\":\"https:\/\/betwinner.tips\/az\/#website\"},\"datePublished\":\"2024-10-31T15:11:26+00:00\",\"dateModified\":\"2026-03-31T11:25:11+00:00\",\"description\":\"R\u0259smi Betwinner t\u0259r\u0259fda\u015fl\u0131q proqram\u0131na qo\u015fulun v\u0259 t\u00f6vsiy\u0259 etdiyiniz h\u0259r oyun\u00e7udan \u015fir\u0259li komissiyalar qazanma\u011fa ba\u015flay\u0131n! G\u0259lirinizi art\u0131rmaq \u00fc\u00e7\u00fcn bu f\u00fcrs\u0259ti qa\u00e7\u0131rmay\u0131n!\",\"breadcrumb\":{\"@id\":\"https:\/\/betwinner.tips\/az\/affiliate\/#breadcrumb\"},\"inLanguage\":\"az\",\"potentialAction\":[{\"@type\":\"ReadAction\",\"target\":[\"https:\/\/betwinner.tips\/az\/affiliate\/\"]}]},{\"@type\":\"BreadcrumbList\",\"@id\":\"https:\/\/betwinner.tips\/az\/affiliate\/#breadcrumb\",\"itemListElement\":[{\"@type\":\"ListItem\",\"position\":1,\"name\":\"Home\",\"item\":\"https:\/\/betwinner.tips\/az\/\"},{\"@type\":\"ListItem\",\"position\":2,\"name\":\"Filial\"}]},{\"@type\":\"WebSite\",\"@id\":\"https:\/\/betwinner.tips\/az\/#website\",\"url\":\"https:\/\/betwinner.tips\/az\/\",\"name\":\"Betwinner Tips az\",\"description\":\"My WordPress Blog\",\"potentialAction\":[{\"@type\":\"SearchAction\",\"target\":{\"@type\":\"EntryPoint\",\"urlTemplate\":\"https:\/\/betwinner.tips\/az\/?s={search_term_string}\"},\"query-input\":{\"@type\":\"PropertyValueSpecification\",\"valueRequired\":true,\"valueName\":\"search_term_string\"}}],\"inLanguage\":\"az\"}]}<\/script>\n<!-- \/ Yoast SEO plugin. -->","yoast_head_json":{"title":"Betwinner Partners \u2611\ufe0f T\u0259r\u0259fda\u015fl\u0131qla U\u011fura Ged\u0259n Yolunuz","description":"R\u0259smi Betwinner t\u0259r\u0259fda\u015fl\u0131q proqram\u0131na qo\u015fulun v\u0259 t\u00f6vsiy\u0259 etdiyiniz h\u0259r oyun\u00e7udan \u015fir\u0259li komissiyalar qazanma\u011fa ba\u015flay\u0131n! G\u0259lirinizi art\u0131rmaq \u00fc\u00e7\u00fcn bu f\u00fcrs\u0259ti qa\u00e7\u0131rmay\u0131n!","robots":{"index":"index","follow":"follow","max-snippet":"max-snippet:-1","max-image-preview":"max-image-preview:large","max-video-preview":"max-video-preview:-1"},"og_locale":"az_AZ","og_type":"article","og_title":"Betwinner Partners \u2611\ufe0f T\u0259r\u0259fda\u015fl\u0131qla U\u011fura Ged\u0259n Yolunuz","og_description":"R\u0259smi Betwinner t\u0259r\u0259fda\u015fl\u0131q proqram\u0131na qo\u015fulun v\u0259 t\u00f6vsiy\u0259 etdiyiniz h\u0259r oyun\u00e7udan \u015fir\u0259li komissiyalar qazanma\u011fa ba\u015flay\u0131n! G\u0259lirinizi art\u0131rmaq \u00fc\u00e7\u00fcn bu f\u00fcrs\u0259ti qa\u00e7\u0131rmay\u0131n!","og_url":"https:\/\/betwinner.tips\/az\/affiliate\/","og_site_name":"Betwinner Tips az","article_modified_time":"2026-03-31T11:25:11+00:00","twitter_card":"summary_large_image","schema":{"@context":"https:\/\/schema.org","@graph":[{"@type":"WebPage","@id":"https:\/\/betwinner.tips\/az\/affiliate\/","url":"https:\/\/betwinner.tips\/az\/affiliate\/","name":"Betwinner Partners \u2611\ufe0f T\u0259r\u0259fda\u015fl\u0131qla U\u011fura Ged\u0259n Yolunuz","isPartOf":{"@id":"https:\/\/betwinner.tips\/az\/#website"},"datePublished":"2024-10-31T15:11:26+00:00","dateModified":"2026-03-31T11:25:11+00:00","description":"R\u0259smi Betwinner t\u0259r\u0259fda\u015fl\u0131q proqram\u0131na qo\u015fulun v\u0259 t\u00f6vsiy\u0259 etdiyiniz h\u0259r oyun\u00e7udan \u015fir\u0259li komissiyalar qazanma\u011fa ba\u015flay\u0131n! G\u0259lirinizi art\u0131rmaq \u00fc\u00e7\u00fcn bu f\u00fcrs\u0259ti qa\u00e7\u0131rmay\u0131n!","breadcrumb":{"@id":"https:\/\/betwinner.tips\/az\/affiliate\/#breadcrumb"},"inLanguage":"az","potentialAction":[{"@type":"ReadAction","target":["https:\/\/betwinner.tips\/az\/affiliate\/"]}]},{"@type":"BreadcrumbList","@id":"https:\/\/betwinner.tips\/az\/affiliate\/#breadcrumb","itemListElement":[{"@type":"ListItem","position":1,"name":"Home","item":"https:\/\/betwinner.tips\/az\/"},{"@type":"ListItem","position":2,"name":"Filial"}]},{"@type":"WebSite","@id":"https:\/\/betwinner.tips\/az\/#website","url":"https:\/\/betwinner.tips\/az\/","name":"Betwinner Tips az","description":"My WordPress Blog","potentialAction":[{"@type":"SearchAction","target":{"@type":"EntryPoint","urlTemplate":"https:\/\/betwinner.tips\/az\/?s={search_term_string}"},"query-input":{"@type":"PropertyValueSpecification","valueRequired":true,"valueName":"search_term_string"}}],"inLanguage":"az"}]}},"_links":{"self":[{"href":"https:\/\/betwinner.tips\/az\/wp-json\/wp\/v2\/pages\/303","targetHints":{"allow":["GET"]}}],"collection":[{"href":"https:\/\/betwinner.tips\/az\/wp-json\/wp\/v2\/pages"}],"about":[{"href":"https:\/\/betwinner.tips\/az\/wp-json\/wp\/v2\/types\/page"}],"author":[{"embeddable":true,"href":"https:\/\/betwinner.tips\/az\/wp-json\/wp\/v2\/users\/1"}],"replies":[{"embeddable":true,"href":"https:\/\/betwinner.tips\/az\/wp-json\/wp\/v2\/comments?post=303"}],"version-history":[{"count":9,"href":"https:\/\/betwinner.tips\/az\/wp-json\/wp\/v2\/pages\/303\/revisions"}],"predecessor-version":[{"id":508,"href":"https:\/\/betwinner.tips\/az\/wp-json\/wp\/v2\/pages\/303\/revisions\/508"}],"wp:attachment":[{"href":"https:\/\/betwinner.tips\/az\/wp-json\/wp\/v2\/media?parent=303"}],"curies":[{"name":"wp","href":"https:\/\/api.w.org\/{rel}","templated":true}]}}