{"id":321,"date":"2024-10-31T16:54:54","date_gmt":"2024-10-31T16:54:54","guid":{"rendered":"https:\/\/betwinner.tips\/az\/?page_id=321"},"modified":"2026-03-31T11:30:15","modified_gmt":"2026-03-31T11:30:15","slug":"app","status":"publish","type":"page","link":"https:\/\/betwinner.tips\/az\/app\/","title":{"rendered":"T\u0259tbiq"},"content":{"rendered":"","protected":false},"excerpt":{"rendered":"","protected":false},"author":1,"featured_media":0,"parent":0,"menu_order":0,"comment_status":"closed","ping_status":"closed","template":"","meta":{"footnotes":""},"class_list":["post-321","page","type-page","status-publish","hentry"],"yoast_head":"<!-- This site is optimized with the Yoast SEO plugin v25.6 - https:\/\/yoast.com\/wordpress\/plugins\/seo\/ -->\n<title>Betwinner T\u0259tbiqi \u2705 Android v\u0259 iOS \u00fc\u00e7\u00fcn pulsuz y\u00fckl\u0259yin<\/title>\n<meta name=\"description\" content=\"SpinBetter mobil t\u0259tbiqi il\u0259 \u0259n y\u00fcks\u0259k s\u0259viyy\u0259li oyun t\u0259cr\u00fcb\u0259sini a\u00e7\u0131n! Sevimli \u0259yl\u0259nc\u0259niz\u0259 ist\u0259nil\u0259n vaxt, ist\u0259nil\u0259n yerd\u0259 daxil olun v\u0259 ekskl\u00fcziv mobil \u00fcst\u00fcnl\u00fckl\u0259rd\u0259n yararlan\u0131n.\" \/>\n<meta name=\"robots\" content=\"index, follow, max-snippet:-1, max-image-preview:large, max-video-preview:-1\" \/>\n<meta property=\"og:locale\" content=\"az_AZ\" \/>\n<meta property=\"og:type\" content=\"article\" \/>\n<meta property=\"og:title\" content=\"Betwinner T\u0259tbiqi \u2705 Android v\u0259 iOS \u00fc\u00e7\u00fcn pulsuz y\u00fckl\u0259yin\" \/>\n<meta property=\"og:description\" content=\"SpinBetter mobil t\u0259tbiqi il\u0259 \u0259n y\u00fcks\u0259k s\u0259viyy\u0259li oyun t\u0259cr\u00fcb\u0259sini a\u00e7\u0131n! Sevimli \u0259yl\u0259nc\u0259niz\u0259 ist\u0259nil\u0259n vaxt, ist\u0259nil\u0259n yerd\u0259 daxil olun v\u0259 ekskl\u00fcziv mobil \u00fcst\u00fcnl\u00fckl\u0259rd\u0259n yararlan\u0131n.\" \/>\n<meta property=\"og:url\" content=\"https:\/\/betwinner.tips\/az\/app\/\" \/>\n<meta property=\"og:site_name\" content=\"Betwinner Tips az\" \/>\n<meta property=\"article:modified_time\" content=\"2026-03-31T11:30:15+00:00\" \/>\n<meta name=\"twitter:card\" content=\"summary_large_image\" \/>\n<script type=\"application\/ld+json\" class=\"yoast-schema-graph\">{\"@context\":\"https:\/\/schema.org\",\"@graph\":[{\"@type\":\"WebPage\",\"@id\":\"https:\/\/betwinner.tips\/az\/app\/\",\"url\":\"https:\/\/betwinner.tips\/az\/app\/\",\"name\":\"Betwinner T\u0259tbiqi \u2705 Android v\u0259 iOS \u00fc\u00e7\u00fcn pulsuz y\u00fckl\u0259yin\",\"isPartOf\":{\"@id\":\"https:\/\/betwinner.tips\/az\/#website\"},\"datePublished\":\"2024-10-31T16:54:54+00:00\",\"dateModified\":\"2026-03-31T11:30:15+00:00\",\"description\":\"SpinBetter mobil t\u0259tbiqi il\u0259 \u0259n y\u00fcks\u0259k s\u0259viyy\u0259li oyun t\u0259cr\u00fcb\u0259sini a\u00e7\u0131n! Sevimli \u0259yl\u0259nc\u0259niz\u0259 ist\u0259nil\u0259n vaxt, ist\u0259nil\u0259n yerd\u0259 daxil olun v\u0259 ekskl\u00fcziv mobil \u00fcst\u00fcnl\u00fckl\u0259rd\u0259n yararlan\u0131n.\",\"breadcrumb\":{\"@id\":\"https:\/\/betwinner.tips\/az\/app\/#breadcrumb\"},\"inLanguage\":\"az\",\"potentialAction\":[{\"@type\":\"ReadAction\",\"target\":[\"https:\/\/betwinner.tips\/az\/app\/\"]}]},{\"@type\":\"BreadcrumbList\",\"@id\":\"https:\/\/betwinner.tips\/az\/app\/#breadcrumb\",\"itemListElement\":[{\"@type\":\"ListItem\",\"position\":1,\"name\":\"Home\",\"item\":\"https:\/\/betwinner.tips\/az\/\"},{\"@type\":\"ListItem\",\"position\":2,\"name\":\"T\u0259tbiq\"}]},{\"@type\":\"WebSite\",\"@id\":\"https:\/\/betwinner.tips\/az\/#website\",\"url\":\"https:\/\/betwinner.tips\/az\/\",\"name\":\"Betwinner Tips az\",\"description\":\"My WordPress Blog\",\"potentialAction\":[{\"@type\":\"SearchAction\",\"target\":{\"@type\":\"EntryPoint\",\"urlTemplate\":\"https:\/\/betwinner.tips\/az\/?s={search_term_string}\"},\"query-input\":{\"@type\":\"PropertyValueSpecification\",\"valueRequired\":true,\"valueName\":\"search_term_string\"}}],\"inLanguage\":\"az\"}]}<\/script>\n<!-- \/ Yoast SEO plugin. -->","yoast_head_json":{"title":"Betwinner T\u0259tbiqi \u2705 Android v\u0259 iOS \u00fc\u00e7\u00fcn pulsuz y\u00fckl\u0259yin","description":"SpinBetter mobil t\u0259tbiqi il\u0259 \u0259n y\u00fcks\u0259k s\u0259viyy\u0259li oyun t\u0259cr\u00fcb\u0259sini a\u00e7\u0131n! Sevimli \u0259yl\u0259nc\u0259niz\u0259 ist\u0259nil\u0259n vaxt, ist\u0259nil\u0259n yerd\u0259 daxil olun v\u0259 ekskl\u00fcziv mobil \u00fcst\u00fcnl\u00fckl\u0259rd\u0259n yararlan\u0131n.","robots":{"index":"index","follow":"follow","max-snippet":"max-snippet:-1","max-image-preview":"max-image-preview:large","max-video-preview":"max-video-preview:-1"},"og_locale":"az_AZ","og_type":"article","og_title":"Betwinner T\u0259tbiqi \u2705 Android v\u0259 iOS \u00fc\u00e7\u00fcn pulsuz y\u00fckl\u0259yin","og_description":"SpinBetter mobil t\u0259tbiqi il\u0259 \u0259n y\u00fcks\u0259k s\u0259viyy\u0259li oyun t\u0259cr\u00fcb\u0259sini a\u00e7\u0131n! Sevimli \u0259yl\u0259nc\u0259niz\u0259 ist\u0259nil\u0259n vaxt, ist\u0259nil\u0259n yerd\u0259 daxil olun v\u0259 ekskl\u00fcziv mobil \u00fcst\u00fcnl\u00fckl\u0259rd\u0259n yararlan\u0131n.","og_url":"https:\/\/betwinner.tips\/az\/app\/","og_site_name":"Betwinner Tips az","article_modified_time":"2026-03-31T11:30:15+00:00","twitter_card":"summary_large_image","schema":{"@context":"https:\/\/schema.org","@graph":[{"@type":"WebPage","@id":"https:\/\/betwinner.tips\/az\/app\/","url":"https:\/\/betwinner.tips\/az\/app\/","name":"Betwinner T\u0259tbiqi \u2705 Android v\u0259 iOS \u00fc\u00e7\u00fcn pulsuz y\u00fckl\u0259yin","isPartOf":{"@id":"https:\/\/betwinner.tips\/az\/#website"},"datePublished":"2024-10-31T16:54:54+00:00","dateModified":"2026-03-31T11:30:15+00:00","description":"SpinBetter mobil t\u0259tbiqi il\u0259 \u0259n y\u00fcks\u0259k s\u0259viyy\u0259li oyun t\u0259cr\u00fcb\u0259sini a\u00e7\u0131n! Sevimli \u0259yl\u0259nc\u0259niz\u0259 ist\u0259nil\u0259n vaxt, ist\u0259nil\u0259n yerd\u0259 daxil olun v\u0259 ekskl\u00fcziv mobil \u00fcst\u00fcnl\u00fckl\u0259rd\u0259n yararlan\u0131n.","breadcrumb":{"@id":"https:\/\/betwinner.tips\/az\/app\/#breadcrumb"},"inLanguage":"az","potentialAction":[{"@type":"ReadAction","target":["https:\/\/betwinner.tips\/az\/app\/"]}]},{"@type":"BreadcrumbList","@id":"https:\/\/betwinner.tips\/az\/app\/#breadcrumb","itemListElement":[{"@type":"ListItem","position":1,"name":"Home","item":"https:\/\/betwinner.tips\/az\/"},{"@type":"ListItem","position":2,"name":"T\u0259tbiq"}]},{"@type":"WebSite","@id":"https:\/\/betwinner.tips\/az\/#website","url":"https:\/\/betwinner.tips\/az\/","name":"Betwinner Tips az","description":"My WordPress Blog","potentialAction":[{"@type":"SearchAction","target":{"@type":"EntryPoint","urlTemplate":"https:\/\/betwinner.tips\/az\/?s={search_term_string}"},"query-input":{"@type":"PropertyValueSpecification","valueRequired":true,"valueName":"search_term_string"}}],"inLanguage":"az"}]}},"_links":{"self":[{"href":"https:\/\/betwinner.tips\/az\/wp-json\/wp\/v2\/pages\/321","targetHints":{"allow":["GET"]}}],"collection":[{"href":"https:\/\/betwinner.tips\/az\/wp-json\/wp\/v2\/pages"}],"about":[{"href":"https:\/\/betwinner.tips\/az\/wp-json\/wp\/v2\/types\/page"}],"author":[{"embeddable":true,"href":"https:\/\/betwinner.tips\/az\/wp-json\/wp\/v2\/users\/1"}],"replies":[{"embeddable":true,"href":"https:\/\/betwinner.tips\/az\/wp-json\/wp\/v2\/comments?post=321"}],"version-history":[{"count":7,"href":"https:\/\/betwinner.tips\/az\/wp-json\/wp\/v2\/pages\/321\/revisions"}],"predecessor-version":[{"id":510,"href":"https:\/\/betwinner.tips\/az\/wp-json\/wp\/v2\/pages\/321\/revisions\/510"}],"wp:attachment":[{"href":"https:\/\/betwinner.tips\/az\/wp-json\/wp\/v2\/media?parent=321"}],"curies":[{"name":"wp","href":"https:\/\/api.w.org\/{rel}","templated":true}]}}