{"id":339,"date":"2024-11-01T08:00:46","date_gmt":"2024-11-01T08:00:46","guid":{"rendered":"https:\/\/betwinner.tips\/az\/?page_id=339"},"modified":"2026-03-31T11:47:08","modified_gmt":"2026-03-31T11:47:08","slug":"casino","status":"publish","type":"page","link":"https:\/\/betwinner.tips\/az\/casino\/","title":{"rendered":"Kazino"},"content":{"rendered":"","protected":false},"excerpt":{"rendered":"","protected":false},"author":1,"featured_media":0,"parent":0,"menu_order":0,"comment_status":"closed","ping_status":"closed","template":"","meta":{"footnotes":""},"class_list":["post-339","page","type-page","status-publish","hentry"],"yoast_head":"<!-- This site is optimized with the Yoast SEO plugin v25.6 - https:\/\/yoast.com\/wordpress\/plugins\/seo\/ -->\n<title>Betwinner Kazinosu \u2705Oyunlar v\u0259 B\u00f6y\u00fck Q\u0259l\u0259b\u0259l\u0259r \u00fc\u00e7\u00fcn Sizin B\u0259l\u0259d\u00e7iniz!<\/title>\n<meta name=\"description\" content=\"Betwinner Kazinosu: Oynay\u0131n, qazan\u0131n v\u0259 h\u0259y\u0259can\u0131 azad edin! \ud83d\udd25 D\u0259li f\u0131rlanmalar v\u0259 b\u00f6y\u00fck q\u0259l\u0259b\u0259l\u0259r yaln\u0131z bir klik m\u0259saf\u0259sind\u0259dir! Betwinner Kazinosuna qo\u015fulun!\" \/>\n<meta name=\"robots\" content=\"index, follow, max-snippet:-1, max-image-preview:large, max-video-preview:-1\" \/>\n<meta property=\"og:locale\" content=\"az_AZ\" \/>\n<meta property=\"og:type\" content=\"article\" \/>\n<meta property=\"og:title\" content=\"Betwinner Kazinosu \u2705Oyunlar v\u0259 B\u00f6y\u00fck Q\u0259l\u0259b\u0259l\u0259r \u00fc\u00e7\u00fcn Sizin B\u0259l\u0259d\u00e7iniz!\" \/>\n<meta property=\"og:description\" content=\"Betwinner Kazinosu: Oynay\u0131n, qazan\u0131n v\u0259 h\u0259y\u0259can\u0131 azad edin! \ud83d\udd25 D\u0259li f\u0131rlanmalar v\u0259 b\u00f6y\u00fck q\u0259l\u0259b\u0259l\u0259r yaln\u0131z bir klik m\u0259saf\u0259sind\u0259dir! Betwinner Kazinosuna qo\u015fulun!\" \/>\n<meta property=\"og:url\" content=\"https:\/\/betwinner.tips\/az\/casino\/\" \/>\n<meta property=\"og:site_name\" content=\"Betwinner Tips az\" \/>\n<meta property=\"article:modified_time\" content=\"2026-03-31T11:47:08+00:00\" \/>\n<meta name=\"twitter:card\" content=\"summary_large_image\" \/>\n<script type=\"application\/ld+json\" class=\"yoast-schema-graph\">{\"@context\":\"https:\/\/schema.org\",\"@graph\":[{\"@type\":\"WebPage\",\"@id\":\"https:\/\/betwinner.tips\/az\/casino\/\",\"url\":\"https:\/\/betwinner.tips\/az\/casino\/\",\"name\":\"Betwinner Kazinosu \u2705Oyunlar v\u0259 B\u00f6y\u00fck Q\u0259l\u0259b\u0259l\u0259r \u00fc\u00e7\u00fcn Sizin B\u0259l\u0259d\u00e7iniz!\",\"isPartOf\":{\"@id\":\"https:\/\/betwinner.tips\/az\/#website\"},\"datePublished\":\"2024-11-01T08:00:46+00:00\",\"dateModified\":\"2026-03-31T11:47:08+00:00\",\"description\":\"Betwinner Kazinosu: Oynay\u0131n, qazan\u0131n v\u0259 h\u0259y\u0259can\u0131 azad edin! \ud83d\udd25 D\u0259li f\u0131rlanmalar v\u0259 b\u00f6y\u00fck q\u0259l\u0259b\u0259l\u0259r yaln\u0131z bir klik m\u0259saf\u0259sind\u0259dir! Betwinner Kazinosuna qo\u015fulun!\",\"breadcrumb\":{\"@id\":\"https:\/\/betwinner.tips\/az\/casino\/#breadcrumb\"},\"inLanguage\":\"az\",\"potentialAction\":[{\"@type\":\"ReadAction\",\"target\":[\"https:\/\/betwinner.tips\/az\/casino\/\"]}]},{\"@type\":\"BreadcrumbList\",\"@id\":\"https:\/\/betwinner.tips\/az\/casino\/#breadcrumb\",\"itemListElement\":[{\"@type\":\"ListItem\",\"position\":1,\"name\":\"Home\",\"item\":\"https:\/\/betwinner.tips\/az\/\"},{\"@type\":\"ListItem\",\"position\":2,\"name\":\"Kazino\"}]},{\"@type\":\"WebSite\",\"@id\":\"https:\/\/betwinner.tips\/az\/#website\",\"url\":\"https:\/\/betwinner.tips\/az\/\",\"name\":\"Betwinner Tips az\",\"description\":\"My WordPress Blog\",\"potentialAction\":[{\"@type\":\"SearchAction\",\"target\":{\"@type\":\"EntryPoint\",\"urlTemplate\":\"https:\/\/betwinner.tips\/az\/?s={search_term_string}\"},\"query-input\":{\"@type\":\"PropertyValueSpecification\",\"valueRequired\":true,\"valueName\":\"search_term_string\"}}],\"inLanguage\":\"az\"}]}<\/script>\n<!-- \/ Yoast SEO plugin. -->","yoast_head_json":{"title":"Betwinner Kazinosu \u2705Oyunlar v\u0259 B\u00f6y\u00fck Q\u0259l\u0259b\u0259l\u0259r \u00fc\u00e7\u00fcn Sizin B\u0259l\u0259d\u00e7iniz!","description":"Betwinner Kazinosu: Oynay\u0131n, qazan\u0131n v\u0259 h\u0259y\u0259can\u0131 azad edin! \ud83d\udd25 D\u0259li f\u0131rlanmalar v\u0259 b\u00f6y\u00fck q\u0259l\u0259b\u0259l\u0259r yaln\u0131z bir klik m\u0259saf\u0259sind\u0259dir! Betwinner Kazinosuna qo\u015fulun!","robots":{"index":"index","follow":"follow","max-snippet":"max-snippet:-1","max-image-preview":"max-image-preview:large","max-video-preview":"max-video-preview:-1"},"og_locale":"az_AZ","og_type":"article","og_title":"Betwinner Kazinosu \u2705Oyunlar v\u0259 B\u00f6y\u00fck Q\u0259l\u0259b\u0259l\u0259r \u00fc\u00e7\u00fcn Sizin B\u0259l\u0259d\u00e7iniz!","og_description":"Betwinner Kazinosu: Oynay\u0131n, qazan\u0131n v\u0259 h\u0259y\u0259can\u0131 azad edin! \ud83d\udd25 D\u0259li f\u0131rlanmalar v\u0259 b\u00f6y\u00fck q\u0259l\u0259b\u0259l\u0259r yaln\u0131z bir klik m\u0259saf\u0259sind\u0259dir! Betwinner Kazinosuna qo\u015fulun!","og_url":"https:\/\/betwinner.tips\/az\/casino\/","og_site_name":"Betwinner Tips az","article_modified_time":"2026-03-31T11:47:08+00:00","twitter_card":"summary_large_image","schema":{"@context":"https:\/\/schema.org","@graph":[{"@type":"WebPage","@id":"https:\/\/betwinner.tips\/az\/casino\/","url":"https:\/\/betwinner.tips\/az\/casino\/","name":"Betwinner Kazinosu \u2705Oyunlar v\u0259 B\u00f6y\u00fck Q\u0259l\u0259b\u0259l\u0259r \u00fc\u00e7\u00fcn Sizin B\u0259l\u0259d\u00e7iniz!","isPartOf":{"@id":"https:\/\/betwinner.tips\/az\/#website"},"datePublished":"2024-11-01T08:00:46+00:00","dateModified":"2026-03-31T11:47:08+00:00","description":"Betwinner Kazinosu: Oynay\u0131n, qazan\u0131n v\u0259 h\u0259y\u0259can\u0131 azad edin! \ud83d\udd25 D\u0259li f\u0131rlanmalar v\u0259 b\u00f6y\u00fck q\u0259l\u0259b\u0259l\u0259r yaln\u0131z bir klik m\u0259saf\u0259sind\u0259dir! Betwinner Kazinosuna qo\u015fulun!","breadcrumb":{"@id":"https:\/\/betwinner.tips\/az\/casino\/#breadcrumb"},"inLanguage":"az","potentialAction":[{"@type":"ReadAction","target":["https:\/\/betwinner.tips\/az\/casino\/"]}]},{"@type":"BreadcrumbList","@id":"https:\/\/betwinner.tips\/az\/casino\/#breadcrumb","itemListElement":[{"@type":"ListItem","position":1,"name":"Home","item":"https:\/\/betwinner.tips\/az\/"},{"@type":"ListItem","position":2,"name":"Kazino"}]},{"@type":"WebSite","@id":"https:\/\/betwinner.tips\/az\/#website","url":"https:\/\/betwinner.tips\/az\/","name":"Betwinner Tips az","description":"My WordPress Blog","potentialAction":[{"@type":"SearchAction","target":{"@type":"EntryPoint","urlTemplate":"https:\/\/betwinner.tips\/az\/?s={search_term_string}"},"query-input":{"@type":"PropertyValueSpecification","valueRequired":true,"valueName":"search_term_string"}}],"inLanguage":"az"}]}},"_links":{"self":[{"href":"https:\/\/betwinner.tips\/az\/wp-json\/wp\/v2\/pages\/339","targetHints":{"allow":["GET"]}}],"collection":[{"href":"https:\/\/betwinner.tips\/az\/wp-json\/wp\/v2\/pages"}],"about":[{"href":"https:\/\/betwinner.tips\/az\/wp-json\/wp\/v2\/types\/page"}],"author":[{"embeddable":true,"href":"https:\/\/betwinner.tips\/az\/wp-json\/wp\/v2\/users\/1"}],"replies":[{"embeddable":true,"href":"https:\/\/betwinner.tips\/az\/wp-json\/wp\/v2\/comments?post=339"}],"version-history":[{"count":6,"href":"https:\/\/betwinner.tips\/az\/wp-json\/wp\/v2\/pages\/339\/revisions"}],"predecessor-version":[{"id":513,"href":"https:\/\/betwinner.tips\/az\/wp-json\/wp\/v2\/pages\/339\/revisions\/513"}],"wp:attachment":[{"href":"https:\/\/betwinner.tips\/az\/wp-json\/wp\/v2\/media?parent=339"}],"curies":[{"name":"wp","href":"https:\/\/api.w.org\/{rel}","templated":true}]}}