{"id":2,"date":"2023-05-18T17:18:34","date_gmt":"2023-05-18T17:18:34","guid":{"rendered":"https:\/\/betwinner.tips\/bj\/?page_id=2"},"modified":"2026-03-28T08:35:23","modified_gmt":"2026-03-28T08:35:23","slug":"betwinner-online-sports-betting-and-casino-%f0%9f%9f%a2-register","status":"publish","type":"page","link":"https:\/\/betwinner.tips\/bj\/","title":{"rendered":"Accueil"},"content":{"rendered":"","protected":false},"excerpt":{"rendered":"","protected":false},"author":1,"featured_media":0,"parent":0,"menu_order":0,"comment_status":"closed","ping_status":"open","template":"","meta":{"footnotes":""},"class_list":["post-2","page","type-page","status-publish","hentry"],"yoast_head":"<!-- This site is optimized with the Yoast SEO plugin v25.6 - https:\/\/yoast.com\/wordpress\/plugins\/seo\/ -->\n<title>BetWinner\u2122 \u2014 Paris Sportifs, Meilleures Cotes et Direct April 2026<\/title>\n<meta name=\"description\" content=\"Bet Winner B\u00e9nin propose des paris sportifs avec des cotes comp\u00e9titives, une large couverture des \u00e9v\u00e9nements, des march\u00e9s de paris en direct, un placement rapide des paris, des cotes solides et une exp\u00e9rience fluide con\u00e7ue pour les parieurs chevronn\u00e9s.\" \/>\n<meta name=\"robots\" content=\"index, follow, max-snippet:-1, max-image-preview:large, max-video-preview:-1\" \/>\n<meta property=\"og:locale\" content=\"fr_FR\" \/>\n<meta property=\"og:type\" content=\"article\" \/>\n<meta property=\"og:title\" content=\"BetWinner\u2122 \u2014 Paris Sportifs, Meilleures Cotes et Direct April 2026\" \/>\n<meta property=\"og:description\" content=\"Bet Winner B\u00e9nin propose des paris sportifs avec des cotes comp\u00e9titives, une large couverture des \u00e9v\u00e9nements, des march\u00e9s de paris en direct, un placement rapide des paris, des cotes solides et une exp\u00e9rience fluide con\u00e7ue pour les parieurs chevronn\u00e9s.\" \/>\n<meta property=\"og:url\" content=\"https:\/\/betwinner.tips\/bj\/\" \/>\n<meta property=\"og:site_name\" content=\"Betwinner Tips bj\" \/>\n<meta property=\"article:modified_time\" content=\"2026-03-28T08:35:23+00:00\" \/>\n<meta name=\"twitter:card\" content=\"summary_large_image\" \/>\n<script type=\"application\/ld+json\" class=\"yoast-schema-graph\">{\"@context\":\"https:\/\/schema.org\",\"@graph\":[{\"@type\":\"WebPage\",\"@id\":\"https:\/\/betwinner.tips\/bj\/\",\"url\":\"https:\/\/betwinner.tips\/bj\/\",\"name\":\"BetWinner\u2122 \u2014 Paris Sportifs, Meilleures Cotes et Direct April 2026\",\"isPartOf\":{\"@id\":\"https:\/\/betwinner.tips\/bj\/#website\"},\"datePublished\":\"2023-05-18T17:18:34+00:00\",\"dateModified\":\"2026-03-28T08:35:23+00:00\",\"description\":\"Bet Winner B\u00e9nin propose des paris sportifs avec des cotes comp\u00e9titives, une large couverture des \u00e9v\u00e9nements, des march\u00e9s de paris en direct, un placement rapide des paris, des cotes solides et une exp\u00e9rience fluide con\u00e7ue pour les parieurs chevronn\u00e9s.\",\"breadcrumb\":{\"@id\":\"https:\/\/betwinner.tips\/bj\/#breadcrumb\"},\"inLanguage\":\"fr-BJ\",\"potentialAction\":[{\"@type\":\"ReadAction\",\"target\":[\"https:\/\/betwinner.tips\/bj\/\"]}]},{\"@type\":\"BreadcrumbList\",\"@id\":\"https:\/\/betwinner.tips\/bj\/#breadcrumb\",\"itemListElement\":[{\"@type\":\"ListItem\",\"position\":1,\"name\":\"Home\",\"item\":\"https:\/\/betwinner.tips\/bj\/\"},{\"@type\":\"ListItem\",\"position\":2,\"name\":\"Accueil\"}]},{\"@type\":\"WebSite\",\"@id\":\"https:\/\/betwinner.tips\/bj\/#website\",\"url\":\"https:\/\/betwinner.tips\/bj\/\",\"name\":\"Betwinner Tips bj\",\"description\":\"My WordPress Blog\",\"potentialAction\":[{\"@type\":\"SearchAction\",\"target\":{\"@type\":\"EntryPoint\",\"urlTemplate\":\"https:\/\/betwinner.tips\/bj\/?s={search_term_string}\"},\"query-input\":{\"@type\":\"PropertyValueSpecification\",\"valueRequired\":true,\"valueName\":\"search_term_string\"}}],\"inLanguage\":\"fr-BJ\"}]}<\/script>\n<!-- \/ Yoast SEO plugin. -->","yoast_head_json":{"title":"BetWinner\u2122 \u2014 Paris Sportifs, Meilleures Cotes et Direct April 2026","description":"Bet Winner B\u00e9nin propose des paris sportifs avec des cotes comp\u00e9titives, une large couverture des \u00e9v\u00e9nements, des march\u00e9s de paris en direct, un placement rapide des paris, des cotes solides et une exp\u00e9rience fluide con\u00e7ue pour les parieurs chevronn\u00e9s.","robots":{"index":"index","follow":"follow","max-snippet":"max-snippet:-1","max-image-preview":"max-image-preview:large","max-video-preview":"max-video-preview:-1"},"og_locale":"fr_FR","og_type":"article","og_title":"BetWinner\u2122 \u2014 Paris Sportifs, Meilleures Cotes et Direct April 2026","og_description":"Bet Winner B\u00e9nin propose des paris sportifs avec des cotes comp\u00e9titives, une large couverture des \u00e9v\u00e9nements, des march\u00e9s de paris en direct, un placement rapide des paris, des cotes solides et une exp\u00e9rience fluide con\u00e7ue pour les parieurs chevronn\u00e9s.","og_url":"https:\/\/betwinner.tips\/bj\/","og_site_name":"Betwinner Tips bj","article_modified_time":"2026-03-28T08:35:23+00:00","twitter_card":"summary_large_image","schema":{"@context":"https:\/\/schema.org","@graph":[{"@type":"WebPage","@id":"https:\/\/betwinner.tips\/bj\/","url":"https:\/\/betwinner.tips\/bj\/","name":"BetWinner\u2122 \u2014 Paris Sportifs, Meilleures Cotes et Direct April 2026","isPartOf":{"@id":"https:\/\/betwinner.tips\/bj\/#website"},"datePublished":"2023-05-18T17:18:34+00:00","dateModified":"2026-03-28T08:35:23+00:00","description":"Bet Winner B\u00e9nin propose des paris sportifs avec des cotes comp\u00e9titives, une large couverture des \u00e9v\u00e9nements, des march\u00e9s de paris en direct, un placement rapide des paris, des cotes solides et une exp\u00e9rience fluide con\u00e7ue pour les parieurs chevronn\u00e9s.","breadcrumb":{"@id":"https:\/\/betwinner.tips\/bj\/#breadcrumb"},"inLanguage":"fr-BJ","potentialAction":[{"@type":"ReadAction","target":["https:\/\/betwinner.tips\/bj\/"]}]},{"@type":"BreadcrumbList","@id":"https:\/\/betwinner.tips\/bj\/#breadcrumb","itemListElement":[{"@type":"ListItem","position":1,"name":"Home","item":"https:\/\/betwinner.tips\/bj\/"},{"@type":"ListItem","position":2,"name":"Accueil"}]},{"@type":"WebSite","@id":"https:\/\/betwinner.tips\/bj\/#website","url":"https:\/\/betwinner.tips\/bj\/","name":"Betwinner Tips bj","description":"My WordPress Blog","potentialAction":[{"@type":"SearchAction","target":{"@type":"EntryPoint","urlTemplate":"https:\/\/betwinner.tips\/bj\/?s={search_term_string}"},"query-input":{"@type":"PropertyValueSpecification","valueRequired":true,"valueName":"search_term_string"}}],"inLanguage":"fr-BJ"}]}},"_links":{"self":[{"href":"https:\/\/betwinner.tips\/bj\/wp-json\/wp\/v2\/pages\/2","targetHints":{"allow":["GET"]}}],"collection":[{"href":"https:\/\/betwinner.tips\/bj\/wp-json\/wp\/v2\/pages"}],"about":[{"href":"https:\/\/betwinner.tips\/bj\/wp-json\/wp\/v2\/types\/page"}],"author":[{"embeddable":true,"href":"https:\/\/betwinner.tips\/bj\/wp-json\/wp\/v2\/users\/1"}],"replies":[{"embeddable":true,"href":"https:\/\/betwinner.tips\/bj\/wp-json\/wp\/v2\/comments?post=2"}],"version-history":[{"count":64,"href":"https:\/\/betwinner.tips\/bj\/wp-json\/wp\/v2\/pages\/2\/revisions"}],"predecessor-version":[{"id":510,"href":"https:\/\/betwinner.tips\/bj\/wp-json\/wp\/v2\/pages\/2\/revisions\/510"}],"wp:attachment":[{"href":"https:\/\/betwinner.tips\/bj\/wp-json\/wp\/v2\/media?parent=2"}],"curies":[{"name":"wp","href":"https:\/\/api.w.org\/{rel}","templated":true}]}}