{"id":220,"date":"2024-10-17T06:13:26","date_gmt":"2024-10-17T06:13:26","guid":{"rendered":"https:\/\/betwinner.tips\/bj\/?page_id=220"},"modified":"2026-03-28T08:59:59","modified_gmt":"2026-03-28T08:59:59","slug":"promo-code","status":"publish","type":"page","link":"https:\/\/betwinner.tips\/bj\/promo-code\/","title":{"rendered":"Code promotionnel"},"content":{"rendered":"","protected":false},"excerpt":{"rendered":"","protected":false},"author":1,"featured_media":0,"parent":0,"menu_order":0,"comment_status":"closed","ping_status":"closed","template":"","meta":{"footnotes":""},"class_list":["post-220","page","type-page","status-publish","hentry"],"yoast_head":"<!-- This site is optimized with the Yoast SEO plugin v25.6 - https:\/\/yoast.com\/wordpress\/plugins\/seo\/ -->\n<title>Code promo Betwinner B\u00e9nin 2026 \u1409 Optimisez vos bonus<\/title>\n<meta name=\"description\" content=\"Procurez-vous votre code promo Betwinner exclusif et b\u00e9n\u00e9ficiez de bonus imbattables qui am\u00e9lioreront votre exp\u00e9rience de pari. Ne passez pas \u00e0 c\u00f4t\u00e9: profitez-en d\u00e8s aujourd&#039;hui!\" \/>\n<meta name=\"robots\" content=\"index, follow, max-snippet:-1, max-image-preview:large, max-video-preview:-1\" \/>\n<meta property=\"og:locale\" content=\"fr_FR\" \/>\n<meta property=\"og:type\" content=\"article\" \/>\n<meta property=\"og:title\" content=\"Code promo Betwinner B\u00e9nin 2026 \u1409 Optimisez vos bonus\" \/>\n<meta property=\"og:description\" content=\"Procurez-vous votre code promo Betwinner exclusif et b\u00e9n\u00e9ficiez de bonus imbattables qui am\u00e9lioreront votre exp\u00e9rience de pari. Ne passez pas \u00e0 c\u00f4t\u00e9: profitez-en d\u00e8s aujourd&#039;hui!\" \/>\n<meta property=\"og:url\" content=\"https:\/\/betwinner.tips\/bj\/promo-code\/\" \/>\n<meta property=\"og:site_name\" content=\"Betwinner Tips bj\" \/>\n<meta property=\"article:modified_time\" content=\"2026-03-28T08:59:59+00:00\" \/>\n<meta name=\"twitter:card\" content=\"summary_large_image\" \/>\n<script type=\"application\/ld+json\" class=\"yoast-schema-graph\">{\"@context\":\"https:\/\/schema.org\",\"@graph\":[{\"@type\":\"WebPage\",\"@id\":\"https:\/\/betwinner.tips\/bj\/promo-code\/\",\"url\":\"https:\/\/betwinner.tips\/bj\/promo-code\/\",\"name\":\"Code promo Betwinner B\u00e9nin 2026 \u1409 Optimisez vos bonus\",\"isPartOf\":{\"@id\":\"https:\/\/betwinner.tips\/bj\/#website\"},\"datePublished\":\"2024-10-17T06:13:26+00:00\",\"dateModified\":\"2026-03-28T08:59:59+00:00\",\"description\":\"Procurez-vous votre code promo Betwinner exclusif et b\u00e9n\u00e9ficiez de bonus imbattables qui am\u00e9lioreront votre exp\u00e9rience de pari. Ne passez pas \u00e0 c\u00f4t\u00e9: profitez-en d\u00e8s aujourd'hui!\",\"breadcrumb\":{\"@id\":\"https:\/\/betwinner.tips\/bj\/promo-code\/#breadcrumb\"},\"inLanguage\":\"fr-BJ\",\"potentialAction\":[{\"@type\":\"ReadAction\",\"target\":[\"https:\/\/betwinner.tips\/bj\/promo-code\/\"]}]},{\"@type\":\"BreadcrumbList\",\"@id\":\"https:\/\/betwinner.tips\/bj\/promo-code\/#breadcrumb\",\"itemListElement\":[{\"@type\":\"ListItem\",\"position\":1,\"name\":\"Home\",\"item\":\"https:\/\/betwinner.tips\/bj\/\"},{\"@type\":\"ListItem\",\"position\":2,\"name\":\"Code promotionnel\"}]},{\"@type\":\"WebSite\",\"@id\":\"https:\/\/betwinner.tips\/bj\/#website\",\"url\":\"https:\/\/betwinner.tips\/bj\/\",\"name\":\"Betwinner Tips bj\",\"description\":\"My WordPress Blog\",\"potentialAction\":[{\"@type\":\"SearchAction\",\"target\":{\"@type\":\"EntryPoint\",\"urlTemplate\":\"https:\/\/betwinner.tips\/bj\/?s={search_term_string}\"},\"query-input\":{\"@type\":\"PropertyValueSpecification\",\"valueRequired\":true,\"valueName\":\"search_term_string\"}}],\"inLanguage\":\"fr-BJ\"}]}<\/script>\n<!-- \/ Yoast SEO plugin. -->","yoast_head_json":{"title":"Code promo Betwinner B\u00e9nin 2026 \u1409 Optimisez vos bonus","description":"Procurez-vous votre code promo Betwinner exclusif et b\u00e9n\u00e9ficiez de bonus imbattables qui am\u00e9lioreront votre exp\u00e9rience de pari. Ne passez pas \u00e0 c\u00f4t\u00e9: profitez-en d\u00e8s aujourd'hui!","robots":{"index":"index","follow":"follow","max-snippet":"max-snippet:-1","max-image-preview":"max-image-preview:large","max-video-preview":"max-video-preview:-1"},"og_locale":"fr_FR","og_type":"article","og_title":"Code promo Betwinner B\u00e9nin 2026 \u1409 Optimisez vos bonus","og_description":"Procurez-vous votre code promo Betwinner exclusif et b\u00e9n\u00e9ficiez de bonus imbattables qui am\u00e9lioreront votre exp\u00e9rience de pari. Ne passez pas \u00e0 c\u00f4t\u00e9: profitez-en d\u00e8s aujourd'hui!","og_url":"https:\/\/betwinner.tips\/bj\/promo-code\/","og_site_name":"Betwinner Tips bj","article_modified_time":"2026-03-28T08:59:59+00:00","twitter_card":"summary_large_image","schema":{"@context":"https:\/\/schema.org","@graph":[{"@type":"WebPage","@id":"https:\/\/betwinner.tips\/bj\/promo-code\/","url":"https:\/\/betwinner.tips\/bj\/promo-code\/","name":"Code promo Betwinner B\u00e9nin 2026 \u1409 Optimisez vos bonus","isPartOf":{"@id":"https:\/\/betwinner.tips\/bj\/#website"},"datePublished":"2024-10-17T06:13:26+00:00","dateModified":"2026-03-28T08:59:59+00:00","description":"Procurez-vous votre code promo Betwinner exclusif et b\u00e9n\u00e9ficiez de bonus imbattables qui am\u00e9lioreront votre exp\u00e9rience de pari. Ne passez pas \u00e0 c\u00f4t\u00e9: profitez-en d\u00e8s aujourd'hui!","breadcrumb":{"@id":"https:\/\/betwinner.tips\/bj\/promo-code\/#breadcrumb"},"inLanguage":"fr-BJ","potentialAction":[{"@type":"ReadAction","target":["https:\/\/betwinner.tips\/bj\/promo-code\/"]}]},{"@type":"BreadcrumbList","@id":"https:\/\/betwinner.tips\/bj\/promo-code\/#breadcrumb","itemListElement":[{"@type":"ListItem","position":1,"name":"Home","item":"https:\/\/betwinner.tips\/bj\/"},{"@type":"ListItem","position":2,"name":"Code promotionnel"}]},{"@type":"WebSite","@id":"https:\/\/betwinner.tips\/bj\/#website","url":"https:\/\/betwinner.tips\/bj\/","name":"Betwinner Tips bj","description":"My WordPress Blog","potentialAction":[{"@type":"SearchAction","target":{"@type":"EntryPoint","urlTemplate":"https:\/\/betwinner.tips\/bj\/?s={search_term_string}"},"query-input":{"@type":"PropertyValueSpecification","valueRequired":true,"valueName":"search_term_string"}}],"inLanguage":"fr-BJ"}]}},"_links":{"self":[{"href":"https:\/\/betwinner.tips\/bj\/wp-json\/wp\/v2\/pages\/220","targetHints":{"allow":["GET"]}}],"collection":[{"href":"https:\/\/betwinner.tips\/bj\/wp-json\/wp\/v2\/pages"}],"about":[{"href":"https:\/\/betwinner.tips\/bj\/wp-json\/wp\/v2\/types\/page"}],"author":[{"embeddable":true,"href":"https:\/\/betwinner.tips\/bj\/wp-json\/wp\/v2\/users\/1"}],"replies":[{"embeddable":true,"href":"https:\/\/betwinner.tips\/bj\/wp-json\/wp\/v2\/comments?post=220"}],"version-history":[{"count":10,"href":"https:\/\/betwinner.tips\/bj\/wp-json\/wp\/v2\/pages\/220\/revisions"}],"predecessor-version":[{"id":514,"href":"https:\/\/betwinner.tips\/bj\/wp-json\/wp\/v2\/pages\/220\/revisions\/514"}],"wp:attachment":[{"href":"https:\/\/betwinner.tips\/bj\/wp-json\/wp\/v2\/media?parent=220"}],"curies":[{"name":"wp","href":"https:\/\/api.w.org\/{rel}","templated":true}]}}