{"id":273,"date":"2024-10-30T08:26:29","date_gmt":"2024-10-30T08:26:29","guid":{"rendered":"https:\/\/betwinner.tips\/bj\/?page_id=273"},"modified":"2026-03-28T09:15:51","modified_gmt":"2026-03-28T09:15:51","slug":"registration","status":"publish","type":"page","link":"https:\/\/betwinner.tips\/bj\/registration\/","title":{"rendered":"Inscription"},"content":{"rendered":"","protected":false},"excerpt":{"rendered":"","protected":false},"author":1,"featured_media":0,"parent":0,"menu_order":0,"comment_status":"closed","ping_status":"closed","template":"","meta":{"footnotes":""},"class_list":["post-273","page","type-page","status-publish","hentry"],"yoast_head":"<!-- This site is optimized with the Yoast SEO plugin v25.6 - https:\/\/yoast.com\/wordpress\/plugins\/seo\/ -->\n<title>Inscription Betwinner B\u00e9nin \u2014 Cr\u00e9ez votre compte<\/title>\n<meta name=\"description\" content=\"Inscrivez-vous sur Betwinner et lib\u00e9rez tout votre potentiel en mati\u00e8re de paris. Consultez notre guide pour une inscription en toute simplicit\u00e9 ! Venez vivre le frisson des paris avec Betwinner!\" \/>\n<meta name=\"robots\" content=\"index, follow, max-snippet:-1, max-image-preview:large, max-video-preview:-1\" \/>\n<meta property=\"og:locale\" content=\"fr_FR\" \/>\n<meta property=\"og:type\" content=\"article\" \/>\n<meta property=\"og:title\" content=\"Inscription Betwinner B\u00e9nin \u2014 Cr\u00e9ez votre compte\" \/>\n<meta property=\"og:description\" content=\"Inscrivez-vous sur Betwinner et lib\u00e9rez tout votre potentiel en mati\u00e8re de paris. Consultez notre guide pour une inscription en toute simplicit\u00e9 ! Venez vivre le frisson des paris avec Betwinner!\" \/>\n<meta property=\"og:url\" content=\"https:\/\/betwinner.tips\/bj\/registration\/\" \/>\n<meta property=\"og:site_name\" content=\"Betwinner Tips bj\" \/>\n<meta property=\"article:modified_time\" content=\"2026-03-28T09:15:51+00:00\" \/>\n<meta name=\"twitter:card\" content=\"summary_large_image\" \/>\n<script type=\"application\/ld+json\" class=\"yoast-schema-graph\">{\"@context\":\"https:\/\/schema.org\",\"@graph\":[{\"@type\":\"WebPage\",\"@id\":\"https:\/\/betwinner.tips\/bj\/registration\/\",\"url\":\"https:\/\/betwinner.tips\/bj\/registration\/\",\"name\":\"Inscription Betwinner B\u00e9nin \u2014 Cr\u00e9ez votre compte\",\"isPartOf\":{\"@id\":\"https:\/\/betwinner.tips\/bj\/#website\"},\"datePublished\":\"2024-10-30T08:26:29+00:00\",\"dateModified\":\"2026-03-28T09:15:51+00:00\",\"description\":\"Inscrivez-vous sur Betwinner et lib\u00e9rez tout votre potentiel en mati\u00e8re de paris. Consultez notre guide pour une inscription en toute simplicit\u00e9 ! Venez vivre le frisson des paris avec Betwinner!\",\"breadcrumb\":{\"@id\":\"https:\/\/betwinner.tips\/bj\/registration\/#breadcrumb\"},\"inLanguage\":\"fr-BJ\",\"potentialAction\":[{\"@type\":\"ReadAction\",\"target\":[\"https:\/\/betwinner.tips\/bj\/registration\/\"]}]},{\"@type\":\"BreadcrumbList\",\"@id\":\"https:\/\/betwinner.tips\/bj\/registration\/#breadcrumb\",\"itemListElement\":[{\"@type\":\"ListItem\",\"position\":1,\"name\":\"Home\",\"item\":\"https:\/\/betwinner.tips\/bj\/\"},{\"@type\":\"ListItem\",\"position\":2,\"name\":\"Inscription\"}]},{\"@type\":\"WebSite\",\"@id\":\"https:\/\/betwinner.tips\/bj\/#website\",\"url\":\"https:\/\/betwinner.tips\/bj\/\",\"name\":\"Betwinner Tips bj\",\"description\":\"My WordPress Blog\",\"potentialAction\":[{\"@type\":\"SearchAction\",\"target\":{\"@type\":\"EntryPoint\",\"urlTemplate\":\"https:\/\/betwinner.tips\/bj\/?s={search_term_string}\"},\"query-input\":{\"@type\":\"PropertyValueSpecification\",\"valueRequired\":true,\"valueName\":\"search_term_string\"}}],\"inLanguage\":\"fr-BJ\"}]}<\/script>\n<!-- \/ Yoast SEO plugin. -->","yoast_head_json":{"title":"Inscription Betwinner B\u00e9nin \u2014 Cr\u00e9ez votre compte","description":"Inscrivez-vous sur Betwinner et lib\u00e9rez tout votre potentiel en mati\u00e8re de paris. Consultez notre guide pour une inscription en toute simplicit\u00e9 ! Venez vivre le frisson des paris avec Betwinner!","robots":{"index":"index","follow":"follow","max-snippet":"max-snippet:-1","max-image-preview":"max-image-preview:large","max-video-preview":"max-video-preview:-1"},"og_locale":"fr_FR","og_type":"article","og_title":"Inscription Betwinner B\u00e9nin \u2014 Cr\u00e9ez votre compte","og_description":"Inscrivez-vous sur Betwinner et lib\u00e9rez tout votre potentiel en mati\u00e8re de paris. Consultez notre guide pour une inscription en toute simplicit\u00e9 ! Venez vivre le frisson des paris avec Betwinner!","og_url":"https:\/\/betwinner.tips\/bj\/registration\/","og_site_name":"Betwinner Tips bj","article_modified_time":"2026-03-28T09:15:51+00:00","twitter_card":"summary_large_image","schema":{"@context":"https:\/\/schema.org","@graph":[{"@type":"WebPage","@id":"https:\/\/betwinner.tips\/bj\/registration\/","url":"https:\/\/betwinner.tips\/bj\/registration\/","name":"Inscription Betwinner B\u00e9nin \u2014 Cr\u00e9ez votre compte","isPartOf":{"@id":"https:\/\/betwinner.tips\/bj\/#website"},"datePublished":"2024-10-30T08:26:29+00:00","dateModified":"2026-03-28T09:15:51+00:00","description":"Inscrivez-vous sur Betwinner et lib\u00e9rez tout votre potentiel en mati\u00e8re de paris. Consultez notre guide pour une inscription en toute simplicit\u00e9 ! Venez vivre le frisson des paris avec Betwinner!","breadcrumb":{"@id":"https:\/\/betwinner.tips\/bj\/registration\/#breadcrumb"},"inLanguage":"fr-BJ","potentialAction":[{"@type":"ReadAction","target":["https:\/\/betwinner.tips\/bj\/registration\/"]}]},{"@type":"BreadcrumbList","@id":"https:\/\/betwinner.tips\/bj\/registration\/#breadcrumb","itemListElement":[{"@type":"ListItem","position":1,"name":"Home","item":"https:\/\/betwinner.tips\/bj\/"},{"@type":"ListItem","position":2,"name":"Inscription"}]},{"@type":"WebSite","@id":"https:\/\/betwinner.tips\/bj\/#website","url":"https:\/\/betwinner.tips\/bj\/","name":"Betwinner Tips bj","description":"My WordPress Blog","potentialAction":[{"@type":"SearchAction","target":{"@type":"EntryPoint","urlTemplate":"https:\/\/betwinner.tips\/bj\/?s={search_term_string}"},"query-input":{"@type":"PropertyValueSpecification","valueRequired":true,"valueName":"search_term_string"}}],"inLanguage":"fr-BJ"}]}},"_links":{"self":[{"href":"https:\/\/betwinner.tips\/bj\/wp-json\/wp\/v2\/pages\/273","targetHints":{"allow":["GET"]}}],"collection":[{"href":"https:\/\/betwinner.tips\/bj\/wp-json\/wp\/v2\/pages"}],"about":[{"href":"https:\/\/betwinner.tips\/bj\/wp-json\/wp\/v2\/types\/page"}],"author":[{"embeddable":true,"href":"https:\/\/betwinner.tips\/bj\/wp-json\/wp\/v2\/users\/1"}],"replies":[{"embeddable":true,"href":"https:\/\/betwinner.tips\/bj\/wp-json\/wp\/v2\/comments?post=273"}],"version-history":[{"count":7,"href":"https:\/\/betwinner.tips\/bj\/wp-json\/wp\/v2\/pages\/273\/revisions"}],"predecessor-version":[{"id":517,"href":"https:\/\/betwinner.tips\/bj\/wp-json\/wp\/v2\/pages\/273\/revisions\/517"}],"wp:attachment":[{"href":"https:\/\/betwinner.tips\/bj\/wp-json\/wp\/v2\/media?parent=273"}],"curies":[{"name":"wp","href":"https:\/\/api.w.org\/{rel}","templated":true}]}}