{"id":290,"date":"2024-10-30T14:57:05","date_gmt":"2024-10-30T14:57:05","guid":{"rendered":"https:\/\/betwinner.tips\/bj\/?page_id=290"},"modified":"2026-03-29T14:51:50","modified_gmt":"2026-03-29T14:51:50","slug":"login","status":"publish","type":"page","link":"https:\/\/betwinner.tips\/bj\/login\/","title":{"rendered":"Connexion"},"content":{"rendered":"","protected":false},"excerpt":{"rendered":"","protected":false},"author":1,"featured_media":0,"parent":0,"menu_order":0,"comment_status":"closed","ping_status":"closed","template":"","meta":{"footnotes":""},"class_list":["post-290","page","type-page","status-publish","hentry"],"yoast_head":"<!-- This site is optimized with the Yoast SEO plugin v25.6 - https:\/\/yoast.com\/wordpress\/plugins\/seo\/ -->\n<title>Betwinner B\u00e9nin Connexion \u2014 Site Officiel et Acc\u00e8s S\u00e9curis\u00e9<\/title>\n<meta name=\"description\" content=\"Comment se connecter \u00e0 son compte Betwinner \u2014 Rendez-vous sur le site Web de Betwinner et cliquez sur le bouton \u00ab Connexion \u00bb \u2713 Cr\u00e9ation et v\u00e9rification d&#039;un compte Betwinner\" \/>\n<meta name=\"robots\" content=\"index, follow, max-snippet:-1, max-image-preview:large, max-video-preview:-1\" \/>\n<meta property=\"og:locale\" content=\"fr_FR\" \/>\n<meta property=\"og:type\" content=\"article\" \/>\n<meta property=\"og:title\" content=\"Betwinner B\u00e9nin Connexion \u2014 Site Officiel et Acc\u00e8s S\u00e9curis\u00e9\" \/>\n<meta property=\"og:description\" content=\"Comment se connecter \u00e0 son compte Betwinner \u2014 Rendez-vous sur le site Web de Betwinner et cliquez sur le bouton \u00ab Connexion \u00bb \u2713 Cr\u00e9ation et v\u00e9rification d&#039;un compte Betwinner\" \/>\n<meta property=\"og:url\" content=\"https:\/\/betwinner.tips\/bj\/login\/\" \/>\n<meta property=\"og:site_name\" content=\"Betwinner Tips bj\" \/>\n<meta property=\"article:modified_time\" content=\"2026-03-29T14:51:50+00:00\" \/>\n<meta name=\"twitter:card\" content=\"summary_large_image\" \/>\n<script type=\"application\/ld+json\" class=\"yoast-schema-graph\">{\"@context\":\"https:\/\/schema.org\",\"@graph\":[{\"@type\":\"WebPage\",\"@id\":\"https:\/\/betwinner.tips\/bj\/login\/\",\"url\":\"https:\/\/betwinner.tips\/bj\/login\/\",\"name\":\"Betwinner B\u00e9nin Connexion \u2014 Site Officiel et Acc\u00e8s S\u00e9curis\u00e9\",\"isPartOf\":{\"@id\":\"https:\/\/betwinner.tips\/bj\/#website\"},\"datePublished\":\"2024-10-30T14:57:05+00:00\",\"dateModified\":\"2026-03-29T14:51:50+00:00\",\"description\":\"Comment se connecter \u00e0 son compte Betwinner \u2014 Rendez-vous sur le site Web de Betwinner et cliquez sur le bouton \u00ab Connexion \u00bb \u2713 Cr\u00e9ation et v\u00e9rification d'un compte Betwinner\",\"breadcrumb\":{\"@id\":\"https:\/\/betwinner.tips\/bj\/login\/#breadcrumb\"},\"inLanguage\":\"fr-BJ\",\"potentialAction\":[{\"@type\":\"ReadAction\",\"target\":[\"https:\/\/betwinner.tips\/bj\/login\/\"]}]},{\"@type\":\"BreadcrumbList\",\"@id\":\"https:\/\/betwinner.tips\/bj\/login\/#breadcrumb\",\"itemListElement\":[{\"@type\":\"ListItem\",\"position\":1,\"name\":\"Home\",\"item\":\"https:\/\/betwinner.tips\/bj\/\"},{\"@type\":\"ListItem\",\"position\":2,\"name\":\"Connexion\"}]},{\"@type\":\"WebSite\",\"@id\":\"https:\/\/betwinner.tips\/bj\/#website\",\"url\":\"https:\/\/betwinner.tips\/bj\/\",\"name\":\"Betwinner Tips bj\",\"description\":\"My WordPress Blog\",\"potentialAction\":[{\"@type\":\"SearchAction\",\"target\":{\"@type\":\"EntryPoint\",\"urlTemplate\":\"https:\/\/betwinner.tips\/bj\/?s={search_term_string}\"},\"query-input\":{\"@type\":\"PropertyValueSpecification\",\"valueRequired\":true,\"valueName\":\"search_term_string\"}}],\"inLanguage\":\"fr-BJ\"}]}<\/script>\n<!-- \/ Yoast SEO plugin. -->","yoast_head_json":{"title":"Betwinner B\u00e9nin Connexion \u2014 Site Officiel et Acc\u00e8s S\u00e9curis\u00e9","description":"Comment se connecter \u00e0 son compte Betwinner \u2014 Rendez-vous sur le site Web de Betwinner et cliquez sur le bouton \u00ab Connexion \u00bb \u2713 Cr\u00e9ation et v\u00e9rification d'un compte Betwinner","robots":{"index":"index","follow":"follow","max-snippet":"max-snippet:-1","max-image-preview":"max-image-preview:large","max-video-preview":"max-video-preview:-1"},"og_locale":"fr_FR","og_type":"article","og_title":"Betwinner B\u00e9nin Connexion \u2014 Site Officiel et Acc\u00e8s S\u00e9curis\u00e9","og_description":"Comment se connecter \u00e0 son compte Betwinner \u2014 Rendez-vous sur le site Web de Betwinner et cliquez sur le bouton \u00ab Connexion \u00bb \u2713 Cr\u00e9ation et v\u00e9rification d'un compte Betwinner","og_url":"https:\/\/betwinner.tips\/bj\/login\/","og_site_name":"Betwinner Tips bj","article_modified_time":"2026-03-29T14:51:50+00:00","twitter_card":"summary_large_image","schema":{"@context":"https:\/\/schema.org","@graph":[{"@type":"WebPage","@id":"https:\/\/betwinner.tips\/bj\/login\/","url":"https:\/\/betwinner.tips\/bj\/login\/","name":"Betwinner B\u00e9nin Connexion \u2014 Site Officiel et Acc\u00e8s S\u00e9curis\u00e9","isPartOf":{"@id":"https:\/\/betwinner.tips\/bj\/#website"},"datePublished":"2024-10-30T14:57:05+00:00","dateModified":"2026-03-29T14:51:50+00:00","description":"Comment se connecter \u00e0 son compte Betwinner \u2014 Rendez-vous sur le site Web de Betwinner et cliquez sur le bouton \u00ab Connexion \u00bb \u2713 Cr\u00e9ation et v\u00e9rification d'un compte Betwinner","breadcrumb":{"@id":"https:\/\/betwinner.tips\/bj\/login\/#breadcrumb"},"inLanguage":"fr-BJ","potentialAction":[{"@type":"ReadAction","target":["https:\/\/betwinner.tips\/bj\/login\/"]}]},{"@type":"BreadcrumbList","@id":"https:\/\/betwinner.tips\/bj\/login\/#breadcrumb","itemListElement":[{"@type":"ListItem","position":1,"name":"Home","item":"https:\/\/betwinner.tips\/bj\/"},{"@type":"ListItem","position":2,"name":"Connexion"}]},{"@type":"WebSite","@id":"https:\/\/betwinner.tips\/bj\/#website","url":"https:\/\/betwinner.tips\/bj\/","name":"Betwinner Tips bj","description":"My WordPress Blog","potentialAction":[{"@type":"SearchAction","target":{"@type":"EntryPoint","urlTemplate":"https:\/\/betwinner.tips\/bj\/?s={search_term_string}"},"query-input":{"@type":"PropertyValueSpecification","valueRequired":true,"valueName":"search_term_string"}}],"inLanguage":"fr-BJ"}]}},"_links":{"self":[{"href":"https:\/\/betwinner.tips\/bj\/wp-json\/wp\/v2\/pages\/290","targetHints":{"allow":["GET"]}}],"collection":[{"href":"https:\/\/betwinner.tips\/bj\/wp-json\/wp\/v2\/pages"}],"about":[{"href":"https:\/\/betwinner.tips\/bj\/wp-json\/wp\/v2\/types\/page"}],"author":[{"embeddable":true,"href":"https:\/\/betwinner.tips\/bj\/wp-json\/wp\/v2\/users\/1"}],"replies":[{"embeddable":true,"href":"https:\/\/betwinner.tips\/bj\/wp-json\/wp\/v2\/comments?post=290"}],"version-history":[{"count":6,"href":"https:\/\/betwinner.tips\/bj\/wp-json\/wp\/v2\/pages\/290\/revisions"}],"predecessor-version":[{"id":519,"href":"https:\/\/betwinner.tips\/bj\/wp-json\/wp\/v2\/pages\/290\/revisions\/519"}],"wp:attachment":[{"href":"https:\/\/betwinner.tips\/bj\/wp-json\/wp\/v2\/media?parent=290"}],"curies":[{"name":"wp","href":"https:\/\/api.w.org\/{rel}","templated":true}]}}