{"id":303,"date":"2024-10-31T15:11:26","date_gmt":"2024-10-31T15:11:26","guid":{"rendered":"https:\/\/betwinner.tips\/bj\/?page_id=303"},"modified":"2026-03-29T14:55:55","modified_gmt":"2026-03-29T14:55:55","slug":"affiliate","status":"publish","type":"page","link":"https:\/\/betwinner.tips\/bj\/affiliate\/","title":{"rendered":"Partenaire"},"content":{"rendered":"","protected":false},"excerpt":{"rendered":"","protected":false},"author":1,"featured_media":0,"parent":0,"menu_order":0,"comment_status":"closed","ping_status":"closed","template":"","meta":{"footnotes":""},"class_list":["post-303","page","type-page","status-publish","hentry"],"yoast_head":"<!-- This site is optimized with the Yoast SEO plugin v25.6 - https:\/\/yoast.com\/wordpress\/plugins\/seo\/ -->\n<title>Betwinner B\u00e9nin Partners \u2014 Votre succ\u00e8s en affiliation<\/title>\n<meta name=\"description\" content=\"Rejoignez le programme d&#039;affiliation officiel de Betwinner et commencez \u00e0 toucher des commissions all\u00e9chantes pour chaque joueur que vous parrainez ! Ne manquez pas cette occasion d&#039;augmenter vos revenus!\" \/>\n<meta name=\"robots\" content=\"index, follow, max-snippet:-1, max-image-preview:large, max-video-preview:-1\" \/>\n<meta property=\"og:locale\" content=\"fr_FR\" \/>\n<meta property=\"og:type\" content=\"article\" \/>\n<meta property=\"og:title\" content=\"Betwinner B\u00e9nin Partners \u2014 Votre succ\u00e8s en affiliation\" \/>\n<meta property=\"og:description\" content=\"Rejoignez le programme d&#039;affiliation officiel de Betwinner et commencez \u00e0 toucher des commissions all\u00e9chantes pour chaque joueur que vous parrainez ! Ne manquez pas cette occasion d&#039;augmenter vos revenus!\" \/>\n<meta property=\"og:url\" content=\"https:\/\/betwinner.tips\/bj\/affiliate\/\" \/>\n<meta property=\"og:site_name\" content=\"Betwinner Tips bj\" \/>\n<meta property=\"article:modified_time\" content=\"2026-03-29T14:55:55+00:00\" \/>\n<meta name=\"twitter:card\" content=\"summary_large_image\" \/>\n<script type=\"application\/ld+json\" class=\"yoast-schema-graph\">{\"@context\":\"https:\/\/schema.org\",\"@graph\":[{\"@type\":\"WebPage\",\"@id\":\"https:\/\/betwinner.tips\/bj\/affiliate\/\",\"url\":\"https:\/\/betwinner.tips\/bj\/affiliate\/\",\"name\":\"Betwinner B\u00e9nin Partners \u2014 Votre succ\u00e8s en affiliation\",\"isPartOf\":{\"@id\":\"https:\/\/betwinner.tips\/bj\/#website\"},\"datePublished\":\"2024-10-31T15:11:26+00:00\",\"dateModified\":\"2026-03-29T14:55:55+00:00\",\"description\":\"Rejoignez le programme d'affiliation officiel de Betwinner et commencez \u00e0 toucher des commissions all\u00e9chantes pour chaque joueur que vous parrainez ! Ne manquez pas cette occasion d'augmenter vos revenus!\",\"breadcrumb\":{\"@id\":\"https:\/\/betwinner.tips\/bj\/affiliate\/#breadcrumb\"},\"inLanguage\":\"fr-BJ\",\"potentialAction\":[{\"@type\":\"ReadAction\",\"target\":[\"https:\/\/betwinner.tips\/bj\/affiliate\/\"]}]},{\"@type\":\"BreadcrumbList\",\"@id\":\"https:\/\/betwinner.tips\/bj\/affiliate\/#breadcrumb\",\"itemListElement\":[{\"@type\":\"ListItem\",\"position\":1,\"name\":\"Home\",\"item\":\"https:\/\/betwinner.tips\/bj\/\"},{\"@type\":\"ListItem\",\"position\":2,\"name\":\"Partenaire\"}]},{\"@type\":\"WebSite\",\"@id\":\"https:\/\/betwinner.tips\/bj\/#website\",\"url\":\"https:\/\/betwinner.tips\/bj\/\",\"name\":\"Betwinner Tips bj\",\"description\":\"My WordPress Blog\",\"potentialAction\":[{\"@type\":\"SearchAction\",\"target\":{\"@type\":\"EntryPoint\",\"urlTemplate\":\"https:\/\/betwinner.tips\/bj\/?s={search_term_string}\"},\"query-input\":{\"@type\":\"PropertyValueSpecification\",\"valueRequired\":true,\"valueName\":\"search_term_string\"}}],\"inLanguage\":\"fr-BJ\"}]}<\/script>\n<!-- \/ Yoast SEO plugin. -->","yoast_head_json":{"title":"Betwinner B\u00e9nin Partners \u2014 Votre succ\u00e8s en affiliation","description":"Rejoignez le programme d'affiliation officiel de Betwinner et commencez \u00e0 toucher des commissions all\u00e9chantes pour chaque joueur que vous parrainez ! Ne manquez pas cette occasion d'augmenter vos revenus!","robots":{"index":"index","follow":"follow","max-snippet":"max-snippet:-1","max-image-preview":"max-image-preview:large","max-video-preview":"max-video-preview:-1"},"og_locale":"fr_FR","og_type":"article","og_title":"Betwinner B\u00e9nin Partners \u2014 Votre succ\u00e8s en affiliation","og_description":"Rejoignez le programme d'affiliation officiel de Betwinner et commencez \u00e0 toucher des commissions all\u00e9chantes pour chaque joueur que vous parrainez ! Ne manquez pas cette occasion d'augmenter vos revenus!","og_url":"https:\/\/betwinner.tips\/bj\/affiliate\/","og_site_name":"Betwinner Tips bj","article_modified_time":"2026-03-29T14:55:55+00:00","twitter_card":"summary_large_image","schema":{"@context":"https:\/\/schema.org","@graph":[{"@type":"WebPage","@id":"https:\/\/betwinner.tips\/bj\/affiliate\/","url":"https:\/\/betwinner.tips\/bj\/affiliate\/","name":"Betwinner B\u00e9nin Partners \u2014 Votre succ\u00e8s en affiliation","isPartOf":{"@id":"https:\/\/betwinner.tips\/bj\/#website"},"datePublished":"2024-10-31T15:11:26+00:00","dateModified":"2026-03-29T14:55:55+00:00","description":"Rejoignez le programme d'affiliation officiel de Betwinner et commencez \u00e0 toucher des commissions all\u00e9chantes pour chaque joueur que vous parrainez ! Ne manquez pas cette occasion d'augmenter vos revenus!","breadcrumb":{"@id":"https:\/\/betwinner.tips\/bj\/affiliate\/#breadcrumb"},"inLanguage":"fr-BJ","potentialAction":[{"@type":"ReadAction","target":["https:\/\/betwinner.tips\/bj\/affiliate\/"]}]},{"@type":"BreadcrumbList","@id":"https:\/\/betwinner.tips\/bj\/affiliate\/#breadcrumb","itemListElement":[{"@type":"ListItem","position":1,"name":"Home","item":"https:\/\/betwinner.tips\/bj\/"},{"@type":"ListItem","position":2,"name":"Partenaire"}]},{"@type":"WebSite","@id":"https:\/\/betwinner.tips\/bj\/#website","url":"https:\/\/betwinner.tips\/bj\/","name":"Betwinner Tips bj","description":"My WordPress Blog","potentialAction":[{"@type":"SearchAction","target":{"@type":"EntryPoint","urlTemplate":"https:\/\/betwinner.tips\/bj\/?s={search_term_string}"},"query-input":{"@type":"PropertyValueSpecification","valueRequired":true,"valueName":"search_term_string"}}],"inLanguage":"fr-BJ"}]}},"_links":{"self":[{"href":"https:\/\/betwinner.tips\/bj\/wp-json\/wp\/v2\/pages\/303","targetHints":{"allow":["GET"]}}],"collection":[{"href":"https:\/\/betwinner.tips\/bj\/wp-json\/wp\/v2\/pages"}],"about":[{"href":"https:\/\/betwinner.tips\/bj\/wp-json\/wp\/v2\/types\/page"}],"author":[{"embeddable":true,"href":"https:\/\/betwinner.tips\/bj\/wp-json\/wp\/v2\/users\/1"}],"replies":[{"embeddable":true,"href":"https:\/\/betwinner.tips\/bj\/wp-json\/wp\/v2\/comments?post=303"}],"version-history":[{"count":9,"href":"https:\/\/betwinner.tips\/bj\/wp-json\/wp\/v2\/pages\/303\/revisions"}],"predecessor-version":[{"id":520,"href":"https:\/\/betwinner.tips\/bj\/wp-json\/wp\/v2\/pages\/303\/revisions\/520"}],"wp:attachment":[{"href":"https:\/\/betwinner.tips\/bj\/wp-json\/wp\/v2\/media?parent=303"}],"curies":[{"name":"wp","href":"https:\/\/api.w.org\/{rel}","templated":true}]}}