{"id":321,"date":"2024-10-31T16:54:54","date_gmt":"2024-10-31T16:54:54","guid":{"rendered":"https:\/\/betwinner.tips\/bj\/?page_id=321"},"modified":"2026-03-28T07:18:32","modified_gmt":"2026-03-28T07:18:32","slug":"app","status":"publish","type":"page","link":"https:\/\/betwinner.tips\/bj\/app\/","title":{"rendered":"Application"},"content":{"rendered":"","protected":false},"excerpt":{"rendered":"","protected":false},"author":1,"featured_media":0,"parent":0,"menu_order":0,"comment_status":"closed","ping_status":"closed","template":"","meta":{"footnotes":""},"class_list":["post-321","page","type-page","status-publish","hentry"],"yoast_head":"<!-- This site is optimized with the Yoast SEO plugin v25.6 - https:\/\/yoast.com\/wordpress\/plugins\/seo\/ -->\n<title>Betwinner B\u00e9nin App \u2014 T\u00e9l\u00e9charger Gratuit pour Android et iOS<\/title>\n<meta name=\"description\" content=\"D\u00e9couvrez l&#039;exp\u00e9rience de jeu ultime avec l&#039;application mobile SpinBetter ! Acc\u00e9dez \u00e0 vos jeux pr\u00e9f\u00e9r\u00e9s \u00e0 tout moment et o\u00f9 que vous soyez, et profitez d&#039;avantages exclusifs sur mobile.\" \/>\n<meta name=\"robots\" content=\"index, follow, max-snippet:-1, max-image-preview:large, max-video-preview:-1\" \/>\n<meta property=\"og:locale\" content=\"fr_FR\" \/>\n<meta property=\"og:type\" content=\"article\" \/>\n<meta property=\"og:title\" content=\"Betwinner B\u00e9nin App \u2014 T\u00e9l\u00e9charger Gratuit pour Android et iOS\" \/>\n<meta property=\"og:description\" content=\"D\u00e9couvrez l&#039;exp\u00e9rience de jeu ultime avec l&#039;application mobile SpinBetter ! Acc\u00e9dez \u00e0 vos jeux pr\u00e9f\u00e9r\u00e9s \u00e0 tout moment et o\u00f9 que vous soyez, et profitez d&#039;avantages exclusifs sur mobile.\" \/>\n<meta property=\"og:url\" content=\"https:\/\/betwinner.tips\/bj\/app\/\" \/>\n<meta property=\"og:site_name\" content=\"Betwinner Tips bj\" \/>\n<meta property=\"article:modified_time\" content=\"2026-03-28T07:18:32+00:00\" \/>\n<meta name=\"twitter:card\" content=\"summary_large_image\" \/>\n<script type=\"application\/ld+json\" class=\"yoast-schema-graph\">{\"@context\":\"https:\/\/schema.org\",\"@graph\":[{\"@type\":\"WebPage\",\"@id\":\"https:\/\/betwinner.tips\/bj\/app\/\",\"url\":\"https:\/\/betwinner.tips\/bj\/app\/\",\"name\":\"Betwinner B\u00e9nin App \u2014 T\u00e9l\u00e9charger Gratuit pour Android et iOS\",\"isPartOf\":{\"@id\":\"https:\/\/betwinner.tips\/bj\/#website\"},\"datePublished\":\"2024-10-31T16:54:54+00:00\",\"dateModified\":\"2026-03-28T07:18:32+00:00\",\"description\":\"D\u00e9couvrez l'exp\u00e9rience de jeu ultime avec l'application mobile SpinBetter ! Acc\u00e9dez \u00e0 vos jeux pr\u00e9f\u00e9r\u00e9s \u00e0 tout moment et o\u00f9 que vous soyez, et profitez d'avantages exclusifs sur mobile.\",\"breadcrumb\":{\"@id\":\"https:\/\/betwinner.tips\/bj\/app\/#breadcrumb\"},\"inLanguage\":\"fr-BJ\",\"potentialAction\":[{\"@type\":\"ReadAction\",\"target\":[\"https:\/\/betwinner.tips\/bj\/app\/\"]}]},{\"@type\":\"BreadcrumbList\",\"@id\":\"https:\/\/betwinner.tips\/bj\/app\/#breadcrumb\",\"itemListElement\":[{\"@type\":\"ListItem\",\"position\":1,\"name\":\"Home\",\"item\":\"https:\/\/betwinner.tips\/bj\/\"},{\"@type\":\"ListItem\",\"position\":2,\"name\":\"Application\"}]},{\"@type\":\"WebSite\",\"@id\":\"https:\/\/betwinner.tips\/bj\/#website\",\"url\":\"https:\/\/betwinner.tips\/bj\/\",\"name\":\"Betwinner Tips bj\",\"description\":\"My WordPress Blog\",\"potentialAction\":[{\"@type\":\"SearchAction\",\"target\":{\"@type\":\"EntryPoint\",\"urlTemplate\":\"https:\/\/betwinner.tips\/bj\/?s={search_term_string}\"},\"query-input\":{\"@type\":\"PropertyValueSpecification\",\"valueRequired\":true,\"valueName\":\"search_term_string\"}}],\"inLanguage\":\"fr-BJ\"}]}<\/script>\n<!-- \/ Yoast SEO plugin. -->","yoast_head_json":{"title":"Betwinner B\u00e9nin App \u2014 T\u00e9l\u00e9charger Gratuit pour Android et iOS","description":"D\u00e9couvrez l'exp\u00e9rience de jeu ultime avec l'application mobile SpinBetter ! Acc\u00e9dez \u00e0 vos jeux pr\u00e9f\u00e9r\u00e9s \u00e0 tout moment et o\u00f9 que vous soyez, et profitez d'avantages exclusifs sur mobile.","robots":{"index":"index","follow":"follow","max-snippet":"max-snippet:-1","max-image-preview":"max-image-preview:large","max-video-preview":"max-video-preview:-1"},"og_locale":"fr_FR","og_type":"article","og_title":"Betwinner B\u00e9nin App \u2014 T\u00e9l\u00e9charger Gratuit pour Android et iOS","og_description":"D\u00e9couvrez l'exp\u00e9rience de jeu ultime avec l'application mobile SpinBetter ! Acc\u00e9dez \u00e0 vos jeux pr\u00e9f\u00e9r\u00e9s \u00e0 tout moment et o\u00f9 que vous soyez, et profitez d'avantages exclusifs sur mobile.","og_url":"https:\/\/betwinner.tips\/bj\/app\/","og_site_name":"Betwinner Tips bj","article_modified_time":"2026-03-28T07:18:32+00:00","twitter_card":"summary_large_image","schema":{"@context":"https:\/\/schema.org","@graph":[{"@type":"WebPage","@id":"https:\/\/betwinner.tips\/bj\/app\/","url":"https:\/\/betwinner.tips\/bj\/app\/","name":"Betwinner B\u00e9nin App \u2014 T\u00e9l\u00e9charger Gratuit pour Android et iOS","isPartOf":{"@id":"https:\/\/betwinner.tips\/bj\/#website"},"datePublished":"2024-10-31T16:54:54+00:00","dateModified":"2026-03-28T07:18:32+00:00","description":"D\u00e9couvrez l'exp\u00e9rience de jeu ultime avec l'application mobile SpinBetter ! Acc\u00e9dez \u00e0 vos jeux pr\u00e9f\u00e9r\u00e9s \u00e0 tout moment et o\u00f9 que vous soyez, et profitez d'avantages exclusifs sur mobile.","breadcrumb":{"@id":"https:\/\/betwinner.tips\/bj\/app\/#breadcrumb"},"inLanguage":"fr-BJ","potentialAction":[{"@type":"ReadAction","target":["https:\/\/betwinner.tips\/bj\/app\/"]}]},{"@type":"BreadcrumbList","@id":"https:\/\/betwinner.tips\/bj\/app\/#breadcrumb","itemListElement":[{"@type":"ListItem","position":1,"name":"Home","item":"https:\/\/betwinner.tips\/bj\/"},{"@type":"ListItem","position":2,"name":"Application"}]},{"@type":"WebSite","@id":"https:\/\/betwinner.tips\/bj\/#website","url":"https:\/\/betwinner.tips\/bj\/","name":"Betwinner Tips bj","description":"My WordPress Blog","potentialAction":[{"@type":"SearchAction","target":{"@type":"EntryPoint","urlTemplate":"https:\/\/betwinner.tips\/bj\/?s={search_term_string}"},"query-input":{"@type":"PropertyValueSpecification","valueRequired":true,"valueName":"search_term_string"}}],"inLanguage":"fr-BJ"}]}},"_links":{"self":[{"href":"https:\/\/betwinner.tips\/bj\/wp-json\/wp\/v2\/pages\/321","targetHints":{"allow":["GET"]}}],"collection":[{"href":"https:\/\/betwinner.tips\/bj\/wp-json\/wp\/v2\/pages"}],"about":[{"href":"https:\/\/betwinner.tips\/bj\/wp-json\/wp\/v2\/types\/page"}],"author":[{"embeddable":true,"href":"https:\/\/betwinner.tips\/bj\/wp-json\/wp\/v2\/users\/1"}],"replies":[{"embeddable":true,"href":"https:\/\/betwinner.tips\/bj\/wp-json\/wp\/v2\/comments?post=321"}],"version-history":[{"count":6,"href":"https:\/\/betwinner.tips\/bj\/wp-json\/wp\/v2\/pages\/321\/revisions"}],"predecessor-version":[{"id":504,"href":"https:\/\/betwinner.tips\/bj\/wp-json\/wp\/v2\/pages\/321\/revisions\/504"}],"wp:attachment":[{"href":"https:\/\/betwinner.tips\/bj\/wp-json\/wp\/v2\/media?parent=321"}],"curies":[{"name":"wp","href":"https:\/\/api.w.org\/{rel}","templated":true}]}}