{"id":273,"date":"2024-10-30T08:26:29","date_gmt":"2024-10-30T08:26:29","guid":{"rendered":"https:\/\/betwinner.tips\/ci\/?page_id=273"},"modified":"2024-11-21T18:38:55","modified_gmt":"2024-11-21T18:38:55","slug":"registration","status":"publish","type":"page","link":"https:\/\/betwinner.tips\/ci\/registration\/","title":{"rendered":"Inscription"},"content":{"rendered":"","protected":false},"excerpt":{"rendered":"","protected":false},"author":1,"featured_media":0,"parent":0,"menu_order":0,"comment_status":"closed","ping_status":"closed","template":"","meta":{"footnotes":""},"class_list":["post-273","page","type-page","status-publish","hentry"],"yoast_head":"<!-- This site is optimized with the Yoast SEO plugin v25.6 - https:\/\/yoast.com\/wordpress\/plugins\/seo\/ -->\n<title>Enregistrement Betwinner \ud83d\udd39 Cr\u00e9ez votre compte aujourd&#039;hui<\/title>\n<meta name=\"description\" content=\"Inscrivez-vous \u00e0 Betwinner C\u00f4te d&#039;Ivoire et lib\u00e9rez votre potentiel de pari. Consultez notre guide pour un processus d&#039;inscription sans probl\u00e8me ! Rejoignez le plaisir de parier avec Betwinner!\" \/>\n<meta name=\"robots\" content=\"index, follow, max-snippet:-1, max-image-preview:large, max-video-preview:-1\" \/>\n<meta property=\"og:locale\" content=\"fr_FR\" \/>\n<meta property=\"og:type\" content=\"article\" \/>\n<meta property=\"og:title\" content=\"Enregistrement Betwinner \ud83d\udd39 Cr\u00e9ez votre compte aujourd&#039;hui\" \/>\n<meta property=\"og:description\" content=\"Inscrivez-vous \u00e0 Betwinner C\u00f4te d&#039;Ivoire et lib\u00e9rez votre potentiel de pari. Consultez notre guide pour un processus d&#039;inscription sans probl\u00e8me ! Rejoignez le plaisir de parier avec Betwinner!\" \/>\n<meta property=\"og:url\" content=\"https:\/\/betwinner.tips\/ci\/registration\/\" \/>\n<meta property=\"og:site_name\" content=\"Betwinner Tips ci\" \/>\n<meta property=\"article:modified_time\" content=\"2024-11-21T18:38:55+00:00\" \/>\n<meta name=\"twitter:card\" content=\"summary_large_image\" \/>\n<script type=\"application\/ld+json\" class=\"yoast-schema-graph\">{\"@context\":\"https:\/\/schema.org\",\"@graph\":[{\"@type\":\"WebPage\",\"@id\":\"https:\/\/betwinner.tips\/ci\/registration\/\",\"url\":\"https:\/\/betwinner.tips\/ci\/registration\/\",\"name\":\"Enregistrement Betwinner \ud83d\udd39 Cr\u00e9ez votre compte aujourd'hui\",\"isPartOf\":{\"@id\":\"https:\/\/betwinner.tips\/ci\/#website\"},\"datePublished\":\"2024-10-30T08:26:29+00:00\",\"dateModified\":\"2024-11-21T18:38:55+00:00\",\"description\":\"Inscrivez-vous \u00e0 Betwinner C\u00f4te d'Ivoire et lib\u00e9rez votre potentiel de pari. Consultez notre guide pour un processus d'inscription sans probl\u00e8me ! Rejoignez le plaisir de parier avec Betwinner!\",\"breadcrumb\":{\"@id\":\"https:\/\/betwinner.tips\/ci\/registration\/#breadcrumb\"},\"inLanguage\":\"fr-CI\",\"potentialAction\":[{\"@type\":\"ReadAction\",\"target\":[\"https:\/\/betwinner.tips\/ci\/registration\/\"]}]},{\"@type\":\"BreadcrumbList\",\"@id\":\"https:\/\/betwinner.tips\/ci\/registration\/#breadcrumb\",\"itemListElement\":[{\"@type\":\"ListItem\",\"position\":1,\"name\":\"Home\",\"item\":\"https:\/\/betwinner.tips\/ci\/\"},{\"@type\":\"ListItem\",\"position\":2,\"name\":\"Inscription\"}]},{\"@type\":\"WebSite\",\"@id\":\"https:\/\/betwinner.tips\/ci\/#website\",\"url\":\"https:\/\/betwinner.tips\/ci\/\",\"name\":\"Betwinner Tips ci\",\"description\":\"My WordPress Blog\",\"potentialAction\":[{\"@type\":\"SearchAction\",\"target\":{\"@type\":\"EntryPoint\",\"urlTemplate\":\"https:\/\/betwinner.tips\/ci\/?s={search_term_string}\"},\"query-input\":{\"@type\":\"PropertyValueSpecification\",\"valueRequired\":true,\"valueName\":\"search_term_string\"}}],\"inLanguage\":\"fr-CI\"}]}<\/script>\n<!-- \/ Yoast SEO plugin. -->","yoast_head_json":{"title":"Enregistrement Betwinner \ud83d\udd39 Cr\u00e9ez votre compte aujourd'hui","description":"Inscrivez-vous \u00e0 Betwinner C\u00f4te d'Ivoire et lib\u00e9rez votre potentiel de pari. Consultez notre guide pour un processus d'inscription sans probl\u00e8me ! Rejoignez le plaisir de parier avec Betwinner!","robots":{"index":"index","follow":"follow","max-snippet":"max-snippet:-1","max-image-preview":"max-image-preview:large","max-video-preview":"max-video-preview:-1"},"og_locale":"fr_FR","og_type":"article","og_title":"Enregistrement Betwinner \ud83d\udd39 Cr\u00e9ez votre compte aujourd'hui","og_description":"Inscrivez-vous \u00e0 Betwinner C\u00f4te d'Ivoire et lib\u00e9rez votre potentiel de pari. Consultez notre guide pour un processus d'inscription sans probl\u00e8me ! Rejoignez le plaisir de parier avec Betwinner!","og_url":"https:\/\/betwinner.tips\/ci\/registration\/","og_site_name":"Betwinner Tips ci","article_modified_time":"2024-11-21T18:38:55+00:00","twitter_card":"summary_large_image","schema":{"@context":"https:\/\/schema.org","@graph":[{"@type":"WebPage","@id":"https:\/\/betwinner.tips\/ci\/registration\/","url":"https:\/\/betwinner.tips\/ci\/registration\/","name":"Enregistrement Betwinner \ud83d\udd39 Cr\u00e9ez votre compte aujourd'hui","isPartOf":{"@id":"https:\/\/betwinner.tips\/ci\/#website"},"datePublished":"2024-10-30T08:26:29+00:00","dateModified":"2024-11-21T18:38:55+00:00","description":"Inscrivez-vous \u00e0 Betwinner C\u00f4te d'Ivoire et lib\u00e9rez votre potentiel de pari. Consultez notre guide pour un processus d'inscription sans probl\u00e8me ! Rejoignez le plaisir de parier avec Betwinner!","breadcrumb":{"@id":"https:\/\/betwinner.tips\/ci\/registration\/#breadcrumb"},"inLanguage":"fr-CI","potentialAction":[{"@type":"ReadAction","target":["https:\/\/betwinner.tips\/ci\/registration\/"]}]},{"@type":"BreadcrumbList","@id":"https:\/\/betwinner.tips\/ci\/registration\/#breadcrumb","itemListElement":[{"@type":"ListItem","position":1,"name":"Home","item":"https:\/\/betwinner.tips\/ci\/"},{"@type":"ListItem","position":2,"name":"Inscription"}]},{"@type":"WebSite","@id":"https:\/\/betwinner.tips\/ci\/#website","url":"https:\/\/betwinner.tips\/ci\/","name":"Betwinner Tips ci","description":"My WordPress Blog","potentialAction":[{"@type":"SearchAction","target":{"@type":"EntryPoint","urlTemplate":"https:\/\/betwinner.tips\/ci\/?s={search_term_string}"},"query-input":{"@type":"PropertyValueSpecification","valueRequired":true,"valueName":"search_term_string"}}],"inLanguage":"fr-CI"}]}},"_links":{"self":[{"href":"https:\/\/betwinner.tips\/ci\/wp-json\/wp\/v2\/pages\/273","targetHints":{"allow":["GET"]}}],"collection":[{"href":"https:\/\/betwinner.tips\/ci\/wp-json\/wp\/v2\/pages"}],"about":[{"href":"https:\/\/betwinner.tips\/ci\/wp-json\/wp\/v2\/types\/page"}],"author":[{"embeddable":true,"href":"https:\/\/betwinner.tips\/ci\/wp-json\/wp\/v2\/users\/1"}],"replies":[{"embeddable":true,"href":"https:\/\/betwinner.tips\/ci\/wp-json\/wp\/v2\/comments?post=273"}],"version-history":[{"count":8,"href":"https:\/\/betwinner.tips\/ci\/wp-json\/wp\/v2\/pages\/273\/revisions"}],"predecessor-version":[{"id":415,"href":"https:\/\/betwinner.tips\/ci\/wp-json\/wp\/v2\/pages\/273\/revisions\/415"}],"wp:attachment":[{"href":"https:\/\/betwinner.tips\/ci\/wp-json\/wp\/v2\/media?parent=273"}],"curies":[{"name":"wp","href":"https:\/\/api.w.org\/{rel}","templated":true}]}}