{"id":303,"date":"2024-10-31T15:11:26","date_gmt":"2024-10-31T15:11:26","guid":{"rendered":"https:\/\/betwinner.tips\/ci\/?page_id=303"},"modified":"2024-11-21T18:48:50","modified_gmt":"2024-11-21T18:48:50","slug":"affiliate","status":"publish","type":"page","link":"https:\/\/betwinner.tips\/ci\/affiliate\/","title":{"rendered":"Affiliation"},"content":{"rendered":"","protected":false},"excerpt":{"rendered":"","protected":false},"author":1,"featured_media":0,"parent":0,"menu_order":0,"comment_status":"closed","ping_status":"closed","template":"","meta":{"footnotes":""},"class_list":["post-303","page","type-page","status-publish","hentry"],"yoast_head":"<!-- This site is optimized with the Yoast SEO plugin v25.6 - https:\/\/yoast.com\/wordpress\/plugins\/seo\/ -->\n<title>Partenaires Betwinner \u2611\ufe0f Votre chemin vers le succ\u00e8s avec le programme d&#039;affiliation<\/title>\n<meta name=\"description\" content=\"Rejoignez le programme d&#039;affiliation officiel de Betwinner C\u00f4te d&#039;Ivoire et commencez \u00e0 gagner de juteuses commissions sur chaque joueur que vous parrainez ! Ne manquez pas cette opportunit\u00e9 d&#039;augmenter vos revenus !\" \/>\n<meta name=\"robots\" content=\"index, follow, max-snippet:-1, max-image-preview:large, max-video-preview:-1\" \/>\n<meta property=\"og:locale\" content=\"fr_FR\" \/>\n<meta property=\"og:type\" content=\"article\" \/>\n<meta property=\"og:title\" content=\"Partenaires Betwinner \u2611\ufe0f Votre chemin vers le succ\u00e8s avec le programme d&#039;affiliation\" \/>\n<meta property=\"og:description\" content=\"Rejoignez le programme d&#039;affiliation officiel de Betwinner C\u00f4te d&#039;Ivoire et commencez \u00e0 gagner de juteuses commissions sur chaque joueur que vous parrainez ! Ne manquez pas cette opportunit\u00e9 d&#039;augmenter vos revenus !\" \/>\n<meta property=\"og:url\" content=\"https:\/\/betwinner.tips\/ci\/affiliate\/\" \/>\n<meta property=\"og:site_name\" content=\"Betwinner Tips ci\" \/>\n<meta property=\"article:modified_time\" content=\"2024-11-21T18:48:50+00:00\" \/>\n<meta name=\"twitter:card\" content=\"summary_large_image\" \/>\n<script type=\"application\/ld+json\" class=\"yoast-schema-graph\">{\"@context\":\"https:\/\/schema.org\",\"@graph\":[{\"@type\":\"WebPage\",\"@id\":\"https:\/\/betwinner.tips\/ci\/affiliate\/\",\"url\":\"https:\/\/betwinner.tips\/ci\/affiliate\/\",\"name\":\"Partenaires Betwinner \u2611\ufe0f Votre chemin vers le succ\u00e8s avec le programme d'affiliation\",\"isPartOf\":{\"@id\":\"https:\/\/betwinner.tips\/ci\/#website\"},\"datePublished\":\"2024-10-31T15:11:26+00:00\",\"dateModified\":\"2024-11-21T18:48:50+00:00\",\"description\":\"Rejoignez le programme d'affiliation officiel de Betwinner C\u00f4te d'Ivoire et commencez \u00e0 gagner de juteuses commissions sur chaque joueur que vous parrainez ! Ne manquez pas cette opportunit\u00e9 d'augmenter vos revenus !\",\"breadcrumb\":{\"@id\":\"https:\/\/betwinner.tips\/ci\/affiliate\/#breadcrumb\"},\"inLanguage\":\"fr-CI\",\"potentialAction\":[{\"@type\":\"ReadAction\",\"target\":[\"https:\/\/betwinner.tips\/ci\/affiliate\/\"]}]},{\"@type\":\"BreadcrumbList\",\"@id\":\"https:\/\/betwinner.tips\/ci\/affiliate\/#breadcrumb\",\"itemListElement\":[{\"@type\":\"ListItem\",\"position\":1,\"name\":\"Home\",\"item\":\"https:\/\/betwinner.tips\/ci\/\"},{\"@type\":\"ListItem\",\"position\":2,\"name\":\"Affiliation\"}]},{\"@type\":\"WebSite\",\"@id\":\"https:\/\/betwinner.tips\/ci\/#website\",\"url\":\"https:\/\/betwinner.tips\/ci\/\",\"name\":\"Betwinner Tips ci\",\"description\":\"My WordPress Blog\",\"potentialAction\":[{\"@type\":\"SearchAction\",\"target\":{\"@type\":\"EntryPoint\",\"urlTemplate\":\"https:\/\/betwinner.tips\/ci\/?s={search_term_string}\"},\"query-input\":{\"@type\":\"PropertyValueSpecification\",\"valueRequired\":true,\"valueName\":\"search_term_string\"}}],\"inLanguage\":\"fr-CI\"}]}<\/script>\n<!-- \/ Yoast SEO plugin. -->","yoast_head_json":{"title":"Partenaires Betwinner \u2611\ufe0f Votre chemin vers le succ\u00e8s avec le programme d'affiliation","description":"Rejoignez le programme d'affiliation officiel de Betwinner C\u00f4te d'Ivoire et commencez \u00e0 gagner de juteuses commissions sur chaque joueur que vous parrainez ! Ne manquez pas cette opportunit\u00e9 d'augmenter vos revenus !","robots":{"index":"index","follow":"follow","max-snippet":"max-snippet:-1","max-image-preview":"max-image-preview:large","max-video-preview":"max-video-preview:-1"},"og_locale":"fr_FR","og_type":"article","og_title":"Partenaires Betwinner \u2611\ufe0f Votre chemin vers le succ\u00e8s avec le programme d'affiliation","og_description":"Rejoignez le programme d'affiliation officiel de Betwinner C\u00f4te d'Ivoire et commencez \u00e0 gagner de juteuses commissions sur chaque joueur que vous parrainez ! Ne manquez pas cette opportunit\u00e9 d'augmenter vos revenus !","og_url":"https:\/\/betwinner.tips\/ci\/affiliate\/","og_site_name":"Betwinner Tips ci","article_modified_time":"2024-11-21T18:48:50+00:00","twitter_card":"summary_large_image","schema":{"@context":"https:\/\/schema.org","@graph":[{"@type":"WebPage","@id":"https:\/\/betwinner.tips\/ci\/affiliate\/","url":"https:\/\/betwinner.tips\/ci\/affiliate\/","name":"Partenaires Betwinner \u2611\ufe0f Votre chemin vers le succ\u00e8s avec le programme d'affiliation","isPartOf":{"@id":"https:\/\/betwinner.tips\/ci\/#website"},"datePublished":"2024-10-31T15:11:26+00:00","dateModified":"2024-11-21T18:48:50+00:00","description":"Rejoignez le programme d'affiliation officiel de Betwinner C\u00f4te d'Ivoire et commencez \u00e0 gagner de juteuses commissions sur chaque joueur que vous parrainez ! Ne manquez pas cette opportunit\u00e9 d'augmenter vos revenus !","breadcrumb":{"@id":"https:\/\/betwinner.tips\/ci\/affiliate\/#breadcrumb"},"inLanguage":"fr-CI","potentialAction":[{"@type":"ReadAction","target":["https:\/\/betwinner.tips\/ci\/affiliate\/"]}]},{"@type":"BreadcrumbList","@id":"https:\/\/betwinner.tips\/ci\/affiliate\/#breadcrumb","itemListElement":[{"@type":"ListItem","position":1,"name":"Home","item":"https:\/\/betwinner.tips\/ci\/"},{"@type":"ListItem","position":2,"name":"Affiliation"}]},{"@type":"WebSite","@id":"https:\/\/betwinner.tips\/ci\/#website","url":"https:\/\/betwinner.tips\/ci\/","name":"Betwinner Tips ci","description":"My WordPress Blog","potentialAction":[{"@type":"SearchAction","target":{"@type":"EntryPoint","urlTemplate":"https:\/\/betwinner.tips\/ci\/?s={search_term_string}"},"query-input":{"@type":"PropertyValueSpecification","valueRequired":true,"valueName":"search_term_string"}}],"inLanguage":"fr-CI"}]}},"_links":{"self":[{"href":"https:\/\/betwinner.tips\/ci\/wp-json\/wp\/v2\/pages\/303","targetHints":{"allow":["GET"]}}],"collection":[{"href":"https:\/\/betwinner.tips\/ci\/wp-json\/wp\/v2\/pages"}],"about":[{"href":"https:\/\/betwinner.tips\/ci\/wp-json\/wp\/v2\/types\/page"}],"author":[{"embeddable":true,"href":"https:\/\/betwinner.tips\/ci\/wp-json\/wp\/v2\/users\/1"}],"replies":[{"embeddable":true,"href":"https:\/\/betwinner.tips\/ci\/wp-json\/wp\/v2\/comments?post=303"}],"version-history":[{"count":11,"href":"https:\/\/betwinner.tips\/ci\/wp-json\/wp\/v2\/pages\/303\/revisions"}],"predecessor-version":[{"id":416,"href":"https:\/\/betwinner.tips\/ci\/wp-json\/wp\/v2\/pages\/303\/revisions\/416"}],"wp:attachment":[{"href":"https:\/\/betwinner.tips\/ci\/wp-json\/wp\/v2\/media?parent=303"}],"curies":[{"name":"wp","href":"https:\/\/api.w.org\/{rel}","templated":true}]}}