{"id":321,"date":"2024-10-31T16:54:54","date_gmt":"2024-10-31T16:54:54","guid":{"rendered":"https:\/\/betwinner.tips\/ci\/?page_id=321"},"modified":"2024-11-21T18:30:50","modified_gmt":"2024-11-21T18:30:50","slug":"app","status":"publish","type":"page","link":"https:\/\/betwinner.tips\/ci\/app\/","title":{"rendered":"Application"},"content":{"rendered":"","protected":false},"excerpt":{"rendered":"","protected":false},"author":1,"featured_media":0,"parent":0,"menu_order":0,"comment_status":"closed","ping_status":"closed","template":"","meta":{"footnotes":""},"class_list":["post-321","page","type-page","status-publish","hentry"],"yoast_head":"<!-- This site is optimized with the Yoast SEO plugin v25.6 - https:\/\/yoast.com\/wordpress\/plugins\/seo\/ -->\n<title>Application Betwinner \u2705 T\u00e9l\u00e9charger gratuitement pour Android et iOS<\/title>\n<meta name=\"description\" content=\"D\u00e9bloquez l&#039;exp\u00e9rience de jeu ultime avec l&#039;application mobile SpinBetter ! Acc\u00e9dez \u00e0 vos divertissements pr\u00e9f\u00e9r\u00e9s \u00e0 tout moment, o\u00f9 que vous soyez, et profitez d&#039;avantages mobiles exclusifs.\" \/>\n<meta name=\"robots\" content=\"index, follow, max-snippet:-1, max-image-preview:large, max-video-preview:-1\" \/>\n<meta property=\"og:locale\" content=\"fr_FR\" \/>\n<meta property=\"og:type\" content=\"article\" \/>\n<meta property=\"og:title\" content=\"Application Betwinner \u2705 T\u00e9l\u00e9charger gratuitement pour Android et iOS\" \/>\n<meta property=\"og:description\" content=\"D\u00e9bloquez l&#039;exp\u00e9rience de jeu ultime avec l&#039;application mobile SpinBetter ! Acc\u00e9dez \u00e0 vos divertissements pr\u00e9f\u00e9r\u00e9s \u00e0 tout moment, o\u00f9 que vous soyez, et profitez d&#039;avantages mobiles exclusifs.\" \/>\n<meta property=\"og:url\" content=\"https:\/\/betwinner.tips\/ci\/app\/\" \/>\n<meta property=\"og:site_name\" content=\"Betwinner Tips ci\" \/>\n<meta property=\"article:modified_time\" content=\"2024-11-21T18:30:50+00:00\" \/>\n<meta name=\"twitter:card\" content=\"summary_large_image\" \/>\n<script type=\"application\/ld+json\" class=\"yoast-schema-graph\">{\"@context\":\"https:\/\/schema.org\",\"@graph\":[{\"@type\":\"WebPage\",\"@id\":\"https:\/\/betwinner.tips\/ci\/app\/\",\"url\":\"https:\/\/betwinner.tips\/ci\/app\/\",\"name\":\"Application Betwinner \u2705 T\u00e9l\u00e9charger gratuitement pour Android et iOS\",\"isPartOf\":{\"@id\":\"https:\/\/betwinner.tips\/ci\/#website\"},\"datePublished\":\"2024-10-31T16:54:54+00:00\",\"dateModified\":\"2024-11-21T18:30:50+00:00\",\"description\":\"D\u00e9bloquez l'exp\u00e9rience de jeu ultime avec l'application mobile SpinBetter ! Acc\u00e9dez \u00e0 vos divertissements pr\u00e9f\u00e9r\u00e9s \u00e0 tout moment, o\u00f9 que vous soyez, et profitez d'avantages mobiles exclusifs.\",\"breadcrumb\":{\"@id\":\"https:\/\/betwinner.tips\/ci\/app\/#breadcrumb\"},\"inLanguage\":\"fr-CI\",\"potentialAction\":[{\"@type\":\"ReadAction\",\"target\":[\"https:\/\/betwinner.tips\/ci\/app\/\"]}]},{\"@type\":\"BreadcrumbList\",\"@id\":\"https:\/\/betwinner.tips\/ci\/app\/#breadcrumb\",\"itemListElement\":[{\"@type\":\"ListItem\",\"position\":1,\"name\":\"Home\",\"item\":\"https:\/\/betwinner.tips\/ci\/\"},{\"@type\":\"ListItem\",\"position\":2,\"name\":\"Application\"}]},{\"@type\":\"WebSite\",\"@id\":\"https:\/\/betwinner.tips\/ci\/#website\",\"url\":\"https:\/\/betwinner.tips\/ci\/\",\"name\":\"Betwinner Tips ci\",\"description\":\"My WordPress Blog\",\"potentialAction\":[{\"@type\":\"SearchAction\",\"target\":{\"@type\":\"EntryPoint\",\"urlTemplate\":\"https:\/\/betwinner.tips\/ci\/?s={search_term_string}\"},\"query-input\":{\"@type\":\"PropertyValueSpecification\",\"valueRequired\":true,\"valueName\":\"search_term_string\"}}],\"inLanguage\":\"fr-CI\"}]}<\/script>\n<!-- \/ Yoast SEO plugin. -->","yoast_head_json":{"title":"Application Betwinner \u2705 T\u00e9l\u00e9charger gratuitement pour Android et iOS","description":"D\u00e9bloquez l'exp\u00e9rience de jeu ultime avec l'application mobile SpinBetter ! Acc\u00e9dez \u00e0 vos divertissements pr\u00e9f\u00e9r\u00e9s \u00e0 tout moment, o\u00f9 que vous soyez, et profitez d'avantages mobiles exclusifs.","robots":{"index":"index","follow":"follow","max-snippet":"max-snippet:-1","max-image-preview":"max-image-preview:large","max-video-preview":"max-video-preview:-1"},"og_locale":"fr_FR","og_type":"article","og_title":"Application Betwinner \u2705 T\u00e9l\u00e9charger gratuitement pour Android et iOS","og_description":"D\u00e9bloquez l'exp\u00e9rience de jeu ultime avec l'application mobile SpinBetter ! Acc\u00e9dez \u00e0 vos divertissements pr\u00e9f\u00e9r\u00e9s \u00e0 tout moment, o\u00f9 que vous soyez, et profitez d'avantages mobiles exclusifs.","og_url":"https:\/\/betwinner.tips\/ci\/app\/","og_site_name":"Betwinner Tips ci","article_modified_time":"2024-11-21T18:30:50+00:00","twitter_card":"summary_large_image","schema":{"@context":"https:\/\/schema.org","@graph":[{"@type":"WebPage","@id":"https:\/\/betwinner.tips\/ci\/app\/","url":"https:\/\/betwinner.tips\/ci\/app\/","name":"Application Betwinner \u2705 T\u00e9l\u00e9charger gratuitement pour Android et iOS","isPartOf":{"@id":"https:\/\/betwinner.tips\/ci\/#website"},"datePublished":"2024-10-31T16:54:54+00:00","dateModified":"2024-11-21T18:30:50+00:00","description":"D\u00e9bloquez l'exp\u00e9rience de jeu ultime avec l'application mobile SpinBetter ! Acc\u00e9dez \u00e0 vos divertissements pr\u00e9f\u00e9r\u00e9s \u00e0 tout moment, o\u00f9 que vous soyez, et profitez d'avantages mobiles exclusifs.","breadcrumb":{"@id":"https:\/\/betwinner.tips\/ci\/app\/#breadcrumb"},"inLanguage":"fr-CI","potentialAction":[{"@type":"ReadAction","target":["https:\/\/betwinner.tips\/ci\/app\/"]}]},{"@type":"BreadcrumbList","@id":"https:\/\/betwinner.tips\/ci\/app\/#breadcrumb","itemListElement":[{"@type":"ListItem","position":1,"name":"Home","item":"https:\/\/betwinner.tips\/ci\/"},{"@type":"ListItem","position":2,"name":"Application"}]},{"@type":"WebSite","@id":"https:\/\/betwinner.tips\/ci\/#website","url":"https:\/\/betwinner.tips\/ci\/","name":"Betwinner Tips ci","description":"My WordPress Blog","potentialAction":[{"@type":"SearchAction","target":{"@type":"EntryPoint","urlTemplate":"https:\/\/betwinner.tips\/ci\/?s={search_term_string}"},"query-input":{"@type":"PropertyValueSpecification","valueRequired":true,"valueName":"search_term_string"}}],"inLanguage":"fr-CI"}]}},"_links":{"self":[{"href":"https:\/\/betwinner.tips\/ci\/wp-json\/wp\/v2\/pages\/321","targetHints":{"allow":["GET"]}}],"collection":[{"href":"https:\/\/betwinner.tips\/ci\/wp-json\/wp\/v2\/pages"}],"about":[{"href":"https:\/\/betwinner.tips\/ci\/wp-json\/wp\/v2\/types\/page"}],"author":[{"embeddable":true,"href":"https:\/\/betwinner.tips\/ci\/wp-json\/wp\/v2\/users\/1"}],"replies":[{"embeddable":true,"href":"https:\/\/betwinner.tips\/ci\/wp-json\/wp\/v2\/comments?post=321"}],"version-history":[{"count":8,"href":"https:\/\/betwinner.tips\/ci\/wp-json\/wp\/v2\/pages\/321\/revisions"}],"predecessor-version":[{"id":413,"href":"https:\/\/betwinner.tips\/ci\/wp-json\/wp\/v2\/pages\/321\/revisions\/413"}],"wp:attachment":[{"href":"https:\/\/betwinner.tips\/ci\/wp-json\/wp\/v2\/media?parent=321"}],"curies":[{"name":"wp","href":"https:\/\/api.w.org\/{rel}","templated":true}]}}