{"id":220,"date":"2024-10-17T06:13:26","date_gmt":"2024-10-17T06:13:26","guid":{"rendered":"https:\/\/betwinner.tips\/cm\/?page_id=220"},"modified":"2024-11-04T18:54:24","modified_gmt":"2024-11-04T18:54:24","slug":"promo-code","status":"publish","type":"page","link":"https:\/\/betwinner.tips\/cm\/promo-code\/","title":{"rendered":"Code promo"},"content":{"rendered":"","protected":false},"excerpt":{"rendered":"","protected":false},"author":1,"featured_media":0,"parent":0,"menu_order":0,"comment_status":"closed","ping_status":"closed","template":"","meta":{"footnotes":""},"class_list":["post-220","page","type-page","status-publish","hentry"],"yoast_head":"<!-- This site is optimized with the Yoast SEO plugin v25.6 - https:\/\/yoast.com\/wordpress\/plugins\/seo\/ -->\n<title>Code promo Betwinner: Maximisez vos bonus d\u00e8s aujourd&#039;hui<\/title>\n<meta name=\"description\" content=\"Obtenez votre code promo Betwinner Cameroun exclusif et d\u00e9bloquez des bonus imbattables qui am\u00e9liorent votre exp\u00e9rience de pari. Ne ratez pas cette occasion - profitez-en d\u00e8s aujourd&#039;hui !\" \/>\n<meta name=\"robots\" content=\"index, follow, max-snippet:-1, max-image-preview:large, max-video-preview:-1\" \/>\n<meta property=\"og:locale\" content=\"fr_FR\" \/>\n<meta property=\"og:type\" content=\"article\" \/>\n<meta property=\"og:title\" content=\"Code promo Betwinner: Maximisez vos bonus d\u00e8s aujourd&#039;hui\" \/>\n<meta property=\"og:description\" content=\"Obtenez votre code promo Betwinner Cameroun exclusif et d\u00e9bloquez des bonus imbattables qui am\u00e9liorent votre exp\u00e9rience de pari. Ne ratez pas cette occasion - profitez-en d\u00e8s aujourd&#039;hui !\" \/>\n<meta property=\"og:url\" content=\"https:\/\/betwinner.tips\/cm\/promo-code\/\" \/>\n<meta property=\"og:site_name\" content=\"Betwinner Tips cm\" \/>\n<meta property=\"article:modified_time\" content=\"2024-11-04T18:54:24+00:00\" \/>\n<meta name=\"twitter:card\" content=\"summary_large_image\" \/>\n<script type=\"application\/ld+json\" class=\"yoast-schema-graph\">{\"@context\":\"https:\/\/schema.org\",\"@graph\":[{\"@type\":\"WebPage\",\"@id\":\"https:\/\/betwinner.tips\/cm\/promo-code\/\",\"url\":\"https:\/\/betwinner.tips\/cm\/promo-code\/\",\"name\":\"Code promo Betwinner: Maximisez vos bonus d\u00e8s aujourd'hui\",\"isPartOf\":{\"@id\":\"https:\/\/betwinner.tips\/cm\/#website\"},\"datePublished\":\"2024-10-17T06:13:26+00:00\",\"dateModified\":\"2024-11-04T18:54:24+00:00\",\"description\":\"Obtenez votre code promo Betwinner Cameroun exclusif et d\u00e9bloquez des bonus imbattables qui am\u00e9liorent votre exp\u00e9rience de pari. Ne ratez pas cette occasion - profitez-en d\u00e8s aujourd'hui !\",\"breadcrumb\":{\"@id\":\"https:\/\/betwinner.tips\/cm\/promo-code\/#breadcrumb\"},\"inLanguage\":\"fr-CM\",\"potentialAction\":[{\"@type\":\"ReadAction\",\"target\":[\"https:\/\/betwinner.tips\/cm\/promo-code\/\"]}]},{\"@type\":\"BreadcrumbList\",\"@id\":\"https:\/\/betwinner.tips\/cm\/promo-code\/#breadcrumb\",\"itemListElement\":[{\"@type\":\"ListItem\",\"position\":1,\"name\":\"Home\",\"item\":\"https:\/\/betwinner.tips\/cm\/\"},{\"@type\":\"ListItem\",\"position\":2,\"name\":\"Code promo\"}]},{\"@type\":\"WebSite\",\"@id\":\"https:\/\/betwinner.tips\/cm\/#website\",\"url\":\"https:\/\/betwinner.tips\/cm\/\",\"name\":\"Betwinner Tips cm\",\"description\":\"My WordPress Blog\",\"potentialAction\":[{\"@type\":\"SearchAction\",\"target\":{\"@type\":\"EntryPoint\",\"urlTemplate\":\"https:\/\/betwinner.tips\/cm\/?s={search_term_string}\"},\"query-input\":{\"@type\":\"PropertyValueSpecification\",\"valueRequired\":true,\"valueName\":\"search_term_string\"}}],\"inLanguage\":\"fr-CM\"}]}<\/script>\n<!-- \/ Yoast SEO plugin. -->","yoast_head_json":{"title":"Code promo Betwinner: Maximisez vos bonus d\u00e8s aujourd'hui","description":"Obtenez votre code promo Betwinner Cameroun exclusif et d\u00e9bloquez des bonus imbattables qui am\u00e9liorent votre exp\u00e9rience de pari. Ne ratez pas cette occasion - profitez-en d\u00e8s aujourd'hui !","robots":{"index":"index","follow":"follow","max-snippet":"max-snippet:-1","max-image-preview":"max-image-preview:large","max-video-preview":"max-video-preview:-1"},"og_locale":"fr_FR","og_type":"article","og_title":"Code promo Betwinner: Maximisez vos bonus d\u00e8s aujourd'hui","og_description":"Obtenez votre code promo Betwinner Cameroun exclusif et d\u00e9bloquez des bonus imbattables qui am\u00e9liorent votre exp\u00e9rience de pari. Ne ratez pas cette occasion - profitez-en d\u00e8s aujourd'hui !","og_url":"https:\/\/betwinner.tips\/cm\/promo-code\/","og_site_name":"Betwinner Tips cm","article_modified_time":"2024-11-04T18:54:24+00:00","twitter_card":"summary_large_image","schema":{"@context":"https:\/\/schema.org","@graph":[{"@type":"WebPage","@id":"https:\/\/betwinner.tips\/cm\/promo-code\/","url":"https:\/\/betwinner.tips\/cm\/promo-code\/","name":"Code promo Betwinner: Maximisez vos bonus d\u00e8s aujourd'hui","isPartOf":{"@id":"https:\/\/betwinner.tips\/cm\/#website"},"datePublished":"2024-10-17T06:13:26+00:00","dateModified":"2024-11-04T18:54:24+00:00","description":"Obtenez votre code promo Betwinner Cameroun exclusif et d\u00e9bloquez des bonus imbattables qui am\u00e9liorent votre exp\u00e9rience de pari. Ne ratez pas cette occasion - profitez-en d\u00e8s aujourd'hui !","breadcrumb":{"@id":"https:\/\/betwinner.tips\/cm\/promo-code\/#breadcrumb"},"inLanguage":"fr-CM","potentialAction":[{"@type":"ReadAction","target":["https:\/\/betwinner.tips\/cm\/promo-code\/"]}]},{"@type":"BreadcrumbList","@id":"https:\/\/betwinner.tips\/cm\/promo-code\/#breadcrumb","itemListElement":[{"@type":"ListItem","position":1,"name":"Home","item":"https:\/\/betwinner.tips\/cm\/"},{"@type":"ListItem","position":2,"name":"Code promo"}]},{"@type":"WebSite","@id":"https:\/\/betwinner.tips\/cm\/#website","url":"https:\/\/betwinner.tips\/cm\/","name":"Betwinner Tips cm","description":"My WordPress Blog","potentialAction":[{"@type":"SearchAction","target":{"@type":"EntryPoint","urlTemplate":"https:\/\/betwinner.tips\/cm\/?s={search_term_string}"},"query-input":{"@type":"PropertyValueSpecification","valueRequired":true,"valueName":"search_term_string"}}],"inLanguage":"fr-CM"}]}},"_links":{"self":[{"href":"https:\/\/betwinner.tips\/cm\/wp-json\/wp\/v2\/pages\/220","targetHints":{"allow":["GET"]}}],"collection":[{"href":"https:\/\/betwinner.tips\/cm\/wp-json\/wp\/v2\/pages"}],"about":[{"href":"https:\/\/betwinner.tips\/cm\/wp-json\/wp\/v2\/types\/page"}],"author":[{"embeddable":true,"href":"https:\/\/betwinner.tips\/cm\/wp-json\/wp\/v2\/users\/1"}],"replies":[{"embeddable":true,"href":"https:\/\/betwinner.tips\/cm\/wp-json\/wp\/v2\/comments?post=220"}],"version-history":[{"count":7,"href":"https:\/\/betwinner.tips\/cm\/wp-json\/wp\/v2\/pages\/220\/revisions"}],"predecessor-version":[{"id":391,"href":"https:\/\/betwinner.tips\/cm\/wp-json\/wp\/v2\/pages\/220\/revisions\/391"}],"wp:attachment":[{"href":"https:\/\/betwinner.tips\/cm\/wp-json\/wp\/v2\/media?parent=220"}],"curies":[{"name":"wp","href":"https:\/\/api.w.org\/{rel}","templated":true}]}}