{"id":253,"date":"2024-10-29T07:41:20","date_gmt":"2024-10-29T07:41:20","guid":{"rendered":"https:\/\/betwinner.tips\/cm\/?page_id=253"},"modified":"2024-11-04T12:22:45","modified_gmt":"2024-11-04T12:22:45","slug":"apk","status":"publish","type":"page","link":"https:\/\/betwinner.tips\/cm\/apk\/","title":{"rendered":"Apk"},"content":{"rendered":"","protected":false},"excerpt":{"rendered":"","protected":false},"author":1,"featured_media":0,"parent":0,"menu_order":0,"comment_status":"closed","ping_status":"closed","template":"","meta":{"footnotes":""},"class_list":["post-253","page","type-page","status-publish","hentry"],"yoast_head":"<!-- This site is optimized with the Yoast SEO plugin v25.6 - https:\/\/yoast.com\/wordpress\/plugins\/seo\/ -->\n<title>Betwinner Apk \u2b07\ufe0f T\u00e9l\u00e9charger l&#039;APK pour Android et iOS 2024<\/title>\n<meta name=\"description\" content=\"T\u00e9l\u00e9chargez et installez Betwinner Cameroun Apk sur votre appareil Android ou iOS avec notre guide pas \u00e0 pas. D\u00e9couvrez les paris et les jeux de casino sur mobile avec Betwinner Mobile Apk \u2b50 T\u00e9l\u00e9charger Betwinner Apk\" \/>\n<meta name=\"robots\" content=\"index, follow, max-snippet:-1, max-image-preview:large, max-video-preview:-1\" \/>\n<meta property=\"og:locale\" content=\"fr_FR\" \/>\n<meta property=\"og:type\" content=\"article\" \/>\n<meta property=\"og:title\" content=\"Betwinner Apk \u2b07\ufe0f T\u00e9l\u00e9charger l&#039;APK pour Android et iOS 2024\" \/>\n<meta property=\"og:description\" content=\"T\u00e9l\u00e9chargez et installez Betwinner Cameroun Apk sur votre appareil Android ou iOS avec notre guide pas \u00e0 pas. D\u00e9couvrez les paris et les jeux de casino sur mobile avec Betwinner Mobile Apk \u2b50 T\u00e9l\u00e9charger Betwinner Apk\" \/>\n<meta property=\"og:url\" content=\"https:\/\/betwinner.tips\/cm\/apk\/\" \/>\n<meta property=\"og:site_name\" content=\"Betwinner Tips cm\" \/>\n<meta property=\"article:modified_time\" content=\"2024-11-04T12:22:45+00:00\" \/>\n<meta name=\"twitter:card\" content=\"summary_large_image\" \/>\n<script type=\"application\/ld+json\" class=\"yoast-schema-graph\">{\"@context\":\"https:\/\/schema.org\",\"@graph\":[{\"@type\":\"WebPage\",\"@id\":\"https:\/\/betwinner.tips\/cm\/apk\/\",\"url\":\"https:\/\/betwinner.tips\/cm\/apk\/\",\"name\":\"Betwinner Apk \u2b07\ufe0f T\u00e9l\u00e9charger l'APK pour Android et iOS 2024\",\"isPartOf\":{\"@id\":\"https:\/\/betwinner.tips\/cm\/#website\"},\"datePublished\":\"2024-10-29T07:41:20+00:00\",\"dateModified\":\"2024-11-04T12:22:45+00:00\",\"description\":\"T\u00e9l\u00e9chargez et installez Betwinner Cameroun Apk sur votre appareil Android ou iOS avec notre guide pas \u00e0 pas. D\u00e9couvrez les paris et les jeux de casino sur mobile avec Betwinner Mobile Apk \u2b50 T\u00e9l\u00e9charger Betwinner Apk\",\"breadcrumb\":{\"@id\":\"https:\/\/betwinner.tips\/cm\/apk\/#breadcrumb\"},\"inLanguage\":\"fr-CM\",\"potentialAction\":[{\"@type\":\"ReadAction\",\"target\":[\"https:\/\/betwinner.tips\/cm\/apk\/\"]}]},{\"@type\":\"BreadcrumbList\",\"@id\":\"https:\/\/betwinner.tips\/cm\/apk\/#breadcrumb\",\"itemListElement\":[{\"@type\":\"ListItem\",\"position\":1,\"name\":\"Home\",\"item\":\"https:\/\/betwinner.tips\/cm\/\"},{\"@type\":\"ListItem\",\"position\":2,\"name\":\"Apk\"}]},{\"@type\":\"WebSite\",\"@id\":\"https:\/\/betwinner.tips\/cm\/#website\",\"url\":\"https:\/\/betwinner.tips\/cm\/\",\"name\":\"Betwinner Tips cm\",\"description\":\"My WordPress Blog\",\"potentialAction\":[{\"@type\":\"SearchAction\",\"target\":{\"@type\":\"EntryPoint\",\"urlTemplate\":\"https:\/\/betwinner.tips\/cm\/?s={search_term_string}\"},\"query-input\":{\"@type\":\"PropertyValueSpecification\",\"valueRequired\":true,\"valueName\":\"search_term_string\"}}],\"inLanguage\":\"fr-CM\"}]}<\/script>\n<!-- \/ Yoast SEO plugin. -->","yoast_head_json":{"title":"Betwinner Apk \u2b07\ufe0f T\u00e9l\u00e9charger l'APK pour Android et iOS 2024","description":"T\u00e9l\u00e9chargez et installez Betwinner Cameroun Apk sur votre appareil Android ou iOS avec notre guide pas \u00e0 pas. D\u00e9couvrez les paris et les jeux de casino sur mobile avec Betwinner Mobile Apk \u2b50 T\u00e9l\u00e9charger Betwinner Apk","robots":{"index":"index","follow":"follow","max-snippet":"max-snippet:-1","max-image-preview":"max-image-preview:large","max-video-preview":"max-video-preview:-1"},"og_locale":"fr_FR","og_type":"article","og_title":"Betwinner Apk \u2b07\ufe0f T\u00e9l\u00e9charger l'APK pour Android et iOS 2024","og_description":"T\u00e9l\u00e9chargez et installez Betwinner Cameroun Apk sur votre appareil Android ou iOS avec notre guide pas \u00e0 pas. D\u00e9couvrez les paris et les jeux de casino sur mobile avec Betwinner Mobile Apk \u2b50 T\u00e9l\u00e9charger Betwinner Apk","og_url":"https:\/\/betwinner.tips\/cm\/apk\/","og_site_name":"Betwinner Tips cm","article_modified_time":"2024-11-04T12:22:45+00:00","twitter_card":"summary_large_image","schema":{"@context":"https:\/\/schema.org","@graph":[{"@type":"WebPage","@id":"https:\/\/betwinner.tips\/cm\/apk\/","url":"https:\/\/betwinner.tips\/cm\/apk\/","name":"Betwinner Apk \u2b07\ufe0f T\u00e9l\u00e9charger l'APK pour Android et iOS 2024","isPartOf":{"@id":"https:\/\/betwinner.tips\/cm\/#website"},"datePublished":"2024-10-29T07:41:20+00:00","dateModified":"2024-11-04T12:22:45+00:00","description":"T\u00e9l\u00e9chargez et installez Betwinner Cameroun Apk sur votre appareil Android ou iOS avec notre guide pas \u00e0 pas. D\u00e9couvrez les paris et les jeux de casino sur mobile avec Betwinner Mobile Apk \u2b50 T\u00e9l\u00e9charger Betwinner Apk","breadcrumb":{"@id":"https:\/\/betwinner.tips\/cm\/apk\/#breadcrumb"},"inLanguage":"fr-CM","potentialAction":[{"@type":"ReadAction","target":["https:\/\/betwinner.tips\/cm\/apk\/"]}]},{"@type":"BreadcrumbList","@id":"https:\/\/betwinner.tips\/cm\/apk\/#breadcrumb","itemListElement":[{"@type":"ListItem","position":1,"name":"Home","item":"https:\/\/betwinner.tips\/cm\/"},{"@type":"ListItem","position":2,"name":"Apk"}]},{"@type":"WebSite","@id":"https:\/\/betwinner.tips\/cm\/#website","url":"https:\/\/betwinner.tips\/cm\/","name":"Betwinner Tips cm","description":"My WordPress Blog","potentialAction":[{"@type":"SearchAction","target":{"@type":"EntryPoint","urlTemplate":"https:\/\/betwinner.tips\/cm\/?s={search_term_string}"},"query-input":{"@type":"PropertyValueSpecification","valueRequired":true,"valueName":"search_term_string"}}],"inLanguage":"fr-CM"}]}},"_links":{"self":[{"href":"https:\/\/betwinner.tips\/cm\/wp-json\/wp\/v2\/pages\/253","targetHints":{"allow":["GET"]}}],"collection":[{"href":"https:\/\/betwinner.tips\/cm\/wp-json\/wp\/v2\/pages"}],"about":[{"href":"https:\/\/betwinner.tips\/cm\/wp-json\/wp\/v2\/types\/page"}],"author":[{"embeddable":true,"href":"https:\/\/betwinner.tips\/cm\/wp-json\/wp\/v2\/users\/1"}],"replies":[{"embeddable":true,"href":"https:\/\/betwinner.tips\/cm\/wp-json\/wp\/v2\/comments?post=253"}],"version-history":[{"count":6,"href":"https:\/\/betwinner.tips\/cm\/wp-json\/wp\/v2\/pages\/253\/revisions"}],"predecessor-version":[{"id":371,"href":"https:\/\/betwinner.tips\/cm\/wp-json\/wp\/v2\/pages\/253\/revisions\/371"}],"wp:attachment":[{"href":"https:\/\/betwinner.tips\/cm\/wp-json\/wp\/v2\/media?parent=253"}],"curies":[{"name":"wp","href":"https:\/\/api.w.org\/{rel}","templated":true}]}}