{"id":273,"date":"2024-10-30T08:26:29","date_gmt":"2024-10-30T08:26:29","guid":{"rendered":"https:\/\/betwinner.tips\/cm\/?page_id=273"},"modified":"2024-11-04T19:05:33","modified_gmt":"2024-11-04T19:05:33","slug":"registration","status":"publish","type":"page","link":"https:\/\/betwinner.tips\/cm\/registration\/","title":{"rendered":"Inscription"},"content":{"rendered":"","protected":false},"excerpt":{"rendered":"","protected":false},"author":1,"featured_media":0,"parent":0,"menu_order":0,"comment_status":"closed","ping_status":"closed","template":"","meta":{"footnotes":""},"class_list":["post-273","page","type-page","status-publish","hentry"],"yoast_head":"<!-- This site is optimized with the Yoast SEO plugin v25.6 - https:\/\/yoast.com\/wordpress\/plugins\/seo\/ -->\n<title>Enregistrement Betwinner \ud83d\udd39 Cr\u00e9ez votre compte aujourd&#039;hui<\/title>\n<meta name=\"description\" content=\"Inscrivez-vous \u00e0 Betwinner Cameroun et lib\u00e9rez votre potentiel de pari. Consultez notre guide pour un processus d&#039;inscription sans probl\u00e8me ! Rejoignez le plaisir de parier avec Betwinner!\" \/>\n<meta name=\"robots\" content=\"index, follow, max-snippet:-1, max-image-preview:large, max-video-preview:-1\" \/>\n<meta property=\"og:locale\" content=\"fr_FR\" \/>\n<meta property=\"og:type\" content=\"article\" \/>\n<meta property=\"og:title\" content=\"Enregistrement Betwinner \ud83d\udd39 Cr\u00e9ez votre compte aujourd&#039;hui\" \/>\n<meta property=\"og:description\" content=\"Inscrivez-vous \u00e0 Betwinner Cameroun et lib\u00e9rez votre potentiel de pari. Consultez notre guide pour un processus d&#039;inscription sans probl\u00e8me ! Rejoignez le plaisir de parier avec Betwinner!\" \/>\n<meta property=\"og:url\" content=\"https:\/\/betwinner.tips\/cm\/registration\/\" \/>\n<meta property=\"og:site_name\" content=\"Betwinner Tips cm\" \/>\n<meta property=\"article:modified_time\" content=\"2024-11-04T19:05:33+00:00\" \/>\n<meta name=\"twitter:card\" content=\"summary_large_image\" \/>\n<script type=\"application\/ld+json\" class=\"yoast-schema-graph\">{\"@context\":\"https:\/\/schema.org\",\"@graph\":[{\"@type\":\"WebPage\",\"@id\":\"https:\/\/betwinner.tips\/cm\/registration\/\",\"url\":\"https:\/\/betwinner.tips\/cm\/registration\/\",\"name\":\"Enregistrement Betwinner \ud83d\udd39 Cr\u00e9ez votre compte aujourd'hui\",\"isPartOf\":{\"@id\":\"https:\/\/betwinner.tips\/cm\/#website\"},\"datePublished\":\"2024-10-30T08:26:29+00:00\",\"dateModified\":\"2024-11-04T19:05:33+00:00\",\"description\":\"Inscrivez-vous \u00e0 Betwinner Cameroun et lib\u00e9rez votre potentiel de pari. Consultez notre guide pour un processus d'inscription sans probl\u00e8me ! Rejoignez le plaisir de parier avec Betwinner!\",\"breadcrumb\":{\"@id\":\"https:\/\/betwinner.tips\/cm\/registration\/#breadcrumb\"},\"inLanguage\":\"fr-CM\",\"potentialAction\":[{\"@type\":\"ReadAction\",\"target\":[\"https:\/\/betwinner.tips\/cm\/registration\/\"]}]},{\"@type\":\"BreadcrumbList\",\"@id\":\"https:\/\/betwinner.tips\/cm\/registration\/#breadcrumb\",\"itemListElement\":[{\"@type\":\"ListItem\",\"position\":1,\"name\":\"Home\",\"item\":\"https:\/\/betwinner.tips\/cm\/\"},{\"@type\":\"ListItem\",\"position\":2,\"name\":\"Inscription\"}]},{\"@type\":\"WebSite\",\"@id\":\"https:\/\/betwinner.tips\/cm\/#website\",\"url\":\"https:\/\/betwinner.tips\/cm\/\",\"name\":\"Betwinner Tips cm\",\"description\":\"My WordPress Blog\",\"potentialAction\":[{\"@type\":\"SearchAction\",\"target\":{\"@type\":\"EntryPoint\",\"urlTemplate\":\"https:\/\/betwinner.tips\/cm\/?s={search_term_string}\"},\"query-input\":{\"@type\":\"PropertyValueSpecification\",\"valueRequired\":true,\"valueName\":\"search_term_string\"}}],\"inLanguage\":\"fr-CM\"}]}<\/script>\n<!-- \/ Yoast SEO plugin. -->","yoast_head_json":{"title":"Enregistrement Betwinner \ud83d\udd39 Cr\u00e9ez votre compte aujourd'hui","description":"Inscrivez-vous \u00e0 Betwinner Cameroun et lib\u00e9rez votre potentiel de pari. Consultez notre guide pour un processus d'inscription sans probl\u00e8me ! Rejoignez le plaisir de parier avec Betwinner!","robots":{"index":"index","follow":"follow","max-snippet":"max-snippet:-1","max-image-preview":"max-image-preview:large","max-video-preview":"max-video-preview:-1"},"og_locale":"fr_FR","og_type":"article","og_title":"Enregistrement Betwinner \ud83d\udd39 Cr\u00e9ez votre compte aujourd'hui","og_description":"Inscrivez-vous \u00e0 Betwinner Cameroun et lib\u00e9rez votre potentiel de pari. Consultez notre guide pour un processus d'inscription sans probl\u00e8me ! Rejoignez le plaisir de parier avec Betwinner!","og_url":"https:\/\/betwinner.tips\/cm\/registration\/","og_site_name":"Betwinner Tips cm","article_modified_time":"2024-11-04T19:05:33+00:00","twitter_card":"summary_large_image","schema":{"@context":"https:\/\/schema.org","@graph":[{"@type":"WebPage","@id":"https:\/\/betwinner.tips\/cm\/registration\/","url":"https:\/\/betwinner.tips\/cm\/registration\/","name":"Enregistrement Betwinner \ud83d\udd39 Cr\u00e9ez votre compte aujourd'hui","isPartOf":{"@id":"https:\/\/betwinner.tips\/cm\/#website"},"datePublished":"2024-10-30T08:26:29+00:00","dateModified":"2024-11-04T19:05:33+00:00","description":"Inscrivez-vous \u00e0 Betwinner Cameroun et lib\u00e9rez votre potentiel de pari. Consultez notre guide pour un processus d'inscription sans probl\u00e8me ! Rejoignez le plaisir de parier avec Betwinner!","breadcrumb":{"@id":"https:\/\/betwinner.tips\/cm\/registration\/#breadcrumb"},"inLanguage":"fr-CM","potentialAction":[{"@type":"ReadAction","target":["https:\/\/betwinner.tips\/cm\/registration\/"]}]},{"@type":"BreadcrumbList","@id":"https:\/\/betwinner.tips\/cm\/registration\/#breadcrumb","itemListElement":[{"@type":"ListItem","position":1,"name":"Home","item":"https:\/\/betwinner.tips\/cm\/"},{"@type":"ListItem","position":2,"name":"Inscription"}]},{"@type":"WebSite","@id":"https:\/\/betwinner.tips\/cm\/#website","url":"https:\/\/betwinner.tips\/cm\/","name":"Betwinner Tips cm","description":"My WordPress Blog","potentialAction":[{"@type":"SearchAction","target":{"@type":"EntryPoint","urlTemplate":"https:\/\/betwinner.tips\/cm\/?s={search_term_string}"},"query-input":{"@type":"PropertyValueSpecification","valueRequired":true,"valueName":"search_term_string"}}],"inLanguage":"fr-CM"}]}},"_links":{"self":[{"href":"https:\/\/betwinner.tips\/cm\/wp-json\/wp\/v2\/pages\/273","targetHints":{"allow":["GET"]}}],"collection":[{"href":"https:\/\/betwinner.tips\/cm\/wp-json\/wp\/v2\/pages"}],"about":[{"href":"https:\/\/betwinner.tips\/cm\/wp-json\/wp\/v2\/types\/page"}],"author":[{"embeddable":true,"href":"https:\/\/betwinner.tips\/cm\/wp-json\/wp\/v2\/users\/1"}],"replies":[{"embeddable":true,"href":"https:\/\/betwinner.tips\/cm\/wp-json\/wp\/v2\/comments?post=273"}],"version-history":[{"count":6,"href":"https:\/\/betwinner.tips\/cm\/wp-json\/wp\/v2\/pages\/273\/revisions"}],"predecessor-version":[{"id":393,"href":"https:\/\/betwinner.tips\/cm\/wp-json\/wp\/v2\/pages\/273\/revisions\/393"}],"wp:attachment":[{"href":"https:\/\/betwinner.tips\/cm\/wp-json\/wp\/v2\/media?parent=273"}],"curies":[{"name":"wp","href":"https:\/\/api.w.org\/{rel}","templated":true}]}}