{"id":253,"date":"2024-10-29T07:41:20","date_gmt":"2024-10-29T07:41:20","guid":{"rendered":"https:\/\/betwinner.tips\/congo\/?page_id=253"},"modified":"2026-05-06T10:04:45","modified_gmt":"2026-05-06T10:04:45","slug":"apk","status":"publish","type":"page","link":"https:\/\/betwinner.tips\/congo\/apk\/","title":{"rendered":"Apk"},"content":{"rendered":"","protected":false},"excerpt":{"rendered":"","protected":false},"author":1,"featured_media":0,"parent":0,"menu_order":0,"comment_status":"closed","ping_status":"closed","template":"","meta":{"footnotes":""},"class_list":["post-253","page","type-page","status-publish","hentry"],"yoast_head":"<!-- This site is optimized with the Yoast SEO plugin v25.6 - https:\/\/yoast.com\/wordpress\/plugins\/seo\/ -->\n<title>Betwinner Congo Apk \u2b07\ufe0f T\u00e9l\u00e9charger l&#039;APK pour Android et iOS<\/title>\n<meta name=\"description\" content=\"T\u00e9l\u00e9chargez et installez l&#039;application Betwinner sur votre appareil Android ou iOS gr\u00e2ce \u00e0 notre guide \u00e9tape par \u00e9tape. D\u00e9couvrez les paris mobiles et les jeux de casino avec l&#039;application Betwinner Mobile \u2b50 Profitez-en pour t\u00e9l\u00e9charger l&#039;application Betwinner\" \/>\n<meta name=\"robots\" content=\"noindex, follow, max-snippet:-1, max-image-preview:large, max-video-preview:-1\" \/>\n<meta property=\"og:locale\" content=\"fr_FR\" \/>\n<meta property=\"og:type\" content=\"article\" \/>\n<meta property=\"og:title\" content=\"Betwinner Congo Apk \u2b07\ufe0f T\u00e9l\u00e9charger l&#039;APK pour Android et iOS\" \/>\n<meta property=\"og:description\" content=\"T\u00e9l\u00e9chargez et installez l&#039;application Betwinner sur votre appareil Android ou iOS gr\u00e2ce \u00e0 notre guide \u00e9tape par \u00e9tape. D\u00e9couvrez les paris mobiles et les jeux de casino avec l&#039;application Betwinner Mobile \u2b50 Profitez-en pour t\u00e9l\u00e9charger l&#039;application Betwinner\" \/>\n<meta property=\"og:url\" content=\"https:\/\/betwinner.tips\/congo\/apk\/\" \/>\n<meta property=\"og:site_name\" content=\"Betwinner Tips CD\" \/>\n<meta property=\"article:modified_time\" content=\"2026-05-06T10:04:45+00:00\" \/>\n<meta name=\"twitter:card\" content=\"summary_large_image\" \/>\n<script type=\"application\/ld+json\" class=\"yoast-schema-graph\">{\"@context\":\"https:\/\/schema.org\",\"@graph\":[{\"@type\":\"WebPage\",\"@id\":\"https:\/\/betwinner.tips\/congo\/apk\/\",\"url\":\"https:\/\/betwinner.tips\/congo\/apk\/\",\"name\":\"Betwinner Congo Apk \u2b07\ufe0f T\u00e9l\u00e9charger l'APK pour Android et iOS\",\"isPartOf\":{\"@id\":\"https:\/\/betwinner.tips\/congo\/#website\"},\"datePublished\":\"2024-10-29T07:41:20+00:00\",\"dateModified\":\"2026-05-06T10:04:45+00:00\",\"description\":\"T\u00e9l\u00e9chargez et installez l'application Betwinner sur votre appareil Android ou iOS gr\u00e2ce \u00e0 notre guide \u00e9tape par \u00e9tape. D\u00e9couvrez les paris mobiles et les jeux de casino avec l'application Betwinner Mobile \u2b50 Profitez-en pour t\u00e9l\u00e9charger l'application Betwinner\",\"breadcrumb\":{\"@id\":\"https:\/\/betwinner.tips\/congo\/apk\/#breadcrumb\"},\"inLanguage\":\"fr-CD\",\"potentialAction\":[{\"@type\":\"ReadAction\",\"target\":[\"https:\/\/betwinner.tips\/congo\/apk\/\"]}]},{\"@type\":\"BreadcrumbList\",\"@id\":\"https:\/\/betwinner.tips\/congo\/apk\/#breadcrumb\",\"itemListElement\":[{\"@type\":\"ListItem\",\"position\":1,\"name\":\"Home\",\"item\":\"https:\/\/betwinner.tips\/congo\/\"},{\"@type\":\"ListItem\",\"position\":2,\"name\":\"Apk\"}]},{\"@type\":\"WebSite\",\"@id\":\"https:\/\/betwinner.tips\/congo\/#website\",\"url\":\"https:\/\/betwinner.tips\/congo\/\",\"name\":\"Betwinner Tips CD\",\"description\":\"My WordPress Blog\",\"potentialAction\":[{\"@type\":\"SearchAction\",\"target\":{\"@type\":\"EntryPoint\",\"urlTemplate\":\"https:\/\/betwinner.tips\/congo\/?s={search_term_string}\"},\"query-input\":{\"@type\":\"PropertyValueSpecification\",\"valueRequired\":true,\"valueName\":\"search_term_string\"}}],\"inLanguage\":\"fr-CD\"}]}<\/script>\n<!-- \/ Yoast SEO plugin. -->","yoast_head_json":{"title":"Betwinner Congo Apk \u2b07\ufe0f T\u00e9l\u00e9charger l'APK pour Android et iOS","description":"T\u00e9l\u00e9chargez et installez l'application Betwinner sur votre appareil Android ou iOS gr\u00e2ce \u00e0 notre guide \u00e9tape par \u00e9tape. D\u00e9couvrez les paris mobiles et les jeux de casino avec l'application Betwinner Mobile \u2b50 Profitez-en pour t\u00e9l\u00e9charger l'application Betwinner","robots":{"index":"noindex","follow":"follow","max-snippet":"max-snippet:-1","max-image-preview":"max-image-preview:large","max-video-preview":"max-video-preview:-1"},"og_locale":"fr_FR","og_type":"article","og_title":"Betwinner Congo Apk \u2b07\ufe0f T\u00e9l\u00e9charger l'APK pour Android et iOS","og_description":"T\u00e9l\u00e9chargez et installez l'application Betwinner sur votre appareil Android ou iOS gr\u00e2ce \u00e0 notre guide \u00e9tape par \u00e9tape. D\u00e9couvrez les paris mobiles et les jeux de casino avec l'application Betwinner Mobile \u2b50 Profitez-en pour t\u00e9l\u00e9charger l'application Betwinner","og_url":"https:\/\/betwinner.tips\/congo\/apk\/","og_site_name":"Betwinner Tips CD","article_modified_time":"2026-05-06T10:04:45+00:00","twitter_card":"summary_large_image","schema":{"@context":"https:\/\/schema.org","@graph":[{"@type":"WebPage","@id":"https:\/\/betwinner.tips\/congo\/apk\/","url":"https:\/\/betwinner.tips\/congo\/apk\/","name":"Betwinner Congo Apk \u2b07\ufe0f T\u00e9l\u00e9charger l'APK pour Android et iOS","isPartOf":{"@id":"https:\/\/betwinner.tips\/congo\/#website"},"datePublished":"2024-10-29T07:41:20+00:00","dateModified":"2026-05-06T10:04:45+00:00","description":"T\u00e9l\u00e9chargez et installez l'application Betwinner sur votre appareil Android ou iOS gr\u00e2ce \u00e0 notre guide \u00e9tape par \u00e9tape. D\u00e9couvrez les paris mobiles et les jeux de casino avec l'application Betwinner Mobile \u2b50 Profitez-en pour t\u00e9l\u00e9charger l'application Betwinner","breadcrumb":{"@id":"https:\/\/betwinner.tips\/congo\/apk\/#breadcrumb"},"inLanguage":"fr-CD","potentialAction":[{"@type":"ReadAction","target":["https:\/\/betwinner.tips\/congo\/apk\/"]}]},{"@type":"BreadcrumbList","@id":"https:\/\/betwinner.tips\/congo\/apk\/#breadcrumb","itemListElement":[{"@type":"ListItem","position":1,"name":"Home","item":"https:\/\/betwinner.tips\/congo\/"},{"@type":"ListItem","position":2,"name":"Apk"}]},{"@type":"WebSite","@id":"https:\/\/betwinner.tips\/congo\/#website","url":"https:\/\/betwinner.tips\/congo\/","name":"Betwinner Tips CD","description":"My WordPress Blog","potentialAction":[{"@type":"SearchAction","target":{"@type":"EntryPoint","urlTemplate":"https:\/\/betwinner.tips\/congo\/?s={search_term_string}"},"query-input":{"@type":"PropertyValueSpecification","valueRequired":true,"valueName":"search_term_string"}}],"inLanguage":"fr-CD"}]}},"_links":{"self":[{"href":"https:\/\/betwinner.tips\/congo\/wp-json\/wp\/v2\/pages\/253","targetHints":{"allow":["GET"]}}],"collection":[{"href":"https:\/\/betwinner.tips\/congo\/wp-json\/wp\/v2\/pages"}],"about":[{"href":"https:\/\/betwinner.tips\/congo\/wp-json\/wp\/v2\/types\/page"}],"author":[{"embeddable":true,"href":"https:\/\/betwinner.tips\/congo\/wp-json\/wp\/v2\/users\/1"}],"replies":[{"embeddable":true,"href":"https:\/\/betwinner.tips\/congo\/wp-json\/wp\/v2\/comments?post=253"}],"version-history":[{"count":7,"href":"https:\/\/betwinner.tips\/congo\/wp-json\/wp\/v2\/pages\/253\/revisions"}],"predecessor-version":[{"id":631,"href":"https:\/\/betwinner.tips\/congo\/wp-json\/wp\/v2\/pages\/253\/revisions\/631"}],"wp:attachment":[{"href":"https:\/\/betwinner.tips\/congo\/wp-json\/wp\/v2\/media?parent=253"}],"curies":[{"name":"wp","href":"https:\/\/api.w.org\/{rel}","templated":true}]}}