{"id":253,"date":"2024-10-29T07:41:20","date_gmt":"2024-10-29T07:41:20","guid":{"rendered":"https:\/\/betwinner.tips\/hu\/?page_id=253"},"modified":"2026-03-20T12:18:59","modified_gmt":"2026-03-20T12:18:59","slug":"apk","status":"publish","type":"page","link":"https:\/\/betwinner.tips\/hu\/apk\/","title":{"rendered":"Apk"},"content":{"rendered":"","protected":false},"excerpt":{"rendered":"","protected":false},"author":1,"featured_media":0,"parent":0,"menu_order":0,"comment_status":"closed","ping_status":"closed","template":"","meta":{"footnotes":""},"class_list":["post-253","page","type-page","status-publish","hentry"],"yoast_head":"<!-- This site is optimized with the Yoast SEO plugin v25.6 - https:\/\/yoast.com\/wordpress\/plugins\/seo\/ -->\n<title>Betwinner Apk \u2b07\ufe0f APK let\u00f6lt\u00e9se Androidra \u00e9s iOS-ra<\/title>\n<meta name=\"description\" content=\"T\u00f6ltsd le \u00e9s telep\u00edtsd a Betwinner APK-t Android- vagy iOS-eszk\u00f6z\u00f6dre a l\u00e9p\u00e9sr\u0151l l\u00e9p\u00e9sre sz\u00f3l\u00f3 \u00fatmutat\u00f3nk seg\u00edts\u00e9g\u00e9vel. Fedezd fel a mobil fogad\u00e1st \u00e9s a kaszin\u00f3j\u00e1t\u00e9kokat a Betwinner Mobile APK-val \u2b50 T\u00f6ltsd le a Betwinner APK-t\" \/>\n<meta name=\"robots\" content=\"index, follow, max-snippet:-1, max-image-preview:large, max-video-preview:-1\" \/>\n<meta property=\"og:locale\" content=\"hu_HU\" \/>\n<meta property=\"og:type\" content=\"article\" \/>\n<meta property=\"og:title\" content=\"Betwinner Apk \u2b07\ufe0f APK let\u00f6lt\u00e9se Androidra \u00e9s iOS-ra\" \/>\n<meta property=\"og:description\" content=\"T\u00f6ltsd le \u00e9s telep\u00edtsd a Betwinner APK-t Android- vagy iOS-eszk\u00f6z\u00f6dre a l\u00e9p\u00e9sr\u0151l l\u00e9p\u00e9sre sz\u00f3l\u00f3 \u00fatmutat\u00f3nk seg\u00edts\u00e9g\u00e9vel. Fedezd fel a mobil fogad\u00e1st \u00e9s a kaszin\u00f3j\u00e1t\u00e9kokat a Betwinner Mobile APK-val \u2b50 T\u00f6ltsd le a Betwinner APK-t\" \/>\n<meta property=\"og:url\" content=\"https:\/\/betwinner.tips\/hu\/apk\/\" \/>\n<meta property=\"og:site_name\" content=\"Betwinner Tips HU\" \/>\n<meta property=\"article:modified_time\" content=\"2026-03-20T12:18:59+00:00\" \/>\n<meta name=\"twitter:card\" content=\"summary_large_image\" \/>\n<script type=\"application\/ld+json\" class=\"yoast-schema-graph\">{\"@context\":\"https:\/\/schema.org\",\"@graph\":[{\"@type\":\"WebPage\",\"@id\":\"https:\/\/betwinner.tips\/hu\/apk\/\",\"url\":\"https:\/\/betwinner.tips\/hu\/apk\/\",\"name\":\"Betwinner Apk \u2b07\ufe0f APK let\u00f6lt\u00e9se Androidra \u00e9s iOS-ra\",\"isPartOf\":{\"@id\":\"https:\/\/betwinner.tips\/hu\/#website\"},\"datePublished\":\"2024-10-29T07:41:20+00:00\",\"dateModified\":\"2026-03-20T12:18:59+00:00\",\"description\":\"T\u00f6ltsd le \u00e9s telep\u00edtsd a Betwinner APK-t Android- vagy iOS-eszk\u00f6z\u00f6dre a l\u00e9p\u00e9sr\u0151l l\u00e9p\u00e9sre sz\u00f3l\u00f3 \u00fatmutat\u00f3nk seg\u00edts\u00e9g\u00e9vel. Fedezd fel a mobil fogad\u00e1st \u00e9s a kaszin\u00f3j\u00e1t\u00e9kokat a Betwinner Mobile APK-val \u2b50 T\u00f6ltsd le a Betwinner APK-t\",\"breadcrumb\":{\"@id\":\"https:\/\/betwinner.tips\/hu\/apk\/#breadcrumb\"},\"inLanguage\":\"hu\",\"potentialAction\":[{\"@type\":\"ReadAction\",\"target\":[\"https:\/\/betwinner.tips\/hu\/apk\/\"]}]},{\"@type\":\"BreadcrumbList\",\"@id\":\"https:\/\/betwinner.tips\/hu\/apk\/#breadcrumb\",\"itemListElement\":[{\"@type\":\"ListItem\",\"position\":1,\"name\":\"Home\",\"item\":\"https:\/\/betwinner.tips\/hu\/\"},{\"@type\":\"ListItem\",\"position\":2,\"name\":\"Apk\"}]},{\"@type\":\"WebSite\",\"@id\":\"https:\/\/betwinner.tips\/hu\/#website\",\"url\":\"https:\/\/betwinner.tips\/hu\/\",\"name\":\"Betwinner Tips HU\",\"description\":\"My WordPress Blog\",\"potentialAction\":[{\"@type\":\"SearchAction\",\"target\":{\"@type\":\"EntryPoint\",\"urlTemplate\":\"https:\/\/betwinner.tips\/hu\/?s={search_term_string}\"},\"query-input\":{\"@type\":\"PropertyValueSpecification\",\"valueRequired\":true,\"valueName\":\"search_term_string\"}}],\"inLanguage\":\"hu\"}]}<\/script>\n<!-- \/ Yoast SEO plugin. -->","yoast_head_json":{"title":"Betwinner Apk \u2b07\ufe0f APK let\u00f6lt\u00e9se Androidra \u00e9s iOS-ra","description":"T\u00f6ltsd le \u00e9s telep\u00edtsd a Betwinner APK-t Android- vagy iOS-eszk\u00f6z\u00f6dre a l\u00e9p\u00e9sr\u0151l l\u00e9p\u00e9sre sz\u00f3l\u00f3 \u00fatmutat\u00f3nk seg\u00edts\u00e9g\u00e9vel. Fedezd fel a mobil fogad\u00e1st \u00e9s a kaszin\u00f3j\u00e1t\u00e9kokat a Betwinner Mobile APK-val \u2b50 T\u00f6ltsd le a Betwinner APK-t","robots":{"index":"index","follow":"follow","max-snippet":"max-snippet:-1","max-image-preview":"max-image-preview:large","max-video-preview":"max-video-preview:-1"},"og_locale":"hu_HU","og_type":"article","og_title":"Betwinner Apk \u2b07\ufe0f APK let\u00f6lt\u00e9se Androidra \u00e9s iOS-ra","og_description":"T\u00f6ltsd le \u00e9s telep\u00edtsd a Betwinner APK-t Android- vagy iOS-eszk\u00f6z\u00f6dre a l\u00e9p\u00e9sr\u0151l l\u00e9p\u00e9sre sz\u00f3l\u00f3 \u00fatmutat\u00f3nk seg\u00edts\u00e9g\u00e9vel. Fedezd fel a mobil fogad\u00e1st \u00e9s a kaszin\u00f3j\u00e1t\u00e9kokat a Betwinner Mobile APK-val \u2b50 T\u00f6ltsd le a Betwinner APK-t","og_url":"https:\/\/betwinner.tips\/hu\/apk\/","og_site_name":"Betwinner Tips HU","article_modified_time":"2026-03-20T12:18:59+00:00","twitter_card":"summary_large_image","schema":{"@context":"https:\/\/schema.org","@graph":[{"@type":"WebPage","@id":"https:\/\/betwinner.tips\/hu\/apk\/","url":"https:\/\/betwinner.tips\/hu\/apk\/","name":"Betwinner Apk \u2b07\ufe0f APK let\u00f6lt\u00e9se Androidra \u00e9s iOS-ra","isPartOf":{"@id":"https:\/\/betwinner.tips\/hu\/#website"},"datePublished":"2024-10-29T07:41:20+00:00","dateModified":"2026-03-20T12:18:59+00:00","description":"T\u00f6ltsd le \u00e9s telep\u00edtsd a Betwinner APK-t Android- vagy iOS-eszk\u00f6z\u00f6dre a l\u00e9p\u00e9sr\u0151l l\u00e9p\u00e9sre sz\u00f3l\u00f3 \u00fatmutat\u00f3nk seg\u00edts\u00e9g\u00e9vel. Fedezd fel a mobil fogad\u00e1st \u00e9s a kaszin\u00f3j\u00e1t\u00e9kokat a Betwinner Mobile APK-val \u2b50 T\u00f6ltsd le a Betwinner APK-t","breadcrumb":{"@id":"https:\/\/betwinner.tips\/hu\/apk\/#breadcrumb"},"inLanguage":"hu","potentialAction":[{"@type":"ReadAction","target":["https:\/\/betwinner.tips\/hu\/apk\/"]}]},{"@type":"BreadcrumbList","@id":"https:\/\/betwinner.tips\/hu\/apk\/#breadcrumb","itemListElement":[{"@type":"ListItem","position":1,"name":"Home","item":"https:\/\/betwinner.tips\/hu\/"},{"@type":"ListItem","position":2,"name":"Apk"}]},{"@type":"WebSite","@id":"https:\/\/betwinner.tips\/hu\/#website","url":"https:\/\/betwinner.tips\/hu\/","name":"Betwinner Tips HU","description":"My WordPress Blog","potentialAction":[{"@type":"SearchAction","target":{"@type":"EntryPoint","urlTemplate":"https:\/\/betwinner.tips\/hu\/?s={search_term_string}"},"query-input":{"@type":"PropertyValueSpecification","valueRequired":true,"valueName":"search_term_string"}}],"inLanguage":"hu"}]}},"_links":{"self":[{"href":"https:\/\/betwinner.tips\/hu\/wp-json\/wp\/v2\/pages\/253","targetHints":{"allow":["GET"]}}],"collection":[{"href":"https:\/\/betwinner.tips\/hu\/wp-json\/wp\/v2\/pages"}],"about":[{"href":"https:\/\/betwinner.tips\/hu\/wp-json\/wp\/v2\/types\/page"}],"author":[{"embeddable":true,"href":"https:\/\/betwinner.tips\/hu\/wp-json\/wp\/v2\/users\/1"}],"replies":[{"embeddable":true,"href":"https:\/\/betwinner.tips\/hu\/wp-json\/wp\/v2\/comments?post=253"}],"version-history":[{"count":7,"href":"https:\/\/betwinner.tips\/hu\/wp-json\/wp\/v2\/pages\/253\/revisions"}],"predecessor-version":[{"id":501,"href":"https:\/\/betwinner.tips\/hu\/wp-json\/wp\/v2\/pages\/253\/revisions\/501"}],"wp:attachment":[{"href":"https:\/\/betwinner.tips\/hu\/wp-json\/wp\/v2\/media?parent=253"}],"curies":[{"name":"wp","href":"https:\/\/api.w.org\/{rel}","templated":true}]}}