{"id":290,"date":"2024-10-30T14:57:05","date_gmt":"2024-10-30T14:57:05","guid":{"rendered":"https:\/\/betwinner.tips\/hu\/?page_id=290"},"modified":"2026-03-23T12:17:23","modified_gmt":"2026-03-23T12:17:23","slug":"login","status":"publish","type":"page","link":"https:\/\/betwinner.tips\/hu\/login\/","title":{"rendered":"Bejelentkez\u00e9s"},"content":{"rendered":"","protected":false},"excerpt":{"rendered":"","protected":false},"author":1,"featured_media":0,"parent":0,"menu_order":0,"comment_status":"closed","ping_status":"closed","template":"","meta":{"footnotes":""},"class_list":["post-290","page","type-page","status-publish","hentry"],"yoast_head":"<!-- This site is optimized with the Yoast SEO plugin v25.6 - https:\/\/yoast.com\/wordpress\/plugins\/seo\/ -->\n<title>Betwinner bejelentkez\u00e9s \u2611\ufe0f Hivatalos weboldal \u00e9s tipp a biztons\u00e1gos hozz\u00e1f\u00e9r\u00e9shez<\/title>\n<meta name=\"description\" content=\"Hogyan jelentkezzen be a Betwinner-fi\u00f3kj\u00e1ba \u2611\ufe0f L\u00e1togasson el a Betwinner weboldal\u00e1ra, \u00e9s kattintson a \u201eBejelentkez\u00e9s\u201d gombra \u2713 Betwinner-fi\u00f3k regisztr\u00e1ci\u00f3ja \u00e9s hiteles\u00edt\u00e9se\" \/>\n<meta name=\"robots\" content=\"index, follow, max-snippet:-1, max-image-preview:large, max-video-preview:-1\" \/>\n<meta property=\"og:locale\" content=\"hu_HU\" \/>\n<meta property=\"og:type\" content=\"article\" \/>\n<meta property=\"og:title\" content=\"Betwinner bejelentkez\u00e9s \u2611\ufe0f Hivatalos weboldal \u00e9s tipp a biztons\u00e1gos hozz\u00e1f\u00e9r\u00e9shez\" \/>\n<meta property=\"og:description\" content=\"Hogyan jelentkezzen be a Betwinner-fi\u00f3kj\u00e1ba \u2611\ufe0f L\u00e1togasson el a Betwinner weboldal\u00e1ra, \u00e9s kattintson a \u201eBejelentkez\u00e9s\u201d gombra \u2713 Betwinner-fi\u00f3k regisztr\u00e1ci\u00f3ja \u00e9s hiteles\u00edt\u00e9se\" \/>\n<meta property=\"og:url\" content=\"https:\/\/betwinner.tips\/hu\/login\/\" \/>\n<meta property=\"og:site_name\" content=\"Betwinner Tips HU\" \/>\n<meta property=\"article:modified_time\" content=\"2026-03-23T12:17:23+00:00\" \/>\n<meta name=\"twitter:card\" content=\"summary_large_image\" \/>\n<script type=\"application\/ld+json\" class=\"yoast-schema-graph\">{\"@context\":\"https:\/\/schema.org\",\"@graph\":[{\"@type\":\"WebPage\",\"@id\":\"https:\/\/betwinner.tips\/hu\/login\/\",\"url\":\"https:\/\/betwinner.tips\/hu\/login\/\",\"name\":\"Betwinner bejelentkez\u00e9s \u2611\ufe0f Hivatalos weboldal \u00e9s tipp a biztons\u00e1gos hozz\u00e1f\u00e9r\u00e9shez\",\"isPartOf\":{\"@id\":\"https:\/\/betwinner.tips\/hu\/#website\"},\"datePublished\":\"2024-10-30T14:57:05+00:00\",\"dateModified\":\"2026-03-23T12:17:23+00:00\",\"description\":\"Hogyan jelentkezzen be a Betwinner-fi\u00f3kj\u00e1ba \u2611\ufe0f L\u00e1togasson el a Betwinner weboldal\u00e1ra, \u00e9s kattintson a \u201eBejelentkez\u00e9s\u201d gombra \u2713 Betwinner-fi\u00f3k regisztr\u00e1ci\u00f3ja \u00e9s hiteles\u00edt\u00e9se\",\"breadcrumb\":{\"@id\":\"https:\/\/betwinner.tips\/hu\/login\/#breadcrumb\"},\"inLanguage\":\"hu\",\"potentialAction\":[{\"@type\":\"ReadAction\",\"target\":[\"https:\/\/betwinner.tips\/hu\/login\/\"]}]},{\"@type\":\"BreadcrumbList\",\"@id\":\"https:\/\/betwinner.tips\/hu\/login\/#breadcrumb\",\"itemListElement\":[{\"@type\":\"ListItem\",\"position\":1,\"name\":\"Home\",\"item\":\"https:\/\/betwinner.tips\/hu\/\"},{\"@type\":\"ListItem\",\"position\":2,\"name\":\"Bejelentkez\u00e9s\"}]},{\"@type\":\"WebSite\",\"@id\":\"https:\/\/betwinner.tips\/hu\/#website\",\"url\":\"https:\/\/betwinner.tips\/hu\/\",\"name\":\"Betwinner Tips HU\",\"description\":\"My WordPress Blog\",\"potentialAction\":[{\"@type\":\"SearchAction\",\"target\":{\"@type\":\"EntryPoint\",\"urlTemplate\":\"https:\/\/betwinner.tips\/hu\/?s={search_term_string}\"},\"query-input\":{\"@type\":\"PropertyValueSpecification\",\"valueRequired\":true,\"valueName\":\"search_term_string\"}}],\"inLanguage\":\"hu\"}]}<\/script>\n<!-- \/ Yoast SEO plugin. -->","yoast_head_json":{"title":"Betwinner bejelentkez\u00e9s \u2611\ufe0f Hivatalos weboldal \u00e9s tipp a biztons\u00e1gos hozz\u00e1f\u00e9r\u00e9shez","description":"Hogyan jelentkezzen be a Betwinner-fi\u00f3kj\u00e1ba \u2611\ufe0f L\u00e1togasson el a Betwinner weboldal\u00e1ra, \u00e9s kattintson a \u201eBejelentkez\u00e9s\u201d gombra \u2713 Betwinner-fi\u00f3k regisztr\u00e1ci\u00f3ja \u00e9s hiteles\u00edt\u00e9se","robots":{"index":"index","follow":"follow","max-snippet":"max-snippet:-1","max-image-preview":"max-image-preview:large","max-video-preview":"max-video-preview:-1"},"og_locale":"hu_HU","og_type":"article","og_title":"Betwinner bejelentkez\u00e9s \u2611\ufe0f Hivatalos weboldal \u00e9s tipp a biztons\u00e1gos hozz\u00e1f\u00e9r\u00e9shez","og_description":"Hogyan jelentkezzen be a Betwinner-fi\u00f3kj\u00e1ba \u2611\ufe0f L\u00e1togasson el a Betwinner weboldal\u00e1ra, \u00e9s kattintson a \u201eBejelentkez\u00e9s\u201d gombra \u2713 Betwinner-fi\u00f3k regisztr\u00e1ci\u00f3ja \u00e9s hiteles\u00edt\u00e9se","og_url":"https:\/\/betwinner.tips\/hu\/login\/","og_site_name":"Betwinner Tips HU","article_modified_time":"2026-03-23T12:17:23+00:00","twitter_card":"summary_large_image","schema":{"@context":"https:\/\/schema.org","@graph":[{"@type":"WebPage","@id":"https:\/\/betwinner.tips\/hu\/login\/","url":"https:\/\/betwinner.tips\/hu\/login\/","name":"Betwinner bejelentkez\u00e9s \u2611\ufe0f Hivatalos weboldal \u00e9s tipp a biztons\u00e1gos hozz\u00e1f\u00e9r\u00e9shez","isPartOf":{"@id":"https:\/\/betwinner.tips\/hu\/#website"},"datePublished":"2024-10-30T14:57:05+00:00","dateModified":"2026-03-23T12:17:23+00:00","description":"Hogyan jelentkezzen be a Betwinner-fi\u00f3kj\u00e1ba \u2611\ufe0f L\u00e1togasson el a Betwinner weboldal\u00e1ra, \u00e9s kattintson a \u201eBejelentkez\u00e9s\u201d gombra \u2713 Betwinner-fi\u00f3k regisztr\u00e1ci\u00f3ja \u00e9s hiteles\u00edt\u00e9se","breadcrumb":{"@id":"https:\/\/betwinner.tips\/hu\/login\/#breadcrumb"},"inLanguage":"hu","potentialAction":[{"@type":"ReadAction","target":["https:\/\/betwinner.tips\/hu\/login\/"]}]},{"@type":"BreadcrumbList","@id":"https:\/\/betwinner.tips\/hu\/login\/#breadcrumb","itemListElement":[{"@type":"ListItem","position":1,"name":"Home","item":"https:\/\/betwinner.tips\/hu\/"},{"@type":"ListItem","position":2,"name":"Bejelentkez\u00e9s"}]},{"@type":"WebSite","@id":"https:\/\/betwinner.tips\/hu\/#website","url":"https:\/\/betwinner.tips\/hu\/","name":"Betwinner Tips HU","description":"My WordPress Blog","potentialAction":[{"@type":"SearchAction","target":{"@type":"EntryPoint","urlTemplate":"https:\/\/betwinner.tips\/hu\/?s={search_term_string}"},"query-input":{"@type":"PropertyValueSpecification","valueRequired":true,"valueName":"search_term_string"}}],"inLanguage":"hu"}]}},"_links":{"self":[{"href":"https:\/\/betwinner.tips\/hu\/wp-json\/wp\/v2\/pages\/290","targetHints":{"allow":["GET"]}}],"collection":[{"href":"https:\/\/betwinner.tips\/hu\/wp-json\/wp\/v2\/pages"}],"about":[{"href":"https:\/\/betwinner.tips\/hu\/wp-json\/wp\/v2\/types\/page"}],"author":[{"embeddable":true,"href":"https:\/\/betwinner.tips\/hu\/wp-json\/wp\/v2\/users\/1"}],"replies":[{"embeddable":true,"href":"https:\/\/betwinner.tips\/hu\/wp-json\/wp\/v2\/comments?post=290"}],"version-history":[{"count":7,"href":"https:\/\/betwinner.tips\/hu\/wp-json\/wp\/v2\/pages\/290\/revisions"}],"predecessor-version":[{"id":521,"href":"https:\/\/betwinner.tips\/hu\/wp-json\/wp\/v2\/pages\/290\/revisions\/521"}],"wp:attachment":[{"href":"https:\/\/betwinner.tips\/hu\/wp-json\/wp\/v2\/media?parent=290"}],"curies":[{"name":"wp","href":"https:\/\/api.w.org\/{rel}","templated":true}]}}