{"id":2,"date":"2023-05-18T17:18:34","date_gmt":"2023-05-18T17:18:34","guid":{"rendered":"https:\/\/betwinner.tips\/lt\/?page_id=2"},"modified":"2026-04-09T09:20:30","modified_gmt":"2026-04-09T09:20:30","slug":"betwinner-online-sports-betting-and-casino-%f0%9f%9f%a2-register","status":"publish","type":"page","link":"https:\/\/betwinner.tips\/lt\/","title":{"rendered":"Pagrindinis puslapis"},"content":{"rendered":"","protected":false},"excerpt":{"rendered":"","protected":false},"author":1,"featured_media":0,"parent":0,"menu_order":0,"comment_status":"closed","ping_status":"open","template":"","meta":{"footnotes":""},"class_list":["post-2","page","type-page","status-publish","hentry"],"yoast_head":"<!-- This site is optimized with the Yoast SEO plugin v25.6 - https:\/\/yoast.com\/wordpress\/plugins\/seo\/ -->\n<title>BetWinner\u2122 \u27a4 Geriausi koeficientai \u2014 baland\u017eio 2026<\/title>\n<meta name=\"description\" content=\"\u201eBet Winner\u201c si\u016blo sporto la\u017eybas su konkurencingais koeficientais, plat\u0173 rengini\u0173 pasirinkim\u0105, la\u017eyb\u0173 gyvai rinkas, greit\u0105 la\u017eyb\u0173 pateikim\u0105, patikimas la\u017eyb\u0173 linijas ir skland\u017ei\u0105 patirt\u012f, sukurt\u0105 rimtiems la\u017eyb\u0173 m\u0117g\u0117jams.\" \/>\n<meta name=\"robots\" content=\"index, follow, max-snippet:-1, max-image-preview:large, max-video-preview:-1\" \/>\n<meta property=\"og:locale\" content=\"lt_LT\" \/>\n<meta property=\"og:type\" content=\"article\" \/>\n<meta property=\"og:title\" content=\"BetWinner\u2122 \u27a4 Geriausi koeficientai \u2014 baland\u017eio 2026\" \/>\n<meta property=\"og:description\" content=\"\u201eBet Winner\u201c si\u016blo sporto la\u017eybas su konkurencingais koeficientais, plat\u0173 rengini\u0173 pasirinkim\u0105, la\u017eyb\u0173 gyvai rinkas, greit\u0105 la\u017eyb\u0173 pateikim\u0105, patikimas la\u017eyb\u0173 linijas ir skland\u017ei\u0105 patirt\u012f, sukurt\u0105 rimtiems la\u017eyb\u0173 m\u0117g\u0117jams.\" \/>\n<meta property=\"og:url\" content=\"https:\/\/betwinner.tips\/lt\/\" \/>\n<meta property=\"og:site_name\" content=\"Betwinner Tips LT\" \/>\n<meta property=\"article:modified_time\" content=\"2026-04-09T09:20:30+00:00\" \/>\n<meta name=\"twitter:card\" content=\"summary_large_image\" \/>\n<script type=\"application\/ld+json\" class=\"yoast-schema-graph\">{\"@context\":\"https:\/\/schema.org\",\"@graph\":[{\"@type\":\"WebPage\",\"@id\":\"https:\/\/betwinner.tips\/lt\/\",\"url\":\"https:\/\/betwinner.tips\/lt\/\",\"name\":\"BetWinner\u2122 \u27a4 Geriausi koeficientai \u2014 baland\u017eio 2026\",\"isPartOf\":{\"@id\":\"https:\/\/betwinner.tips\/lt\/#website\"},\"datePublished\":\"2023-05-18T17:18:34+00:00\",\"dateModified\":\"2026-04-09T09:20:30+00:00\",\"description\":\"\u201eBet Winner\u201c si\u016blo sporto la\u017eybas su konkurencingais koeficientais, plat\u0173 rengini\u0173 pasirinkim\u0105, la\u017eyb\u0173 gyvai rinkas, greit\u0105 la\u017eyb\u0173 pateikim\u0105, patikimas la\u017eyb\u0173 linijas ir skland\u017ei\u0105 patirt\u012f, sukurt\u0105 rimtiems la\u017eyb\u0173 m\u0117g\u0117jams.\",\"breadcrumb\":{\"@id\":\"https:\/\/betwinner.tips\/lt\/#breadcrumb\"},\"inLanguage\":\"lt-LT\",\"potentialAction\":[{\"@type\":\"ReadAction\",\"target\":[\"https:\/\/betwinner.tips\/lt\/\"]}]},{\"@type\":\"BreadcrumbList\",\"@id\":\"https:\/\/betwinner.tips\/lt\/#breadcrumb\",\"itemListElement\":[{\"@type\":\"ListItem\",\"position\":1,\"name\":\"Home\",\"item\":\"https:\/\/betwinner.tips\/lt\/\"},{\"@type\":\"ListItem\",\"position\":2,\"name\":\"Pagrindinis puslapis\"}]},{\"@type\":\"WebSite\",\"@id\":\"https:\/\/betwinner.tips\/lt\/#website\",\"url\":\"https:\/\/betwinner.tips\/lt\/\",\"name\":\"Betwinner Tips LT\",\"description\":\"My WordPress Blog\",\"potentialAction\":[{\"@type\":\"SearchAction\",\"target\":{\"@type\":\"EntryPoint\",\"urlTemplate\":\"https:\/\/betwinner.tips\/lt\/?s={search_term_string}\"},\"query-input\":{\"@type\":\"PropertyValueSpecification\",\"valueRequired\":true,\"valueName\":\"search_term_string\"}}],\"inLanguage\":\"lt-LT\"}]}<\/script>\n<!-- \/ Yoast SEO plugin. -->","yoast_head_json":{"title":"BetWinner\u2122 \u27a4 Geriausi koeficientai \u2014 baland\u017eio 2026","description":"\u201eBet Winner\u201c si\u016blo sporto la\u017eybas su konkurencingais koeficientais, plat\u0173 rengini\u0173 pasirinkim\u0105, la\u017eyb\u0173 gyvai rinkas, greit\u0105 la\u017eyb\u0173 pateikim\u0105, patikimas la\u017eyb\u0173 linijas ir skland\u017ei\u0105 patirt\u012f, sukurt\u0105 rimtiems la\u017eyb\u0173 m\u0117g\u0117jams.","robots":{"index":"index","follow":"follow","max-snippet":"max-snippet:-1","max-image-preview":"max-image-preview:large","max-video-preview":"max-video-preview:-1"},"og_locale":"lt_LT","og_type":"article","og_title":"BetWinner\u2122 \u27a4 Geriausi koeficientai \u2014 baland\u017eio 2026","og_description":"\u201eBet Winner\u201c si\u016blo sporto la\u017eybas su konkurencingais koeficientais, plat\u0173 rengini\u0173 pasirinkim\u0105, la\u017eyb\u0173 gyvai rinkas, greit\u0105 la\u017eyb\u0173 pateikim\u0105, patikimas la\u017eyb\u0173 linijas ir skland\u017ei\u0105 patirt\u012f, sukurt\u0105 rimtiems la\u017eyb\u0173 m\u0117g\u0117jams.","og_url":"https:\/\/betwinner.tips\/lt\/","og_site_name":"Betwinner Tips LT","article_modified_time":"2026-04-09T09:20:30+00:00","twitter_card":"summary_large_image","schema":{"@context":"https:\/\/schema.org","@graph":[{"@type":"WebPage","@id":"https:\/\/betwinner.tips\/lt\/","url":"https:\/\/betwinner.tips\/lt\/","name":"BetWinner\u2122 \u27a4 Geriausi koeficientai \u2014 baland\u017eio 2026","isPartOf":{"@id":"https:\/\/betwinner.tips\/lt\/#website"},"datePublished":"2023-05-18T17:18:34+00:00","dateModified":"2026-04-09T09:20:30+00:00","description":"\u201eBet Winner\u201c si\u016blo sporto la\u017eybas su konkurencingais koeficientais, plat\u0173 rengini\u0173 pasirinkim\u0105, la\u017eyb\u0173 gyvai rinkas, greit\u0105 la\u017eyb\u0173 pateikim\u0105, patikimas la\u017eyb\u0173 linijas ir skland\u017ei\u0105 patirt\u012f, sukurt\u0105 rimtiems la\u017eyb\u0173 m\u0117g\u0117jams.","breadcrumb":{"@id":"https:\/\/betwinner.tips\/lt\/#breadcrumb"},"inLanguage":"lt-LT","potentialAction":[{"@type":"ReadAction","target":["https:\/\/betwinner.tips\/lt\/"]}]},{"@type":"BreadcrumbList","@id":"https:\/\/betwinner.tips\/lt\/#breadcrumb","itemListElement":[{"@type":"ListItem","position":1,"name":"Home","item":"https:\/\/betwinner.tips\/lt\/"},{"@type":"ListItem","position":2,"name":"Pagrindinis puslapis"}]},{"@type":"WebSite","@id":"https:\/\/betwinner.tips\/lt\/#website","url":"https:\/\/betwinner.tips\/lt\/","name":"Betwinner Tips LT","description":"My WordPress Blog","potentialAction":[{"@type":"SearchAction","target":{"@type":"EntryPoint","urlTemplate":"https:\/\/betwinner.tips\/lt\/?s={search_term_string}"},"query-input":{"@type":"PropertyValueSpecification","valueRequired":true,"valueName":"search_term_string"}}],"inLanguage":"lt-LT"}]}},"_links":{"self":[{"href":"https:\/\/betwinner.tips\/lt\/wp-json\/wp\/v2\/pages\/2","targetHints":{"allow":["GET"]}}],"collection":[{"href":"https:\/\/betwinner.tips\/lt\/wp-json\/wp\/v2\/pages"}],"about":[{"href":"https:\/\/betwinner.tips\/lt\/wp-json\/wp\/v2\/types\/page"}],"author":[{"embeddable":true,"href":"https:\/\/betwinner.tips\/lt\/wp-json\/wp\/v2\/users\/1"}],"replies":[{"embeddable":true,"href":"https:\/\/betwinner.tips\/lt\/wp-json\/wp\/v2\/comments?post=2"}],"version-history":[{"count":63,"href":"https:\/\/betwinner.tips\/lt\/wp-json\/wp\/v2\/pages\/2\/revisions"}],"predecessor-version":[{"id":507,"href":"https:\/\/betwinner.tips\/lt\/wp-json\/wp\/v2\/pages\/2\/revisions\/507"}],"wp:attachment":[{"href":"https:\/\/betwinner.tips\/lt\/wp-json\/wp\/v2\/media?parent=2"}],"curies":[{"name":"wp","href":"https:\/\/api.w.org\/{rel}","templated":true}]}}