{"id":253,"date":"2024-10-29T07:41:20","date_gmt":"2024-10-29T07:41:20","guid":{"rendered":"https:\/\/betwinner.tips\/lt\/?page_id=253"},"modified":"2026-04-09T07:11:24","modified_gmt":"2026-04-09T07:11:24","slug":"apk","status":"publish","type":"page","link":"https:\/\/betwinner.tips\/lt\/apk\/","title":{"rendered":"APK"},"content":{"rendered":"","protected":false},"excerpt":{"rendered":"","protected":false},"author":1,"featured_media":0,"parent":0,"menu_order":0,"comment_status":"closed","ping_status":"closed","template":"","meta":{"footnotes":""},"class_list":["post-253","page","type-page","status-publish","hentry"],"yoast_head":"<!-- This site is optimized with the Yoast SEO plugin v25.6 - https:\/\/yoast.com\/wordpress\/plugins\/seo\/ -->\n<title>\u201eBetwinner\u201c APK \u2b07\ufe0f Atsisi\u0173skite APK fail\u0105 \u201eAndroid\u201c ir \u201eiOS\u201c 2026<\/title>\n<meta name=\"description\" content=\"Atsisi\u0173skite ir \u012fdiekite \u201eBetwinner\u201c program\u0117l\u0119 \u012f savo \u201eAndroid\u201c ar \u201eiOS\u201c \u012frengin\u012f naudodamiesi m\u016bs\u0173 i\u0161samiu vadovu. Atraskite mobiliuosius la\u017eyb\u0173 ir kazino \u017eaidimus su \u201eBetwinner Mobile\u201c program\u0117le \u2b50 Maloniai kvie\u010diame atsisi\u0173sti \u201eBetwinner\u201c program\u0117l\u0119\" \/>\n<meta name=\"robots\" content=\"index, follow, max-snippet:-1, max-image-preview:large, max-video-preview:-1\" \/>\n<meta property=\"og:locale\" content=\"lt_LT\" \/>\n<meta property=\"og:type\" content=\"article\" \/>\n<meta property=\"og:title\" content=\"\u201eBetwinner\u201c APK \u2b07\ufe0f Atsisi\u0173skite APK fail\u0105 \u201eAndroid\u201c ir \u201eiOS\u201c 2026\" \/>\n<meta property=\"og:description\" content=\"Atsisi\u0173skite ir \u012fdiekite \u201eBetwinner\u201c program\u0117l\u0119 \u012f savo \u201eAndroid\u201c ar \u201eiOS\u201c \u012frengin\u012f naudodamiesi m\u016bs\u0173 i\u0161samiu vadovu. Atraskite mobiliuosius la\u017eyb\u0173 ir kazino \u017eaidimus su \u201eBetwinner Mobile\u201c program\u0117le \u2b50 Maloniai kvie\u010diame atsisi\u0173sti \u201eBetwinner\u201c program\u0117l\u0119\" \/>\n<meta property=\"og:url\" content=\"https:\/\/betwinner.tips\/lt\/apk\/\" \/>\n<meta property=\"og:site_name\" content=\"Betwinner Tips LT\" \/>\n<meta property=\"article:modified_time\" content=\"2026-04-09T07:11:24+00:00\" \/>\n<meta name=\"twitter:card\" content=\"summary_large_image\" \/>\n<script type=\"application\/ld+json\" class=\"yoast-schema-graph\">{\"@context\":\"https:\/\/schema.org\",\"@graph\":[{\"@type\":\"WebPage\",\"@id\":\"https:\/\/betwinner.tips\/lt\/apk\/\",\"url\":\"https:\/\/betwinner.tips\/lt\/apk\/\",\"name\":\"\u201eBetwinner\u201c APK \u2b07\ufe0f Atsisi\u0173skite APK fail\u0105 \u201eAndroid\u201c ir \u201eiOS\u201c 2026\",\"isPartOf\":{\"@id\":\"https:\/\/betwinner.tips\/lt\/#website\"},\"datePublished\":\"2024-10-29T07:41:20+00:00\",\"dateModified\":\"2026-04-09T07:11:24+00:00\",\"description\":\"Atsisi\u0173skite ir \u012fdiekite \u201eBetwinner\u201c program\u0117l\u0119 \u012f savo \u201eAndroid\u201c ar \u201eiOS\u201c \u012frengin\u012f naudodamiesi m\u016bs\u0173 i\u0161samiu vadovu. Atraskite mobiliuosius la\u017eyb\u0173 ir kazino \u017eaidimus su \u201eBetwinner Mobile\u201c program\u0117le \u2b50 Maloniai kvie\u010diame atsisi\u0173sti \u201eBetwinner\u201c program\u0117l\u0119\",\"breadcrumb\":{\"@id\":\"https:\/\/betwinner.tips\/lt\/apk\/#breadcrumb\"},\"inLanguage\":\"lt-LT\",\"potentialAction\":[{\"@type\":\"ReadAction\",\"target\":[\"https:\/\/betwinner.tips\/lt\/apk\/\"]}]},{\"@type\":\"BreadcrumbList\",\"@id\":\"https:\/\/betwinner.tips\/lt\/apk\/#breadcrumb\",\"itemListElement\":[{\"@type\":\"ListItem\",\"position\":1,\"name\":\"Home\",\"item\":\"https:\/\/betwinner.tips\/lt\/\"},{\"@type\":\"ListItem\",\"position\":2,\"name\":\"APK\"}]},{\"@type\":\"WebSite\",\"@id\":\"https:\/\/betwinner.tips\/lt\/#website\",\"url\":\"https:\/\/betwinner.tips\/lt\/\",\"name\":\"Betwinner Tips LT\",\"description\":\"My WordPress Blog\",\"potentialAction\":[{\"@type\":\"SearchAction\",\"target\":{\"@type\":\"EntryPoint\",\"urlTemplate\":\"https:\/\/betwinner.tips\/lt\/?s={search_term_string}\"},\"query-input\":{\"@type\":\"PropertyValueSpecification\",\"valueRequired\":true,\"valueName\":\"search_term_string\"}}],\"inLanguage\":\"lt-LT\"}]}<\/script>\n<!-- \/ Yoast SEO plugin. -->","yoast_head_json":{"title":"\u201eBetwinner\u201c APK \u2b07\ufe0f Atsisi\u0173skite APK fail\u0105 \u201eAndroid\u201c ir \u201eiOS\u201c 2026","description":"Atsisi\u0173skite ir \u012fdiekite \u201eBetwinner\u201c program\u0117l\u0119 \u012f savo \u201eAndroid\u201c ar \u201eiOS\u201c \u012frengin\u012f naudodamiesi m\u016bs\u0173 i\u0161samiu vadovu. Atraskite mobiliuosius la\u017eyb\u0173 ir kazino \u017eaidimus su \u201eBetwinner Mobile\u201c program\u0117le \u2b50 Maloniai kvie\u010diame atsisi\u0173sti \u201eBetwinner\u201c program\u0117l\u0119","robots":{"index":"index","follow":"follow","max-snippet":"max-snippet:-1","max-image-preview":"max-image-preview:large","max-video-preview":"max-video-preview:-1"},"og_locale":"lt_LT","og_type":"article","og_title":"\u201eBetwinner\u201c APK \u2b07\ufe0f Atsisi\u0173skite APK fail\u0105 \u201eAndroid\u201c ir \u201eiOS\u201c 2026","og_description":"Atsisi\u0173skite ir \u012fdiekite \u201eBetwinner\u201c program\u0117l\u0119 \u012f savo \u201eAndroid\u201c ar \u201eiOS\u201c \u012frengin\u012f naudodamiesi m\u016bs\u0173 i\u0161samiu vadovu. Atraskite mobiliuosius la\u017eyb\u0173 ir kazino \u017eaidimus su \u201eBetwinner Mobile\u201c program\u0117le \u2b50 Maloniai kvie\u010diame atsisi\u0173sti \u201eBetwinner\u201c program\u0117l\u0119","og_url":"https:\/\/betwinner.tips\/lt\/apk\/","og_site_name":"Betwinner Tips LT","article_modified_time":"2026-04-09T07:11:24+00:00","twitter_card":"summary_large_image","schema":{"@context":"https:\/\/schema.org","@graph":[{"@type":"WebPage","@id":"https:\/\/betwinner.tips\/lt\/apk\/","url":"https:\/\/betwinner.tips\/lt\/apk\/","name":"\u201eBetwinner\u201c APK \u2b07\ufe0f Atsisi\u0173skite APK fail\u0105 \u201eAndroid\u201c ir \u201eiOS\u201c 2026","isPartOf":{"@id":"https:\/\/betwinner.tips\/lt\/#website"},"datePublished":"2024-10-29T07:41:20+00:00","dateModified":"2026-04-09T07:11:24+00:00","description":"Atsisi\u0173skite ir \u012fdiekite \u201eBetwinner\u201c program\u0117l\u0119 \u012f savo \u201eAndroid\u201c ar \u201eiOS\u201c \u012frengin\u012f naudodamiesi m\u016bs\u0173 i\u0161samiu vadovu. Atraskite mobiliuosius la\u017eyb\u0173 ir kazino \u017eaidimus su \u201eBetwinner Mobile\u201c program\u0117le \u2b50 Maloniai kvie\u010diame atsisi\u0173sti \u201eBetwinner\u201c program\u0117l\u0119","breadcrumb":{"@id":"https:\/\/betwinner.tips\/lt\/apk\/#breadcrumb"},"inLanguage":"lt-LT","potentialAction":[{"@type":"ReadAction","target":["https:\/\/betwinner.tips\/lt\/apk\/"]}]},{"@type":"BreadcrumbList","@id":"https:\/\/betwinner.tips\/lt\/apk\/#breadcrumb","itemListElement":[{"@type":"ListItem","position":1,"name":"Home","item":"https:\/\/betwinner.tips\/lt\/"},{"@type":"ListItem","position":2,"name":"APK"}]},{"@type":"WebSite","@id":"https:\/\/betwinner.tips\/lt\/#website","url":"https:\/\/betwinner.tips\/lt\/","name":"Betwinner Tips LT","description":"My WordPress Blog","potentialAction":[{"@type":"SearchAction","target":{"@type":"EntryPoint","urlTemplate":"https:\/\/betwinner.tips\/lt\/?s={search_term_string}"},"query-input":{"@type":"PropertyValueSpecification","valueRequired":true,"valueName":"search_term_string"}}],"inLanguage":"lt-LT"}]}},"_links":{"self":[{"href":"https:\/\/betwinner.tips\/lt\/wp-json\/wp\/v2\/pages\/253","targetHints":{"allow":["GET"]}}],"collection":[{"href":"https:\/\/betwinner.tips\/lt\/wp-json\/wp\/v2\/pages"}],"about":[{"href":"https:\/\/betwinner.tips\/lt\/wp-json\/wp\/v2\/types\/page"}],"author":[{"embeddable":true,"href":"https:\/\/betwinner.tips\/lt\/wp-json\/wp\/v2\/users\/1"}],"replies":[{"embeddable":true,"href":"https:\/\/betwinner.tips\/lt\/wp-json\/wp\/v2\/comments?post=253"}],"version-history":[{"count":7,"href":"https:\/\/betwinner.tips\/lt\/wp-json\/wp\/v2\/pages\/253\/revisions"}],"predecessor-version":[{"id":502,"href":"https:\/\/betwinner.tips\/lt\/wp-json\/wp\/v2\/pages\/253\/revisions\/502"}],"wp:attachment":[{"href":"https:\/\/betwinner.tips\/lt\/wp-json\/wp\/v2\/media?parent=253"}],"curies":[{"name":"wp","href":"https:\/\/api.w.org\/{rel}","templated":true}]}}