{"id":273,"date":"2024-10-30T08:26:29","date_gmt":"2024-10-30T08:26:29","guid":{"rendered":"https:\/\/betwinner.tips\/lt\/?page_id=273"},"modified":"2026-04-09T10:58:11","modified_gmt":"2026-04-09T10:58:11","slug":"registration","status":"publish","type":"page","link":"https:\/\/betwinner.tips\/lt\/registration\/","title":{"rendered":"\u00cenregistrare"},"content":{"rendered":"","protected":false},"excerpt":{"rendered":"","protected":false},"author":1,"featured_media":0,"parent":0,"menu_order":0,"comment_status":"closed","ping_status":"closed","template":"","meta":{"footnotes":""},"class_list":["post-273","page","type-page","status-publish","hentry"],"yoast_head":"<!-- This site is optimized with the Yoast SEO plugin v25.6 - https:\/\/yoast.com\/wordpress\/plugins\/seo\/ -->\n<title>\u201eBetwinner\u201c registracija \ud83d\udd39 Susikurkite paskyr\u0105 jau \u0161iandien<\/title>\n<meta name=\"description\" content=\"U\u017esiregistruokite \u201eBetwinner\u201c ir i\u0161laisvinkite savo la\u017eyb\u0173 potencial\u0105. Perskaitykite m\u016bs\u0173 vadov\u0105, kad registracija vykt\u0173 skland\u017eiai! Prisijunkite prie jaudinan\u010di\u0173 la\u017eyb\u0173 su \u201eBetwinner\u201c!\" \/>\n<meta name=\"robots\" content=\"index, follow, max-snippet:-1, max-image-preview:large, max-video-preview:-1\" \/>\n<meta property=\"og:locale\" content=\"lt_LT\" \/>\n<meta property=\"og:type\" content=\"article\" \/>\n<meta property=\"og:title\" content=\"\u201eBetwinner\u201c registracija \ud83d\udd39 Susikurkite paskyr\u0105 jau \u0161iandien\" \/>\n<meta property=\"og:description\" content=\"U\u017esiregistruokite \u201eBetwinner\u201c ir i\u0161laisvinkite savo la\u017eyb\u0173 potencial\u0105. Perskaitykite m\u016bs\u0173 vadov\u0105, kad registracija vykt\u0173 skland\u017eiai! Prisijunkite prie jaudinan\u010di\u0173 la\u017eyb\u0173 su \u201eBetwinner\u201c!\" \/>\n<meta property=\"og:url\" content=\"https:\/\/betwinner.tips\/lt\/registration\/\" \/>\n<meta property=\"og:site_name\" content=\"Betwinner Tips LT\" \/>\n<meta property=\"article:modified_time\" content=\"2026-04-09T10:58:11+00:00\" \/>\n<meta name=\"twitter:card\" content=\"summary_large_image\" \/>\n<script type=\"application\/ld+json\" class=\"yoast-schema-graph\">{\"@context\":\"https:\/\/schema.org\",\"@graph\":[{\"@type\":\"WebPage\",\"@id\":\"https:\/\/betwinner.tips\/lt\/registration\/\",\"url\":\"https:\/\/betwinner.tips\/lt\/registration\/\",\"name\":\"\u201eBetwinner\u201c registracija \ud83d\udd39 Susikurkite paskyr\u0105 jau \u0161iandien\",\"isPartOf\":{\"@id\":\"https:\/\/betwinner.tips\/lt\/#website\"},\"datePublished\":\"2024-10-30T08:26:29+00:00\",\"dateModified\":\"2026-04-09T10:58:11+00:00\",\"description\":\"U\u017esiregistruokite \u201eBetwinner\u201c ir i\u0161laisvinkite savo la\u017eyb\u0173 potencial\u0105. Perskaitykite m\u016bs\u0173 vadov\u0105, kad registracija vykt\u0173 skland\u017eiai! Prisijunkite prie jaudinan\u010di\u0173 la\u017eyb\u0173 su \u201eBetwinner\u201c!\",\"breadcrumb\":{\"@id\":\"https:\/\/betwinner.tips\/lt\/registration\/#breadcrumb\"},\"inLanguage\":\"lt-LT\",\"potentialAction\":[{\"@type\":\"ReadAction\",\"target\":[\"https:\/\/betwinner.tips\/lt\/registration\/\"]}]},{\"@type\":\"BreadcrumbList\",\"@id\":\"https:\/\/betwinner.tips\/lt\/registration\/#breadcrumb\",\"itemListElement\":[{\"@type\":\"ListItem\",\"position\":1,\"name\":\"Home\",\"item\":\"https:\/\/betwinner.tips\/lt\/\"},{\"@type\":\"ListItem\",\"position\":2,\"name\":\"\u00cenregistrare\"}]},{\"@type\":\"WebSite\",\"@id\":\"https:\/\/betwinner.tips\/lt\/#website\",\"url\":\"https:\/\/betwinner.tips\/lt\/\",\"name\":\"Betwinner Tips LT\",\"description\":\"My WordPress Blog\",\"potentialAction\":[{\"@type\":\"SearchAction\",\"target\":{\"@type\":\"EntryPoint\",\"urlTemplate\":\"https:\/\/betwinner.tips\/lt\/?s={search_term_string}\"},\"query-input\":{\"@type\":\"PropertyValueSpecification\",\"valueRequired\":true,\"valueName\":\"search_term_string\"}}],\"inLanguage\":\"lt-LT\"}]}<\/script>\n<!-- \/ Yoast SEO plugin. -->","yoast_head_json":{"title":"\u201eBetwinner\u201c registracija \ud83d\udd39 Susikurkite paskyr\u0105 jau \u0161iandien","description":"U\u017esiregistruokite \u201eBetwinner\u201c ir i\u0161laisvinkite savo la\u017eyb\u0173 potencial\u0105. Perskaitykite m\u016bs\u0173 vadov\u0105, kad registracija vykt\u0173 skland\u017eiai! Prisijunkite prie jaudinan\u010di\u0173 la\u017eyb\u0173 su \u201eBetwinner\u201c!","robots":{"index":"index","follow":"follow","max-snippet":"max-snippet:-1","max-image-preview":"max-image-preview:large","max-video-preview":"max-video-preview:-1"},"og_locale":"lt_LT","og_type":"article","og_title":"\u201eBetwinner\u201c registracija \ud83d\udd39 Susikurkite paskyr\u0105 jau \u0161iandien","og_description":"U\u017esiregistruokite \u201eBetwinner\u201c ir i\u0161laisvinkite savo la\u017eyb\u0173 potencial\u0105. Perskaitykite m\u016bs\u0173 vadov\u0105, kad registracija vykt\u0173 skland\u017eiai! Prisijunkite prie jaudinan\u010di\u0173 la\u017eyb\u0173 su \u201eBetwinner\u201c!","og_url":"https:\/\/betwinner.tips\/lt\/registration\/","og_site_name":"Betwinner Tips LT","article_modified_time":"2026-04-09T10:58:11+00:00","twitter_card":"summary_large_image","schema":{"@context":"https:\/\/schema.org","@graph":[{"@type":"WebPage","@id":"https:\/\/betwinner.tips\/lt\/registration\/","url":"https:\/\/betwinner.tips\/lt\/registration\/","name":"\u201eBetwinner\u201c registracija \ud83d\udd39 Susikurkite paskyr\u0105 jau \u0161iandien","isPartOf":{"@id":"https:\/\/betwinner.tips\/lt\/#website"},"datePublished":"2024-10-30T08:26:29+00:00","dateModified":"2026-04-09T10:58:11+00:00","description":"U\u017esiregistruokite \u201eBetwinner\u201c ir i\u0161laisvinkite savo la\u017eyb\u0173 potencial\u0105. Perskaitykite m\u016bs\u0173 vadov\u0105, kad registracija vykt\u0173 skland\u017eiai! Prisijunkite prie jaudinan\u010di\u0173 la\u017eyb\u0173 su \u201eBetwinner\u201c!","breadcrumb":{"@id":"https:\/\/betwinner.tips\/lt\/registration\/#breadcrumb"},"inLanguage":"lt-LT","potentialAction":[{"@type":"ReadAction","target":["https:\/\/betwinner.tips\/lt\/registration\/"]}]},{"@type":"BreadcrumbList","@id":"https:\/\/betwinner.tips\/lt\/registration\/#breadcrumb","itemListElement":[{"@type":"ListItem","position":1,"name":"Home","item":"https:\/\/betwinner.tips\/lt\/"},{"@type":"ListItem","position":2,"name":"\u00cenregistrare"}]},{"@type":"WebSite","@id":"https:\/\/betwinner.tips\/lt\/#website","url":"https:\/\/betwinner.tips\/lt\/","name":"Betwinner Tips LT","description":"My WordPress Blog","potentialAction":[{"@type":"SearchAction","target":{"@type":"EntryPoint","urlTemplate":"https:\/\/betwinner.tips\/lt\/?s={search_term_string}"},"query-input":{"@type":"PropertyValueSpecification","valueRequired":true,"valueName":"search_term_string"}}],"inLanguage":"lt-LT"}]}},"_links":{"self":[{"href":"https:\/\/betwinner.tips\/lt\/wp-json\/wp\/v2\/pages\/273","targetHints":{"allow":["GET"]}}],"collection":[{"href":"https:\/\/betwinner.tips\/lt\/wp-json\/wp\/v2\/pages"}],"about":[{"href":"https:\/\/betwinner.tips\/lt\/wp-json\/wp\/v2\/types\/page"}],"author":[{"embeddable":true,"href":"https:\/\/betwinner.tips\/lt\/wp-json\/wp\/v2\/users\/1"}],"replies":[{"embeddable":true,"href":"https:\/\/betwinner.tips\/lt\/wp-json\/wp\/v2\/comments?post=273"}],"version-history":[{"count":6,"href":"https:\/\/betwinner.tips\/lt\/wp-json\/wp\/v2\/pages\/273\/revisions"}],"predecessor-version":[{"id":516,"href":"https:\/\/betwinner.tips\/lt\/wp-json\/wp\/v2\/pages\/273\/revisions\/516"}],"wp:attachment":[{"href":"https:\/\/betwinner.tips\/lt\/wp-json\/wp\/v2\/media?parent=273"}],"curies":[{"name":"wp","href":"https:\/\/api.w.org\/{rel}","templated":true}]}}