{"id":339,"date":"2024-11-01T08:00:46","date_gmt":"2024-11-01T08:00:46","guid":{"rendered":"https:\/\/betwinner.tips\/lt\/?page_id=339"},"modified":"2026-04-09T09:57:24","modified_gmt":"2026-04-09T09:57:24","slug":"casino","status":"publish","type":"page","link":"https:\/\/betwinner.tips\/lt\/casino\/","title":{"rendered":"Kazino"},"content":{"rendered":"","protected":false},"excerpt":{"rendered":"","protected":false},"author":1,"featured_media":0,"parent":0,"menu_order":0,"comment_status":"closed","ping_status":"closed","template":"","meta":{"footnotes":""},"class_list":["post-339","page","type-page","status-publish","hentry"],"yoast_head":"<!-- This site is optimized with the Yoast SEO plugin v25.6 - https:\/\/yoast.com\/wordpress\/plugins\/seo\/ -->\n<title>\u201eBetwinner\u201c kazino \u2705 J\u016bs\u0173 \u017eaidim\u0173 ir dideli\u0173 laim\u0117jim\u0173 vadovas!<\/title>\n<meta name=\"description\" content=\"\u201eBetwinner\u201c kazino: \u017eaiskite, laim\u0117kite ir pasinerkite \u012f jaudul\u012f! \ud83d\udd25Nesuvaldomi sukimai ir mil\u017eini\u0161ki laim\u0117jimai \u2013 vos u\u017e vieno paspaudimo! Prisijunkite prie \u201eBetwinner\u201c kazino!\" \/>\n<meta name=\"robots\" content=\"index, follow, max-snippet:-1, max-image-preview:large, max-video-preview:-1\" \/>\n<meta property=\"og:locale\" content=\"lt_LT\" \/>\n<meta property=\"og:type\" content=\"article\" \/>\n<meta property=\"og:title\" content=\"\u201eBetwinner\u201c kazino \u2705 J\u016bs\u0173 \u017eaidim\u0173 ir dideli\u0173 laim\u0117jim\u0173 vadovas!\" \/>\n<meta property=\"og:description\" content=\"\u201eBetwinner\u201c kazino: \u017eaiskite, laim\u0117kite ir pasinerkite \u012f jaudul\u012f! \ud83d\udd25Nesuvaldomi sukimai ir mil\u017eini\u0161ki laim\u0117jimai \u2013 vos u\u017e vieno paspaudimo! Prisijunkite prie \u201eBetwinner\u201c kazino!\" \/>\n<meta property=\"og:url\" content=\"https:\/\/betwinner.tips\/lt\/casino\/\" \/>\n<meta property=\"og:site_name\" content=\"Betwinner Tips LT\" \/>\n<meta property=\"article:modified_time\" content=\"2026-04-09T09:57:24+00:00\" \/>\n<meta name=\"twitter:card\" content=\"summary_large_image\" \/>\n<script type=\"application\/ld+json\" class=\"yoast-schema-graph\">{\"@context\":\"https:\/\/schema.org\",\"@graph\":[{\"@type\":\"WebPage\",\"@id\":\"https:\/\/betwinner.tips\/lt\/casino\/\",\"url\":\"https:\/\/betwinner.tips\/lt\/casino\/\",\"name\":\"\u201eBetwinner\u201c kazino \u2705 J\u016bs\u0173 \u017eaidim\u0173 ir dideli\u0173 laim\u0117jim\u0173 vadovas!\",\"isPartOf\":{\"@id\":\"https:\/\/betwinner.tips\/lt\/#website\"},\"datePublished\":\"2024-11-01T08:00:46+00:00\",\"dateModified\":\"2026-04-09T09:57:24+00:00\",\"description\":\"\u201eBetwinner\u201c kazino: \u017eaiskite, laim\u0117kite ir pasinerkite \u012f jaudul\u012f! \ud83d\udd25Nesuvaldomi sukimai ir mil\u017eini\u0161ki laim\u0117jimai \u2013 vos u\u017e vieno paspaudimo! Prisijunkite prie \u201eBetwinner\u201c kazino!\",\"breadcrumb\":{\"@id\":\"https:\/\/betwinner.tips\/lt\/casino\/#breadcrumb\"},\"inLanguage\":\"lt-LT\",\"potentialAction\":[{\"@type\":\"ReadAction\",\"target\":[\"https:\/\/betwinner.tips\/lt\/casino\/\"]}]},{\"@type\":\"BreadcrumbList\",\"@id\":\"https:\/\/betwinner.tips\/lt\/casino\/#breadcrumb\",\"itemListElement\":[{\"@type\":\"ListItem\",\"position\":1,\"name\":\"Home\",\"item\":\"https:\/\/betwinner.tips\/lt\/\"},{\"@type\":\"ListItem\",\"position\":2,\"name\":\"Kazino\"}]},{\"@type\":\"WebSite\",\"@id\":\"https:\/\/betwinner.tips\/lt\/#website\",\"url\":\"https:\/\/betwinner.tips\/lt\/\",\"name\":\"Betwinner Tips LT\",\"description\":\"My WordPress Blog\",\"potentialAction\":[{\"@type\":\"SearchAction\",\"target\":{\"@type\":\"EntryPoint\",\"urlTemplate\":\"https:\/\/betwinner.tips\/lt\/?s={search_term_string}\"},\"query-input\":{\"@type\":\"PropertyValueSpecification\",\"valueRequired\":true,\"valueName\":\"search_term_string\"}}],\"inLanguage\":\"lt-LT\"}]}<\/script>\n<!-- \/ Yoast SEO plugin. -->","yoast_head_json":{"title":"\u201eBetwinner\u201c kazino \u2705 J\u016bs\u0173 \u017eaidim\u0173 ir dideli\u0173 laim\u0117jim\u0173 vadovas!","description":"\u201eBetwinner\u201c kazino: \u017eaiskite, laim\u0117kite ir pasinerkite \u012f jaudul\u012f! \ud83d\udd25Nesuvaldomi sukimai ir mil\u017eini\u0161ki laim\u0117jimai \u2013 vos u\u017e vieno paspaudimo! Prisijunkite prie \u201eBetwinner\u201c kazino!","robots":{"index":"index","follow":"follow","max-snippet":"max-snippet:-1","max-image-preview":"max-image-preview:large","max-video-preview":"max-video-preview:-1"},"og_locale":"lt_LT","og_type":"article","og_title":"\u201eBetwinner\u201c kazino \u2705 J\u016bs\u0173 \u017eaidim\u0173 ir dideli\u0173 laim\u0117jim\u0173 vadovas!","og_description":"\u201eBetwinner\u201c kazino: \u017eaiskite, laim\u0117kite ir pasinerkite \u012f jaudul\u012f! \ud83d\udd25Nesuvaldomi sukimai ir mil\u017eini\u0161ki laim\u0117jimai \u2013 vos u\u017e vieno paspaudimo! Prisijunkite prie \u201eBetwinner\u201c kazino!","og_url":"https:\/\/betwinner.tips\/lt\/casino\/","og_site_name":"Betwinner Tips LT","article_modified_time":"2026-04-09T09:57:24+00:00","twitter_card":"summary_large_image","schema":{"@context":"https:\/\/schema.org","@graph":[{"@type":"WebPage","@id":"https:\/\/betwinner.tips\/lt\/casino\/","url":"https:\/\/betwinner.tips\/lt\/casino\/","name":"\u201eBetwinner\u201c kazino \u2705 J\u016bs\u0173 \u017eaidim\u0173 ir dideli\u0173 laim\u0117jim\u0173 vadovas!","isPartOf":{"@id":"https:\/\/betwinner.tips\/lt\/#website"},"datePublished":"2024-11-01T08:00:46+00:00","dateModified":"2026-04-09T09:57:24+00:00","description":"\u201eBetwinner\u201c kazino: \u017eaiskite, laim\u0117kite ir pasinerkite \u012f jaudul\u012f! \ud83d\udd25Nesuvaldomi sukimai ir mil\u017eini\u0161ki laim\u0117jimai \u2013 vos u\u017e vieno paspaudimo! Prisijunkite prie \u201eBetwinner\u201c kazino!","breadcrumb":{"@id":"https:\/\/betwinner.tips\/lt\/casino\/#breadcrumb"},"inLanguage":"lt-LT","potentialAction":[{"@type":"ReadAction","target":["https:\/\/betwinner.tips\/lt\/casino\/"]}]},{"@type":"BreadcrumbList","@id":"https:\/\/betwinner.tips\/lt\/casino\/#breadcrumb","itemListElement":[{"@type":"ListItem","position":1,"name":"Home","item":"https:\/\/betwinner.tips\/lt\/"},{"@type":"ListItem","position":2,"name":"Kazino"}]},{"@type":"WebSite","@id":"https:\/\/betwinner.tips\/lt\/#website","url":"https:\/\/betwinner.tips\/lt\/","name":"Betwinner Tips LT","description":"My WordPress Blog","potentialAction":[{"@type":"SearchAction","target":{"@type":"EntryPoint","urlTemplate":"https:\/\/betwinner.tips\/lt\/?s={search_term_string}"},"query-input":{"@type":"PropertyValueSpecification","valueRequired":true,"valueName":"search_term_string"}}],"inLanguage":"lt-LT"}]}},"_links":{"self":[{"href":"https:\/\/betwinner.tips\/lt\/wp-json\/wp\/v2\/pages\/339","targetHints":{"allow":["GET"]}}],"collection":[{"href":"https:\/\/betwinner.tips\/lt\/wp-json\/wp\/v2\/pages"}],"about":[{"href":"https:\/\/betwinner.tips\/lt\/wp-json\/wp\/v2\/types\/page"}],"author":[{"embeddable":true,"href":"https:\/\/betwinner.tips\/lt\/wp-json\/wp\/v2\/users\/1"}],"replies":[{"embeddable":true,"href":"https:\/\/betwinner.tips\/lt\/wp-json\/wp\/v2\/comments?post=339"}],"version-history":[{"count":5,"href":"https:\/\/betwinner.tips\/lt\/wp-json\/wp\/v2\/pages\/339\/revisions"}],"predecessor-version":[{"id":510,"href":"https:\/\/betwinner.tips\/lt\/wp-json\/wp\/v2\/pages\/339\/revisions\/510"}],"wp:attachment":[{"href":"https:\/\/betwinner.tips\/lt\/wp-json\/wp\/v2\/media?parent=339"}],"curies":[{"name":"wp","href":"https:\/\/api.w.org\/{rel}","templated":true}]}}