{"id":2,"date":"2023-05-18T17:18:34","date_gmt":"2023-05-18T17:18:34","guid":{"rendered":"https:\/\/betwinner.tips\/lv\/?page_id=2"},"modified":"2026-04-10T17:48:50","modified_gmt":"2026-04-10T17:48:50","slug":"betwinner-online-sports-betting-and-casino-%f0%9f%9f%a2-register","status":"publish","type":"page","link":"https:\/\/betwinner.tips\/lv\/","title":{"rendered":"S\u0101kums"},"content":{"rendered":"","protected":false},"excerpt":{"rendered":"","protected":false},"author":1,"featured_media":0,"parent":0,"menu_order":0,"comment_status":"closed","ping_status":"open","template":"","meta":{"footnotes":""},"class_list":["post-2","page","type-page","status-publish","hentry"],"yoast_head":"<!-- This site is optimized with the Yoast SEO plugin v25.6 - https:\/\/yoast.com\/wordpress\/plugins\/seo\/ -->\n<title>BetWinner\u2122 \u2014 Sports, lab\u0101kie koeficienti un likmes \u2014 apr\u012blis 2026<\/title>\n<meta name=\"description\" content=\"\u201eBet Winner\u201c pied\u0101v\u0101 sporta der\u012bbas ar izdev\u012bgiem koeficientiem, pla\u0161u pas\u0101kumu kl\u0101stu, tie\u0161raides der\u012bbu tirgiem, \u0101tru der\u012bbu izvieto\u0161anu, stabil\u0101m likm\u0113m un vienk\u0101r\u0161u lieto\u0161anas pieredzi, kas rad\u012bta nopietniem der\u012bbu dal\u012bbniekiem.\" \/>\n<meta name=\"robots\" content=\"index, follow, max-snippet:-1, max-image-preview:large, max-video-preview:-1\" \/>\n<meta property=\"og:locale\" content=\"lv_LV\" \/>\n<meta property=\"og:type\" content=\"article\" \/>\n<meta property=\"og:title\" content=\"BetWinner\u2122 \u2014 Sports, lab\u0101kie koeficienti un likmes \u2014 apr\u012blis 2026\" \/>\n<meta property=\"og:description\" content=\"\u201eBet Winner\u201c pied\u0101v\u0101 sporta der\u012bbas ar izdev\u012bgiem koeficientiem, pla\u0161u pas\u0101kumu kl\u0101stu, tie\u0161raides der\u012bbu tirgiem, \u0101tru der\u012bbu izvieto\u0161anu, stabil\u0101m likm\u0113m un vienk\u0101r\u0161u lieto\u0161anas pieredzi, kas rad\u012bta nopietniem der\u012bbu dal\u012bbniekiem.\" \/>\n<meta property=\"og:url\" content=\"https:\/\/betwinner.tips\/lv\/\" \/>\n<meta property=\"og:site_name\" content=\"Betwinner Tips lv\" \/>\n<meta property=\"article:modified_time\" content=\"2026-04-10T17:48:50+00:00\" \/>\n<meta name=\"twitter:card\" content=\"summary_large_image\" \/>\n<script type=\"application\/ld+json\" class=\"yoast-schema-graph\">{\"@context\":\"https:\/\/schema.org\",\"@graph\":[{\"@type\":\"WebPage\",\"@id\":\"https:\/\/betwinner.tips\/lv\/\",\"url\":\"https:\/\/betwinner.tips\/lv\/\",\"name\":\"BetWinner\u2122 \u2014 Sports, lab\u0101kie koeficienti un likmes \u2014 apr\u012blis 2026\",\"isPartOf\":{\"@id\":\"https:\/\/betwinner.tips\/lv\/#website\"},\"datePublished\":\"2023-05-18T17:18:34+00:00\",\"dateModified\":\"2026-04-10T17:48:50+00:00\",\"description\":\"\u201eBet Winner\u201c pied\u0101v\u0101 sporta der\u012bbas ar izdev\u012bgiem koeficientiem, pla\u0161u pas\u0101kumu kl\u0101stu, tie\u0161raides der\u012bbu tirgiem, \u0101tru der\u012bbu izvieto\u0161anu, stabil\u0101m likm\u0113m un vienk\u0101r\u0161u lieto\u0161anas pieredzi, kas rad\u012bta nopietniem der\u012bbu dal\u012bbniekiem.\",\"breadcrumb\":{\"@id\":\"https:\/\/betwinner.tips\/lv\/#breadcrumb\"},\"inLanguage\":\"lv-LV\",\"potentialAction\":[{\"@type\":\"ReadAction\",\"target\":[\"https:\/\/betwinner.tips\/lv\/\"]}]},{\"@type\":\"BreadcrumbList\",\"@id\":\"https:\/\/betwinner.tips\/lv\/#breadcrumb\",\"itemListElement\":[{\"@type\":\"ListItem\",\"position\":1,\"name\":\"Home\",\"item\":\"https:\/\/betwinner.tips\/lv\/\"},{\"@type\":\"ListItem\",\"position\":2,\"name\":\"S\u0101kums\"}]},{\"@type\":\"WebSite\",\"@id\":\"https:\/\/betwinner.tips\/lv\/#website\",\"url\":\"https:\/\/betwinner.tips\/lv\/\",\"name\":\"Betwinner Tips lv\",\"description\":\"My WordPress Blog\",\"potentialAction\":[{\"@type\":\"SearchAction\",\"target\":{\"@type\":\"EntryPoint\",\"urlTemplate\":\"https:\/\/betwinner.tips\/lv\/?s={search_term_string}\"},\"query-input\":{\"@type\":\"PropertyValueSpecification\",\"valueRequired\":true,\"valueName\":\"search_term_string\"}}],\"inLanguage\":\"lv-LV\"}]}<\/script>\n<!-- \/ Yoast SEO plugin. -->","yoast_head_json":{"title":"BetWinner\u2122 \u2014 Sports, lab\u0101kie koeficienti un likmes \u2014 apr\u012blis 2026","description":"\u201eBet Winner\u201c pied\u0101v\u0101 sporta der\u012bbas ar izdev\u012bgiem koeficientiem, pla\u0161u pas\u0101kumu kl\u0101stu, tie\u0161raides der\u012bbu tirgiem, \u0101tru der\u012bbu izvieto\u0161anu, stabil\u0101m likm\u0113m un vienk\u0101r\u0161u lieto\u0161anas pieredzi, kas rad\u012bta nopietniem der\u012bbu dal\u012bbniekiem.","robots":{"index":"index","follow":"follow","max-snippet":"max-snippet:-1","max-image-preview":"max-image-preview:large","max-video-preview":"max-video-preview:-1"},"og_locale":"lv_LV","og_type":"article","og_title":"BetWinner\u2122 \u2014 Sports, lab\u0101kie koeficienti un likmes \u2014 apr\u012blis 2026","og_description":"\u201eBet Winner\u201c pied\u0101v\u0101 sporta der\u012bbas ar izdev\u012bgiem koeficientiem, pla\u0161u pas\u0101kumu kl\u0101stu, tie\u0161raides der\u012bbu tirgiem, \u0101tru der\u012bbu izvieto\u0161anu, stabil\u0101m likm\u0113m un vienk\u0101r\u0161u lieto\u0161anas pieredzi, kas rad\u012bta nopietniem der\u012bbu dal\u012bbniekiem.","og_url":"https:\/\/betwinner.tips\/lv\/","og_site_name":"Betwinner Tips lv","article_modified_time":"2026-04-10T17:48:50+00:00","twitter_card":"summary_large_image","schema":{"@context":"https:\/\/schema.org","@graph":[{"@type":"WebPage","@id":"https:\/\/betwinner.tips\/lv\/","url":"https:\/\/betwinner.tips\/lv\/","name":"BetWinner\u2122 \u2014 Sports, lab\u0101kie koeficienti un likmes \u2014 apr\u012blis 2026","isPartOf":{"@id":"https:\/\/betwinner.tips\/lv\/#website"},"datePublished":"2023-05-18T17:18:34+00:00","dateModified":"2026-04-10T17:48:50+00:00","description":"\u201eBet Winner\u201c pied\u0101v\u0101 sporta der\u012bbas ar izdev\u012bgiem koeficientiem, pla\u0161u pas\u0101kumu kl\u0101stu, tie\u0161raides der\u012bbu tirgiem, \u0101tru der\u012bbu izvieto\u0161anu, stabil\u0101m likm\u0113m un vienk\u0101r\u0161u lieto\u0161anas pieredzi, kas rad\u012bta nopietniem der\u012bbu dal\u012bbniekiem.","breadcrumb":{"@id":"https:\/\/betwinner.tips\/lv\/#breadcrumb"},"inLanguage":"lv-LV","potentialAction":[{"@type":"ReadAction","target":["https:\/\/betwinner.tips\/lv\/"]}]},{"@type":"BreadcrumbList","@id":"https:\/\/betwinner.tips\/lv\/#breadcrumb","itemListElement":[{"@type":"ListItem","position":1,"name":"Home","item":"https:\/\/betwinner.tips\/lv\/"},{"@type":"ListItem","position":2,"name":"S\u0101kums"}]},{"@type":"WebSite","@id":"https:\/\/betwinner.tips\/lv\/#website","url":"https:\/\/betwinner.tips\/lv\/","name":"Betwinner Tips lv","description":"My WordPress Blog","potentialAction":[{"@type":"SearchAction","target":{"@type":"EntryPoint","urlTemplate":"https:\/\/betwinner.tips\/lv\/?s={search_term_string}"},"query-input":{"@type":"PropertyValueSpecification","valueRequired":true,"valueName":"search_term_string"}}],"inLanguage":"lv-LV"}]}},"_links":{"self":[{"href":"https:\/\/betwinner.tips\/lv\/wp-json\/wp\/v2\/pages\/2","targetHints":{"allow":["GET"]}}],"collection":[{"href":"https:\/\/betwinner.tips\/lv\/wp-json\/wp\/v2\/pages"}],"about":[{"href":"https:\/\/betwinner.tips\/lv\/wp-json\/wp\/v2\/types\/page"}],"author":[{"embeddable":true,"href":"https:\/\/betwinner.tips\/lv\/wp-json\/wp\/v2\/users\/1"}],"replies":[{"embeddable":true,"href":"https:\/\/betwinner.tips\/lv\/wp-json\/wp\/v2\/comments?post=2"}],"version-history":[{"count":61,"href":"https:\/\/betwinner.tips\/lv\/wp-json\/wp\/v2\/pages\/2\/revisions"}],"predecessor-version":[{"id":509,"href":"https:\/\/betwinner.tips\/lv\/wp-json\/wp\/v2\/pages\/2\/revisions\/509"}],"wp:attachment":[{"href":"https:\/\/betwinner.tips\/lv\/wp-json\/wp\/v2\/media?parent=2"}],"curies":[{"name":"wp","href":"https:\/\/api.w.org\/{rel}","templated":true}]}}