{"id":220,"date":"2024-10-17T06:13:26","date_gmt":"2024-10-17T06:13:26","guid":{"rendered":"https:\/\/betwinner.tips\/lv\/?page_id=220"},"modified":"2026-04-10T17:55:55","modified_gmt":"2026-04-10T17:55:55","slug":"promo-code","status":"publish","type":"page","link":"https:\/\/betwinner.tips\/lv\/promo-code\/","title":{"rendered":"Akcijas kods"},"content":{"rendered":"","protected":false},"excerpt":{"rendered":"","protected":false},"author":1,"featured_media":0,"parent":0,"menu_order":0,"comment_status":"closed","ping_status":"closed","template":"","meta":{"footnotes":""},"class_list":["post-220","page","type-page","status-publish","hentry"],"yoast_head":"<!-- This site is optimized with the Yoast SEO plugin v25.6 - https:\/\/yoast.com\/wordpress\/plugins\/seo\/ -->\n<title>Betwinner Akcijas kods 2026 \u1409 Izmanto savus bonusus piln\u012bb\u0101<\/title>\n<meta name=\"description\" content=\"Ieg\u016bstiet savu ekskluz\u012bvo Betwinner akcijas kodu un atveriet nep\u0101rsp\u0113jamus bonusus, kas uzlabos j\u016bsu der\u012bbu pieredzi. Nepalaidiet gar\u0101m \u0161o iesp\u0113ju \u2013 izmantojiet savu priek\u0161roc\u012bbu jau \u0161odien!\" \/>\n<meta name=\"robots\" content=\"index, follow, max-snippet:-1, max-image-preview:large, max-video-preview:-1\" \/>\n<meta property=\"og:locale\" content=\"lv_LV\" \/>\n<meta property=\"og:type\" content=\"article\" \/>\n<meta property=\"og:title\" content=\"Betwinner Akcijas kods 2026 \u1409 Izmanto savus bonusus piln\u012bb\u0101\" \/>\n<meta property=\"og:description\" content=\"Ieg\u016bstiet savu ekskluz\u012bvo Betwinner akcijas kodu un atveriet nep\u0101rsp\u0113jamus bonusus, kas uzlabos j\u016bsu der\u012bbu pieredzi. Nepalaidiet gar\u0101m \u0161o iesp\u0113ju \u2013 izmantojiet savu priek\u0161roc\u012bbu jau \u0161odien!\" \/>\n<meta property=\"og:url\" content=\"https:\/\/betwinner.tips\/lv\/promo-code\/\" \/>\n<meta property=\"og:site_name\" content=\"Betwinner Tips lv\" \/>\n<meta property=\"article:modified_time\" content=\"2026-04-10T17:55:55+00:00\" \/>\n<meta name=\"twitter:card\" content=\"summary_large_image\" \/>\n<script type=\"application\/ld+json\" class=\"yoast-schema-graph\">{\"@context\":\"https:\/\/schema.org\",\"@graph\":[{\"@type\":\"WebPage\",\"@id\":\"https:\/\/betwinner.tips\/lv\/promo-code\/\",\"url\":\"https:\/\/betwinner.tips\/lv\/promo-code\/\",\"name\":\"Betwinner Akcijas kods 2026 \u1409 Izmanto savus bonusus piln\u012bb\u0101\",\"isPartOf\":{\"@id\":\"https:\/\/betwinner.tips\/lv\/#website\"},\"datePublished\":\"2024-10-17T06:13:26+00:00\",\"dateModified\":\"2026-04-10T17:55:55+00:00\",\"description\":\"Ieg\u016bstiet savu ekskluz\u012bvo Betwinner akcijas kodu un atveriet nep\u0101rsp\u0113jamus bonusus, kas uzlabos j\u016bsu der\u012bbu pieredzi. Nepalaidiet gar\u0101m \u0161o iesp\u0113ju \u2013 izmantojiet savu priek\u0161roc\u012bbu jau \u0161odien!\",\"breadcrumb\":{\"@id\":\"https:\/\/betwinner.tips\/lv\/promo-code\/#breadcrumb\"},\"inLanguage\":\"lv-LV\",\"potentialAction\":[{\"@type\":\"ReadAction\",\"target\":[\"https:\/\/betwinner.tips\/lv\/promo-code\/\"]}]},{\"@type\":\"BreadcrumbList\",\"@id\":\"https:\/\/betwinner.tips\/lv\/promo-code\/#breadcrumb\",\"itemListElement\":[{\"@type\":\"ListItem\",\"position\":1,\"name\":\"Home\",\"item\":\"https:\/\/betwinner.tips\/lv\/\"},{\"@type\":\"ListItem\",\"position\":2,\"name\":\"Akcijas kods\"}]},{\"@type\":\"WebSite\",\"@id\":\"https:\/\/betwinner.tips\/lv\/#website\",\"url\":\"https:\/\/betwinner.tips\/lv\/\",\"name\":\"Betwinner Tips lv\",\"description\":\"My WordPress Blog\",\"potentialAction\":[{\"@type\":\"SearchAction\",\"target\":{\"@type\":\"EntryPoint\",\"urlTemplate\":\"https:\/\/betwinner.tips\/lv\/?s={search_term_string}\"},\"query-input\":{\"@type\":\"PropertyValueSpecification\",\"valueRequired\":true,\"valueName\":\"search_term_string\"}}],\"inLanguage\":\"lv-LV\"}]}<\/script>\n<!-- \/ Yoast SEO plugin. -->","yoast_head_json":{"title":"Betwinner Akcijas kods 2026 \u1409 Izmanto savus bonusus piln\u012bb\u0101","description":"Ieg\u016bstiet savu ekskluz\u012bvo Betwinner akcijas kodu un atveriet nep\u0101rsp\u0113jamus bonusus, kas uzlabos j\u016bsu der\u012bbu pieredzi. Nepalaidiet gar\u0101m \u0161o iesp\u0113ju \u2013 izmantojiet savu priek\u0161roc\u012bbu jau \u0161odien!","robots":{"index":"index","follow":"follow","max-snippet":"max-snippet:-1","max-image-preview":"max-image-preview:large","max-video-preview":"max-video-preview:-1"},"og_locale":"lv_LV","og_type":"article","og_title":"Betwinner Akcijas kods 2026 \u1409 Izmanto savus bonusus piln\u012bb\u0101","og_description":"Ieg\u016bstiet savu ekskluz\u012bvo Betwinner akcijas kodu un atveriet nep\u0101rsp\u0113jamus bonusus, kas uzlabos j\u016bsu der\u012bbu pieredzi. Nepalaidiet gar\u0101m \u0161o iesp\u0113ju \u2013 izmantojiet savu priek\u0161roc\u012bbu jau \u0161odien!","og_url":"https:\/\/betwinner.tips\/lv\/promo-code\/","og_site_name":"Betwinner Tips lv","article_modified_time":"2026-04-10T17:55:55+00:00","twitter_card":"summary_large_image","schema":{"@context":"https:\/\/schema.org","@graph":[{"@type":"WebPage","@id":"https:\/\/betwinner.tips\/lv\/promo-code\/","url":"https:\/\/betwinner.tips\/lv\/promo-code\/","name":"Betwinner Akcijas kods 2026 \u1409 Izmanto savus bonusus piln\u012bb\u0101","isPartOf":{"@id":"https:\/\/betwinner.tips\/lv\/#website"},"datePublished":"2024-10-17T06:13:26+00:00","dateModified":"2026-04-10T17:55:55+00:00","description":"Ieg\u016bstiet savu ekskluz\u012bvo Betwinner akcijas kodu un atveriet nep\u0101rsp\u0113jamus bonusus, kas uzlabos j\u016bsu der\u012bbu pieredzi. Nepalaidiet gar\u0101m \u0161o iesp\u0113ju \u2013 izmantojiet savu priek\u0161roc\u012bbu jau \u0161odien!","breadcrumb":{"@id":"https:\/\/betwinner.tips\/lv\/promo-code\/#breadcrumb"},"inLanguage":"lv-LV","potentialAction":[{"@type":"ReadAction","target":["https:\/\/betwinner.tips\/lv\/promo-code\/"]}]},{"@type":"BreadcrumbList","@id":"https:\/\/betwinner.tips\/lv\/promo-code\/#breadcrumb","itemListElement":[{"@type":"ListItem","position":1,"name":"Home","item":"https:\/\/betwinner.tips\/lv\/"},{"@type":"ListItem","position":2,"name":"Akcijas kods"}]},{"@type":"WebSite","@id":"https:\/\/betwinner.tips\/lv\/#website","url":"https:\/\/betwinner.tips\/lv\/","name":"Betwinner Tips lv","description":"My WordPress Blog","potentialAction":[{"@type":"SearchAction","target":{"@type":"EntryPoint","urlTemplate":"https:\/\/betwinner.tips\/lv\/?s={search_term_string}"},"query-input":{"@type":"PropertyValueSpecification","valueRequired":true,"valueName":"search_term_string"}}],"inLanguage":"lv-LV"}]}},"_links":{"self":[{"href":"https:\/\/betwinner.tips\/lv\/wp-json\/wp\/v2\/pages\/220","targetHints":{"allow":["GET"]}}],"collection":[{"href":"https:\/\/betwinner.tips\/lv\/wp-json\/wp\/v2\/pages"}],"about":[{"href":"https:\/\/betwinner.tips\/lv\/wp-json\/wp\/v2\/types\/page"}],"author":[{"embeddable":true,"href":"https:\/\/betwinner.tips\/lv\/wp-json\/wp\/v2\/users\/1"}],"replies":[{"embeddable":true,"href":"https:\/\/betwinner.tips\/lv\/wp-json\/wp\/v2\/comments?post=220"}],"version-history":[{"count":10,"href":"https:\/\/betwinner.tips\/lv\/wp-json\/wp\/v2\/pages\/220\/revisions"}],"predecessor-version":[{"id":513,"href":"https:\/\/betwinner.tips\/lv\/wp-json\/wp\/v2\/pages\/220\/revisions\/513"}],"wp:attachment":[{"href":"https:\/\/betwinner.tips\/lv\/wp-json\/wp\/v2\/media?parent=220"}],"curies":[{"name":"wp","href":"https:\/\/api.w.org\/{rel}","templated":true}]}}