{"id":253,"date":"2024-10-29T07:41:20","date_gmt":"2024-10-29T07:41:20","guid":{"rendered":"https:\/\/betwinner.tips\/lv\/?page_id=253"},"modified":"2026-04-10T15:57:17","modified_gmt":"2026-04-10T15:57:17","slug":"apk","status":"publish","type":"page","link":"https:\/\/betwinner.tips\/lv\/apk\/","title":{"rendered":"Apk"},"content":{"rendered":"","protected":false},"excerpt":{"rendered":"","protected":false},"author":1,"featured_media":0,"parent":0,"menu_order":0,"comment_status":"closed","ping_status":"closed","template":"","meta":{"footnotes":""},"class_list":["post-253","page","type-page","status-publish","hentry"],"yoast_head":"<!-- This site is optimized with the Yoast SEO plugin v25.6 - https:\/\/yoast.com\/wordpress\/plugins\/seo\/ -->\n<title>Betwinner APK \u2b07\ufe0f Lejupiel\u0101d\u0113t APK failu Android un iOS ier\u012bc\u0113m 2026<\/title>\n<meta name=\"description\" content=\"Lejupiel\u0101d\u0113jiet un instal\u0113jiet \u201eBetwinner Apk\u201c sav\u0101 Android vai iOS ier\u012bc\u0113, izmantojot m\u016bsu soli pa solim izstr\u0101d\u0101to rokasgr\u0101matu. Atkl\u0101jiet mobil\u0101s likmes un kazino sp\u0113les ar \u201eBetwinner Mobile Apk\u201c \u2b50 Lejupiel\u0101d\u0113jiet \u201eBetwinner Apk\u201c\" \/>\n<meta name=\"robots\" content=\"index, follow, max-snippet:-1, max-image-preview:large, max-video-preview:-1\" \/>\n<meta property=\"og:locale\" content=\"lv_LV\" \/>\n<meta property=\"og:type\" content=\"article\" \/>\n<meta property=\"og:title\" content=\"Betwinner APK \u2b07\ufe0f Lejupiel\u0101d\u0113t APK failu Android un iOS ier\u012bc\u0113m 2026\" \/>\n<meta property=\"og:description\" content=\"Lejupiel\u0101d\u0113jiet un instal\u0113jiet \u201eBetwinner Apk\u201c sav\u0101 Android vai iOS ier\u012bc\u0113, izmantojot m\u016bsu soli pa solim izstr\u0101d\u0101to rokasgr\u0101matu. Atkl\u0101jiet mobil\u0101s likmes un kazino sp\u0113les ar \u201eBetwinner Mobile Apk\u201c \u2b50 Lejupiel\u0101d\u0113jiet \u201eBetwinner Apk\u201c\" \/>\n<meta property=\"og:url\" content=\"https:\/\/betwinner.tips\/lv\/apk\/\" \/>\n<meta property=\"og:site_name\" content=\"Betwinner Tips lv\" \/>\n<meta property=\"article:modified_time\" content=\"2026-04-10T15:57:17+00:00\" \/>\n<meta name=\"twitter:card\" content=\"summary_large_image\" \/>\n<script type=\"application\/ld+json\" class=\"yoast-schema-graph\">{\"@context\":\"https:\/\/schema.org\",\"@graph\":[{\"@type\":\"WebPage\",\"@id\":\"https:\/\/betwinner.tips\/lv\/apk\/\",\"url\":\"https:\/\/betwinner.tips\/lv\/apk\/\",\"name\":\"Betwinner APK \u2b07\ufe0f Lejupiel\u0101d\u0113t APK failu Android un iOS ier\u012bc\u0113m 2026\",\"isPartOf\":{\"@id\":\"https:\/\/betwinner.tips\/lv\/#website\"},\"datePublished\":\"2024-10-29T07:41:20+00:00\",\"dateModified\":\"2026-04-10T15:57:17+00:00\",\"description\":\"Lejupiel\u0101d\u0113jiet un instal\u0113jiet \u201eBetwinner Apk\u201c sav\u0101 Android vai iOS ier\u012bc\u0113, izmantojot m\u016bsu soli pa solim izstr\u0101d\u0101to rokasgr\u0101matu. Atkl\u0101jiet mobil\u0101s likmes un kazino sp\u0113les ar \u201eBetwinner Mobile Apk\u201c \u2b50 Lejupiel\u0101d\u0113jiet \u201eBetwinner Apk\u201c\",\"breadcrumb\":{\"@id\":\"https:\/\/betwinner.tips\/lv\/apk\/#breadcrumb\"},\"inLanguage\":\"lv-LV\",\"potentialAction\":[{\"@type\":\"ReadAction\",\"target\":[\"https:\/\/betwinner.tips\/lv\/apk\/\"]}]},{\"@type\":\"BreadcrumbList\",\"@id\":\"https:\/\/betwinner.tips\/lv\/apk\/#breadcrumb\",\"itemListElement\":[{\"@type\":\"ListItem\",\"position\":1,\"name\":\"Home\",\"item\":\"https:\/\/betwinner.tips\/lv\/\"},{\"@type\":\"ListItem\",\"position\":2,\"name\":\"Apk\"}]},{\"@type\":\"WebSite\",\"@id\":\"https:\/\/betwinner.tips\/lv\/#website\",\"url\":\"https:\/\/betwinner.tips\/lv\/\",\"name\":\"Betwinner Tips lv\",\"description\":\"My WordPress Blog\",\"potentialAction\":[{\"@type\":\"SearchAction\",\"target\":{\"@type\":\"EntryPoint\",\"urlTemplate\":\"https:\/\/betwinner.tips\/lv\/?s={search_term_string}\"},\"query-input\":{\"@type\":\"PropertyValueSpecification\",\"valueRequired\":true,\"valueName\":\"search_term_string\"}}],\"inLanguage\":\"lv-LV\"}]}<\/script>\n<!-- \/ Yoast SEO plugin. -->","yoast_head_json":{"title":"Betwinner APK \u2b07\ufe0f Lejupiel\u0101d\u0113t APK failu Android un iOS ier\u012bc\u0113m 2026","description":"Lejupiel\u0101d\u0113jiet un instal\u0113jiet \u201eBetwinner Apk\u201c sav\u0101 Android vai iOS ier\u012bc\u0113, izmantojot m\u016bsu soli pa solim izstr\u0101d\u0101to rokasgr\u0101matu. Atkl\u0101jiet mobil\u0101s likmes un kazino sp\u0113les ar \u201eBetwinner Mobile Apk\u201c \u2b50 Lejupiel\u0101d\u0113jiet \u201eBetwinner Apk\u201c","robots":{"index":"index","follow":"follow","max-snippet":"max-snippet:-1","max-image-preview":"max-image-preview:large","max-video-preview":"max-video-preview:-1"},"og_locale":"lv_LV","og_type":"article","og_title":"Betwinner APK \u2b07\ufe0f Lejupiel\u0101d\u0113t APK failu Android un iOS ier\u012bc\u0113m 2026","og_description":"Lejupiel\u0101d\u0113jiet un instal\u0113jiet \u201eBetwinner Apk\u201c sav\u0101 Android vai iOS ier\u012bc\u0113, izmantojot m\u016bsu soli pa solim izstr\u0101d\u0101to rokasgr\u0101matu. Atkl\u0101jiet mobil\u0101s likmes un kazino sp\u0113les ar \u201eBetwinner Mobile Apk\u201c \u2b50 Lejupiel\u0101d\u0113jiet \u201eBetwinner Apk\u201c","og_url":"https:\/\/betwinner.tips\/lv\/apk\/","og_site_name":"Betwinner Tips lv","article_modified_time":"2026-04-10T15:57:17+00:00","twitter_card":"summary_large_image","schema":{"@context":"https:\/\/schema.org","@graph":[{"@type":"WebPage","@id":"https:\/\/betwinner.tips\/lv\/apk\/","url":"https:\/\/betwinner.tips\/lv\/apk\/","name":"Betwinner APK \u2b07\ufe0f Lejupiel\u0101d\u0113t APK failu Android un iOS ier\u012bc\u0113m 2026","isPartOf":{"@id":"https:\/\/betwinner.tips\/lv\/#website"},"datePublished":"2024-10-29T07:41:20+00:00","dateModified":"2026-04-10T15:57:17+00:00","description":"Lejupiel\u0101d\u0113jiet un instal\u0113jiet \u201eBetwinner Apk\u201c sav\u0101 Android vai iOS ier\u012bc\u0113, izmantojot m\u016bsu soli pa solim izstr\u0101d\u0101to rokasgr\u0101matu. Atkl\u0101jiet mobil\u0101s likmes un kazino sp\u0113les ar \u201eBetwinner Mobile Apk\u201c \u2b50 Lejupiel\u0101d\u0113jiet \u201eBetwinner Apk\u201c","breadcrumb":{"@id":"https:\/\/betwinner.tips\/lv\/apk\/#breadcrumb"},"inLanguage":"lv-LV","potentialAction":[{"@type":"ReadAction","target":["https:\/\/betwinner.tips\/lv\/apk\/"]}]},{"@type":"BreadcrumbList","@id":"https:\/\/betwinner.tips\/lv\/apk\/#breadcrumb","itemListElement":[{"@type":"ListItem","position":1,"name":"Home","item":"https:\/\/betwinner.tips\/lv\/"},{"@type":"ListItem","position":2,"name":"Apk"}]},{"@type":"WebSite","@id":"https:\/\/betwinner.tips\/lv\/#website","url":"https:\/\/betwinner.tips\/lv\/","name":"Betwinner Tips lv","description":"My WordPress Blog","potentialAction":[{"@type":"SearchAction","target":{"@type":"EntryPoint","urlTemplate":"https:\/\/betwinner.tips\/lv\/?s={search_term_string}"},"query-input":{"@type":"PropertyValueSpecification","valueRequired":true,"valueName":"search_term_string"}}],"inLanguage":"lv-LV"}]}},"_links":{"self":[{"href":"https:\/\/betwinner.tips\/lv\/wp-json\/wp\/v2\/pages\/253","targetHints":{"allow":["GET"]}}],"collection":[{"href":"https:\/\/betwinner.tips\/lv\/wp-json\/wp\/v2\/pages"}],"about":[{"href":"https:\/\/betwinner.tips\/lv\/wp-json\/wp\/v2\/types\/page"}],"author":[{"embeddable":true,"href":"https:\/\/betwinner.tips\/lv\/wp-json\/wp\/v2\/users\/1"}],"replies":[{"embeddable":true,"href":"https:\/\/betwinner.tips\/lv\/wp-json\/wp\/v2\/comments?post=253"}],"version-history":[{"count":6,"href":"https:\/\/betwinner.tips\/lv\/wp-json\/wp\/v2\/pages\/253\/revisions"}],"predecessor-version":[{"id":502,"href":"https:\/\/betwinner.tips\/lv\/wp-json\/wp\/v2\/pages\/253\/revisions\/502"}],"wp:attachment":[{"href":"https:\/\/betwinner.tips\/lv\/wp-json\/wp\/v2\/media?parent=253"}],"curies":[{"name":"wp","href":"https:\/\/api.w.org\/{rel}","templated":true}]}}