{"id":273,"date":"2024-10-30T08:26:29","date_gmt":"2024-10-30T08:26:29","guid":{"rendered":"https:\/\/betwinner.tips\/lv\/?page_id=273"},"modified":"2026-04-10T17:59:22","modified_gmt":"2026-04-10T17:59:22","slug":"registration","status":"publish","type":"page","link":"https:\/\/betwinner.tips\/lv\/registration\/","title":{"rendered":"Re\u0123istr\u0101cija"},"content":{"rendered":"","protected":false},"excerpt":{"rendered":"","protected":false},"author":1,"featured_media":0,"parent":0,"menu_order":0,"comment_status":"closed","ping_status":"closed","template":"","meta":{"footnotes":""},"class_list":["post-273","page","type-page","status-publish","hentry"],"yoast_head":"<!-- This site is optimized with the Yoast SEO plugin v25.6 - https:\/\/yoast.com\/wordpress\/plugins\/seo\/ -->\n<title>Betwinner re\u0123istr\u0101cija \ud83d\udd39 Izveidojiet savu kontu jau \u0161odien<\/title>\n<meta name=\"description\" content=\"Re\u0123istr\u0113jieties Betwinner un atkl\u0101jiet savu der\u012bbu potenci\u0101lu. Izlasiet m\u016bsu ce\u013cvedi, lai re\u0123istr\u0101cijas process norit\u0113tu bez probl\u0113m\u0101m! Pievienojieties aizraujo\u0161aj\u0101m der\u012bb\u0101m kop\u0101 ar Betwinner!\" \/>\n<meta name=\"robots\" content=\"index, follow, max-snippet:-1, max-image-preview:large, max-video-preview:-1\" \/>\n<meta property=\"og:locale\" content=\"lv_LV\" \/>\n<meta property=\"og:type\" content=\"article\" \/>\n<meta property=\"og:title\" content=\"Betwinner re\u0123istr\u0101cija \ud83d\udd39 Izveidojiet savu kontu jau \u0161odien\" \/>\n<meta property=\"og:description\" content=\"Re\u0123istr\u0113jieties Betwinner un atkl\u0101jiet savu der\u012bbu potenci\u0101lu. Izlasiet m\u016bsu ce\u013cvedi, lai re\u0123istr\u0101cijas process norit\u0113tu bez probl\u0113m\u0101m! Pievienojieties aizraujo\u0161aj\u0101m der\u012bb\u0101m kop\u0101 ar Betwinner!\" \/>\n<meta property=\"og:url\" content=\"https:\/\/betwinner.tips\/lv\/registration\/\" \/>\n<meta property=\"og:site_name\" content=\"Betwinner Tips lv\" \/>\n<meta property=\"article:modified_time\" content=\"2026-04-10T17:59:22+00:00\" \/>\n<meta name=\"twitter:card\" content=\"summary_large_image\" \/>\n<script type=\"application\/ld+json\" class=\"yoast-schema-graph\">{\"@context\":\"https:\/\/schema.org\",\"@graph\":[{\"@type\":\"WebPage\",\"@id\":\"https:\/\/betwinner.tips\/lv\/registration\/\",\"url\":\"https:\/\/betwinner.tips\/lv\/registration\/\",\"name\":\"Betwinner re\u0123istr\u0101cija \ud83d\udd39 Izveidojiet savu kontu jau \u0161odien\",\"isPartOf\":{\"@id\":\"https:\/\/betwinner.tips\/lv\/#website\"},\"datePublished\":\"2024-10-30T08:26:29+00:00\",\"dateModified\":\"2026-04-10T17:59:22+00:00\",\"description\":\"Re\u0123istr\u0113jieties Betwinner un atkl\u0101jiet savu der\u012bbu potenci\u0101lu. Izlasiet m\u016bsu ce\u013cvedi, lai re\u0123istr\u0101cijas process norit\u0113tu bez probl\u0113m\u0101m! Pievienojieties aizraujo\u0161aj\u0101m der\u012bb\u0101m kop\u0101 ar Betwinner!\",\"breadcrumb\":{\"@id\":\"https:\/\/betwinner.tips\/lv\/registration\/#breadcrumb\"},\"inLanguage\":\"lv-LV\",\"potentialAction\":[{\"@type\":\"ReadAction\",\"target\":[\"https:\/\/betwinner.tips\/lv\/registration\/\"]}]},{\"@type\":\"BreadcrumbList\",\"@id\":\"https:\/\/betwinner.tips\/lv\/registration\/#breadcrumb\",\"itemListElement\":[{\"@type\":\"ListItem\",\"position\":1,\"name\":\"Home\",\"item\":\"https:\/\/betwinner.tips\/lv\/\"},{\"@type\":\"ListItem\",\"position\":2,\"name\":\"Re\u0123istr\u0101cija\"}]},{\"@type\":\"WebSite\",\"@id\":\"https:\/\/betwinner.tips\/lv\/#website\",\"url\":\"https:\/\/betwinner.tips\/lv\/\",\"name\":\"Betwinner Tips lv\",\"description\":\"My WordPress Blog\",\"potentialAction\":[{\"@type\":\"SearchAction\",\"target\":{\"@type\":\"EntryPoint\",\"urlTemplate\":\"https:\/\/betwinner.tips\/lv\/?s={search_term_string}\"},\"query-input\":{\"@type\":\"PropertyValueSpecification\",\"valueRequired\":true,\"valueName\":\"search_term_string\"}}],\"inLanguage\":\"lv-LV\"}]}<\/script>\n<!-- \/ Yoast SEO plugin. -->","yoast_head_json":{"title":"Betwinner re\u0123istr\u0101cija \ud83d\udd39 Izveidojiet savu kontu jau \u0161odien","description":"Re\u0123istr\u0113jieties Betwinner un atkl\u0101jiet savu der\u012bbu potenci\u0101lu. Izlasiet m\u016bsu ce\u013cvedi, lai re\u0123istr\u0101cijas process norit\u0113tu bez probl\u0113m\u0101m! Pievienojieties aizraujo\u0161aj\u0101m der\u012bb\u0101m kop\u0101 ar Betwinner!","robots":{"index":"index","follow":"follow","max-snippet":"max-snippet:-1","max-image-preview":"max-image-preview:large","max-video-preview":"max-video-preview:-1"},"og_locale":"lv_LV","og_type":"article","og_title":"Betwinner re\u0123istr\u0101cija \ud83d\udd39 Izveidojiet savu kontu jau \u0161odien","og_description":"Re\u0123istr\u0113jieties Betwinner un atkl\u0101jiet savu der\u012bbu potenci\u0101lu. Izlasiet m\u016bsu ce\u013cvedi, lai re\u0123istr\u0101cijas process norit\u0113tu bez probl\u0113m\u0101m! Pievienojieties aizraujo\u0161aj\u0101m der\u012bb\u0101m kop\u0101 ar Betwinner!","og_url":"https:\/\/betwinner.tips\/lv\/registration\/","og_site_name":"Betwinner Tips lv","article_modified_time":"2026-04-10T17:59:22+00:00","twitter_card":"summary_large_image","schema":{"@context":"https:\/\/schema.org","@graph":[{"@type":"WebPage","@id":"https:\/\/betwinner.tips\/lv\/registration\/","url":"https:\/\/betwinner.tips\/lv\/registration\/","name":"Betwinner re\u0123istr\u0101cija \ud83d\udd39 Izveidojiet savu kontu jau \u0161odien","isPartOf":{"@id":"https:\/\/betwinner.tips\/lv\/#website"},"datePublished":"2024-10-30T08:26:29+00:00","dateModified":"2026-04-10T17:59:22+00:00","description":"Re\u0123istr\u0113jieties Betwinner un atkl\u0101jiet savu der\u012bbu potenci\u0101lu. Izlasiet m\u016bsu ce\u013cvedi, lai re\u0123istr\u0101cijas process norit\u0113tu bez probl\u0113m\u0101m! Pievienojieties aizraujo\u0161aj\u0101m der\u012bb\u0101m kop\u0101 ar Betwinner!","breadcrumb":{"@id":"https:\/\/betwinner.tips\/lv\/registration\/#breadcrumb"},"inLanguage":"lv-LV","potentialAction":[{"@type":"ReadAction","target":["https:\/\/betwinner.tips\/lv\/registration\/"]}]},{"@type":"BreadcrumbList","@id":"https:\/\/betwinner.tips\/lv\/registration\/#breadcrumb","itemListElement":[{"@type":"ListItem","position":1,"name":"Home","item":"https:\/\/betwinner.tips\/lv\/"},{"@type":"ListItem","position":2,"name":"Re\u0123istr\u0101cija"}]},{"@type":"WebSite","@id":"https:\/\/betwinner.tips\/lv\/#website","url":"https:\/\/betwinner.tips\/lv\/","name":"Betwinner Tips lv","description":"My WordPress Blog","potentialAction":[{"@type":"SearchAction","target":{"@type":"EntryPoint","urlTemplate":"https:\/\/betwinner.tips\/lv\/?s={search_term_string}"},"query-input":{"@type":"PropertyValueSpecification","valueRequired":true,"valueName":"search_term_string"}}],"inLanguage":"lv-LV"}]}},"_links":{"self":[{"href":"https:\/\/betwinner.tips\/lv\/wp-json\/wp\/v2\/pages\/273","targetHints":{"allow":["GET"]}}],"collection":[{"href":"https:\/\/betwinner.tips\/lv\/wp-json\/wp\/v2\/pages"}],"about":[{"href":"https:\/\/betwinner.tips\/lv\/wp-json\/wp\/v2\/types\/page"}],"author":[{"embeddable":true,"href":"https:\/\/betwinner.tips\/lv\/wp-json\/wp\/v2\/users\/1"}],"replies":[{"embeddable":true,"href":"https:\/\/betwinner.tips\/lv\/wp-json\/wp\/v2\/comments?post=273"}],"version-history":[{"count":6,"href":"https:\/\/betwinner.tips\/lv\/wp-json\/wp\/v2\/pages\/273\/revisions"}],"predecessor-version":[{"id":515,"href":"https:\/\/betwinner.tips\/lv\/wp-json\/wp\/v2\/pages\/273\/revisions\/515"}],"wp:attachment":[{"href":"https:\/\/betwinner.tips\/lv\/wp-json\/wp\/v2\/media?parent=273"}],"curies":[{"name":"wp","href":"https:\/\/api.w.org\/{rel}","templated":true}]}}