{"id":290,"date":"2024-10-30T14:57:05","date_gmt":"2024-10-30T14:57:05","guid":{"rendered":"https:\/\/betwinner.tips\/lv\/?page_id=290"},"modified":"2026-04-10T17:52:30","modified_gmt":"2026-04-10T17:52:30","slug":"login","status":"publish","type":"page","link":"https:\/\/betwinner.tips\/lv\/login\/","title":{"rendered":"Piesl\u0113gties"},"content":{"rendered":"","protected":false},"excerpt":{"rendered":"","protected":false},"author":1,"featured_media":0,"parent":0,"menu_order":0,"comment_status":"closed","ping_status":"closed","template":"","meta":{"footnotes":""},"class_list":["post-290","page","type-page","status-publish","hentry"],"yoast_head":"<!-- This site is optimized with the Yoast SEO plugin v25.6 - https:\/\/yoast.com\/wordpress\/plugins\/seo\/ -->\n<title>Betwinner pieteik\u0161an\u0101s \u2611\ufe0f Ofici\u0101l\u0101 vietne un padoms par dro\u0161u piek\u013cuvi<\/title>\n<meta name=\"description\" content=\"K\u0101 ieiet sav\u0101 Betwinner kont\u0101 \u2611\ufe0f Apmekl\u0113jiet Betwinner t\u012bmek\u013ca vietni un noklik\u0161\u0137iniet uz pogas \u201eIeeja\u201c \u2713 Betwinner konta re\u0123istr\u0101cija un verifik\u0101cija\" \/>\n<meta name=\"robots\" content=\"index, follow, max-snippet:-1, max-image-preview:large, max-video-preview:-1\" \/>\n<meta property=\"og:locale\" content=\"lv_LV\" \/>\n<meta property=\"og:type\" content=\"article\" \/>\n<meta property=\"og:title\" content=\"Betwinner pieteik\u0161an\u0101s \u2611\ufe0f Ofici\u0101l\u0101 vietne un padoms par dro\u0161u piek\u013cuvi\" \/>\n<meta property=\"og:description\" content=\"K\u0101 ieiet sav\u0101 Betwinner kont\u0101 \u2611\ufe0f Apmekl\u0113jiet Betwinner t\u012bmek\u013ca vietni un noklik\u0161\u0137iniet uz pogas \u201eIeeja\u201c \u2713 Betwinner konta re\u0123istr\u0101cija un verifik\u0101cija\" \/>\n<meta property=\"og:url\" content=\"https:\/\/betwinner.tips\/lv\/login\/\" \/>\n<meta property=\"og:site_name\" content=\"Betwinner Tips lv\" \/>\n<meta property=\"article:modified_time\" content=\"2026-04-10T17:52:30+00:00\" \/>\n<meta name=\"twitter:card\" content=\"summary_large_image\" \/>\n<script type=\"application\/ld+json\" class=\"yoast-schema-graph\">{\"@context\":\"https:\/\/schema.org\",\"@graph\":[{\"@type\":\"WebPage\",\"@id\":\"https:\/\/betwinner.tips\/lv\/login\/\",\"url\":\"https:\/\/betwinner.tips\/lv\/login\/\",\"name\":\"Betwinner pieteik\u0161an\u0101s \u2611\ufe0f Ofici\u0101l\u0101 vietne un padoms par dro\u0161u piek\u013cuvi\",\"isPartOf\":{\"@id\":\"https:\/\/betwinner.tips\/lv\/#website\"},\"datePublished\":\"2024-10-30T14:57:05+00:00\",\"dateModified\":\"2026-04-10T17:52:30+00:00\",\"description\":\"K\u0101 ieiet sav\u0101 Betwinner kont\u0101 \u2611\ufe0f Apmekl\u0113jiet Betwinner t\u012bmek\u013ca vietni un noklik\u0161\u0137iniet uz pogas \u201eIeeja\u201c \u2713 Betwinner konta re\u0123istr\u0101cija un verifik\u0101cija\",\"breadcrumb\":{\"@id\":\"https:\/\/betwinner.tips\/lv\/login\/#breadcrumb\"},\"inLanguage\":\"lv-LV\",\"potentialAction\":[{\"@type\":\"ReadAction\",\"target\":[\"https:\/\/betwinner.tips\/lv\/login\/\"]}]},{\"@type\":\"BreadcrumbList\",\"@id\":\"https:\/\/betwinner.tips\/lv\/login\/#breadcrumb\",\"itemListElement\":[{\"@type\":\"ListItem\",\"position\":1,\"name\":\"Home\",\"item\":\"https:\/\/betwinner.tips\/lv\/\"},{\"@type\":\"ListItem\",\"position\":2,\"name\":\"Piesl\u0113gties\"}]},{\"@type\":\"WebSite\",\"@id\":\"https:\/\/betwinner.tips\/lv\/#website\",\"url\":\"https:\/\/betwinner.tips\/lv\/\",\"name\":\"Betwinner Tips lv\",\"description\":\"My WordPress Blog\",\"potentialAction\":[{\"@type\":\"SearchAction\",\"target\":{\"@type\":\"EntryPoint\",\"urlTemplate\":\"https:\/\/betwinner.tips\/lv\/?s={search_term_string}\"},\"query-input\":{\"@type\":\"PropertyValueSpecification\",\"valueRequired\":true,\"valueName\":\"search_term_string\"}}],\"inLanguage\":\"lv-LV\"}]}<\/script>\n<!-- \/ Yoast SEO plugin. -->","yoast_head_json":{"title":"Betwinner pieteik\u0161an\u0101s \u2611\ufe0f Ofici\u0101l\u0101 vietne un padoms par dro\u0161u piek\u013cuvi","description":"K\u0101 ieiet sav\u0101 Betwinner kont\u0101 \u2611\ufe0f Apmekl\u0113jiet Betwinner t\u012bmek\u013ca vietni un noklik\u0161\u0137iniet uz pogas \u201eIeeja\u201c \u2713 Betwinner konta re\u0123istr\u0101cija un verifik\u0101cija","robots":{"index":"index","follow":"follow","max-snippet":"max-snippet:-1","max-image-preview":"max-image-preview:large","max-video-preview":"max-video-preview:-1"},"og_locale":"lv_LV","og_type":"article","og_title":"Betwinner pieteik\u0161an\u0101s \u2611\ufe0f Ofici\u0101l\u0101 vietne un padoms par dro\u0161u piek\u013cuvi","og_description":"K\u0101 ieiet sav\u0101 Betwinner kont\u0101 \u2611\ufe0f Apmekl\u0113jiet Betwinner t\u012bmek\u013ca vietni un noklik\u0161\u0137iniet uz pogas \u201eIeeja\u201c \u2713 Betwinner konta re\u0123istr\u0101cija un verifik\u0101cija","og_url":"https:\/\/betwinner.tips\/lv\/login\/","og_site_name":"Betwinner Tips lv","article_modified_time":"2026-04-10T17:52:30+00:00","twitter_card":"summary_large_image","schema":{"@context":"https:\/\/schema.org","@graph":[{"@type":"WebPage","@id":"https:\/\/betwinner.tips\/lv\/login\/","url":"https:\/\/betwinner.tips\/lv\/login\/","name":"Betwinner pieteik\u0161an\u0101s \u2611\ufe0f Ofici\u0101l\u0101 vietne un padoms par dro\u0161u piek\u013cuvi","isPartOf":{"@id":"https:\/\/betwinner.tips\/lv\/#website"},"datePublished":"2024-10-30T14:57:05+00:00","dateModified":"2026-04-10T17:52:30+00:00","description":"K\u0101 ieiet sav\u0101 Betwinner kont\u0101 \u2611\ufe0f Apmekl\u0113jiet Betwinner t\u012bmek\u013ca vietni un noklik\u0161\u0137iniet uz pogas \u201eIeeja\u201c \u2713 Betwinner konta re\u0123istr\u0101cija un verifik\u0101cija","breadcrumb":{"@id":"https:\/\/betwinner.tips\/lv\/login\/#breadcrumb"},"inLanguage":"lv-LV","potentialAction":[{"@type":"ReadAction","target":["https:\/\/betwinner.tips\/lv\/login\/"]}]},{"@type":"BreadcrumbList","@id":"https:\/\/betwinner.tips\/lv\/login\/#breadcrumb","itemListElement":[{"@type":"ListItem","position":1,"name":"Home","item":"https:\/\/betwinner.tips\/lv\/"},{"@type":"ListItem","position":2,"name":"Piesl\u0113gties"}]},{"@type":"WebSite","@id":"https:\/\/betwinner.tips\/lv\/#website","url":"https:\/\/betwinner.tips\/lv\/","name":"Betwinner Tips lv","description":"My WordPress Blog","potentialAction":[{"@type":"SearchAction","target":{"@type":"EntryPoint","urlTemplate":"https:\/\/betwinner.tips\/lv\/?s={search_term_string}"},"query-input":{"@type":"PropertyValueSpecification","valueRequired":true,"valueName":"search_term_string"}}],"inLanguage":"lv-LV"}]}},"_links":{"self":[{"href":"https:\/\/betwinner.tips\/lv\/wp-json\/wp\/v2\/pages\/290","targetHints":{"allow":["GET"]}}],"collection":[{"href":"https:\/\/betwinner.tips\/lv\/wp-json\/wp\/v2\/pages"}],"about":[{"href":"https:\/\/betwinner.tips\/lv\/wp-json\/wp\/v2\/types\/page"}],"author":[{"embeddable":true,"href":"https:\/\/betwinner.tips\/lv\/wp-json\/wp\/v2\/users\/1"}],"replies":[{"embeddable":true,"href":"https:\/\/betwinner.tips\/lv\/wp-json\/wp\/v2\/comments?post=290"}],"version-history":[{"count":5,"href":"https:\/\/betwinner.tips\/lv\/wp-json\/wp\/v2\/pages\/290\/revisions"}],"predecessor-version":[{"id":511,"href":"https:\/\/betwinner.tips\/lv\/wp-json\/wp\/v2\/pages\/290\/revisions\/511"}],"wp:attachment":[{"href":"https:\/\/betwinner.tips\/lv\/wp-json\/wp\/v2\/media?parent=290"}],"curies":[{"name":"wp","href":"https:\/\/api.w.org\/{rel}","templated":true}]}}