{"id":321,"date":"2024-10-31T16:54:54","date_gmt":"2024-10-31T16:54:54","guid":{"rendered":"https:\/\/betwinner.tips\/lv\/?page_id=321"},"modified":"2026-04-10T16:01:02","modified_gmt":"2026-04-10T16:01:02","slug":"app","status":"publish","type":"page","link":"https:\/\/betwinner.tips\/lv\/app\/","title":{"rendered":"Lietotne"},"content":{"rendered":"","protected":false},"excerpt":{"rendered":"","protected":false},"author":1,"featured_media":0,"parent":0,"menu_order":0,"comment_status":"closed","ping_status":"closed","template":"","meta":{"footnotes":""},"class_list":["post-321","page","type-page","status-publish","hentry"],"yoast_head":"<!-- This site is optimized with the Yoast SEO plugin v25.6 - https:\/\/yoast.com\/wordpress\/plugins\/seo\/ -->\n<title>Betwinner lietotne \u2705 Lejupiel\u0101d\u0113jiet bez maksas Android un iOS ier\u012bc\u0113m<\/title>\n<meta name=\"description\" content=\"Atkl\u0101jiet neaizst\u0101jamu sp\u0113\u013cu pieredzi ar SpinBetter mobil\u0101s lietotnes pal\u012bdz\u012bbu! Izmantojiet savas iecien\u012bt\u0101k\u0101s izklaides iesp\u0113jas jebkur\u0101 laik\u0101 un jebkur\u0101 viet\u0101, k\u0101 ar\u012b izmantojiet ekskluz\u012bvas priek\u0161roc\u012bbas mobilaj\u0101m ier\u012bc\u0113m.\" \/>\n<meta name=\"robots\" content=\"index, follow, max-snippet:-1, max-image-preview:large, max-video-preview:-1\" \/>\n<meta property=\"og:locale\" content=\"lv_LV\" \/>\n<meta property=\"og:type\" content=\"article\" \/>\n<meta property=\"og:title\" content=\"Betwinner lietotne \u2705 Lejupiel\u0101d\u0113jiet bez maksas Android un iOS ier\u012bc\u0113m\" \/>\n<meta property=\"og:description\" content=\"Atkl\u0101jiet neaizst\u0101jamu sp\u0113\u013cu pieredzi ar SpinBetter mobil\u0101s lietotnes pal\u012bdz\u012bbu! Izmantojiet savas iecien\u012bt\u0101k\u0101s izklaides iesp\u0113jas jebkur\u0101 laik\u0101 un jebkur\u0101 viet\u0101, k\u0101 ar\u012b izmantojiet ekskluz\u012bvas priek\u0161roc\u012bbas mobilaj\u0101m ier\u012bc\u0113m.\" \/>\n<meta property=\"og:url\" content=\"https:\/\/betwinner.tips\/lv\/app\/\" \/>\n<meta property=\"og:site_name\" content=\"Betwinner Tips lv\" \/>\n<meta property=\"article:modified_time\" content=\"2026-04-10T16:01:02+00:00\" \/>\n<meta name=\"twitter:card\" content=\"summary_large_image\" \/>\n<script type=\"application\/ld+json\" class=\"yoast-schema-graph\">{\"@context\":\"https:\/\/schema.org\",\"@graph\":[{\"@type\":\"WebPage\",\"@id\":\"https:\/\/betwinner.tips\/lv\/app\/\",\"url\":\"https:\/\/betwinner.tips\/lv\/app\/\",\"name\":\"Betwinner lietotne \u2705 Lejupiel\u0101d\u0113jiet bez maksas Android un iOS ier\u012bc\u0113m\",\"isPartOf\":{\"@id\":\"https:\/\/betwinner.tips\/lv\/#website\"},\"datePublished\":\"2024-10-31T16:54:54+00:00\",\"dateModified\":\"2026-04-10T16:01:02+00:00\",\"description\":\"Atkl\u0101jiet neaizst\u0101jamu sp\u0113\u013cu pieredzi ar SpinBetter mobil\u0101s lietotnes pal\u012bdz\u012bbu! Izmantojiet savas iecien\u012bt\u0101k\u0101s izklaides iesp\u0113jas jebkur\u0101 laik\u0101 un jebkur\u0101 viet\u0101, k\u0101 ar\u012b izmantojiet ekskluz\u012bvas priek\u0161roc\u012bbas mobilaj\u0101m ier\u012bc\u0113m.\",\"breadcrumb\":{\"@id\":\"https:\/\/betwinner.tips\/lv\/app\/#breadcrumb\"},\"inLanguage\":\"lv-LV\",\"potentialAction\":[{\"@type\":\"ReadAction\",\"target\":[\"https:\/\/betwinner.tips\/lv\/app\/\"]}]},{\"@type\":\"BreadcrumbList\",\"@id\":\"https:\/\/betwinner.tips\/lv\/app\/#breadcrumb\",\"itemListElement\":[{\"@type\":\"ListItem\",\"position\":1,\"name\":\"Home\",\"item\":\"https:\/\/betwinner.tips\/lv\/\"},{\"@type\":\"ListItem\",\"position\":2,\"name\":\"Lietotne\"}]},{\"@type\":\"WebSite\",\"@id\":\"https:\/\/betwinner.tips\/lv\/#website\",\"url\":\"https:\/\/betwinner.tips\/lv\/\",\"name\":\"Betwinner Tips lv\",\"description\":\"My WordPress Blog\",\"potentialAction\":[{\"@type\":\"SearchAction\",\"target\":{\"@type\":\"EntryPoint\",\"urlTemplate\":\"https:\/\/betwinner.tips\/lv\/?s={search_term_string}\"},\"query-input\":{\"@type\":\"PropertyValueSpecification\",\"valueRequired\":true,\"valueName\":\"search_term_string\"}}],\"inLanguage\":\"lv-LV\"}]}<\/script>\n<!-- \/ Yoast SEO plugin. -->","yoast_head_json":{"title":"Betwinner lietotne \u2705 Lejupiel\u0101d\u0113jiet bez maksas Android un iOS ier\u012bc\u0113m","description":"Atkl\u0101jiet neaizst\u0101jamu sp\u0113\u013cu pieredzi ar SpinBetter mobil\u0101s lietotnes pal\u012bdz\u012bbu! Izmantojiet savas iecien\u012bt\u0101k\u0101s izklaides iesp\u0113jas jebkur\u0101 laik\u0101 un jebkur\u0101 viet\u0101, k\u0101 ar\u012b izmantojiet ekskluz\u012bvas priek\u0161roc\u012bbas mobilaj\u0101m ier\u012bc\u0113m.","robots":{"index":"index","follow":"follow","max-snippet":"max-snippet:-1","max-image-preview":"max-image-preview:large","max-video-preview":"max-video-preview:-1"},"og_locale":"lv_LV","og_type":"article","og_title":"Betwinner lietotne \u2705 Lejupiel\u0101d\u0113jiet bez maksas Android un iOS ier\u012bc\u0113m","og_description":"Atkl\u0101jiet neaizst\u0101jamu sp\u0113\u013cu pieredzi ar SpinBetter mobil\u0101s lietotnes pal\u012bdz\u012bbu! Izmantojiet savas iecien\u012bt\u0101k\u0101s izklaides iesp\u0113jas jebkur\u0101 laik\u0101 un jebkur\u0101 viet\u0101, k\u0101 ar\u012b izmantojiet ekskluz\u012bvas priek\u0161roc\u012bbas mobilaj\u0101m ier\u012bc\u0113m.","og_url":"https:\/\/betwinner.tips\/lv\/app\/","og_site_name":"Betwinner Tips lv","article_modified_time":"2026-04-10T16:01:02+00:00","twitter_card":"summary_large_image","schema":{"@context":"https:\/\/schema.org","@graph":[{"@type":"WebPage","@id":"https:\/\/betwinner.tips\/lv\/app\/","url":"https:\/\/betwinner.tips\/lv\/app\/","name":"Betwinner lietotne \u2705 Lejupiel\u0101d\u0113jiet bez maksas Android un iOS ier\u012bc\u0113m","isPartOf":{"@id":"https:\/\/betwinner.tips\/lv\/#website"},"datePublished":"2024-10-31T16:54:54+00:00","dateModified":"2026-04-10T16:01:02+00:00","description":"Atkl\u0101jiet neaizst\u0101jamu sp\u0113\u013cu pieredzi ar SpinBetter mobil\u0101s lietotnes pal\u012bdz\u012bbu! Izmantojiet savas iecien\u012bt\u0101k\u0101s izklaides iesp\u0113jas jebkur\u0101 laik\u0101 un jebkur\u0101 viet\u0101, k\u0101 ar\u012b izmantojiet ekskluz\u012bvas priek\u0161roc\u012bbas mobilaj\u0101m ier\u012bc\u0113m.","breadcrumb":{"@id":"https:\/\/betwinner.tips\/lv\/app\/#breadcrumb"},"inLanguage":"lv-LV","potentialAction":[{"@type":"ReadAction","target":["https:\/\/betwinner.tips\/lv\/app\/"]}]},{"@type":"BreadcrumbList","@id":"https:\/\/betwinner.tips\/lv\/app\/#breadcrumb","itemListElement":[{"@type":"ListItem","position":1,"name":"Home","item":"https:\/\/betwinner.tips\/lv\/"},{"@type":"ListItem","position":2,"name":"Lietotne"}]},{"@type":"WebSite","@id":"https:\/\/betwinner.tips\/lv\/#website","url":"https:\/\/betwinner.tips\/lv\/","name":"Betwinner Tips lv","description":"My WordPress Blog","potentialAction":[{"@type":"SearchAction","target":{"@type":"EntryPoint","urlTemplate":"https:\/\/betwinner.tips\/lv\/?s={search_term_string}"},"query-input":{"@type":"PropertyValueSpecification","valueRequired":true,"valueName":"search_term_string"}}],"inLanguage":"lv-LV"}]}},"_links":{"self":[{"href":"https:\/\/betwinner.tips\/lv\/wp-json\/wp\/v2\/pages\/321","targetHints":{"allow":["GET"]}}],"collection":[{"href":"https:\/\/betwinner.tips\/lv\/wp-json\/wp\/v2\/pages"}],"about":[{"href":"https:\/\/betwinner.tips\/lv\/wp-json\/wp\/v2\/types\/page"}],"author":[{"embeddable":true,"href":"https:\/\/betwinner.tips\/lv\/wp-json\/wp\/v2\/users\/1"}],"replies":[{"embeddable":true,"href":"https:\/\/betwinner.tips\/lv\/wp-json\/wp\/v2\/comments?post=321"}],"version-history":[{"count":6,"href":"https:\/\/betwinner.tips\/lv\/wp-json\/wp\/v2\/pages\/321\/revisions"}],"predecessor-version":[{"id":504,"href":"https:\/\/betwinner.tips\/lv\/wp-json\/wp\/v2\/pages\/321\/revisions\/504"}],"wp:attachment":[{"href":"https:\/\/betwinner.tips\/lv\/wp-json\/wp\/v2\/media?parent=321"}],"curies":[{"name":"wp","href":"https:\/\/api.w.org\/{rel}","templated":true}]}}