{"id":273,"date":"2024-10-30T08:26:29","date_gmt":"2024-10-30T08:26:29","guid":{"rendered":"https:\/\/betwinner.tips\/no\/?page_id=273"},"modified":"2026-04-07T13:05:17","modified_gmt":"2026-04-07T13:05:17","slug":"registration","status":"publish","type":"page","link":"https:\/\/betwinner.tips\/no\/registration\/","title":{"rendered":"Registrering"},"content":{"rendered":"","protected":false},"excerpt":{"rendered":"","protected":false},"author":1,"featured_media":0,"parent":0,"menu_order":0,"comment_status":"closed","ping_status":"closed","template":"","meta":{"footnotes":""},"class_list":["post-273","page","type-page","status-publish","hentry"],"yoast_head":"<!-- This site is optimized with the Yoast SEO plugin v25.6 - https:\/\/yoast.com\/wordpress\/plugins\/seo\/ -->\n<title>Betwinner-registrering \ud83d\udd39 Opprett din konto i dag<\/title>\n<meta name=\"description\" content=\"Registrer deg hos Betwinner og utnytt ditt spillpotensial. Sjekk ut v\u00e5r guide for en enkel registreringsprosess! Bli med p\u00e5 spenningen ved \u00e5 spille hos Betwinner!\" \/>\n<meta name=\"robots\" content=\"index, follow, max-snippet:-1, max-image-preview:large, max-video-preview:-1\" \/>\n<meta property=\"og:locale\" content=\"nb_NO\" \/>\n<meta property=\"og:type\" content=\"article\" \/>\n<meta property=\"og:title\" content=\"Betwinner-registrering \ud83d\udd39 Opprett din konto i dag\" \/>\n<meta property=\"og:description\" content=\"Registrer deg hos Betwinner og utnytt ditt spillpotensial. Sjekk ut v\u00e5r guide for en enkel registreringsprosess! Bli med p\u00e5 spenningen ved \u00e5 spille hos Betwinner!\" \/>\n<meta property=\"og:url\" content=\"https:\/\/betwinner.tips\/no\/registration\/\" \/>\n<meta property=\"og:site_name\" content=\"Betwinner Tips no\" \/>\n<meta property=\"article:modified_time\" content=\"2026-04-07T13:05:17+00:00\" \/>\n<meta name=\"twitter:card\" content=\"summary_large_image\" \/>\n<script type=\"application\/ld+json\" class=\"yoast-schema-graph\">{\"@context\":\"https:\/\/schema.org\",\"@graph\":[{\"@type\":\"WebPage\",\"@id\":\"https:\/\/betwinner.tips\/no\/registration\/\",\"url\":\"https:\/\/betwinner.tips\/no\/registration\/\",\"name\":\"Betwinner-registrering \ud83d\udd39 Opprett din konto i dag\",\"isPartOf\":{\"@id\":\"https:\/\/betwinner.tips\/no\/#website\"},\"datePublished\":\"2024-10-30T08:26:29+00:00\",\"dateModified\":\"2026-04-07T13:05:17+00:00\",\"description\":\"Registrer deg hos Betwinner og utnytt ditt spillpotensial. Sjekk ut v\u00e5r guide for en enkel registreringsprosess! Bli med p\u00e5 spenningen ved \u00e5 spille hos Betwinner!\",\"breadcrumb\":{\"@id\":\"https:\/\/betwinner.tips\/no\/registration\/#breadcrumb\"},\"inLanguage\":\"nb-NO\",\"potentialAction\":[{\"@type\":\"ReadAction\",\"target\":[\"https:\/\/betwinner.tips\/no\/registration\/\"]}]},{\"@type\":\"BreadcrumbList\",\"@id\":\"https:\/\/betwinner.tips\/no\/registration\/#breadcrumb\",\"itemListElement\":[{\"@type\":\"ListItem\",\"position\":1,\"name\":\"Home\",\"item\":\"https:\/\/betwinner.tips\/no\/\"},{\"@type\":\"ListItem\",\"position\":2,\"name\":\"Registrering\"}]},{\"@type\":\"WebSite\",\"@id\":\"https:\/\/betwinner.tips\/no\/#website\",\"url\":\"https:\/\/betwinner.tips\/no\/\",\"name\":\"Betwinner Tips no\",\"description\":\"My WordPress Blog\",\"potentialAction\":[{\"@type\":\"SearchAction\",\"target\":{\"@type\":\"EntryPoint\",\"urlTemplate\":\"https:\/\/betwinner.tips\/no\/?s={search_term_string}\"},\"query-input\":{\"@type\":\"PropertyValueSpecification\",\"valueRequired\":true,\"valueName\":\"search_term_string\"}}],\"inLanguage\":\"nb-NO\"}]}<\/script>\n<!-- \/ Yoast SEO plugin. -->","yoast_head_json":{"title":"Betwinner-registrering \ud83d\udd39 Opprett din konto i dag","description":"Registrer deg hos Betwinner og utnytt ditt spillpotensial. Sjekk ut v\u00e5r guide for en enkel registreringsprosess! Bli med p\u00e5 spenningen ved \u00e5 spille hos Betwinner!","robots":{"index":"index","follow":"follow","max-snippet":"max-snippet:-1","max-image-preview":"max-image-preview:large","max-video-preview":"max-video-preview:-1"},"og_locale":"nb_NO","og_type":"article","og_title":"Betwinner-registrering \ud83d\udd39 Opprett din konto i dag","og_description":"Registrer deg hos Betwinner og utnytt ditt spillpotensial. Sjekk ut v\u00e5r guide for en enkel registreringsprosess! Bli med p\u00e5 spenningen ved \u00e5 spille hos Betwinner!","og_url":"https:\/\/betwinner.tips\/no\/registration\/","og_site_name":"Betwinner Tips no","article_modified_time":"2026-04-07T13:05:17+00:00","twitter_card":"summary_large_image","schema":{"@context":"https:\/\/schema.org","@graph":[{"@type":"WebPage","@id":"https:\/\/betwinner.tips\/no\/registration\/","url":"https:\/\/betwinner.tips\/no\/registration\/","name":"Betwinner-registrering \ud83d\udd39 Opprett din konto i dag","isPartOf":{"@id":"https:\/\/betwinner.tips\/no\/#website"},"datePublished":"2024-10-30T08:26:29+00:00","dateModified":"2026-04-07T13:05:17+00:00","description":"Registrer deg hos Betwinner og utnytt ditt spillpotensial. Sjekk ut v\u00e5r guide for en enkel registreringsprosess! Bli med p\u00e5 spenningen ved \u00e5 spille hos Betwinner!","breadcrumb":{"@id":"https:\/\/betwinner.tips\/no\/registration\/#breadcrumb"},"inLanguage":"nb-NO","potentialAction":[{"@type":"ReadAction","target":["https:\/\/betwinner.tips\/no\/registration\/"]}]},{"@type":"BreadcrumbList","@id":"https:\/\/betwinner.tips\/no\/registration\/#breadcrumb","itemListElement":[{"@type":"ListItem","position":1,"name":"Home","item":"https:\/\/betwinner.tips\/no\/"},{"@type":"ListItem","position":2,"name":"Registrering"}]},{"@type":"WebSite","@id":"https:\/\/betwinner.tips\/no\/#website","url":"https:\/\/betwinner.tips\/no\/","name":"Betwinner Tips no","description":"My WordPress Blog","potentialAction":[{"@type":"SearchAction","target":{"@type":"EntryPoint","urlTemplate":"https:\/\/betwinner.tips\/no\/?s={search_term_string}"},"query-input":{"@type":"PropertyValueSpecification","valueRequired":true,"valueName":"search_term_string"}}],"inLanguage":"nb-NO"}]}},"_links":{"self":[{"href":"https:\/\/betwinner.tips\/no\/wp-json\/wp\/v2\/pages\/273","targetHints":{"allow":["GET"]}}],"collection":[{"href":"https:\/\/betwinner.tips\/no\/wp-json\/wp\/v2\/pages"}],"about":[{"href":"https:\/\/betwinner.tips\/no\/wp-json\/wp\/v2\/types\/page"}],"author":[{"embeddable":true,"href":"https:\/\/betwinner.tips\/no\/wp-json\/wp\/v2\/users\/1"}],"replies":[{"embeddable":true,"href":"https:\/\/betwinner.tips\/no\/wp-json\/wp\/v2\/comments?post=273"}],"version-history":[{"count":6,"href":"https:\/\/betwinner.tips\/no\/wp-json\/wp\/v2\/pages\/273\/revisions"}],"predecessor-version":[{"id":513,"href":"https:\/\/betwinner.tips\/no\/wp-json\/wp\/v2\/pages\/273\/revisions\/513"}],"wp:attachment":[{"href":"https:\/\/betwinner.tips\/no\/wp-json\/wp\/v2\/media?parent=273"}],"curies":[{"name":"wp","href":"https:\/\/api.w.org\/{rel}","templated":true}]}}