{"id":303,"date":"2024-10-31T15:11:26","date_gmt":"2024-10-31T15:11:26","guid":{"rendered":"https:\/\/betwinner.tips\/no\/?page_id=303"},"modified":"2026-04-07T11:49:06","modified_gmt":"2026-04-07T11:49:06","slug":"affiliate","status":"publish","type":"page","link":"https:\/\/betwinner.tips\/no\/affiliate\/","title":{"rendered":"Partner"},"content":{"rendered":"","protected":false},"excerpt":{"rendered":"","protected":false},"author":1,"featured_media":0,"parent":0,"menu_order":0,"comment_status":"closed","ping_status":"closed","template":"","meta":{"footnotes":""},"class_list":["post-303","page","type-page","status-publish","hentry"],"yoast_head":"<!-- This site is optimized with the Yoast SEO plugin v25.6 - https:\/\/yoast.com\/wordpress\/plugins\/seo\/ -->\n<title>Betwinner Partners \u2611\ufe0f Din vei til suksess med partnerprogrammet<\/title>\n<meta name=\"description\" content=\"Bli med i det offisielle Betwinner-partnerprogrammet og begynn \u00e5 tjene gode provisjoner p\u00e5 hver spiller du verver! Ikke g\u00e5 glipp av denne muligheten til \u00e5 \u00f8ke inntektene dine!\" \/>\n<meta name=\"robots\" content=\"index, follow, max-snippet:-1, max-image-preview:large, max-video-preview:-1\" \/>\n<meta property=\"og:locale\" content=\"nb_NO\" \/>\n<meta property=\"og:type\" content=\"article\" \/>\n<meta property=\"og:title\" content=\"Betwinner Partners \u2611\ufe0f Din vei til suksess med partnerprogrammet\" \/>\n<meta property=\"og:description\" content=\"Bli med i det offisielle Betwinner-partnerprogrammet og begynn \u00e5 tjene gode provisjoner p\u00e5 hver spiller du verver! Ikke g\u00e5 glipp av denne muligheten til \u00e5 \u00f8ke inntektene dine!\" \/>\n<meta property=\"og:url\" content=\"https:\/\/betwinner.tips\/no\/affiliate\/\" \/>\n<meta property=\"og:site_name\" content=\"Betwinner Tips no\" \/>\n<meta property=\"article:modified_time\" content=\"2026-04-07T11:49:06+00:00\" \/>\n<meta name=\"twitter:card\" content=\"summary_large_image\" \/>\n<script type=\"application\/ld+json\" class=\"yoast-schema-graph\">{\"@context\":\"https:\/\/schema.org\",\"@graph\":[{\"@type\":\"WebPage\",\"@id\":\"https:\/\/betwinner.tips\/no\/affiliate\/\",\"url\":\"https:\/\/betwinner.tips\/no\/affiliate\/\",\"name\":\"Betwinner Partners \u2611\ufe0f Din vei til suksess med partnerprogrammet\",\"isPartOf\":{\"@id\":\"https:\/\/betwinner.tips\/no\/#website\"},\"datePublished\":\"2024-10-31T15:11:26+00:00\",\"dateModified\":\"2026-04-07T11:49:06+00:00\",\"description\":\"Bli med i det offisielle Betwinner-partnerprogrammet og begynn \u00e5 tjene gode provisjoner p\u00e5 hver spiller du verver! Ikke g\u00e5 glipp av denne muligheten til \u00e5 \u00f8ke inntektene dine!\",\"breadcrumb\":{\"@id\":\"https:\/\/betwinner.tips\/no\/affiliate\/#breadcrumb\"},\"inLanguage\":\"nb-NO\",\"potentialAction\":[{\"@type\":\"ReadAction\",\"target\":[\"https:\/\/betwinner.tips\/no\/affiliate\/\"]}]},{\"@type\":\"BreadcrumbList\",\"@id\":\"https:\/\/betwinner.tips\/no\/affiliate\/#breadcrumb\",\"itemListElement\":[{\"@type\":\"ListItem\",\"position\":1,\"name\":\"Home\",\"item\":\"https:\/\/betwinner.tips\/no\/\"},{\"@type\":\"ListItem\",\"position\":2,\"name\":\"Partner\"}]},{\"@type\":\"WebSite\",\"@id\":\"https:\/\/betwinner.tips\/no\/#website\",\"url\":\"https:\/\/betwinner.tips\/no\/\",\"name\":\"Betwinner Tips no\",\"description\":\"My WordPress Blog\",\"potentialAction\":[{\"@type\":\"SearchAction\",\"target\":{\"@type\":\"EntryPoint\",\"urlTemplate\":\"https:\/\/betwinner.tips\/no\/?s={search_term_string}\"},\"query-input\":{\"@type\":\"PropertyValueSpecification\",\"valueRequired\":true,\"valueName\":\"search_term_string\"}}],\"inLanguage\":\"nb-NO\"}]}<\/script>\n<!-- \/ Yoast SEO plugin. -->","yoast_head_json":{"title":"Betwinner Partners \u2611\ufe0f Din vei til suksess med partnerprogrammet","description":"Bli med i det offisielle Betwinner-partnerprogrammet og begynn \u00e5 tjene gode provisjoner p\u00e5 hver spiller du verver! Ikke g\u00e5 glipp av denne muligheten til \u00e5 \u00f8ke inntektene dine!","robots":{"index":"index","follow":"follow","max-snippet":"max-snippet:-1","max-image-preview":"max-image-preview:large","max-video-preview":"max-video-preview:-1"},"og_locale":"nb_NO","og_type":"article","og_title":"Betwinner Partners \u2611\ufe0f Din vei til suksess med partnerprogrammet","og_description":"Bli med i det offisielle Betwinner-partnerprogrammet og begynn \u00e5 tjene gode provisjoner p\u00e5 hver spiller du verver! Ikke g\u00e5 glipp av denne muligheten til \u00e5 \u00f8ke inntektene dine!","og_url":"https:\/\/betwinner.tips\/no\/affiliate\/","og_site_name":"Betwinner Tips no","article_modified_time":"2026-04-07T11:49:06+00:00","twitter_card":"summary_large_image","schema":{"@context":"https:\/\/schema.org","@graph":[{"@type":"WebPage","@id":"https:\/\/betwinner.tips\/no\/affiliate\/","url":"https:\/\/betwinner.tips\/no\/affiliate\/","name":"Betwinner Partners \u2611\ufe0f Din vei til suksess med partnerprogrammet","isPartOf":{"@id":"https:\/\/betwinner.tips\/no\/#website"},"datePublished":"2024-10-31T15:11:26+00:00","dateModified":"2026-04-07T11:49:06+00:00","description":"Bli med i det offisielle Betwinner-partnerprogrammet og begynn \u00e5 tjene gode provisjoner p\u00e5 hver spiller du verver! Ikke g\u00e5 glipp av denne muligheten til \u00e5 \u00f8ke inntektene dine!","breadcrumb":{"@id":"https:\/\/betwinner.tips\/no\/affiliate\/#breadcrumb"},"inLanguage":"nb-NO","potentialAction":[{"@type":"ReadAction","target":["https:\/\/betwinner.tips\/no\/affiliate\/"]}]},{"@type":"BreadcrumbList","@id":"https:\/\/betwinner.tips\/no\/affiliate\/#breadcrumb","itemListElement":[{"@type":"ListItem","position":1,"name":"Home","item":"https:\/\/betwinner.tips\/no\/"},{"@type":"ListItem","position":2,"name":"Partner"}]},{"@type":"WebSite","@id":"https:\/\/betwinner.tips\/no\/#website","url":"https:\/\/betwinner.tips\/no\/","name":"Betwinner Tips no","description":"My WordPress Blog","potentialAction":[{"@type":"SearchAction","target":{"@type":"EntryPoint","urlTemplate":"https:\/\/betwinner.tips\/no\/?s={search_term_string}"},"query-input":{"@type":"PropertyValueSpecification","valueRequired":true,"valueName":"search_term_string"}}],"inLanguage":"nb-NO"}]}},"_links":{"self":[{"href":"https:\/\/betwinner.tips\/no\/wp-json\/wp\/v2\/pages\/303","targetHints":{"allow":["GET"]}}],"collection":[{"href":"https:\/\/betwinner.tips\/no\/wp-json\/wp\/v2\/pages"}],"about":[{"href":"https:\/\/betwinner.tips\/no\/wp-json\/wp\/v2\/types\/page"}],"author":[{"embeddable":true,"href":"https:\/\/betwinner.tips\/no\/wp-json\/wp\/v2\/users\/1"}],"replies":[{"embeddable":true,"href":"https:\/\/betwinner.tips\/no\/wp-json\/wp\/v2\/comments?post=303"}],"version-history":[{"count":8,"href":"https:\/\/betwinner.tips\/no\/wp-json\/wp\/v2\/pages\/303\/revisions"}],"predecessor-version":[{"id":500,"href":"https:\/\/betwinner.tips\/no\/wp-json\/wp\/v2\/pages\/303\/revisions\/500"}],"wp:attachment":[{"href":"https:\/\/betwinner.tips\/no\/wp-json\/wp\/v2\/media?parent=303"}],"curies":[{"name":"wp","href":"https:\/\/api.w.org\/{rel}","templated":true}]}}