{"id":2,"date":"2023-05-18T17:18:34","date_gmt":"2023-05-18T17:18:34","guid":{"rendered":"https:\/\/betwinner.tips\/tr\/?page_id=2"},"modified":"2026-04-06T14:37:23","modified_gmt":"2026-04-06T14:37:23","slug":"betwinner-online-sports-betting-and-casino-%f0%9f%9f%a2-register","status":"publish","type":"page","link":"https:\/\/betwinner.tips\/tr\/","title":{"rendered":"Ana Sayfa"},"content":{"rendered":"","protected":false},"excerpt":{"rendered":"","protected":false},"author":1,"featured_media":0,"parent":0,"menu_order":0,"comment_status":"closed","ping_status":"open","template":"","meta":{"footnotes":""},"class_list":["post-2","page","type-page","status-publish","hentry"],"yoast_head":"<!-- This site is optimized with the Yoast SEO plugin v25.6 - https:\/\/yoast.com\/wordpress\/plugins\/seo\/ -->\n<title>BetWinner\u2122 \u2014 Spor Bahisleri, En \u0130yi Oranlar ve Canl\u0131 Bahisler \u2014 Bu ay Bu y\u0131l<\/title>\n<meta name=\"description\" content=\"Bet Winner, ciddi bahis\u00e7iler i\u00e7in tasarlanm\u0131\u015f, cazip oranlar, geni\u015f etkinlik yelpazesi, canl\u0131 bahis se\u00e7enekleri, h\u0131zl\u0131 bahis yapma imkan\u0131, sa\u011flam bahis se\u00e7enekleri ve sorunsuz bir deneyim sunan bir spor bahis platformudur.\" \/>\n<meta name=\"robots\" content=\"noindex, follow, max-snippet:-1, max-image-preview:large, max-video-preview:-1\" \/>\n<meta property=\"og:locale\" content=\"tr_TR\" \/>\n<meta property=\"og:type\" content=\"article\" \/>\n<meta property=\"og:title\" content=\"BetWinner\u2122 \u2014 Spor Bahisleri, En \u0130yi Oranlar ve Canl\u0131 Bahisler \u2014 Bu ay Bu y\u0131l\" \/>\n<meta property=\"og:description\" content=\"Bet Winner, ciddi bahis\u00e7iler i\u00e7in tasarlanm\u0131\u015f, cazip oranlar, geni\u015f etkinlik yelpazesi, canl\u0131 bahis se\u00e7enekleri, h\u0131zl\u0131 bahis yapma imkan\u0131, sa\u011flam bahis se\u00e7enekleri ve sorunsuz bir deneyim sunan bir spor bahis platformudur.\" \/>\n<meta property=\"og:url\" content=\"https:\/\/betwinner.tips\/tr\/\" \/>\n<meta property=\"og:site_name\" content=\"Betwinner Tips tr\" \/>\n<meta property=\"article:modified_time\" content=\"2026-04-06T14:37:23+00:00\" \/>\n<meta name=\"twitter:card\" content=\"summary_large_image\" \/>\n<script type=\"application\/ld+json\" class=\"yoast-schema-graph\">{\"@context\":\"https:\/\/schema.org\",\"@graph\":[{\"@type\":\"WebPage\",\"@id\":\"https:\/\/betwinner.tips\/tr\/\",\"url\":\"https:\/\/betwinner.tips\/tr\/\",\"name\":\"BetWinner\u2122 \u2014 Spor Bahisleri, En \u0130yi Oranlar ve Canl\u0131 Bahisler \u2014 Bu ay Bu y\u0131l\",\"isPartOf\":{\"@id\":\"https:\/\/betwinner.tips\/tr\/#website\"},\"datePublished\":\"2023-05-18T17:18:34+00:00\",\"dateModified\":\"2026-04-06T14:37:23+00:00\",\"description\":\"Bet Winner, ciddi bahis\u00e7iler i\u00e7in tasarlanm\u0131\u015f, cazip oranlar, geni\u015f etkinlik yelpazesi, canl\u0131 bahis se\u00e7enekleri, h\u0131zl\u0131 bahis yapma imkan\u0131, sa\u011flam bahis se\u00e7enekleri ve sorunsuz bir deneyim sunan bir spor bahis platformudur.\",\"breadcrumb\":{\"@id\":\"https:\/\/betwinner.tips\/tr\/#breadcrumb\"},\"inLanguage\":\"tr\",\"potentialAction\":[{\"@type\":\"ReadAction\",\"target\":[\"https:\/\/betwinner.tips\/tr\/\"]}]},{\"@type\":\"BreadcrumbList\",\"@id\":\"https:\/\/betwinner.tips\/tr\/#breadcrumb\",\"itemListElement\":[{\"@type\":\"ListItem\",\"position\":1,\"name\":\"Home\",\"item\":\"https:\/\/betwinner.tips\/tr\/\"},{\"@type\":\"ListItem\",\"position\":2,\"name\":\"Ana Sayfa\"}]},{\"@type\":\"WebSite\",\"@id\":\"https:\/\/betwinner.tips\/tr\/#website\",\"url\":\"https:\/\/betwinner.tips\/tr\/\",\"name\":\"Betwinner Tips tr\",\"description\":\"My WordPress Blog\",\"potentialAction\":[{\"@type\":\"SearchAction\",\"target\":{\"@type\":\"EntryPoint\",\"urlTemplate\":\"https:\/\/betwinner.tips\/tr\/?s={search_term_string}\"},\"query-input\":{\"@type\":\"PropertyValueSpecification\",\"valueRequired\":true,\"valueName\":\"search_term_string\"}}],\"inLanguage\":\"tr\"}]}<\/script>\n<!-- \/ Yoast SEO plugin. -->","yoast_head_json":{"title":"BetWinner\u2122 \u2014 Spor Bahisleri, En \u0130yi Oranlar ve Canl\u0131 Bahisler \u2014 Bu ay Bu y\u0131l","description":"Bet Winner, ciddi bahis\u00e7iler i\u00e7in tasarlanm\u0131\u015f, cazip oranlar, geni\u015f etkinlik yelpazesi, canl\u0131 bahis se\u00e7enekleri, h\u0131zl\u0131 bahis yapma imkan\u0131, sa\u011flam bahis se\u00e7enekleri ve sorunsuz bir deneyim sunan bir spor bahis platformudur.","robots":{"index":"noindex","follow":"follow","max-snippet":"max-snippet:-1","max-image-preview":"max-image-preview:large","max-video-preview":"max-video-preview:-1"},"og_locale":"tr_TR","og_type":"article","og_title":"BetWinner\u2122 \u2014 Spor Bahisleri, En \u0130yi Oranlar ve Canl\u0131 Bahisler \u2014 Bu ay Bu y\u0131l","og_description":"Bet Winner, ciddi bahis\u00e7iler i\u00e7in tasarlanm\u0131\u015f, cazip oranlar, geni\u015f etkinlik yelpazesi, canl\u0131 bahis se\u00e7enekleri, h\u0131zl\u0131 bahis yapma imkan\u0131, sa\u011flam bahis se\u00e7enekleri ve sorunsuz bir deneyim sunan bir spor bahis platformudur.","og_url":"https:\/\/betwinner.tips\/tr\/","og_site_name":"Betwinner Tips tr","article_modified_time":"2026-04-06T14:37:23+00:00","twitter_card":"summary_large_image","schema":{"@context":"https:\/\/schema.org","@graph":[{"@type":"WebPage","@id":"https:\/\/betwinner.tips\/tr\/","url":"https:\/\/betwinner.tips\/tr\/","name":"BetWinner\u2122 \u2014 Spor Bahisleri, En \u0130yi Oranlar ve Canl\u0131 Bahisler \u2014 Bu ay Bu y\u0131l","isPartOf":{"@id":"https:\/\/betwinner.tips\/tr\/#website"},"datePublished":"2023-05-18T17:18:34+00:00","dateModified":"2026-04-06T14:37:23+00:00","description":"Bet Winner, ciddi bahis\u00e7iler i\u00e7in tasarlanm\u0131\u015f, cazip oranlar, geni\u015f etkinlik yelpazesi, canl\u0131 bahis se\u00e7enekleri, h\u0131zl\u0131 bahis yapma imkan\u0131, sa\u011flam bahis se\u00e7enekleri ve sorunsuz bir deneyim sunan bir spor bahis platformudur.","breadcrumb":{"@id":"https:\/\/betwinner.tips\/tr\/#breadcrumb"},"inLanguage":"tr","potentialAction":[{"@type":"ReadAction","target":["https:\/\/betwinner.tips\/tr\/"]}]},{"@type":"BreadcrumbList","@id":"https:\/\/betwinner.tips\/tr\/#breadcrumb","itemListElement":[{"@type":"ListItem","position":1,"name":"Home","item":"https:\/\/betwinner.tips\/tr\/"},{"@type":"ListItem","position":2,"name":"Ana Sayfa"}]},{"@type":"WebSite","@id":"https:\/\/betwinner.tips\/tr\/#website","url":"https:\/\/betwinner.tips\/tr\/","name":"Betwinner Tips tr","description":"My WordPress Blog","potentialAction":[{"@type":"SearchAction","target":{"@type":"EntryPoint","urlTemplate":"https:\/\/betwinner.tips\/tr\/?s={search_term_string}"},"query-input":{"@type":"PropertyValueSpecification","valueRequired":true,"valueName":"search_term_string"}}],"inLanguage":"tr"}]}},"_links":{"self":[{"href":"https:\/\/betwinner.tips\/tr\/wp-json\/wp\/v2\/pages\/2","targetHints":{"allow":["GET"]}}],"collection":[{"href":"https:\/\/betwinner.tips\/tr\/wp-json\/wp\/v2\/pages"}],"about":[{"href":"https:\/\/betwinner.tips\/tr\/wp-json\/wp\/v2\/types\/page"}],"author":[{"embeddable":true,"href":"https:\/\/betwinner.tips\/tr\/wp-json\/wp\/v2\/users\/1"}],"replies":[{"embeddable":true,"href":"https:\/\/betwinner.tips\/tr\/wp-json\/wp\/v2\/comments?post=2"}],"version-history":[{"count":61,"href":"https:\/\/betwinner.tips\/tr\/wp-json\/wp\/v2\/pages\/2\/revisions"}],"predecessor-version":[{"id":507,"href":"https:\/\/betwinner.tips\/tr\/wp-json\/wp\/v2\/pages\/2\/revisions\/507"}],"wp:attachment":[{"href":"https:\/\/betwinner.tips\/tr\/wp-json\/wp\/v2\/media?parent=2"}],"curies":[{"name":"wp","href":"https:\/\/api.w.org\/{rel}","templated":true}]}}