{"id":253,"date":"2024-10-29T07:41:20","date_gmt":"2024-10-29T07:41:20","guid":{"rendered":"https:\/\/betwinner.tips\/tr\/?page_id=253"},"modified":"2026-04-06T13:05:34","modified_gmt":"2026-04-06T13:05:34","slug":"apk","status":"publish","type":"page","link":"https:\/\/betwinner.tips\/tr\/apk\/","title":{"rendered":"APK"},"content":{"rendered":"","protected":false},"excerpt":{"rendered":"","protected":false},"author":1,"featured_media":0,"parent":0,"menu_order":0,"comment_status":"closed","ping_status":"closed","template":"","meta":{"footnotes":""},"class_list":["post-253","page","type-page","status-publish","hentry"],"yoast_head":"<!-- This site is optimized with the Yoast SEO plugin v25.6 - https:\/\/yoast.com\/wordpress\/plugins\/seo\/ -->\n<title>Betwinner Apk \u2b07\ufe0f Android ve iOS i\u00e7in APK&#039;y\u0131 indirin Bu y\u0131l<\/title>\n<meta name=\"description\" content=\"Ad\u0131m ad\u0131m k\u0131lavuzumuzla Betwinner Apk&#039;yi Android veya iOS cihaz\u0131n\u0131za indirin ve y\u00fckleyin. Betwinner Mobile Apk ile mobil bahis ve casino oyunlar\u0131n\u0131 ke\u015ffedin \u2b50 Betwinner Apk&#039;yi indirmenin keyfini \u00e7\u0131kar\u0131n\" \/>\n<meta name=\"robots\" content=\"noindex, follow, max-snippet:-1, max-image-preview:large, max-video-preview:-1\" \/>\n<meta property=\"og:locale\" content=\"tr_TR\" \/>\n<meta property=\"og:type\" content=\"article\" \/>\n<meta property=\"og:title\" content=\"Betwinner Apk \u2b07\ufe0f Android ve iOS i\u00e7in APK&#039;y\u0131 indirin Bu y\u0131l\" \/>\n<meta property=\"og:description\" content=\"Ad\u0131m ad\u0131m k\u0131lavuzumuzla Betwinner Apk&#039;yi Android veya iOS cihaz\u0131n\u0131za indirin ve y\u00fckleyin. Betwinner Mobile Apk ile mobil bahis ve casino oyunlar\u0131n\u0131 ke\u015ffedin \u2b50 Betwinner Apk&#039;yi indirmenin keyfini \u00e7\u0131kar\u0131n\" \/>\n<meta property=\"og:url\" content=\"https:\/\/betwinner.tips\/tr\/apk\/\" \/>\n<meta property=\"og:site_name\" content=\"Betwinner Tips tr\" \/>\n<meta property=\"article:modified_time\" content=\"2026-04-06T13:05:34+00:00\" \/>\n<meta name=\"twitter:card\" content=\"summary_large_image\" \/>\n<script type=\"application\/ld+json\" class=\"yoast-schema-graph\">{\"@context\":\"https:\/\/schema.org\",\"@graph\":[{\"@type\":\"WebPage\",\"@id\":\"https:\/\/betwinner.tips\/tr\/apk\/\",\"url\":\"https:\/\/betwinner.tips\/tr\/apk\/\",\"name\":\"Betwinner Apk \u2b07\ufe0f Android ve iOS i\u00e7in APK'y\u0131 indirin Bu y\u0131l\",\"isPartOf\":{\"@id\":\"https:\/\/betwinner.tips\/tr\/#website\"},\"datePublished\":\"2024-10-29T07:41:20+00:00\",\"dateModified\":\"2026-04-06T13:05:34+00:00\",\"description\":\"Ad\u0131m ad\u0131m k\u0131lavuzumuzla Betwinner Apk'yi Android veya iOS cihaz\u0131n\u0131za indirin ve y\u00fckleyin. Betwinner Mobile Apk ile mobil bahis ve casino oyunlar\u0131n\u0131 ke\u015ffedin \u2b50 Betwinner Apk'yi indirmenin keyfini \u00e7\u0131kar\u0131n\",\"breadcrumb\":{\"@id\":\"https:\/\/betwinner.tips\/tr\/apk\/#breadcrumb\"},\"inLanguage\":\"tr\",\"potentialAction\":[{\"@type\":\"ReadAction\",\"target\":[\"https:\/\/betwinner.tips\/tr\/apk\/\"]}]},{\"@type\":\"BreadcrumbList\",\"@id\":\"https:\/\/betwinner.tips\/tr\/apk\/#breadcrumb\",\"itemListElement\":[{\"@type\":\"ListItem\",\"position\":1,\"name\":\"Home\",\"item\":\"https:\/\/betwinner.tips\/tr\/\"},{\"@type\":\"ListItem\",\"position\":2,\"name\":\"APK\"}]},{\"@type\":\"WebSite\",\"@id\":\"https:\/\/betwinner.tips\/tr\/#website\",\"url\":\"https:\/\/betwinner.tips\/tr\/\",\"name\":\"Betwinner Tips tr\",\"description\":\"My WordPress Blog\",\"potentialAction\":[{\"@type\":\"SearchAction\",\"target\":{\"@type\":\"EntryPoint\",\"urlTemplate\":\"https:\/\/betwinner.tips\/tr\/?s={search_term_string}\"},\"query-input\":{\"@type\":\"PropertyValueSpecification\",\"valueRequired\":true,\"valueName\":\"search_term_string\"}}],\"inLanguage\":\"tr\"}]}<\/script>\n<!-- \/ Yoast SEO plugin. -->","yoast_head_json":{"title":"Betwinner Apk \u2b07\ufe0f Android ve iOS i\u00e7in APK'y\u0131 indirin Bu y\u0131l","description":"Ad\u0131m ad\u0131m k\u0131lavuzumuzla Betwinner Apk'yi Android veya iOS cihaz\u0131n\u0131za indirin ve y\u00fckleyin. Betwinner Mobile Apk ile mobil bahis ve casino oyunlar\u0131n\u0131 ke\u015ffedin \u2b50 Betwinner Apk'yi indirmenin keyfini \u00e7\u0131kar\u0131n","robots":{"index":"noindex","follow":"follow","max-snippet":"max-snippet:-1","max-image-preview":"max-image-preview:large","max-video-preview":"max-video-preview:-1"},"og_locale":"tr_TR","og_type":"article","og_title":"Betwinner Apk \u2b07\ufe0f Android ve iOS i\u00e7in APK'y\u0131 indirin Bu y\u0131l","og_description":"Ad\u0131m ad\u0131m k\u0131lavuzumuzla Betwinner Apk'yi Android veya iOS cihaz\u0131n\u0131za indirin ve y\u00fckleyin. Betwinner Mobile Apk ile mobil bahis ve casino oyunlar\u0131n\u0131 ke\u015ffedin \u2b50 Betwinner Apk'yi indirmenin keyfini \u00e7\u0131kar\u0131n","og_url":"https:\/\/betwinner.tips\/tr\/apk\/","og_site_name":"Betwinner Tips tr","article_modified_time":"2026-04-06T13:05:34+00:00","twitter_card":"summary_large_image","schema":{"@context":"https:\/\/schema.org","@graph":[{"@type":"WebPage","@id":"https:\/\/betwinner.tips\/tr\/apk\/","url":"https:\/\/betwinner.tips\/tr\/apk\/","name":"Betwinner Apk \u2b07\ufe0f Android ve iOS i\u00e7in APK'y\u0131 indirin Bu y\u0131l","isPartOf":{"@id":"https:\/\/betwinner.tips\/tr\/#website"},"datePublished":"2024-10-29T07:41:20+00:00","dateModified":"2026-04-06T13:05:34+00:00","description":"Ad\u0131m ad\u0131m k\u0131lavuzumuzla Betwinner Apk'yi Android veya iOS cihaz\u0131n\u0131za indirin ve y\u00fckleyin. Betwinner Mobile Apk ile mobil bahis ve casino oyunlar\u0131n\u0131 ke\u015ffedin \u2b50 Betwinner Apk'yi indirmenin keyfini \u00e7\u0131kar\u0131n","breadcrumb":{"@id":"https:\/\/betwinner.tips\/tr\/apk\/#breadcrumb"},"inLanguage":"tr","potentialAction":[{"@type":"ReadAction","target":["https:\/\/betwinner.tips\/tr\/apk\/"]}]},{"@type":"BreadcrumbList","@id":"https:\/\/betwinner.tips\/tr\/apk\/#breadcrumb","itemListElement":[{"@type":"ListItem","position":1,"name":"Home","item":"https:\/\/betwinner.tips\/tr\/"},{"@type":"ListItem","position":2,"name":"APK"}]},{"@type":"WebSite","@id":"https:\/\/betwinner.tips\/tr\/#website","url":"https:\/\/betwinner.tips\/tr\/","name":"Betwinner Tips tr","description":"My WordPress Blog","potentialAction":[{"@type":"SearchAction","target":{"@type":"EntryPoint","urlTemplate":"https:\/\/betwinner.tips\/tr\/?s={search_term_string}"},"query-input":{"@type":"PropertyValueSpecification","valueRequired":true,"valueName":"search_term_string"}}],"inLanguage":"tr"}]}},"_links":{"self":[{"href":"https:\/\/betwinner.tips\/tr\/wp-json\/wp\/v2\/pages\/253","targetHints":{"allow":["GET"]}}],"collection":[{"href":"https:\/\/betwinner.tips\/tr\/wp-json\/wp\/v2\/pages"}],"about":[{"href":"https:\/\/betwinner.tips\/tr\/wp-json\/wp\/v2\/types\/page"}],"author":[{"embeddable":true,"href":"https:\/\/betwinner.tips\/tr\/wp-json\/wp\/v2\/users\/1"}],"replies":[{"embeddable":true,"href":"https:\/\/betwinner.tips\/tr\/wp-json\/wp\/v2\/comments?post=253"}],"version-history":[{"count":7,"href":"https:\/\/betwinner.tips\/tr\/wp-json\/wp\/v2\/pages\/253\/revisions"}],"predecessor-version":[{"id":502,"href":"https:\/\/betwinner.tips\/tr\/wp-json\/wp\/v2\/pages\/253\/revisions\/502"}],"wp:attachment":[{"href":"https:\/\/betwinner.tips\/tr\/wp-json\/wp\/v2\/media?parent=253"}],"curies":[{"name":"wp","href":"https:\/\/api.w.org\/{rel}","templated":true}]}}