{"id":273,"date":"2024-10-30T08:26:29","date_gmt":"2024-10-30T08:26:29","guid":{"rendered":"https:\/\/betwinner.tips\/tr\/?page_id=273"},"modified":"2026-04-06T15:15:54","modified_gmt":"2026-04-06T15:15:54","slug":"registration","status":"publish","type":"page","link":"https:\/\/betwinner.tips\/tr\/registration\/","title":{"rendered":"Kay\u0131t"},"content":{"rendered":"","protected":false},"excerpt":{"rendered":"","protected":false},"author":1,"featured_media":0,"parent":0,"menu_order":0,"comment_status":"closed","ping_status":"closed","template":"","meta":{"footnotes":""},"class_list":["post-273","page","type-page","status-publish","hentry"],"yoast_head":"<!-- This site is optimized with the Yoast SEO plugin v25.6 - https:\/\/yoast.com\/wordpress\/plugins\/seo\/ -->\n<title>Betwinner Kayd\u0131 \ud83d\udd39 Hemen Hesab\u0131n\u0131z\u0131 Olu\u015fturun<\/title>\n<meta name=\"description\" content=\"Betwinner&#039;a \u00fcye olun ve bahis potansiyelinizi ortaya \u00e7\u0131kar\u0131n. Sorunsuz bir kay\u0131t s\u00fcreci i\u00e7in rehberimize g\u00f6z at\u0131n! Betwinner ile bahis heyecan\u0131na kat\u0131l\u0131n!\" \/>\n<meta name=\"robots\" content=\"noindex, follow, max-snippet:-1, max-image-preview:large, max-video-preview:-1\" \/>\n<meta property=\"og:locale\" content=\"tr_TR\" \/>\n<meta property=\"og:type\" content=\"article\" \/>\n<meta property=\"og:title\" content=\"Betwinner Kayd\u0131 \ud83d\udd39 Hemen Hesab\u0131n\u0131z\u0131 Olu\u015fturun\" \/>\n<meta property=\"og:description\" content=\"Betwinner&#039;a \u00fcye olun ve bahis potansiyelinizi ortaya \u00e7\u0131kar\u0131n. Sorunsuz bir kay\u0131t s\u00fcreci i\u00e7in rehberimize g\u00f6z at\u0131n! Betwinner ile bahis heyecan\u0131na kat\u0131l\u0131n!\" \/>\n<meta property=\"og:url\" content=\"https:\/\/betwinner.tips\/tr\/registration\/\" \/>\n<meta property=\"og:site_name\" content=\"Betwinner Tips tr\" \/>\n<meta property=\"article:modified_time\" content=\"2026-04-06T15:15:54+00:00\" \/>\n<meta name=\"twitter:card\" content=\"summary_large_image\" \/>\n<script type=\"application\/ld+json\" class=\"yoast-schema-graph\">{\"@context\":\"https:\/\/schema.org\",\"@graph\":[{\"@type\":\"WebPage\",\"@id\":\"https:\/\/betwinner.tips\/tr\/registration\/\",\"url\":\"https:\/\/betwinner.tips\/tr\/registration\/\",\"name\":\"Betwinner Kayd\u0131 \ud83d\udd39 Hemen Hesab\u0131n\u0131z\u0131 Olu\u015fturun\",\"isPartOf\":{\"@id\":\"https:\/\/betwinner.tips\/tr\/#website\"},\"datePublished\":\"2024-10-30T08:26:29+00:00\",\"dateModified\":\"2026-04-06T15:15:54+00:00\",\"description\":\"Betwinner'a \u00fcye olun ve bahis potansiyelinizi ortaya \u00e7\u0131kar\u0131n. Sorunsuz bir kay\u0131t s\u00fcreci i\u00e7in rehberimize g\u00f6z at\u0131n! Betwinner ile bahis heyecan\u0131na kat\u0131l\u0131n!\",\"breadcrumb\":{\"@id\":\"https:\/\/betwinner.tips\/tr\/registration\/#breadcrumb\"},\"inLanguage\":\"tr\",\"potentialAction\":[{\"@type\":\"ReadAction\",\"target\":[\"https:\/\/betwinner.tips\/tr\/registration\/\"]}]},{\"@type\":\"BreadcrumbList\",\"@id\":\"https:\/\/betwinner.tips\/tr\/registration\/#breadcrumb\",\"itemListElement\":[{\"@type\":\"ListItem\",\"position\":1,\"name\":\"Home\",\"item\":\"https:\/\/betwinner.tips\/tr\/\"},{\"@type\":\"ListItem\",\"position\":2,\"name\":\"Kay\u0131t\"}]},{\"@type\":\"WebSite\",\"@id\":\"https:\/\/betwinner.tips\/tr\/#website\",\"url\":\"https:\/\/betwinner.tips\/tr\/\",\"name\":\"Betwinner Tips tr\",\"description\":\"My WordPress Blog\",\"potentialAction\":[{\"@type\":\"SearchAction\",\"target\":{\"@type\":\"EntryPoint\",\"urlTemplate\":\"https:\/\/betwinner.tips\/tr\/?s={search_term_string}\"},\"query-input\":{\"@type\":\"PropertyValueSpecification\",\"valueRequired\":true,\"valueName\":\"search_term_string\"}}],\"inLanguage\":\"tr\"}]}<\/script>\n<!-- \/ Yoast SEO plugin. -->","yoast_head_json":{"title":"Betwinner Kayd\u0131 \ud83d\udd39 Hemen Hesab\u0131n\u0131z\u0131 Olu\u015fturun","description":"Betwinner'a \u00fcye olun ve bahis potansiyelinizi ortaya \u00e7\u0131kar\u0131n. Sorunsuz bir kay\u0131t s\u00fcreci i\u00e7in rehberimize g\u00f6z at\u0131n! Betwinner ile bahis heyecan\u0131na kat\u0131l\u0131n!","robots":{"index":"noindex","follow":"follow","max-snippet":"max-snippet:-1","max-image-preview":"max-image-preview:large","max-video-preview":"max-video-preview:-1"},"og_locale":"tr_TR","og_type":"article","og_title":"Betwinner Kayd\u0131 \ud83d\udd39 Hemen Hesab\u0131n\u0131z\u0131 Olu\u015fturun","og_description":"Betwinner'a \u00fcye olun ve bahis potansiyelinizi ortaya \u00e7\u0131kar\u0131n. Sorunsuz bir kay\u0131t s\u00fcreci i\u00e7in rehberimize g\u00f6z at\u0131n! Betwinner ile bahis heyecan\u0131na kat\u0131l\u0131n!","og_url":"https:\/\/betwinner.tips\/tr\/registration\/","og_site_name":"Betwinner Tips tr","article_modified_time":"2026-04-06T15:15:54+00:00","twitter_card":"summary_large_image","schema":{"@context":"https:\/\/schema.org","@graph":[{"@type":"WebPage","@id":"https:\/\/betwinner.tips\/tr\/registration\/","url":"https:\/\/betwinner.tips\/tr\/registration\/","name":"Betwinner Kayd\u0131 \ud83d\udd39 Hemen Hesab\u0131n\u0131z\u0131 Olu\u015fturun","isPartOf":{"@id":"https:\/\/betwinner.tips\/tr\/#website"},"datePublished":"2024-10-30T08:26:29+00:00","dateModified":"2026-04-06T15:15:54+00:00","description":"Betwinner'a \u00fcye olun ve bahis potansiyelinizi ortaya \u00e7\u0131kar\u0131n. Sorunsuz bir kay\u0131t s\u00fcreci i\u00e7in rehberimize g\u00f6z at\u0131n! Betwinner ile bahis heyecan\u0131na kat\u0131l\u0131n!","breadcrumb":{"@id":"https:\/\/betwinner.tips\/tr\/registration\/#breadcrumb"},"inLanguage":"tr","potentialAction":[{"@type":"ReadAction","target":["https:\/\/betwinner.tips\/tr\/registration\/"]}]},{"@type":"BreadcrumbList","@id":"https:\/\/betwinner.tips\/tr\/registration\/#breadcrumb","itemListElement":[{"@type":"ListItem","position":1,"name":"Home","item":"https:\/\/betwinner.tips\/tr\/"},{"@type":"ListItem","position":2,"name":"Kay\u0131t"}]},{"@type":"WebSite","@id":"https:\/\/betwinner.tips\/tr\/#website","url":"https:\/\/betwinner.tips\/tr\/","name":"Betwinner Tips tr","description":"My WordPress Blog","potentialAction":[{"@type":"SearchAction","target":{"@type":"EntryPoint","urlTemplate":"https:\/\/betwinner.tips\/tr\/?s={search_term_string}"},"query-input":{"@type":"PropertyValueSpecification","valueRequired":true,"valueName":"search_term_string"}}],"inLanguage":"tr"}]}},"_links":{"self":[{"href":"https:\/\/betwinner.tips\/tr\/wp-json\/wp\/v2\/pages\/273","targetHints":{"allow":["GET"]}}],"collection":[{"href":"https:\/\/betwinner.tips\/tr\/wp-json\/wp\/v2\/pages"}],"about":[{"href":"https:\/\/betwinner.tips\/tr\/wp-json\/wp\/v2\/types\/page"}],"author":[{"embeddable":true,"href":"https:\/\/betwinner.tips\/tr\/wp-json\/wp\/v2\/users\/1"}],"replies":[{"embeddable":true,"href":"https:\/\/betwinner.tips\/tr\/wp-json\/wp\/v2\/comments?post=273"}],"version-history":[{"count":6,"href":"https:\/\/betwinner.tips\/tr\/wp-json\/wp\/v2\/pages\/273\/revisions"}],"predecessor-version":[{"id":513,"href":"https:\/\/betwinner.tips\/tr\/wp-json\/wp\/v2\/pages\/273\/revisions\/513"}],"wp:attachment":[{"href":"https:\/\/betwinner.tips\/tr\/wp-json\/wp\/v2\/media?parent=273"}],"curies":[{"name":"wp","href":"https:\/\/api.w.org\/{rel}","templated":true}]}}