{"id":290,"date":"2024-10-30T14:57:05","date_gmt":"2024-10-30T14:57:05","guid":{"rendered":"https:\/\/betwinner.tips\/tr\/?page_id=290"},"modified":"2026-04-06T14:49:38","modified_gmt":"2026-04-06T14:49:38","slug":"login","status":"publish","type":"page","link":"https:\/\/betwinner.tips\/tr\/login\/","title":{"rendered":"Giri\u015f"},"content":{"rendered":"","protected":false},"excerpt":{"rendered":"","protected":false},"author":1,"featured_media":0,"parent":0,"menu_order":0,"comment_status":"closed","ping_status":"closed","template":"","meta":{"footnotes":""},"class_list":["post-290","page","type-page","status-publish","hentry"],"yoast_head":"<!-- This site is optimized with the Yoast SEO plugin v25.6 - https:\/\/yoast.com\/wordpress\/plugins\/seo\/ -->\n<title>Betwinner Giri\u015f \u2611\ufe0f Resmi Site ve G\u00fcvenli Eri\u015fim \u0130pucu<\/title>\n<meta name=\"description\" content=\"Betwinner Hesab\u0131n\u0131za Nas\u0131l Giri\u015f Yap\u0131l\u0131r \u2611\ufe0f Betwinner web sitesini ziyaret edin ve &quot;Giri\u015f&quot; d\u00fc\u011fmesine t\u0131klay\u0131n \u2713 Betwinner Hesap Kayd\u0131 ve Do\u011frulama\" \/>\n<meta name=\"robots\" content=\"noindex, follow, max-snippet:-1, max-image-preview:large, max-video-preview:-1\" \/>\n<meta property=\"og:locale\" content=\"tr_TR\" \/>\n<meta property=\"og:type\" content=\"article\" \/>\n<meta property=\"og:title\" content=\"Betwinner Giri\u015f \u2611\ufe0f Resmi Site ve G\u00fcvenli Eri\u015fim \u0130pucu\" \/>\n<meta property=\"og:description\" content=\"Betwinner Hesab\u0131n\u0131za Nas\u0131l Giri\u015f Yap\u0131l\u0131r \u2611\ufe0f Betwinner web sitesini ziyaret edin ve &quot;Giri\u015f&quot; d\u00fc\u011fmesine t\u0131klay\u0131n \u2713 Betwinner Hesap Kayd\u0131 ve Do\u011frulama\" \/>\n<meta property=\"og:url\" content=\"https:\/\/betwinner.tips\/tr\/login\/\" \/>\n<meta property=\"og:site_name\" content=\"Betwinner Tips tr\" \/>\n<meta property=\"article:modified_time\" content=\"2026-04-06T14:49:38+00:00\" \/>\n<meta name=\"twitter:card\" content=\"summary_large_image\" \/>\n<script type=\"application\/ld+json\" class=\"yoast-schema-graph\">{\"@context\":\"https:\/\/schema.org\",\"@graph\":[{\"@type\":\"WebPage\",\"@id\":\"https:\/\/betwinner.tips\/tr\/login\/\",\"url\":\"https:\/\/betwinner.tips\/tr\/login\/\",\"name\":\"Betwinner Giri\u015f \u2611\ufe0f Resmi Site ve G\u00fcvenli Eri\u015fim \u0130pucu\",\"isPartOf\":{\"@id\":\"https:\/\/betwinner.tips\/tr\/#website\"},\"datePublished\":\"2024-10-30T14:57:05+00:00\",\"dateModified\":\"2026-04-06T14:49:38+00:00\",\"description\":\"Betwinner Hesab\u0131n\u0131za Nas\u0131l Giri\u015f Yap\u0131l\u0131r \u2611\ufe0f Betwinner web sitesini ziyaret edin ve \\\"Giri\u015f\\\" d\u00fc\u011fmesine t\u0131klay\u0131n \u2713 Betwinner Hesap Kayd\u0131 ve Do\u011frulama\",\"breadcrumb\":{\"@id\":\"https:\/\/betwinner.tips\/tr\/login\/#breadcrumb\"},\"inLanguage\":\"tr\",\"potentialAction\":[{\"@type\":\"ReadAction\",\"target\":[\"https:\/\/betwinner.tips\/tr\/login\/\"]}]},{\"@type\":\"BreadcrumbList\",\"@id\":\"https:\/\/betwinner.tips\/tr\/login\/#breadcrumb\",\"itemListElement\":[{\"@type\":\"ListItem\",\"position\":1,\"name\":\"Home\",\"item\":\"https:\/\/betwinner.tips\/tr\/\"},{\"@type\":\"ListItem\",\"position\":2,\"name\":\"Giri\u015f\"}]},{\"@type\":\"WebSite\",\"@id\":\"https:\/\/betwinner.tips\/tr\/#website\",\"url\":\"https:\/\/betwinner.tips\/tr\/\",\"name\":\"Betwinner Tips tr\",\"description\":\"My WordPress Blog\",\"potentialAction\":[{\"@type\":\"SearchAction\",\"target\":{\"@type\":\"EntryPoint\",\"urlTemplate\":\"https:\/\/betwinner.tips\/tr\/?s={search_term_string}\"},\"query-input\":{\"@type\":\"PropertyValueSpecification\",\"valueRequired\":true,\"valueName\":\"search_term_string\"}}],\"inLanguage\":\"tr\"}]}<\/script>\n<!-- \/ Yoast SEO plugin. -->","yoast_head_json":{"title":"Betwinner Giri\u015f \u2611\ufe0f Resmi Site ve G\u00fcvenli Eri\u015fim \u0130pucu","description":"Betwinner Hesab\u0131n\u0131za Nas\u0131l Giri\u015f Yap\u0131l\u0131r \u2611\ufe0f Betwinner web sitesini ziyaret edin ve \"Giri\u015f\" d\u00fc\u011fmesine t\u0131klay\u0131n \u2713 Betwinner Hesap Kayd\u0131 ve Do\u011frulama","robots":{"index":"noindex","follow":"follow","max-snippet":"max-snippet:-1","max-image-preview":"max-image-preview:large","max-video-preview":"max-video-preview:-1"},"og_locale":"tr_TR","og_type":"article","og_title":"Betwinner Giri\u015f \u2611\ufe0f Resmi Site ve G\u00fcvenli Eri\u015fim \u0130pucu","og_description":"Betwinner Hesab\u0131n\u0131za Nas\u0131l Giri\u015f Yap\u0131l\u0131r \u2611\ufe0f Betwinner web sitesini ziyaret edin ve \"Giri\u015f\" d\u00fc\u011fmesine t\u0131klay\u0131n \u2713 Betwinner Hesap Kayd\u0131 ve Do\u011frulama","og_url":"https:\/\/betwinner.tips\/tr\/login\/","og_site_name":"Betwinner Tips tr","article_modified_time":"2026-04-06T14:49:38+00:00","twitter_card":"summary_large_image","schema":{"@context":"https:\/\/schema.org","@graph":[{"@type":"WebPage","@id":"https:\/\/betwinner.tips\/tr\/login\/","url":"https:\/\/betwinner.tips\/tr\/login\/","name":"Betwinner Giri\u015f \u2611\ufe0f Resmi Site ve G\u00fcvenli Eri\u015fim \u0130pucu","isPartOf":{"@id":"https:\/\/betwinner.tips\/tr\/#website"},"datePublished":"2024-10-30T14:57:05+00:00","dateModified":"2026-04-06T14:49:38+00:00","description":"Betwinner Hesab\u0131n\u0131za Nas\u0131l Giri\u015f Yap\u0131l\u0131r \u2611\ufe0f Betwinner web sitesini ziyaret edin ve \"Giri\u015f\" d\u00fc\u011fmesine t\u0131klay\u0131n \u2713 Betwinner Hesap Kayd\u0131 ve Do\u011frulama","breadcrumb":{"@id":"https:\/\/betwinner.tips\/tr\/login\/#breadcrumb"},"inLanguage":"tr","potentialAction":[{"@type":"ReadAction","target":["https:\/\/betwinner.tips\/tr\/login\/"]}]},{"@type":"BreadcrumbList","@id":"https:\/\/betwinner.tips\/tr\/login\/#breadcrumb","itemListElement":[{"@type":"ListItem","position":1,"name":"Home","item":"https:\/\/betwinner.tips\/tr\/"},{"@type":"ListItem","position":2,"name":"Giri\u015f"}]},{"@type":"WebSite","@id":"https:\/\/betwinner.tips\/tr\/#website","url":"https:\/\/betwinner.tips\/tr\/","name":"Betwinner Tips tr","description":"My WordPress Blog","potentialAction":[{"@type":"SearchAction","target":{"@type":"EntryPoint","urlTemplate":"https:\/\/betwinner.tips\/tr\/?s={search_term_string}"},"query-input":{"@type":"PropertyValueSpecification","valueRequired":true,"valueName":"search_term_string"}}],"inLanguage":"tr"}]}},"_links":{"self":[{"href":"https:\/\/betwinner.tips\/tr\/wp-json\/wp\/v2\/pages\/290","targetHints":{"allow":["GET"]}}],"collection":[{"href":"https:\/\/betwinner.tips\/tr\/wp-json\/wp\/v2\/pages"}],"about":[{"href":"https:\/\/betwinner.tips\/tr\/wp-json\/wp\/v2\/types\/page"}],"author":[{"embeddable":true,"href":"https:\/\/betwinner.tips\/tr\/wp-json\/wp\/v2\/users\/1"}],"replies":[{"embeddable":true,"href":"https:\/\/betwinner.tips\/tr\/wp-json\/wp\/v2\/comments?post=290"}],"version-history":[{"count":5,"href":"https:\/\/betwinner.tips\/tr\/wp-json\/wp\/v2\/pages\/290\/revisions"}],"predecessor-version":[{"id":509,"href":"https:\/\/betwinner.tips\/tr\/wp-json\/wp\/v2\/pages\/290\/revisions\/509"}],"wp:attachment":[{"href":"https:\/\/betwinner.tips\/tr\/wp-json\/wp\/v2\/media?parent=290"}],"curies":[{"name":"wp","href":"https:\/\/api.w.org\/{rel}","templated":true}]}}