{"id":303,"date":"2024-10-31T15:11:26","date_gmt":"2024-10-31T15:11:26","guid":{"rendered":"https:\/\/betwinner.tips\/tr\/?page_id=303"},"modified":"2026-04-06T12:32:54","modified_gmt":"2026-04-06T12:32:54","slug":"affiliate","status":"publish","type":"page","link":"https:\/\/betwinner.tips\/tr\/affiliate\/","title":{"rendered":"Ortakl\u0131k"},"content":{"rendered":"","protected":false},"excerpt":{"rendered":"","protected":false},"author":1,"featured_media":0,"parent":0,"menu_order":0,"comment_status":"closed","ping_status":"closed","template":"","meta":{"footnotes":""},"class_list":["post-303","page","type-page","status-publish","hentry"],"yoast_head":"<!-- This site is optimized with the Yoast SEO plugin v25.6 - https:\/\/yoast.com\/wordpress\/plugins\/seo\/ -->\n<title>Betwinner Ortaklar\u0131 \u2611\ufe0f Ortakl\u0131k Program\u0131 ile Ba\u015far\u0131ya Giden Yolunuz<\/title>\n<meta name=\"description\" content=\"Resmi Betwinner ortakl\u0131k program\u0131na kat\u0131l\u0131n ve y\u00f6nlendirdi\u011finiz her oyuncudan cazip komisyonlar kazanmaya ba\u015flay\u0131n! Gelirinizi art\u0131rmak i\u00e7in bu f\u0131rsat\u0131 ka\u00e7\u0131rmay\u0131n!\" \/>\n<meta name=\"robots\" content=\"noindex, follow, max-snippet:-1, max-image-preview:large, max-video-preview:-1\" \/>\n<meta property=\"og:locale\" content=\"tr_TR\" \/>\n<meta property=\"og:type\" content=\"article\" \/>\n<meta property=\"og:title\" content=\"Betwinner Ortaklar\u0131 \u2611\ufe0f Ortakl\u0131k Program\u0131 ile Ba\u015far\u0131ya Giden Yolunuz\" \/>\n<meta property=\"og:description\" content=\"Resmi Betwinner ortakl\u0131k program\u0131na kat\u0131l\u0131n ve y\u00f6nlendirdi\u011finiz her oyuncudan cazip komisyonlar kazanmaya ba\u015flay\u0131n! Gelirinizi art\u0131rmak i\u00e7in bu f\u0131rsat\u0131 ka\u00e7\u0131rmay\u0131n!\" \/>\n<meta property=\"og:url\" content=\"https:\/\/betwinner.tips\/tr\/affiliate\/\" \/>\n<meta property=\"og:site_name\" content=\"Betwinner Tips tr\" \/>\n<meta property=\"article:modified_time\" content=\"2026-04-06T12:32:54+00:00\" \/>\n<meta name=\"twitter:card\" content=\"summary_large_image\" \/>\n<script type=\"application\/ld+json\" class=\"yoast-schema-graph\">{\"@context\":\"https:\/\/schema.org\",\"@graph\":[{\"@type\":\"WebPage\",\"@id\":\"https:\/\/betwinner.tips\/tr\/affiliate\/\",\"url\":\"https:\/\/betwinner.tips\/tr\/affiliate\/\",\"name\":\"Betwinner Ortaklar\u0131 \u2611\ufe0f Ortakl\u0131k Program\u0131 ile Ba\u015far\u0131ya Giden Yolunuz\",\"isPartOf\":{\"@id\":\"https:\/\/betwinner.tips\/tr\/#website\"},\"datePublished\":\"2024-10-31T15:11:26+00:00\",\"dateModified\":\"2026-04-06T12:32:54+00:00\",\"description\":\"Resmi Betwinner ortakl\u0131k program\u0131na kat\u0131l\u0131n ve y\u00f6nlendirdi\u011finiz her oyuncudan cazip komisyonlar kazanmaya ba\u015flay\u0131n! Gelirinizi art\u0131rmak i\u00e7in bu f\u0131rsat\u0131 ka\u00e7\u0131rmay\u0131n!\",\"breadcrumb\":{\"@id\":\"https:\/\/betwinner.tips\/tr\/affiliate\/#breadcrumb\"},\"inLanguage\":\"tr\",\"potentialAction\":[{\"@type\":\"ReadAction\",\"target\":[\"https:\/\/betwinner.tips\/tr\/affiliate\/\"]}]},{\"@type\":\"BreadcrumbList\",\"@id\":\"https:\/\/betwinner.tips\/tr\/affiliate\/#breadcrumb\",\"itemListElement\":[{\"@type\":\"ListItem\",\"position\":1,\"name\":\"Home\",\"item\":\"https:\/\/betwinner.tips\/tr\/\"},{\"@type\":\"ListItem\",\"position\":2,\"name\":\"Ortakl\u0131k\"}]},{\"@type\":\"WebSite\",\"@id\":\"https:\/\/betwinner.tips\/tr\/#website\",\"url\":\"https:\/\/betwinner.tips\/tr\/\",\"name\":\"Betwinner Tips tr\",\"description\":\"My WordPress Blog\",\"potentialAction\":[{\"@type\":\"SearchAction\",\"target\":{\"@type\":\"EntryPoint\",\"urlTemplate\":\"https:\/\/betwinner.tips\/tr\/?s={search_term_string}\"},\"query-input\":{\"@type\":\"PropertyValueSpecification\",\"valueRequired\":true,\"valueName\":\"search_term_string\"}}],\"inLanguage\":\"tr\"}]}<\/script>\n<!-- \/ Yoast SEO plugin. -->","yoast_head_json":{"title":"Betwinner Ortaklar\u0131 \u2611\ufe0f Ortakl\u0131k Program\u0131 ile Ba\u015far\u0131ya Giden Yolunuz","description":"Resmi Betwinner ortakl\u0131k program\u0131na kat\u0131l\u0131n ve y\u00f6nlendirdi\u011finiz her oyuncudan cazip komisyonlar kazanmaya ba\u015flay\u0131n! Gelirinizi art\u0131rmak i\u00e7in bu f\u0131rsat\u0131 ka\u00e7\u0131rmay\u0131n!","robots":{"index":"noindex","follow":"follow","max-snippet":"max-snippet:-1","max-image-preview":"max-image-preview:large","max-video-preview":"max-video-preview:-1"},"og_locale":"tr_TR","og_type":"article","og_title":"Betwinner Ortaklar\u0131 \u2611\ufe0f Ortakl\u0131k Program\u0131 ile Ba\u015far\u0131ya Giden Yolunuz","og_description":"Resmi Betwinner ortakl\u0131k program\u0131na kat\u0131l\u0131n ve y\u00f6nlendirdi\u011finiz her oyuncudan cazip komisyonlar kazanmaya ba\u015flay\u0131n! Gelirinizi art\u0131rmak i\u00e7in bu f\u0131rsat\u0131 ka\u00e7\u0131rmay\u0131n!","og_url":"https:\/\/betwinner.tips\/tr\/affiliate\/","og_site_name":"Betwinner Tips tr","article_modified_time":"2026-04-06T12:32:54+00:00","twitter_card":"summary_large_image","schema":{"@context":"https:\/\/schema.org","@graph":[{"@type":"WebPage","@id":"https:\/\/betwinner.tips\/tr\/affiliate\/","url":"https:\/\/betwinner.tips\/tr\/affiliate\/","name":"Betwinner Ortaklar\u0131 \u2611\ufe0f Ortakl\u0131k Program\u0131 ile Ba\u015far\u0131ya Giden Yolunuz","isPartOf":{"@id":"https:\/\/betwinner.tips\/tr\/#website"},"datePublished":"2024-10-31T15:11:26+00:00","dateModified":"2026-04-06T12:32:54+00:00","description":"Resmi Betwinner ortakl\u0131k program\u0131na kat\u0131l\u0131n ve y\u00f6nlendirdi\u011finiz her oyuncudan cazip komisyonlar kazanmaya ba\u015flay\u0131n! Gelirinizi art\u0131rmak i\u00e7in bu f\u0131rsat\u0131 ka\u00e7\u0131rmay\u0131n!","breadcrumb":{"@id":"https:\/\/betwinner.tips\/tr\/affiliate\/#breadcrumb"},"inLanguage":"tr","potentialAction":[{"@type":"ReadAction","target":["https:\/\/betwinner.tips\/tr\/affiliate\/"]}]},{"@type":"BreadcrumbList","@id":"https:\/\/betwinner.tips\/tr\/affiliate\/#breadcrumb","itemListElement":[{"@type":"ListItem","position":1,"name":"Home","item":"https:\/\/betwinner.tips\/tr\/"},{"@type":"ListItem","position":2,"name":"Ortakl\u0131k"}]},{"@type":"WebSite","@id":"https:\/\/betwinner.tips\/tr\/#website","url":"https:\/\/betwinner.tips\/tr\/","name":"Betwinner Tips tr","description":"My WordPress Blog","potentialAction":[{"@type":"SearchAction","target":{"@type":"EntryPoint","urlTemplate":"https:\/\/betwinner.tips\/tr\/?s={search_term_string}"},"query-input":{"@type":"PropertyValueSpecification","valueRequired":true,"valueName":"search_term_string"}}],"inLanguage":"tr"}]}},"_links":{"self":[{"href":"https:\/\/betwinner.tips\/tr\/wp-json\/wp\/v2\/pages\/303","targetHints":{"allow":["GET"]}}],"collection":[{"href":"https:\/\/betwinner.tips\/tr\/wp-json\/wp\/v2\/pages"}],"about":[{"href":"https:\/\/betwinner.tips\/tr\/wp-json\/wp\/v2\/types\/page"}],"author":[{"embeddable":true,"href":"https:\/\/betwinner.tips\/tr\/wp-json\/wp\/v2\/users\/1"}],"replies":[{"embeddable":true,"href":"https:\/\/betwinner.tips\/tr\/wp-json\/wp\/v2\/comments?post=303"}],"version-history":[{"count":8,"href":"https:\/\/betwinner.tips\/tr\/wp-json\/wp\/v2\/pages\/303\/revisions"}],"predecessor-version":[{"id":500,"href":"https:\/\/betwinner.tips\/tr\/wp-json\/wp\/v2\/pages\/303\/revisions\/500"}],"wp:attachment":[{"href":"https:\/\/betwinner.tips\/tr\/wp-json\/wp\/v2\/media?parent=303"}],"curies":[{"name":"wp","href":"https:\/\/api.w.org\/{rel}","templated":true}]}}