{"id":321,"date":"2024-10-31T16:54:54","date_gmt":"2024-10-31T16:54:54","guid":{"rendered":"https:\/\/betwinner.tips\/tr\/?page_id=321"},"modified":"2026-04-06T13:19:22","modified_gmt":"2026-04-06T13:19:22","slug":"app","status":"publish","type":"page","link":"https:\/\/betwinner.tips\/tr\/app\/","title":{"rendered":"Uygulama"},"content":{"rendered":"","protected":false},"excerpt":{"rendered":"","protected":false},"author":1,"featured_media":0,"parent":0,"menu_order":0,"comment_status":"closed","ping_status":"closed","template":"","meta":{"footnotes":""},"class_list":["post-321","page","type-page","status-publish","hentry"],"yoast_head":"<!-- This site is optimized with the Yoast SEO plugin v25.6 - https:\/\/yoast.com\/wordpress\/plugins\/seo\/ -->\n<title>Betwinner Uygulamas\u0131 \u2705 Android ve iOS i\u00e7in \u00dccretsiz \u0130ndir<\/title>\n<meta name=\"description\" content=\"SpinBetter Mobil Uygulamas\u0131 ile e\u015fsiz bir oyun deneyiminin kap\u0131lar\u0131n\u0131 aralay\u0131n! En sevdi\u011finiz e\u011flenceye her zaman, her yerden eri\u015fin ve mobil kullan\u0131c\u0131lar\u0131na \u00f6zel avantajlar\u0131n tad\u0131n\u0131 \u00e7\u0131kar\u0131n.\" \/>\n<meta name=\"robots\" content=\"noindex, follow, max-snippet:-1, max-image-preview:large, max-video-preview:-1\" \/>\n<meta property=\"og:locale\" content=\"tr_TR\" \/>\n<meta property=\"og:type\" content=\"article\" \/>\n<meta property=\"og:title\" content=\"Betwinner Uygulamas\u0131 \u2705 Android ve iOS i\u00e7in \u00dccretsiz \u0130ndir\" \/>\n<meta property=\"og:description\" content=\"SpinBetter Mobil Uygulamas\u0131 ile e\u015fsiz bir oyun deneyiminin kap\u0131lar\u0131n\u0131 aralay\u0131n! En sevdi\u011finiz e\u011flenceye her zaman, her yerden eri\u015fin ve mobil kullan\u0131c\u0131lar\u0131na \u00f6zel avantajlar\u0131n tad\u0131n\u0131 \u00e7\u0131kar\u0131n.\" \/>\n<meta property=\"og:url\" content=\"https:\/\/betwinner.tips\/tr\/app\/\" \/>\n<meta property=\"og:site_name\" content=\"Betwinner Tips tr\" \/>\n<meta property=\"article:modified_time\" content=\"2026-04-06T13:19:22+00:00\" \/>\n<meta name=\"twitter:card\" content=\"summary_large_image\" \/>\n<script type=\"application\/ld+json\" class=\"yoast-schema-graph\">{\"@context\":\"https:\/\/schema.org\",\"@graph\":[{\"@type\":\"WebPage\",\"@id\":\"https:\/\/betwinner.tips\/tr\/app\/\",\"url\":\"https:\/\/betwinner.tips\/tr\/app\/\",\"name\":\"Betwinner Uygulamas\u0131 \u2705 Android ve iOS i\u00e7in \u00dccretsiz \u0130ndir\",\"isPartOf\":{\"@id\":\"https:\/\/betwinner.tips\/tr\/#website\"},\"datePublished\":\"2024-10-31T16:54:54+00:00\",\"dateModified\":\"2026-04-06T13:19:22+00:00\",\"description\":\"SpinBetter Mobil Uygulamas\u0131 ile e\u015fsiz bir oyun deneyiminin kap\u0131lar\u0131n\u0131 aralay\u0131n! En sevdi\u011finiz e\u011flenceye her zaman, her yerden eri\u015fin ve mobil kullan\u0131c\u0131lar\u0131na \u00f6zel avantajlar\u0131n tad\u0131n\u0131 \u00e7\u0131kar\u0131n.\",\"breadcrumb\":{\"@id\":\"https:\/\/betwinner.tips\/tr\/app\/#breadcrumb\"},\"inLanguage\":\"tr\",\"potentialAction\":[{\"@type\":\"ReadAction\",\"target\":[\"https:\/\/betwinner.tips\/tr\/app\/\"]}]},{\"@type\":\"BreadcrumbList\",\"@id\":\"https:\/\/betwinner.tips\/tr\/app\/#breadcrumb\",\"itemListElement\":[{\"@type\":\"ListItem\",\"position\":1,\"name\":\"Home\",\"item\":\"https:\/\/betwinner.tips\/tr\/\"},{\"@type\":\"ListItem\",\"position\":2,\"name\":\"Uygulama\"}]},{\"@type\":\"WebSite\",\"@id\":\"https:\/\/betwinner.tips\/tr\/#website\",\"url\":\"https:\/\/betwinner.tips\/tr\/\",\"name\":\"Betwinner Tips tr\",\"description\":\"My WordPress Blog\",\"potentialAction\":[{\"@type\":\"SearchAction\",\"target\":{\"@type\":\"EntryPoint\",\"urlTemplate\":\"https:\/\/betwinner.tips\/tr\/?s={search_term_string}\"},\"query-input\":{\"@type\":\"PropertyValueSpecification\",\"valueRequired\":true,\"valueName\":\"search_term_string\"}}],\"inLanguage\":\"tr\"}]}<\/script>\n<!-- \/ Yoast SEO plugin. -->","yoast_head_json":{"title":"Betwinner Uygulamas\u0131 \u2705 Android ve iOS i\u00e7in \u00dccretsiz \u0130ndir","description":"SpinBetter Mobil Uygulamas\u0131 ile e\u015fsiz bir oyun deneyiminin kap\u0131lar\u0131n\u0131 aralay\u0131n! En sevdi\u011finiz e\u011flenceye her zaman, her yerden eri\u015fin ve mobil kullan\u0131c\u0131lar\u0131na \u00f6zel avantajlar\u0131n tad\u0131n\u0131 \u00e7\u0131kar\u0131n.","robots":{"index":"noindex","follow":"follow","max-snippet":"max-snippet:-1","max-image-preview":"max-image-preview:large","max-video-preview":"max-video-preview:-1"},"og_locale":"tr_TR","og_type":"article","og_title":"Betwinner Uygulamas\u0131 \u2705 Android ve iOS i\u00e7in \u00dccretsiz \u0130ndir","og_description":"SpinBetter Mobil Uygulamas\u0131 ile e\u015fsiz bir oyun deneyiminin kap\u0131lar\u0131n\u0131 aralay\u0131n! En sevdi\u011finiz e\u011flenceye her zaman, her yerden eri\u015fin ve mobil kullan\u0131c\u0131lar\u0131na \u00f6zel avantajlar\u0131n tad\u0131n\u0131 \u00e7\u0131kar\u0131n.","og_url":"https:\/\/betwinner.tips\/tr\/app\/","og_site_name":"Betwinner Tips tr","article_modified_time":"2026-04-06T13:19:22+00:00","twitter_card":"summary_large_image","schema":{"@context":"https:\/\/schema.org","@graph":[{"@type":"WebPage","@id":"https:\/\/betwinner.tips\/tr\/app\/","url":"https:\/\/betwinner.tips\/tr\/app\/","name":"Betwinner Uygulamas\u0131 \u2705 Android ve iOS i\u00e7in \u00dccretsiz \u0130ndir","isPartOf":{"@id":"https:\/\/betwinner.tips\/tr\/#website"},"datePublished":"2024-10-31T16:54:54+00:00","dateModified":"2026-04-06T13:19:22+00:00","description":"SpinBetter Mobil Uygulamas\u0131 ile e\u015fsiz bir oyun deneyiminin kap\u0131lar\u0131n\u0131 aralay\u0131n! En sevdi\u011finiz e\u011flenceye her zaman, her yerden eri\u015fin ve mobil kullan\u0131c\u0131lar\u0131na \u00f6zel avantajlar\u0131n tad\u0131n\u0131 \u00e7\u0131kar\u0131n.","breadcrumb":{"@id":"https:\/\/betwinner.tips\/tr\/app\/#breadcrumb"},"inLanguage":"tr","potentialAction":[{"@type":"ReadAction","target":["https:\/\/betwinner.tips\/tr\/app\/"]}]},{"@type":"BreadcrumbList","@id":"https:\/\/betwinner.tips\/tr\/app\/#breadcrumb","itemListElement":[{"@type":"ListItem","position":1,"name":"Home","item":"https:\/\/betwinner.tips\/tr\/"},{"@type":"ListItem","position":2,"name":"Uygulama"}]},{"@type":"WebSite","@id":"https:\/\/betwinner.tips\/tr\/#website","url":"https:\/\/betwinner.tips\/tr\/","name":"Betwinner Tips tr","description":"My WordPress Blog","potentialAction":[{"@type":"SearchAction","target":{"@type":"EntryPoint","urlTemplate":"https:\/\/betwinner.tips\/tr\/?s={search_term_string}"},"query-input":{"@type":"PropertyValueSpecification","valueRequired":true,"valueName":"search_term_string"}}],"inLanguage":"tr"}]}},"_links":{"self":[{"href":"https:\/\/betwinner.tips\/tr\/wp-json\/wp\/v2\/pages\/321","targetHints":{"allow":["GET"]}}],"collection":[{"href":"https:\/\/betwinner.tips\/tr\/wp-json\/wp\/v2\/pages"}],"about":[{"href":"https:\/\/betwinner.tips\/tr\/wp-json\/wp\/v2\/types\/page"}],"author":[{"embeddable":true,"href":"https:\/\/betwinner.tips\/tr\/wp-json\/wp\/v2\/users\/1"}],"replies":[{"embeddable":true,"href":"https:\/\/betwinner.tips\/tr\/wp-json\/wp\/v2\/comments?post=321"}],"version-history":[{"count":6,"href":"https:\/\/betwinner.tips\/tr\/wp-json\/wp\/v2\/pages\/321\/revisions"}],"predecessor-version":[{"id":504,"href":"https:\/\/betwinner.tips\/tr\/wp-json\/wp\/v2\/pages\/321\/revisions\/504"}],"wp:attachment":[{"href":"https:\/\/betwinner.tips\/tr\/wp-json\/wp\/v2\/media?parent=321"}],"curies":[{"name":"wp","href":"https:\/\/api.w.org\/{rel}","templated":true}]}}