{"id":152,"date":"2023-05-18T17:39:43","date_gmt":"2023-05-18T17:39:43","guid":{"rendered":"https:\/\/betwinner.tips\/vi\/?page_id=152"},"modified":"2026-04-25T13:54:56","modified_gmt":"2026-04-25T13:54:56","slug":"bonus","status":"publish","type":"page","link":"https:\/\/betwinner.tips\/vi\/bonus\/","title":{"rendered":"Ti\u1ec1n th\u01b0\u1edfng"},"content":{"rendered":"","protected":false},"excerpt":{"rendered":"","protected":false},"author":1,"featured_media":0,"parent":0,"menu_order":0,"comment_status":"closed","ping_status":"closed","template":"","meta":{"footnotes":""},"class_list":["post-152","page","type-page","status-publish","hentry"],"yoast_head":"<!-- This site is optimized with the Yoast SEO plugin v25.6 - https:\/\/yoast.com\/wordpress\/plugins\/seo\/ -->\n<title>H\u01b0\u1edbng d\u1eabn v\u1ec1 c\u00e1c ch\u01b0\u01a1ng tr\u00ecnh khuy\u1ebfn m\u00e3i c\u1ee7a BetWinner | \u01afu \u0111\u00e3i c\u00e1 c\u01b0\u1ee3c \u0111\u1ed9c quy\u1ec1n<\/title>\n<meta name=\"description\" content=\"\u0110\u0103ng k\u00fd ngay \u0111\u1ec3 nh\u1eadn ph\u1ea7n th\u01b0\u1edfng ch\u00e0o m\u1eebng cho c\u00e1 c\u01b0\u1ee3c th\u1ec3 thao v\u00e0 s\u00f2ng b\u1ea1c sau khi \u0111\u0103ng k\u00fd t\u1ea1i BetWinner! H\u00e3y t\u1eadn h\u01b0\u1edfng tr\u00f2 ch\u01a1i v\u00e0 nh\u1eadn ph\u1ea7n th\u01b0\u1edfng khi tham gia ch\u01a1i t\u00edch c\u1ef1c!\" \/>\n<meta name=\"robots\" content=\"noindex, follow, max-snippet:-1, max-image-preview:large, max-video-preview:-1\" \/>\n<meta property=\"og:locale\" content=\"vi_VN\" \/>\n<meta property=\"og:type\" content=\"article\" \/>\n<meta property=\"og:title\" content=\"H\u01b0\u1edbng d\u1eabn v\u1ec1 c\u00e1c ch\u01b0\u01a1ng tr\u00ecnh khuy\u1ebfn m\u00e3i c\u1ee7a BetWinner | \u01afu \u0111\u00e3i c\u00e1 c\u01b0\u1ee3c \u0111\u1ed9c quy\u1ec1n\" \/>\n<meta property=\"og:description\" content=\"\u0110\u0103ng k\u00fd ngay \u0111\u1ec3 nh\u1eadn ph\u1ea7n th\u01b0\u1edfng ch\u00e0o m\u1eebng cho c\u00e1 c\u01b0\u1ee3c th\u1ec3 thao v\u00e0 s\u00f2ng b\u1ea1c sau khi \u0111\u0103ng k\u00fd t\u1ea1i BetWinner! H\u00e3y t\u1eadn h\u01b0\u1edfng tr\u00f2 ch\u01a1i v\u00e0 nh\u1eadn ph\u1ea7n th\u01b0\u1edfng khi tham gia ch\u01a1i t\u00edch c\u1ef1c!\" \/>\n<meta property=\"og:url\" content=\"https:\/\/betwinner.tips\/vi\/bonus\/\" \/>\n<meta property=\"og:site_name\" content=\"Betwinner Tips VI\" \/>\n<meta property=\"article:modified_time\" content=\"2026-04-25T13:54:56+00:00\" \/>\n<meta name=\"twitter:card\" content=\"summary_large_image\" \/>\n<script type=\"application\/ld+json\" class=\"yoast-schema-graph\">{\"@context\":\"https:\/\/schema.org\",\"@graph\":[{\"@type\":\"WebPage\",\"@id\":\"https:\/\/betwinner.tips\/vi\/bonus\/\",\"url\":\"https:\/\/betwinner.tips\/vi\/bonus\/\",\"name\":\"H\u01b0\u1edbng d\u1eabn v\u1ec1 c\u00e1c ch\u01b0\u01a1ng tr\u00ecnh khuy\u1ebfn m\u00e3i c\u1ee7a BetWinner | \u01afu \u0111\u00e3i c\u00e1 c\u01b0\u1ee3c \u0111\u1ed9c quy\u1ec1n\",\"isPartOf\":{\"@id\":\"https:\/\/betwinner.tips\/vi\/#website\"},\"datePublished\":\"2023-05-18T17:39:43+00:00\",\"dateModified\":\"2026-04-25T13:54:56+00:00\",\"description\":\"\u0110\u0103ng k\u00fd ngay \u0111\u1ec3 nh\u1eadn ph\u1ea7n th\u01b0\u1edfng ch\u00e0o m\u1eebng cho c\u00e1 c\u01b0\u1ee3c th\u1ec3 thao v\u00e0 s\u00f2ng b\u1ea1c sau khi \u0111\u0103ng k\u00fd t\u1ea1i BetWinner! H\u00e3y t\u1eadn h\u01b0\u1edfng tr\u00f2 ch\u01a1i v\u00e0 nh\u1eadn ph\u1ea7n th\u01b0\u1edfng khi tham gia ch\u01a1i t\u00edch c\u1ef1c!\",\"breadcrumb\":{\"@id\":\"https:\/\/betwinner.tips\/vi\/bonus\/#breadcrumb\"},\"inLanguage\":\"vi\",\"potentialAction\":[{\"@type\":\"ReadAction\",\"target\":[\"https:\/\/betwinner.tips\/vi\/bonus\/\"]}]},{\"@type\":\"BreadcrumbList\",\"@id\":\"https:\/\/betwinner.tips\/vi\/bonus\/#breadcrumb\",\"itemListElement\":[{\"@type\":\"ListItem\",\"position\":1,\"name\":\"Home\",\"item\":\"https:\/\/betwinner.tips\/vi\/\"},{\"@type\":\"ListItem\",\"position\":2,\"name\":\"Ti\u1ec1n th\u01b0\u1edfng\"}]},{\"@type\":\"WebSite\",\"@id\":\"https:\/\/betwinner.tips\/vi\/#website\",\"url\":\"https:\/\/betwinner.tips\/vi\/\",\"name\":\"Betwinner Tips VI\",\"description\":\"My WordPress Blog\",\"potentialAction\":[{\"@type\":\"SearchAction\",\"target\":{\"@type\":\"EntryPoint\",\"urlTemplate\":\"https:\/\/betwinner.tips\/vi\/?s={search_term_string}\"},\"query-input\":{\"@type\":\"PropertyValueSpecification\",\"valueRequired\":true,\"valueName\":\"search_term_string\"}}],\"inLanguage\":\"vi\"}]}<\/script>\n<!-- \/ Yoast SEO plugin. -->","yoast_head_json":{"title":"H\u01b0\u1edbng d\u1eabn v\u1ec1 c\u00e1c ch\u01b0\u01a1ng tr\u00ecnh khuy\u1ebfn m\u00e3i c\u1ee7a BetWinner | \u01afu \u0111\u00e3i c\u00e1 c\u01b0\u1ee3c \u0111\u1ed9c quy\u1ec1n","description":"\u0110\u0103ng k\u00fd ngay \u0111\u1ec3 nh\u1eadn ph\u1ea7n th\u01b0\u1edfng ch\u00e0o m\u1eebng cho c\u00e1 c\u01b0\u1ee3c th\u1ec3 thao v\u00e0 s\u00f2ng b\u1ea1c sau khi \u0111\u0103ng k\u00fd t\u1ea1i BetWinner! H\u00e3y t\u1eadn h\u01b0\u1edfng tr\u00f2 ch\u01a1i v\u00e0 nh\u1eadn ph\u1ea7n th\u01b0\u1edfng khi tham gia ch\u01a1i t\u00edch c\u1ef1c!","robots":{"index":"noindex","follow":"follow","max-snippet":"max-snippet:-1","max-image-preview":"max-image-preview:large","max-video-preview":"max-video-preview:-1"},"og_locale":"vi_VN","og_type":"article","og_title":"H\u01b0\u1edbng d\u1eabn v\u1ec1 c\u00e1c ch\u01b0\u01a1ng tr\u00ecnh khuy\u1ebfn m\u00e3i c\u1ee7a BetWinner | \u01afu \u0111\u00e3i c\u00e1 c\u01b0\u1ee3c \u0111\u1ed9c quy\u1ec1n","og_description":"\u0110\u0103ng k\u00fd ngay \u0111\u1ec3 nh\u1eadn ph\u1ea7n th\u01b0\u1edfng ch\u00e0o m\u1eebng cho c\u00e1 c\u01b0\u1ee3c th\u1ec3 thao v\u00e0 s\u00f2ng b\u1ea1c sau khi \u0111\u0103ng k\u00fd t\u1ea1i BetWinner! H\u00e3y t\u1eadn h\u01b0\u1edfng tr\u00f2 ch\u01a1i v\u00e0 nh\u1eadn ph\u1ea7n th\u01b0\u1edfng khi tham gia ch\u01a1i t\u00edch c\u1ef1c!","og_url":"https:\/\/betwinner.tips\/vi\/bonus\/","og_site_name":"Betwinner Tips VI","article_modified_time":"2026-04-25T13:54:56+00:00","twitter_card":"summary_large_image","schema":{"@context":"https:\/\/schema.org","@graph":[{"@type":"WebPage","@id":"https:\/\/betwinner.tips\/vi\/bonus\/","url":"https:\/\/betwinner.tips\/vi\/bonus\/","name":"H\u01b0\u1edbng d\u1eabn v\u1ec1 c\u00e1c ch\u01b0\u01a1ng tr\u00ecnh khuy\u1ebfn m\u00e3i c\u1ee7a BetWinner | \u01afu \u0111\u00e3i c\u00e1 c\u01b0\u1ee3c \u0111\u1ed9c quy\u1ec1n","isPartOf":{"@id":"https:\/\/betwinner.tips\/vi\/#website"},"datePublished":"2023-05-18T17:39:43+00:00","dateModified":"2026-04-25T13:54:56+00:00","description":"\u0110\u0103ng k\u00fd ngay \u0111\u1ec3 nh\u1eadn ph\u1ea7n th\u01b0\u1edfng ch\u00e0o m\u1eebng cho c\u00e1 c\u01b0\u1ee3c th\u1ec3 thao v\u00e0 s\u00f2ng b\u1ea1c sau khi \u0111\u0103ng k\u00fd t\u1ea1i BetWinner! H\u00e3y t\u1eadn h\u01b0\u1edfng tr\u00f2 ch\u01a1i v\u00e0 nh\u1eadn ph\u1ea7n th\u01b0\u1edfng khi tham gia ch\u01a1i t\u00edch c\u1ef1c!","breadcrumb":{"@id":"https:\/\/betwinner.tips\/vi\/bonus\/#breadcrumb"},"inLanguage":"vi","potentialAction":[{"@type":"ReadAction","target":["https:\/\/betwinner.tips\/vi\/bonus\/"]}]},{"@type":"BreadcrumbList","@id":"https:\/\/betwinner.tips\/vi\/bonus\/#breadcrumb","itemListElement":[{"@type":"ListItem","position":1,"name":"Home","item":"https:\/\/betwinner.tips\/vi\/"},{"@type":"ListItem","position":2,"name":"Ti\u1ec1n th\u01b0\u1edfng"}]},{"@type":"WebSite","@id":"https:\/\/betwinner.tips\/vi\/#website","url":"https:\/\/betwinner.tips\/vi\/","name":"Betwinner Tips VI","description":"My WordPress Blog","potentialAction":[{"@type":"SearchAction","target":{"@type":"EntryPoint","urlTemplate":"https:\/\/betwinner.tips\/vi\/?s={search_term_string}"},"query-input":{"@type":"PropertyValueSpecification","valueRequired":true,"valueName":"search_term_string"}}],"inLanguage":"vi"}]}},"_links":{"self":[{"href":"https:\/\/betwinner.tips\/vi\/wp-json\/wp\/v2\/pages\/152","targetHints":{"allow":["GET"]}}],"collection":[{"href":"https:\/\/betwinner.tips\/vi\/wp-json\/wp\/v2\/pages"}],"about":[{"href":"https:\/\/betwinner.tips\/vi\/wp-json\/wp\/v2\/types\/page"}],"author":[{"embeddable":true,"href":"https:\/\/betwinner.tips\/vi\/wp-json\/wp\/v2\/users\/1"}],"replies":[{"embeddable":true,"href":"https:\/\/betwinner.tips\/vi\/wp-json\/wp\/v2\/comments?post=152"}],"version-history":[{"count":8,"href":"https:\/\/betwinner.tips\/vi\/wp-json\/wp\/v2\/pages\/152\/revisions"}],"predecessor-version":[{"id":638,"href":"https:\/\/betwinner.tips\/vi\/wp-json\/wp\/v2\/pages\/152\/revisions\/638"}],"wp:attachment":[{"href":"https:\/\/betwinner.tips\/vi\/wp-json\/wp\/v2\/media?parent=152"}],"curies":[{"name":"wp","href":"https:\/\/api.w.org\/{rel}","templated":true}]}}