{"id":2,"date":"2023-05-18T17:18:34","date_gmt":"2023-05-18T17:18:34","guid":{"rendered":"https:\/\/betwinner.tips\/vi\/?page_id=2"},"modified":"2026-04-27T13:01:08","modified_gmt":"2026-04-27T13:01:08","slug":"betwinner-online-sports-betting-and-casino-%f0%9f%9f%a2-register","status":"publish","type":"page","link":"https:\/\/betwinner.tips\/vi\/","title":{"rendered":"Trang ch\u1ee7"},"content":{"rendered":"","protected":false},"excerpt":{"rendered":"","protected":false},"author":1,"featured_media":0,"parent":0,"menu_order":0,"comment_status":"closed","ping_status":"open","template":"","meta":{"footnotes":""},"class_list":["post-2","page","type-page","status-publish","hentry"],"yoast_head":"<!-- This site is optimized with the Yoast SEO plugin v25.6 - https:\/\/yoast.com\/wordpress\/plugins\/seo\/ -->\n<title>BetWinner\u2122 \u27a4 C\u00e1 c\u01b0\u1ee3c th\u1ec3 thao, T\u1ef7 l\u1ec7 c\u01b0\u1ee3c h\u00e0ng \u0111\u1ea7u \u2014 Th\u00e1ng 4 2026<\/title>\n<meta name=\"description\" content=\"Bet Winner cung c\u1ea5p d\u1ecbch v\u1ee5 c\u00e1 c\u01b0\u1ee3c th\u1ec3 thao v\u1edbi t\u1ef7 l\u1ec7 c\u01b0\u1ee3c c\u1ea1nh tranh, ph\u1ea1m vi s\u1ef1 ki\u1ec7n \u0111a d\u1ea1ng, c\u00e1c th\u1ecb tr\u01b0\u1eddng c\u00e1 c\u01b0\u1ee3c tr\u1ef1c ti\u1ebfp, \u0111\u1eb7t c\u01b0\u1ee3c nhanh ch\u00f3ng, c\u00e1c d\u00f2ng c\u01b0\u1ee3c \u1ed5n \u0111\u1ecbnh v\u00e0 tr\u1ea3i nghi\u1ec7m m\u01b0\u1ee3t m\u00e0, \u0111\u01b0\u1ee3c thi\u1ebft k\u1ebf d\u00e0nh ri\u00eang cho nh\u1eefng ng\u01b0\u1eddi ch\u01a1i c\u00e1 c\u01b0\u1ee3c chuy\u00ean nghi\u1ec7p.\" \/>\n<meta name=\"robots\" content=\"noindex, follow, max-snippet:-1, max-image-preview:large, max-video-preview:-1\" \/>\n<meta property=\"og:locale\" content=\"vi_VN\" \/>\n<meta property=\"og:type\" content=\"article\" \/>\n<meta property=\"og:title\" content=\"BetWinner\u2122 \u27a4 C\u00e1 c\u01b0\u1ee3c th\u1ec3 thao, T\u1ef7 l\u1ec7 c\u01b0\u1ee3c h\u00e0ng \u0111\u1ea7u \u2014 Th\u00e1ng 4 2026\" \/>\n<meta property=\"og:description\" content=\"Bet Winner cung c\u1ea5p d\u1ecbch v\u1ee5 c\u00e1 c\u01b0\u1ee3c th\u1ec3 thao v\u1edbi t\u1ef7 l\u1ec7 c\u01b0\u1ee3c c\u1ea1nh tranh, ph\u1ea1m vi s\u1ef1 ki\u1ec7n \u0111a d\u1ea1ng, c\u00e1c th\u1ecb tr\u01b0\u1eddng c\u00e1 c\u01b0\u1ee3c tr\u1ef1c ti\u1ebfp, \u0111\u1eb7t c\u01b0\u1ee3c nhanh ch\u00f3ng, c\u00e1c d\u00f2ng c\u01b0\u1ee3c \u1ed5n \u0111\u1ecbnh v\u00e0 tr\u1ea3i nghi\u1ec7m m\u01b0\u1ee3t m\u00e0, \u0111\u01b0\u1ee3c thi\u1ebft k\u1ebf d\u00e0nh ri\u00eang cho nh\u1eefng ng\u01b0\u1eddi ch\u01a1i c\u00e1 c\u01b0\u1ee3c chuy\u00ean nghi\u1ec7p.\" \/>\n<meta property=\"og:url\" content=\"https:\/\/betwinner.tips\/vi\/\" \/>\n<meta property=\"og:site_name\" content=\"Betwinner Tips VI\" \/>\n<meta property=\"article:modified_time\" content=\"2026-04-27T13:01:08+00:00\" \/>\n<meta name=\"twitter:card\" content=\"summary_large_image\" \/>\n<script type=\"application\/ld+json\" class=\"yoast-schema-graph\">{\"@context\":\"https:\/\/schema.org\",\"@graph\":[{\"@type\":\"WebPage\",\"@id\":\"https:\/\/betwinner.tips\/vi\/\",\"url\":\"https:\/\/betwinner.tips\/vi\/\",\"name\":\"BetWinner\u2122 \u27a4 C\u00e1 c\u01b0\u1ee3c th\u1ec3 thao, T\u1ef7 l\u1ec7 c\u01b0\u1ee3c h\u00e0ng \u0111\u1ea7u \u2014 Th\u00e1ng 4 2026\",\"isPartOf\":{\"@id\":\"https:\/\/betwinner.tips\/vi\/#website\"},\"datePublished\":\"2023-05-18T17:18:34+00:00\",\"dateModified\":\"2026-04-27T13:01:08+00:00\",\"description\":\"Bet Winner cung c\u1ea5p d\u1ecbch v\u1ee5 c\u00e1 c\u01b0\u1ee3c th\u1ec3 thao v\u1edbi t\u1ef7 l\u1ec7 c\u01b0\u1ee3c c\u1ea1nh tranh, ph\u1ea1m vi s\u1ef1 ki\u1ec7n \u0111a d\u1ea1ng, c\u00e1c th\u1ecb tr\u01b0\u1eddng c\u00e1 c\u01b0\u1ee3c tr\u1ef1c ti\u1ebfp, \u0111\u1eb7t c\u01b0\u1ee3c nhanh ch\u00f3ng, c\u00e1c d\u00f2ng c\u01b0\u1ee3c \u1ed5n \u0111\u1ecbnh v\u00e0 tr\u1ea3i nghi\u1ec7m m\u01b0\u1ee3t m\u00e0, \u0111\u01b0\u1ee3c thi\u1ebft k\u1ebf d\u00e0nh ri\u00eang cho nh\u1eefng ng\u01b0\u1eddi ch\u01a1i c\u00e1 c\u01b0\u1ee3c chuy\u00ean nghi\u1ec7p.\",\"breadcrumb\":{\"@id\":\"https:\/\/betwinner.tips\/vi\/#breadcrumb\"},\"inLanguage\":\"vi\",\"potentialAction\":[{\"@type\":\"ReadAction\",\"target\":[\"https:\/\/betwinner.tips\/vi\/\"]}]},{\"@type\":\"BreadcrumbList\",\"@id\":\"https:\/\/betwinner.tips\/vi\/#breadcrumb\",\"itemListElement\":[{\"@type\":\"ListItem\",\"position\":1,\"name\":\"Home\",\"item\":\"https:\/\/betwinner.tips\/vi\/\"},{\"@type\":\"ListItem\",\"position\":2,\"name\":\"Trang ch\u1ee7\"}]},{\"@type\":\"WebSite\",\"@id\":\"https:\/\/betwinner.tips\/vi\/#website\",\"url\":\"https:\/\/betwinner.tips\/vi\/\",\"name\":\"Betwinner Tips VI\",\"description\":\"My WordPress Blog\",\"potentialAction\":[{\"@type\":\"SearchAction\",\"target\":{\"@type\":\"EntryPoint\",\"urlTemplate\":\"https:\/\/betwinner.tips\/vi\/?s={search_term_string}\"},\"query-input\":{\"@type\":\"PropertyValueSpecification\",\"valueRequired\":true,\"valueName\":\"search_term_string\"}}],\"inLanguage\":\"vi\"}]}<\/script>\n<!-- \/ Yoast SEO plugin. -->","yoast_head_json":{"title":"BetWinner\u2122 \u27a4 C\u00e1 c\u01b0\u1ee3c th\u1ec3 thao, T\u1ef7 l\u1ec7 c\u01b0\u1ee3c h\u00e0ng \u0111\u1ea7u \u2014 Th\u00e1ng 4 2026","description":"Bet Winner cung c\u1ea5p d\u1ecbch v\u1ee5 c\u00e1 c\u01b0\u1ee3c th\u1ec3 thao v\u1edbi t\u1ef7 l\u1ec7 c\u01b0\u1ee3c c\u1ea1nh tranh, ph\u1ea1m vi s\u1ef1 ki\u1ec7n \u0111a d\u1ea1ng, c\u00e1c th\u1ecb tr\u01b0\u1eddng c\u00e1 c\u01b0\u1ee3c tr\u1ef1c ti\u1ebfp, \u0111\u1eb7t c\u01b0\u1ee3c nhanh ch\u00f3ng, c\u00e1c d\u00f2ng c\u01b0\u1ee3c \u1ed5n \u0111\u1ecbnh v\u00e0 tr\u1ea3i nghi\u1ec7m m\u01b0\u1ee3t m\u00e0, \u0111\u01b0\u1ee3c thi\u1ebft k\u1ebf d\u00e0nh ri\u00eang cho nh\u1eefng ng\u01b0\u1eddi ch\u01a1i c\u00e1 c\u01b0\u1ee3c chuy\u00ean nghi\u1ec7p.","robots":{"index":"noindex","follow":"follow","max-snippet":"max-snippet:-1","max-image-preview":"max-image-preview:large","max-video-preview":"max-video-preview:-1"},"og_locale":"vi_VN","og_type":"article","og_title":"BetWinner\u2122 \u27a4 C\u00e1 c\u01b0\u1ee3c th\u1ec3 thao, T\u1ef7 l\u1ec7 c\u01b0\u1ee3c h\u00e0ng \u0111\u1ea7u \u2014 Th\u00e1ng 4 2026","og_description":"Bet Winner cung c\u1ea5p d\u1ecbch v\u1ee5 c\u00e1 c\u01b0\u1ee3c th\u1ec3 thao v\u1edbi t\u1ef7 l\u1ec7 c\u01b0\u1ee3c c\u1ea1nh tranh, ph\u1ea1m vi s\u1ef1 ki\u1ec7n \u0111a d\u1ea1ng, c\u00e1c th\u1ecb tr\u01b0\u1eddng c\u00e1 c\u01b0\u1ee3c tr\u1ef1c ti\u1ebfp, \u0111\u1eb7t c\u01b0\u1ee3c nhanh ch\u00f3ng, c\u00e1c d\u00f2ng c\u01b0\u1ee3c \u1ed5n \u0111\u1ecbnh v\u00e0 tr\u1ea3i nghi\u1ec7m m\u01b0\u1ee3t m\u00e0, \u0111\u01b0\u1ee3c thi\u1ebft k\u1ebf d\u00e0nh ri\u00eang cho nh\u1eefng ng\u01b0\u1eddi ch\u01a1i c\u00e1 c\u01b0\u1ee3c chuy\u00ean nghi\u1ec7p.","og_url":"https:\/\/betwinner.tips\/vi\/","og_site_name":"Betwinner Tips VI","article_modified_time":"2026-04-27T13:01:08+00:00","twitter_card":"summary_large_image","schema":{"@context":"https:\/\/schema.org","@graph":[{"@type":"WebPage","@id":"https:\/\/betwinner.tips\/vi\/","url":"https:\/\/betwinner.tips\/vi\/","name":"BetWinner\u2122 \u27a4 C\u00e1 c\u01b0\u1ee3c th\u1ec3 thao, T\u1ef7 l\u1ec7 c\u01b0\u1ee3c h\u00e0ng \u0111\u1ea7u \u2014 Th\u00e1ng 4 2026","isPartOf":{"@id":"https:\/\/betwinner.tips\/vi\/#website"},"datePublished":"2023-05-18T17:18:34+00:00","dateModified":"2026-04-27T13:01:08+00:00","description":"Bet Winner cung c\u1ea5p d\u1ecbch v\u1ee5 c\u00e1 c\u01b0\u1ee3c th\u1ec3 thao v\u1edbi t\u1ef7 l\u1ec7 c\u01b0\u1ee3c c\u1ea1nh tranh, ph\u1ea1m vi s\u1ef1 ki\u1ec7n \u0111a d\u1ea1ng, c\u00e1c th\u1ecb tr\u01b0\u1eddng c\u00e1 c\u01b0\u1ee3c tr\u1ef1c ti\u1ebfp, \u0111\u1eb7t c\u01b0\u1ee3c nhanh ch\u00f3ng, c\u00e1c d\u00f2ng c\u01b0\u1ee3c \u1ed5n \u0111\u1ecbnh v\u00e0 tr\u1ea3i nghi\u1ec7m m\u01b0\u1ee3t m\u00e0, \u0111\u01b0\u1ee3c thi\u1ebft k\u1ebf d\u00e0nh ri\u00eang cho nh\u1eefng ng\u01b0\u1eddi ch\u01a1i c\u00e1 c\u01b0\u1ee3c chuy\u00ean nghi\u1ec7p.","breadcrumb":{"@id":"https:\/\/betwinner.tips\/vi\/#breadcrumb"},"inLanguage":"vi","potentialAction":[{"@type":"ReadAction","target":["https:\/\/betwinner.tips\/vi\/"]}]},{"@type":"BreadcrumbList","@id":"https:\/\/betwinner.tips\/vi\/#breadcrumb","itemListElement":[{"@type":"ListItem","position":1,"name":"Home","item":"https:\/\/betwinner.tips\/vi\/"},{"@type":"ListItem","position":2,"name":"Trang ch\u1ee7"}]},{"@type":"WebSite","@id":"https:\/\/betwinner.tips\/vi\/#website","url":"https:\/\/betwinner.tips\/vi\/","name":"Betwinner Tips VI","description":"My WordPress Blog","potentialAction":[{"@type":"SearchAction","target":{"@type":"EntryPoint","urlTemplate":"https:\/\/betwinner.tips\/vi\/?s={search_term_string}"},"query-input":{"@type":"PropertyValueSpecification","valueRequired":true,"valueName":"search_term_string"}}],"inLanguage":"vi"}]}},"_links":{"self":[{"href":"https:\/\/betwinner.tips\/vi\/wp-json\/wp\/v2\/pages\/2","targetHints":{"allow":["GET"]}}],"collection":[{"href":"https:\/\/betwinner.tips\/vi\/wp-json\/wp\/v2\/pages"}],"about":[{"href":"https:\/\/betwinner.tips\/vi\/wp-json\/wp\/v2\/types\/page"}],"author":[{"embeddable":true,"href":"https:\/\/betwinner.tips\/vi\/wp-json\/wp\/v2\/users\/1"}],"replies":[{"embeddable":true,"href":"https:\/\/betwinner.tips\/vi\/wp-json\/wp\/v2\/comments?post=2"}],"version-history":[{"count":63,"href":"https:\/\/betwinner.tips\/vi\/wp-json\/wp\/v2\/pages\/2\/revisions"}],"predecessor-version":[{"id":670,"href":"https:\/\/betwinner.tips\/vi\/wp-json\/wp\/v2\/pages\/2\/revisions\/670"}],"wp:attachment":[{"href":"https:\/\/betwinner.tips\/vi\/wp-json\/wp\/v2\/media?parent=2"}],"curies":[{"name":"wp","href":"https:\/\/api.w.org\/{rel}","templated":true}]}}