{"id":253,"date":"2024-10-29T07:41:20","date_gmt":"2024-10-29T07:41:20","guid":{"rendered":"https:\/\/betwinner.tips\/vi\/?page_id=253"},"modified":"2026-04-25T13:04:32","modified_gmt":"2026-04-25T13:04:32","slug":"apk","status":"publish","type":"page","link":"https:\/\/betwinner.tips\/vi\/apk\/","title":{"rendered":"APK"},"content":{"rendered":"","protected":false},"excerpt":{"rendered":"","protected":false},"author":1,"featured_media":0,"parent":0,"menu_order":0,"comment_status":"closed","ping_status":"closed","template":"","meta":{"footnotes":""},"class_list":["post-253","page","type-page","status-publish","hentry"],"yoast_head":"<!-- This site is optimized with the Yoast SEO plugin v25.6 - https:\/\/yoast.com\/wordpress\/plugins\/seo\/ -->\n<title>Betwinner Apk \u2b07\ufe0f T\u1ea3i xu\u1ed1ng APK cho Android v\u00e0 iOS<\/title>\n<meta name=\"description\" content=\"T\u1ea3i xu\u1ed1ng v\u00e0 c\u00e0i \u0111\u1eb7t \u1ee9ng d\u1ee5ng Betwinner Apk tr\u00ean thi\u1ebft b\u1ecb Android ho\u1eb7c iOS c\u1ee7a b\u1ea1n v\u1edbi h\u01b0\u1edbng d\u1eabn t\u1eebng b\u01b0\u1edbc c\u1ee7a ch\u00fang t\u00f4i. Kh\u00e1m ph\u00e1 c\u00e1 c\u01b0\u1ee3c di \u0111\u1ed9ng v\u00e0 c\u00e1c tr\u00f2 ch\u01a1i s\u00f2ng b\u1ea1c v\u1edbi \u1ee9ng d\u1ee5ng Betwinner Mobile Apk \u2b50 H\u00e3y t\u1ea3i xu\u1ed1ng \u1ee9ng d\u1ee5ng Betwinner Apk ngay h\u00f4m nay\" \/>\n<meta name=\"robots\" content=\"noindex, follow, max-snippet:-1, max-image-preview:large, max-video-preview:-1\" \/>\n<meta property=\"og:locale\" content=\"vi_VN\" \/>\n<meta property=\"og:type\" content=\"article\" \/>\n<meta property=\"og:title\" content=\"Betwinner Apk \u2b07\ufe0f T\u1ea3i xu\u1ed1ng APK cho Android v\u00e0 iOS\" \/>\n<meta property=\"og:description\" content=\"T\u1ea3i xu\u1ed1ng v\u00e0 c\u00e0i \u0111\u1eb7t \u1ee9ng d\u1ee5ng Betwinner Apk tr\u00ean thi\u1ebft b\u1ecb Android ho\u1eb7c iOS c\u1ee7a b\u1ea1n v\u1edbi h\u01b0\u1edbng d\u1eabn t\u1eebng b\u01b0\u1edbc c\u1ee7a ch\u00fang t\u00f4i. Kh\u00e1m ph\u00e1 c\u00e1 c\u01b0\u1ee3c di \u0111\u1ed9ng v\u00e0 c\u00e1c tr\u00f2 ch\u01a1i s\u00f2ng b\u1ea1c v\u1edbi \u1ee9ng d\u1ee5ng Betwinner Mobile Apk \u2b50 H\u00e3y t\u1ea3i xu\u1ed1ng \u1ee9ng d\u1ee5ng Betwinner Apk ngay h\u00f4m nay\" \/>\n<meta property=\"og:url\" content=\"https:\/\/betwinner.tips\/vi\/apk\/\" \/>\n<meta property=\"og:site_name\" content=\"Betwinner Tips VI\" \/>\n<meta property=\"article:modified_time\" content=\"2026-04-25T13:04:32+00:00\" \/>\n<meta name=\"twitter:card\" content=\"summary_large_image\" \/>\n<script type=\"application\/ld+json\" class=\"yoast-schema-graph\">{\"@context\":\"https:\/\/schema.org\",\"@graph\":[{\"@type\":\"WebPage\",\"@id\":\"https:\/\/betwinner.tips\/vi\/apk\/\",\"url\":\"https:\/\/betwinner.tips\/vi\/apk\/\",\"name\":\"Betwinner Apk \u2b07\ufe0f T\u1ea3i xu\u1ed1ng APK cho Android v\u00e0 iOS\",\"isPartOf\":{\"@id\":\"https:\/\/betwinner.tips\/vi\/#website\"},\"datePublished\":\"2024-10-29T07:41:20+00:00\",\"dateModified\":\"2026-04-25T13:04:32+00:00\",\"description\":\"T\u1ea3i xu\u1ed1ng v\u00e0 c\u00e0i \u0111\u1eb7t \u1ee9ng d\u1ee5ng Betwinner Apk tr\u00ean thi\u1ebft b\u1ecb Android ho\u1eb7c iOS c\u1ee7a b\u1ea1n v\u1edbi h\u01b0\u1edbng d\u1eabn t\u1eebng b\u01b0\u1edbc c\u1ee7a ch\u00fang t\u00f4i. Kh\u00e1m ph\u00e1 c\u00e1 c\u01b0\u1ee3c di \u0111\u1ed9ng v\u00e0 c\u00e1c tr\u00f2 ch\u01a1i s\u00f2ng b\u1ea1c v\u1edbi \u1ee9ng d\u1ee5ng Betwinner Mobile Apk \u2b50 H\u00e3y t\u1ea3i xu\u1ed1ng \u1ee9ng d\u1ee5ng Betwinner Apk ngay h\u00f4m nay\",\"breadcrumb\":{\"@id\":\"https:\/\/betwinner.tips\/vi\/apk\/#breadcrumb\"},\"inLanguage\":\"vi\",\"potentialAction\":[{\"@type\":\"ReadAction\",\"target\":[\"https:\/\/betwinner.tips\/vi\/apk\/\"]}]},{\"@type\":\"BreadcrumbList\",\"@id\":\"https:\/\/betwinner.tips\/vi\/apk\/#breadcrumb\",\"itemListElement\":[{\"@type\":\"ListItem\",\"position\":1,\"name\":\"Home\",\"item\":\"https:\/\/betwinner.tips\/vi\/\"},{\"@type\":\"ListItem\",\"position\":2,\"name\":\"APK\"}]},{\"@type\":\"WebSite\",\"@id\":\"https:\/\/betwinner.tips\/vi\/#website\",\"url\":\"https:\/\/betwinner.tips\/vi\/\",\"name\":\"Betwinner Tips VI\",\"description\":\"My WordPress Blog\",\"potentialAction\":[{\"@type\":\"SearchAction\",\"target\":{\"@type\":\"EntryPoint\",\"urlTemplate\":\"https:\/\/betwinner.tips\/vi\/?s={search_term_string}\"},\"query-input\":{\"@type\":\"PropertyValueSpecification\",\"valueRequired\":true,\"valueName\":\"search_term_string\"}}],\"inLanguage\":\"vi\"}]}<\/script>\n<!-- \/ Yoast SEO plugin. -->","yoast_head_json":{"title":"Betwinner Apk \u2b07\ufe0f T\u1ea3i xu\u1ed1ng APK cho Android v\u00e0 iOS","description":"T\u1ea3i xu\u1ed1ng v\u00e0 c\u00e0i \u0111\u1eb7t \u1ee9ng d\u1ee5ng Betwinner Apk tr\u00ean thi\u1ebft b\u1ecb Android ho\u1eb7c iOS c\u1ee7a b\u1ea1n v\u1edbi h\u01b0\u1edbng d\u1eabn t\u1eebng b\u01b0\u1edbc c\u1ee7a ch\u00fang t\u00f4i. Kh\u00e1m ph\u00e1 c\u00e1 c\u01b0\u1ee3c di \u0111\u1ed9ng v\u00e0 c\u00e1c tr\u00f2 ch\u01a1i s\u00f2ng b\u1ea1c v\u1edbi \u1ee9ng d\u1ee5ng Betwinner Mobile Apk \u2b50 H\u00e3y t\u1ea3i xu\u1ed1ng \u1ee9ng d\u1ee5ng Betwinner Apk ngay h\u00f4m nay","robots":{"index":"noindex","follow":"follow","max-snippet":"max-snippet:-1","max-image-preview":"max-image-preview:large","max-video-preview":"max-video-preview:-1"},"og_locale":"vi_VN","og_type":"article","og_title":"Betwinner Apk \u2b07\ufe0f T\u1ea3i xu\u1ed1ng APK cho Android v\u00e0 iOS","og_description":"T\u1ea3i xu\u1ed1ng v\u00e0 c\u00e0i \u0111\u1eb7t \u1ee9ng d\u1ee5ng Betwinner Apk tr\u00ean thi\u1ebft b\u1ecb Android ho\u1eb7c iOS c\u1ee7a b\u1ea1n v\u1edbi h\u01b0\u1edbng d\u1eabn t\u1eebng b\u01b0\u1edbc c\u1ee7a ch\u00fang t\u00f4i. Kh\u00e1m ph\u00e1 c\u00e1 c\u01b0\u1ee3c di \u0111\u1ed9ng v\u00e0 c\u00e1c tr\u00f2 ch\u01a1i s\u00f2ng b\u1ea1c v\u1edbi \u1ee9ng d\u1ee5ng Betwinner Mobile Apk \u2b50 H\u00e3y t\u1ea3i xu\u1ed1ng \u1ee9ng d\u1ee5ng Betwinner Apk ngay h\u00f4m nay","og_url":"https:\/\/betwinner.tips\/vi\/apk\/","og_site_name":"Betwinner Tips VI","article_modified_time":"2026-04-25T13:04:32+00:00","twitter_card":"summary_large_image","schema":{"@context":"https:\/\/schema.org","@graph":[{"@type":"WebPage","@id":"https:\/\/betwinner.tips\/vi\/apk\/","url":"https:\/\/betwinner.tips\/vi\/apk\/","name":"Betwinner Apk \u2b07\ufe0f T\u1ea3i xu\u1ed1ng APK cho Android v\u00e0 iOS","isPartOf":{"@id":"https:\/\/betwinner.tips\/vi\/#website"},"datePublished":"2024-10-29T07:41:20+00:00","dateModified":"2026-04-25T13:04:32+00:00","description":"T\u1ea3i xu\u1ed1ng v\u00e0 c\u00e0i \u0111\u1eb7t \u1ee9ng d\u1ee5ng Betwinner Apk tr\u00ean thi\u1ebft b\u1ecb Android ho\u1eb7c iOS c\u1ee7a b\u1ea1n v\u1edbi h\u01b0\u1edbng d\u1eabn t\u1eebng b\u01b0\u1edbc c\u1ee7a ch\u00fang t\u00f4i. Kh\u00e1m ph\u00e1 c\u00e1 c\u01b0\u1ee3c di \u0111\u1ed9ng v\u00e0 c\u00e1c tr\u00f2 ch\u01a1i s\u00f2ng b\u1ea1c v\u1edbi \u1ee9ng d\u1ee5ng Betwinner Mobile Apk \u2b50 H\u00e3y t\u1ea3i xu\u1ed1ng \u1ee9ng d\u1ee5ng Betwinner Apk ngay h\u00f4m nay","breadcrumb":{"@id":"https:\/\/betwinner.tips\/vi\/apk\/#breadcrumb"},"inLanguage":"vi","potentialAction":[{"@type":"ReadAction","target":["https:\/\/betwinner.tips\/vi\/apk\/"]}]},{"@type":"BreadcrumbList","@id":"https:\/\/betwinner.tips\/vi\/apk\/#breadcrumb","itemListElement":[{"@type":"ListItem","position":1,"name":"Home","item":"https:\/\/betwinner.tips\/vi\/"},{"@type":"ListItem","position":2,"name":"APK"}]},{"@type":"WebSite","@id":"https:\/\/betwinner.tips\/vi\/#website","url":"https:\/\/betwinner.tips\/vi\/","name":"Betwinner Tips VI","description":"My WordPress Blog","potentialAction":[{"@type":"SearchAction","target":{"@type":"EntryPoint","urlTemplate":"https:\/\/betwinner.tips\/vi\/?s={search_term_string}"},"query-input":{"@type":"PropertyValueSpecification","valueRequired":true,"valueName":"search_term_string"}}],"inLanguage":"vi"}]}},"_links":{"self":[{"href":"https:\/\/betwinner.tips\/vi\/wp-json\/wp\/v2\/pages\/253","targetHints":{"allow":["GET"]}}],"collection":[{"href":"https:\/\/betwinner.tips\/vi\/wp-json\/wp\/v2\/pages"}],"about":[{"href":"https:\/\/betwinner.tips\/vi\/wp-json\/wp\/v2\/types\/page"}],"author":[{"embeddable":true,"href":"https:\/\/betwinner.tips\/vi\/wp-json\/wp\/v2\/users\/1"}],"replies":[{"embeddable":true,"href":"https:\/\/betwinner.tips\/vi\/wp-json\/wp\/v2\/comments?post=253"}],"version-history":[{"count":8,"href":"https:\/\/betwinner.tips\/vi\/wp-json\/wp\/v2\/pages\/253\/revisions"}],"predecessor-version":[{"id":632,"href":"https:\/\/betwinner.tips\/vi\/wp-json\/wp\/v2\/pages\/253\/revisions\/632"}],"wp:attachment":[{"href":"https:\/\/betwinner.tips\/vi\/wp-json\/wp\/v2\/media?parent=253"}],"curies":[{"name":"wp","href":"https:\/\/api.w.org\/{rel}","templated":true}]}}