{"id":273,"date":"2024-10-30T08:26:29","date_gmt":"2024-10-30T08:26:29","guid":{"rendered":"https:\/\/betwinner.tips\/vi\/?page_id=273"},"modified":"2026-04-27T10:12:17","modified_gmt":"2026-04-27T10:12:17","slug":"registration","status":"publish","type":"page","link":"https:\/\/betwinner.tips\/vi\/registration\/","title":{"rendered":"\u0110\u0103ng k\u00fd"},"content":{"rendered":"","protected":false},"excerpt":{"rendered":"","protected":false},"author":1,"featured_media":0,"parent":0,"menu_order":0,"comment_status":"closed","ping_status":"closed","template":"","meta":{"footnotes":""},"class_list":["post-273","page","type-page","status-publish","hentry"],"yoast_head":"<!-- This site is optimized with the Yoast SEO plugin v25.6 - https:\/\/yoast.com\/wordpress\/plugins\/seo\/ -->\n<title>\u0110\u0103ng k\u00fd Betwinner \ud83d\udd39 T\u1ea1o t\u00e0i kho\u1ea3n ngay h\u00f4m nay<\/title>\n<meta name=\"description\" content=\"\u0110\u0103ng k\u00fd t\u00e0i kho\u1ea3n Betwinner v\u00e0 khai ph\u00e1 ti\u1ec1m n\u0103ng c\u00e1 c\u01b0\u1ee3c c\u1ee7a b\u1ea1n. H\u00e3y tham kh\u1ea3o h\u01b0\u1edbng d\u1eabn c\u1ee7a ch\u00fang t\u00f4i \u0111\u1ec3 c\u00f3 m\u1ed9t quy tr\u00ecnh \u0111\u0103ng k\u00fd \u0111\u01a1n gi\u1ea3n v\u00e0 thu\u1eadn ti\u1ec7n! H\u00e3y c\u00f9ng Betwinner tr\u1ea3i nghi\u1ec7m c\u1ea3m gi\u00e1c h\u1ed3i h\u1ed9p c\u1ee7a c\u00e1 c\u01b0\u1ee3c!\" \/>\n<meta name=\"robots\" content=\"noindex, follow, max-snippet:-1, max-image-preview:large, max-video-preview:-1\" \/>\n<meta property=\"og:locale\" content=\"vi_VN\" \/>\n<meta property=\"og:type\" content=\"article\" \/>\n<meta property=\"og:title\" content=\"\u0110\u0103ng k\u00fd Betwinner \ud83d\udd39 T\u1ea1o t\u00e0i kho\u1ea3n ngay h\u00f4m nay\" \/>\n<meta property=\"og:description\" content=\"\u0110\u0103ng k\u00fd t\u00e0i kho\u1ea3n Betwinner v\u00e0 khai ph\u00e1 ti\u1ec1m n\u0103ng c\u00e1 c\u01b0\u1ee3c c\u1ee7a b\u1ea1n. H\u00e3y tham kh\u1ea3o h\u01b0\u1edbng d\u1eabn c\u1ee7a ch\u00fang t\u00f4i \u0111\u1ec3 c\u00f3 m\u1ed9t quy tr\u00ecnh \u0111\u0103ng k\u00fd \u0111\u01a1n gi\u1ea3n v\u00e0 thu\u1eadn ti\u1ec7n! H\u00e3y c\u00f9ng Betwinner tr\u1ea3i nghi\u1ec7m c\u1ea3m gi\u00e1c h\u1ed3i h\u1ed9p c\u1ee7a c\u00e1 c\u01b0\u1ee3c!\" \/>\n<meta property=\"og:url\" content=\"https:\/\/betwinner.tips\/vi\/registration\/\" \/>\n<meta property=\"og:site_name\" content=\"Betwinner Tips VI\" \/>\n<meta property=\"article:modified_time\" content=\"2026-04-27T10:12:17+00:00\" \/>\n<meta name=\"twitter:card\" content=\"summary_large_image\" \/>\n<script type=\"application\/ld+json\" class=\"yoast-schema-graph\">{\"@context\":\"https:\/\/schema.org\",\"@graph\":[{\"@type\":\"WebPage\",\"@id\":\"https:\/\/betwinner.tips\/vi\/registration\/\",\"url\":\"https:\/\/betwinner.tips\/vi\/registration\/\",\"name\":\"\u0110\u0103ng k\u00fd Betwinner \ud83d\udd39 T\u1ea1o t\u00e0i kho\u1ea3n ngay h\u00f4m nay\",\"isPartOf\":{\"@id\":\"https:\/\/betwinner.tips\/vi\/#website\"},\"datePublished\":\"2024-10-30T08:26:29+00:00\",\"dateModified\":\"2026-04-27T10:12:17+00:00\",\"description\":\"\u0110\u0103ng k\u00fd t\u00e0i kho\u1ea3n Betwinner v\u00e0 khai ph\u00e1 ti\u1ec1m n\u0103ng c\u00e1 c\u01b0\u1ee3c c\u1ee7a b\u1ea1n. H\u00e3y tham kh\u1ea3o h\u01b0\u1edbng d\u1eabn c\u1ee7a ch\u00fang t\u00f4i \u0111\u1ec3 c\u00f3 m\u1ed9t quy tr\u00ecnh \u0111\u0103ng k\u00fd \u0111\u01a1n gi\u1ea3n v\u00e0 thu\u1eadn ti\u1ec7n! H\u00e3y c\u00f9ng Betwinner tr\u1ea3i nghi\u1ec7m c\u1ea3m gi\u00e1c h\u1ed3i h\u1ed9p c\u1ee7a c\u00e1 c\u01b0\u1ee3c!\",\"breadcrumb\":{\"@id\":\"https:\/\/betwinner.tips\/vi\/registration\/#breadcrumb\"},\"inLanguage\":\"vi\",\"potentialAction\":[{\"@type\":\"ReadAction\",\"target\":[\"https:\/\/betwinner.tips\/vi\/registration\/\"]}]},{\"@type\":\"BreadcrumbList\",\"@id\":\"https:\/\/betwinner.tips\/vi\/registration\/#breadcrumb\",\"itemListElement\":[{\"@type\":\"ListItem\",\"position\":1,\"name\":\"Home\",\"item\":\"https:\/\/betwinner.tips\/vi\/\"},{\"@type\":\"ListItem\",\"position\":2,\"name\":\"\u0110\u0103ng k\u00fd\"}]},{\"@type\":\"WebSite\",\"@id\":\"https:\/\/betwinner.tips\/vi\/#website\",\"url\":\"https:\/\/betwinner.tips\/vi\/\",\"name\":\"Betwinner Tips VI\",\"description\":\"My WordPress Blog\",\"potentialAction\":[{\"@type\":\"SearchAction\",\"target\":{\"@type\":\"EntryPoint\",\"urlTemplate\":\"https:\/\/betwinner.tips\/vi\/?s={search_term_string}\"},\"query-input\":{\"@type\":\"PropertyValueSpecification\",\"valueRequired\":true,\"valueName\":\"search_term_string\"}}],\"inLanguage\":\"vi\"}]}<\/script>\n<!-- \/ Yoast SEO plugin. -->","yoast_head_json":{"title":"\u0110\u0103ng k\u00fd Betwinner \ud83d\udd39 T\u1ea1o t\u00e0i kho\u1ea3n ngay h\u00f4m nay","description":"\u0110\u0103ng k\u00fd t\u00e0i kho\u1ea3n Betwinner v\u00e0 khai ph\u00e1 ti\u1ec1m n\u0103ng c\u00e1 c\u01b0\u1ee3c c\u1ee7a b\u1ea1n. H\u00e3y tham kh\u1ea3o h\u01b0\u1edbng d\u1eabn c\u1ee7a ch\u00fang t\u00f4i \u0111\u1ec3 c\u00f3 m\u1ed9t quy tr\u00ecnh \u0111\u0103ng k\u00fd \u0111\u01a1n gi\u1ea3n v\u00e0 thu\u1eadn ti\u1ec7n! H\u00e3y c\u00f9ng Betwinner tr\u1ea3i nghi\u1ec7m c\u1ea3m gi\u00e1c h\u1ed3i h\u1ed9p c\u1ee7a c\u00e1 c\u01b0\u1ee3c!","robots":{"index":"noindex","follow":"follow","max-snippet":"max-snippet:-1","max-image-preview":"max-image-preview:large","max-video-preview":"max-video-preview:-1"},"og_locale":"vi_VN","og_type":"article","og_title":"\u0110\u0103ng k\u00fd Betwinner \ud83d\udd39 T\u1ea1o t\u00e0i kho\u1ea3n ngay h\u00f4m nay","og_description":"\u0110\u0103ng k\u00fd t\u00e0i kho\u1ea3n Betwinner v\u00e0 khai ph\u00e1 ti\u1ec1m n\u0103ng c\u00e1 c\u01b0\u1ee3c c\u1ee7a b\u1ea1n. H\u00e3y tham kh\u1ea3o h\u01b0\u1edbng d\u1eabn c\u1ee7a ch\u00fang t\u00f4i \u0111\u1ec3 c\u00f3 m\u1ed9t quy tr\u00ecnh \u0111\u0103ng k\u00fd \u0111\u01a1n gi\u1ea3n v\u00e0 thu\u1eadn ti\u1ec7n! H\u00e3y c\u00f9ng Betwinner tr\u1ea3i nghi\u1ec7m c\u1ea3m gi\u00e1c h\u1ed3i h\u1ed9p c\u1ee7a c\u00e1 c\u01b0\u1ee3c!","og_url":"https:\/\/betwinner.tips\/vi\/registration\/","og_site_name":"Betwinner Tips VI","article_modified_time":"2026-04-27T10:12:17+00:00","twitter_card":"summary_large_image","schema":{"@context":"https:\/\/schema.org","@graph":[{"@type":"WebPage","@id":"https:\/\/betwinner.tips\/vi\/registration\/","url":"https:\/\/betwinner.tips\/vi\/registration\/","name":"\u0110\u0103ng k\u00fd Betwinner \ud83d\udd39 T\u1ea1o t\u00e0i kho\u1ea3n ngay h\u00f4m nay","isPartOf":{"@id":"https:\/\/betwinner.tips\/vi\/#website"},"datePublished":"2024-10-30T08:26:29+00:00","dateModified":"2026-04-27T10:12:17+00:00","description":"\u0110\u0103ng k\u00fd t\u00e0i kho\u1ea3n Betwinner v\u00e0 khai ph\u00e1 ti\u1ec1m n\u0103ng c\u00e1 c\u01b0\u1ee3c c\u1ee7a b\u1ea1n. H\u00e3y tham kh\u1ea3o h\u01b0\u1edbng d\u1eabn c\u1ee7a ch\u00fang t\u00f4i \u0111\u1ec3 c\u00f3 m\u1ed9t quy tr\u00ecnh \u0111\u0103ng k\u00fd \u0111\u01a1n gi\u1ea3n v\u00e0 thu\u1eadn ti\u1ec7n! H\u00e3y c\u00f9ng Betwinner tr\u1ea3i nghi\u1ec7m c\u1ea3m gi\u00e1c h\u1ed3i h\u1ed9p c\u1ee7a c\u00e1 c\u01b0\u1ee3c!","breadcrumb":{"@id":"https:\/\/betwinner.tips\/vi\/registration\/#breadcrumb"},"inLanguage":"vi","potentialAction":[{"@type":"ReadAction","target":["https:\/\/betwinner.tips\/vi\/registration\/"]}]},{"@type":"BreadcrumbList","@id":"https:\/\/betwinner.tips\/vi\/registration\/#breadcrumb","itemListElement":[{"@type":"ListItem","position":1,"name":"Home","item":"https:\/\/betwinner.tips\/vi\/"},{"@type":"ListItem","position":2,"name":"\u0110\u0103ng k\u00fd"}]},{"@type":"WebSite","@id":"https:\/\/betwinner.tips\/vi\/#website","url":"https:\/\/betwinner.tips\/vi\/","name":"Betwinner Tips VI","description":"My WordPress Blog","potentialAction":[{"@type":"SearchAction","target":{"@type":"EntryPoint","urlTemplate":"https:\/\/betwinner.tips\/vi\/?s={search_term_string}"},"query-input":{"@type":"PropertyValueSpecification","valueRequired":true,"valueName":"search_term_string"}}],"inLanguage":"vi"}]}},"_links":{"self":[{"href":"https:\/\/betwinner.tips\/vi\/wp-json\/wp\/v2\/pages\/273","targetHints":{"allow":["GET"]}}],"collection":[{"href":"https:\/\/betwinner.tips\/vi\/wp-json\/wp\/v2\/pages"}],"about":[{"href":"https:\/\/betwinner.tips\/vi\/wp-json\/wp\/v2\/types\/page"}],"author":[{"embeddable":true,"href":"https:\/\/betwinner.tips\/vi\/wp-json\/wp\/v2\/users\/1"}],"replies":[{"embeddable":true,"href":"https:\/\/betwinner.tips\/vi\/wp-json\/wp\/v2\/comments?post=273"}],"version-history":[{"count":7,"href":"https:\/\/betwinner.tips\/vi\/wp-json\/wp\/v2\/pages\/273\/revisions"}],"predecessor-version":[{"id":667,"href":"https:\/\/betwinner.tips\/vi\/wp-json\/wp\/v2\/pages\/273\/revisions\/667"}],"wp:attachment":[{"href":"https:\/\/betwinner.tips\/vi\/wp-json\/wp\/v2\/media?parent=273"}],"curies":[{"name":"wp","href":"https:\/\/api.w.org\/{rel}","templated":true}]}}