{"id":290,"date":"2024-10-30T14:57:05","date_gmt":"2024-10-30T14:57:05","guid":{"rendered":"https:\/\/betwinner.tips\/vi\/?page_id=290"},"modified":"2026-04-25T15:28:59","modified_gmt":"2026-04-25T15:28:59","slug":"login","status":"publish","type":"page","link":"https:\/\/betwinner.tips\/vi\/login\/","title":{"rendered":"\u0110\u0103ng nh\u1eadp"},"content":{"rendered":"","protected":false},"excerpt":{"rendered":"","protected":false},"author":1,"featured_media":0,"parent":0,"menu_order":0,"comment_status":"closed","ping_status":"closed","template":"","meta":{"footnotes":""},"class_list":["post-290","page","type-page","status-publish","hentry"],"yoast_head":"<!-- This site is optimized with the Yoast SEO plugin v25.6 - https:\/\/yoast.com\/wordpress\/plugins\/seo\/ -->\n<title>\u0110\u0103ng nh\u1eadp Betwinner \u2611\ufe0f Trang web ch\u00ednh th\u1ee9c v\u00e0 m\u1eb9o truy c\u1eadp an to\u00e0n<\/title>\n<meta name=\"description\" content=\"C\u00e1ch \u0111\u0103ng nh\u1eadp v\u00e0o t\u00e0i kho\u1ea3n Betwinner \u2611\ufe0f Truy c\u1eadp trang web Betwinner v\u00e0 nh\u1ea5p v\u00e0o n\u00fat \u0110\u0103ng nh\u1eadp \u2713 \u0110\u0103ng k\u00fd v\u00e0 x\u00e1c minh t\u00e0i kho\u1ea3n Betwinner\" \/>\n<meta name=\"robots\" content=\"noindex, follow, max-snippet:-1, max-image-preview:large, max-video-preview:-1\" \/>\n<meta property=\"og:locale\" content=\"vi_VN\" \/>\n<meta property=\"og:type\" content=\"article\" \/>\n<meta property=\"og:title\" content=\"\u0110\u0103ng nh\u1eadp Betwinner \u2611\ufe0f Trang web ch\u00ednh th\u1ee9c v\u00e0 m\u1eb9o truy c\u1eadp an to\u00e0n\" \/>\n<meta property=\"og:description\" content=\"C\u00e1ch \u0111\u0103ng nh\u1eadp v\u00e0o t\u00e0i kho\u1ea3n Betwinner \u2611\ufe0f Truy c\u1eadp trang web Betwinner v\u00e0 nh\u1ea5p v\u00e0o n\u00fat \u0110\u0103ng nh\u1eadp \u2713 \u0110\u0103ng k\u00fd v\u00e0 x\u00e1c minh t\u00e0i kho\u1ea3n Betwinner\" \/>\n<meta property=\"og:url\" content=\"https:\/\/betwinner.tips\/vi\/login\/\" \/>\n<meta property=\"og:site_name\" content=\"Betwinner Tips VI\" \/>\n<meta property=\"article:modified_time\" content=\"2026-04-25T15:28:59+00:00\" \/>\n<meta name=\"twitter:card\" content=\"summary_large_image\" \/>\n<script type=\"application\/ld+json\" class=\"yoast-schema-graph\">{\"@context\":\"https:\/\/schema.org\",\"@graph\":[{\"@type\":\"WebPage\",\"@id\":\"https:\/\/betwinner.tips\/vi\/login\/\",\"url\":\"https:\/\/betwinner.tips\/vi\/login\/\",\"name\":\"\u0110\u0103ng nh\u1eadp Betwinner \u2611\ufe0f Trang web ch\u00ednh th\u1ee9c v\u00e0 m\u1eb9o truy c\u1eadp an to\u00e0n\",\"isPartOf\":{\"@id\":\"https:\/\/betwinner.tips\/vi\/#website\"},\"datePublished\":\"2024-10-30T14:57:05+00:00\",\"dateModified\":\"2026-04-25T15:28:59+00:00\",\"description\":\"C\u00e1ch \u0111\u0103ng nh\u1eadp v\u00e0o t\u00e0i kho\u1ea3n Betwinner \u2611\ufe0f Truy c\u1eadp trang web Betwinner v\u00e0 nh\u1ea5p v\u00e0o n\u00fat \u0110\u0103ng nh\u1eadp \u2713 \u0110\u0103ng k\u00fd v\u00e0 x\u00e1c minh t\u00e0i kho\u1ea3n Betwinner\",\"breadcrumb\":{\"@id\":\"https:\/\/betwinner.tips\/vi\/login\/#breadcrumb\"},\"inLanguage\":\"vi\",\"potentialAction\":[{\"@type\":\"ReadAction\",\"target\":[\"https:\/\/betwinner.tips\/vi\/login\/\"]}]},{\"@type\":\"BreadcrumbList\",\"@id\":\"https:\/\/betwinner.tips\/vi\/login\/#breadcrumb\",\"itemListElement\":[{\"@type\":\"ListItem\",\"position\":1,\"name\":\"Home\",\"item\":\"https:\/\/betwinner.tips\/vi\/\"},{\"@type\":\"ListItem\",\"position\":2,\"name\":\"\u0110\u0103ng nh\u1eadp\"}]},{\"@type\":\"WebSite\",\"@id\":\"https:\/\/betwinner.tips\/vi\/#website\",\"url\":\"https:\/\/betwinner.tips\/vi\/\",\"name\":\"Betwinner Tips VI\",\"description\":\"My WordPress Blog\",\"potentialAction\":[{\"@type\":\"SearchAction\",\"target\":{\"@type\":\"EntryPoint\",\"urlTemplate\":\"https:\/\/betwinner.tips\/vi\/?s={search_term_string}\"},\"query-input\":{\"@type\":\"PropertyValueSpecification\",\"valueRequired\":true,\"valueName\":\"search_term_string\"}}],\"inLanguage\":\"vi\"}]}<\/script>\n<!-- \/ Yoast SEO plugin. -->","yoast_head_json":{"title":"\u0110\u0103ng nh\u1eadp Betwinner \u2611\ufe0f Trang web ch\u00ednh th\u1ee9c v\u00e0 m\u1eb9o truy c\u1eadp an to\u00e0n","description":"C\u00e1ch \u0111\u0103ng nh\u1eadp v\u00e0o t\u00e0i kho\u1ea3n Betwinner \u2611\ufe0f Truy c\u1eadp trang web Betwinner v\u00e0 nh\u1ea5p v\u00e0o n\u00fat \u0110\u0103ng nh\u1eadp \u2713 \u0110\u0103ng k\u00fd v\u00e0 x\u00e1c minh t\u00e0i kho\u1ea3n Betwinner","robots":{"index":"noindex","follow":"follow","max-snippet":"max-snippet:-1","max-image-preview":"max-image-preview:large","max-video-preview":"max-video-preview:-1"},"og_locale":"vi_VN","og_type":"article","og_title":"\u0110\u0103ng nh\u1eadp Betwinner \u2611\ufe0f Trang web ch\u00ednh th\u1ee9c v\u00e0 m\u1eb9o truy c\u1eadp an to\u00e0n","og_description":"C\u00e1ch \u0111\u0103ng nh\u1eadp v\u00e0o t\u00e0i kho\u1ea3n Betwinner \u2611\ufe0f Truy c\u1eadp trang web Betwinner v\u00e0 nh\u1ea5p v\u00e0o n\u00fat \u0110\u0103ng nh\u1eadp \u2713 \u0110\u0103ng k\u00fd v\u00e0 x\u00e1c minh t\u00e0i kho\u1ea3n Betwinner","og_url":"https:\/\/betwinner.tips\/vi\/login\/","og_site_name":"Betwinner Tips VI","article_modified_time":"2026-04-25T15:28:59+00:00","twitter_card":"summary_large_image","schema":{"@context":"https:\/\/schema.org","@graph":[{"@type":"WebPage","@id":"https:\/\/betwinner.tips\/vi\/login\/","url":"https:\/\/betwinner.tips\/vi\/login\/","name":"\u0110\u0103ng nh\u1eadp Betwinner \u2611\ufe0f Trang web ch\u00ednh th\u1ee9c v\u00e0 m\u1eb9o truy c\u1eadp an to\u00e0n","isPartOf":{"@id":"https:\/\/betwinner.tips\/vi\/#website"},"datePublished":"2024-10-30T14:57:05+00:00","dateModified":"2026-04-25T15:28:59+00:00","description":"C\u00e1ch \u0111\u0103ng nh\u1eadp v\u00e0o t\u00e0i kho\u1ea3n Betwinner \u2611\ufe0f Truy c\u1eadp trang web Betwinner v\u00e0 nh\u1ea5p v\u00e0o n\u00fat \u0110\u0103ng nh\u1eadp \u2713 \u0110\u0103ng k\u00fd v\u00e0 x\u00e1c minh t\u00e0i kho\u1ea3n Betwinner","breadcrumb":{"@id":"https:\/\/betwinner.tips\/vi\/login\/#breadcrumb"},"inLanguage":"vi","potentialAction":[{"@type":"ReadAction","target":["https:\/\/betwinner.tips\/vi\/login\/"]}]},{"@type":"BreadcrumbList","@id":"https:\/\/betwinner.tips\/vi\/login\/#breadcrumb","itemListElement":[{"@type":"ListItem","position":1,"name":"Home","item":"https:\/\/betwinner.tips\/vi\/"},{"@type":"ListItem","position":2,"name":"\u0110\u0103ng nh\u1eadp"}]},{"@type":"WebSite","@id":"https:\/\/betwinner.tips\/vi\/#website","url":"https:\/\/betwinner.tips\/vi\/","name":"Betwinner Tips VI","description":"My WordPress Blog","potentialAction":[{"@type":"SearchAction","target":{"@type":"EntryPoint","urlTemplate":"https:\/\/betwinner.tips\/vi\/?s={search_term_string}"},"query-input":{"@type":"PropertyValueSpecification","valueRequired":true,"valueName":"search_term_string"}}],"inLanguage":"vi"}]}},"_links":{"self":[{"href":"https:\/\/betwinner.tips\/vi\/wp-json\/wp\/v2\/pages\/290","targetHints":{"allow":["GET"]}}],"collection":[{"href":"https:\/\/betwinner.tips\/vi\/wp-json\/wp\/v2\/pages"}],"about":[{"href":"https:\/\/betwinner.tips\/vi\/wp-json\/wp\/v2\/types\/page"}],"author":[{"embeddable":true,"href":"https:\/\/betwinner.tips\/vi\/wp-json\/wp\/v2\/users\/1"}],"replies":[{"embeddable":true,"href":"https:\/\/betwinner.tips\/vi\/wp-json\/wp\/v2\/comments?post=290"}],"version-history":[{"count":6,"href":"https:\/\/betwinner.tips\/vi\/wp-json\/wp\/v2\/pages\/290\/revisions"}],"predecessor-version":[{"id":660,"href":"https:\/\/betwinner.tips\/vi\/wp-json\/wp\/v2\/pages\/290\/revisions\/660"}],"wp:attachment":[{"href":"https:\/\/betwinner.tips\/vi\/wp-json\/wp\/v2\/media?parent=290"}],"curies":[{"name":"wp","href":"https:\/\/api.w.org\/{rel}","templated":true}]}}