{"id":321,"date":"2024-10-31T16:54:54","date_gmt":"2024-10-31T16:54:54","guid":{"rendered":"https:\/\/betwinner.tips\/vi\/?page_id=321"},"modified":"2026-04-25T13:23:41","modified_gmt":"2026-04-25T13:23:41","slug":"app","status":"publish","type":"page","link":"https:\/\/betwinner.tips\/vi\/app\/","title":{"rendered":"\u1ee8ng d\u1ee5ng"},"content":{"rendered":"","protected":false},"excerpt":{"rendered":"","protected":false},"author":1,"featured_media":0,"parent":0,"menu_order":0,"comment_status":"closed","ping_status":"closed","template":"","meta":{"footnotes":""},"class_list":["post-321","page","type-page","status-publish","hentry"],"yoast_head":"<!-- This site is optimized with the Yoast SEO plugin v25.6 - https:\/\/yoast.com\/wordpress\/plugins\/seo\/ -->\n<title>\u1ee8ng d\u1ee5ng Betwinner \u2705 T\u1ea3i xu\u1ed1ng mi\u1ec5n ph\u00ed cho Android &amp; iOS<\/title>\n<meta name=\"description\" content=\"Kh\u00e1m ph\u00e1 tr\u1ea3i nghi\u1ec7m ch\u01a1i game \u0111\u1ec9nh cao c\u00f9ng \u1ee9ng d\u1ee5ng di \u0111\u1ed9ng SpinBetter! Truy c\u1eadp c\u00e1c tr\u00f2 ch\u01a1i y\u00eau th\u00edch c\u1ee7a b\u1ea1n m\u1ecdi l\u00fac, m\u1ecdi n\u01a1i v\u00e0 t\u1eadn h\u01b0\u1edfng nh\u1eefng \u01b0u \u0111\u00e3i \u0111\u1ed9c quy\u1ec1n d\u00e0nh ri\u00eang cho ng\u01b0\u1eddi d\u00f9ng di \u0111\u1ed9ng.\" \/>\n<meta name=\"robots\" content=\"noindex, follow, max-snippet:-1, max-image-preview:large, max-video-preview:-1\" \/>\n<meta property=\"og:locale\" content=\"vi_VN\" \/>\n<meta property=\"og:type\" content=\"article\" \/>\n<meta property=\"og:title\" content=\"\u1ee8ng d\u1ee5ng Betwinner \u2705 T\u1ea3i xu\u1ed1ng mi\u1ec5n ph\u00ed cho Android &amp; iOS\" \/>\n<meta property=\"og:description\" content=\"Kh\u00e1m ph\u00e1 tr\u1ea3i nghi\u1ec7m ch\u01a1i game \u0111\u1ec9nh cao c\u00f9ng \u1ee9ng d\u1ee5ng di \u0111\u1ed9ng SpinBetter! Truy c\u1eadp c\u00e1c tr\u00f2 ch\u01a1i y\u00eau th\u00edch c\u1ee7a b\u1ea1n m\u1ecdi l\u00fac, m\u1ecdi n\u01a1i v\u00e0 t\u1eadn h\u01b0\u1edfng nh\u1eefng \u01b0u \u0111\u00e3i \u0111\u1ed9c quy\u1ec1n d\u00e0nh ri\u00eang cho ng\u01b0\u1eddi d\u00f9ng di \u0111\u1ed9ng.\" \/>\n<meta property=\"og:url\" content=\"https:\/\/betwinner.tips\/vi\/app\/\" \/>\n<meta property=\"og:site_name\" content=\"Betwinner Tips VI\" \/>\n<meta property=\"article:modified_time\" content=\"2026-04-25T13:23:41+00:00\" \/>\n<meta name=\"twitter:card\" content=\"summary_large_image\" \/>\n<script type=\"application\/ld+json\" class=\"yoast-schema-graph\">{\"@context\":\"https:\/\/schema.org\",\"@graph\":[{\"@type\":\"WebPage\",\"@id\":\"https:\/\/betwinner.tips\/vi\/app\/\",\"url\":\"https:\/\/betwinner.tips\/vi\/app\/\",\"name\":\"\u1ee8ng d\u1ee5ng Betwinner \u2705 T\u1ea3i xu\u1ed1ng mi\u1ec5n ph\u00ed cho Android & iOS\",\"isPartOf\":{\"@id\":\"https:\/\/betwinner.tips\/vi\/#website\"},\"datePublished\":\"2024-10-31T16:54:54+00:00\",\"dateModified\":\"2026-04-25T13:23:41+00:00\",\"description\":\"Kh\u00e1m ph\u00e1 tr\u1ea3i nghi\u1ec7m ch\u01a1i game \u0111\u1ec9nh cao c\u00f9ng \u1ee9ng d\u1ee5ng di \u0111\u1ed9ng SpinBetter! Truy c\u1eadp c\u00e1c tr\u00f2 ch\u01a1i y\u00eau th\u00edch c\u1ee7a b\u1ea1n m\u1ecdi l\u00fac, m\u1ecdi n\u01a1i v\u00e0 t\u1eadn h\u01b0\u1edfng nh\u1eefng \u01b0u \u0111\u00e3i \u0111\u1ed9c quy\u1ec1n d\u00e0nh ri\u00eang cho ng\u01b0\u1eddi d\u00f9ng di \u0111\u1ed9ng.\",\"breadcrumb\":{\"@id\":\"https:\/\/betwinner.tips\/vi\/app\/#breadcrumb\"},\"inLanguage\":\"vi\",\"potentialAction\":[{\"@type\":\"ReadAction\",\"target\":[\"https:\/\/betwinner.tips\/vi\/app\/\"]}]},{\"@type\":\"BreadcrumbList\",\"@id\":\"https:\/\/betwinner.tips\/vi\/app\/#breadcrumb\",\"itemListElement\":[{\"@type\":\"ListItem\",\"position\":1,\"name\":\"Home\",\"item\":\"https:\/\/betwinner.tips\/vi\/\"},{\"@type\":\"ListItem\",\"position\":2,\"name\":\"\u1ee8ng d\u1ee5ng\"}]},{\"@type\":\"WebSite\",\"@id\":\"https:\/\/betwinner.tips\/vi\/#website\",\"url\":\"https:\/\/betwinner.tips\/vi\/\",\"name\":\"Betwinner Tips VI\",\"description\":\"My WordPress Blog\",\"potentialAction\":[{\"@type\":\"SearchAction\",\"target\":{\"@type\":\"EntryPoint\",\"urlTemplate\":\"https:\/\/betwinner.tips\/vi\/?s={search_term_string}\"},\"query-input\":{\"@type\":\"PropertyValueSpecification\",\"valueRequired\":true,\"valueName\":\"search_term_string\"}}],\"inLanguage\":\"vi\"}]}<\/script>\n<!-- \/ Yoast SEO plugin. -->","yoast_head_json":{"title":"\u1ee8ng d\u1ee5ng Betwinner \u2705 T\u1ea3i xu\u1ed1ng mi\u1ec5n ph\u00ed cho Android & iOS","description":"Kh\u00e1m ph\u00e1 tr\u1ea3i nghi\u1ec7m ch\u01a1i game \u0111\u1ec9nh cao c\u00f9ng \u1ee9ng d\u1ee5ng di \u0111\u1ed9ng SpinBetter! Truy c\u1eadp c\u00e1c tr\u00f2 ch\u01a1i y\u00eau th\u00edch c\u1ee7a b\u1ea1n m\u1ecdi l\u00fac, m\u1ecdi n\u01a1i v\u00e0 t\u1eadn h\u01b0\u1edfng nh\u1eefng \u01b0u \u0111\u00e3i \u0111\u1ed9c quy\u1ec1n d\u00e0nh ri\u00eang cho ng\u01b0\u1eddi d\u00f9ng di \u0111\u1ed9ng.","robots":{"index":"noindex","follow":"follow","max-snippet":"max-snippet:-1","max-image-preview":"max-image-preview:large","max-video-preview":"max-video-preview:-1"},"og_locale":"vi_VN","og_type":"article","og_title":"\u1ee8ng d\u1ee5ng Betwinner \u2705 T\u1ea3i xu\u1ed1ng mi\u1ec5n ph\u00ed cho Android & iOS","og_description":"Kh\u00e1m ph\u00e1 tr\u1ea3i nghi\u1ec7m ch\u01a1i game \u0111\u1ec9nh cao c\u00f9ng \u1ee9ng d\u1ee5ng di \u0111\u1ed9ng SpinBetter! Truy c\u1eadp c\u00e1c tr\u00f2 ch\u01a1i y\u00eau th\u00edch c\u1ee7a b\u1ea1n m\u1ecdi l\u00fac, m\u1ecdi n\u01a1i v\u00e0 t\u1eadn h\u01b0\u1edfng nh\u1eefng \u01b0u \u0111\u00e3i \u0111\u1ed9c quy\u1ec1n d\u00e0nh ri\u00eang cho ng\u01b0\u1eddi d\u00f9ng di \u0111\u1ed9ng.","og_url":"https:\/\/betwinner.tips\/vi\/app\/","og_site_name":"Betwinner Tips VI","article_modified_time":"2026-04-25T13:23:41+00:00","twitter_card":"summary_large_image","schema":{"@context":"https:\/\/schema.org","@graph":[{"@type":"WebPage","@id":"https:\/\/betwinner.tips\/vi\/app\/","url":"https:\/\/betwinner.tips\/vi\/app\/","name":"\u1ee8ng d\u1ee5ng Betwinner \u2705 T\u1ea3i xu\u1ed1ng mi\u1ec5n ph\u00ed cho Android & iOS","isPartOf":{"@id":"https:\/\/betwinner.tips\/vi\/#website"},"datePublished":"2024-10-31T16:54:54+00:00","dateModified":"2026-04-25T13:23:41+00:00","description":"Kh\u00e1m ph\u00e1 tr\u1ea3i nghi\u1ec7m ch\u01a1i game \u0111\u1ec9nh cao c\u00f9ng \u1ee9ng d\u1ee5ng di \u0111\u1ed9ng SpinBetter! Truy c\u1eadp c\u00e1c tr\u00f2 ch\u01a1i y\u00eau th\u00edch c\u1ee7a b\u1ea1n m\u1ecdi l\u00fac, m\u1ecdi n\u01a1i v\u00e0 t\u1eadn h\u01b0\u1edfng nh\u1eefng \u01b0u \u0111\u00e3i \u0111\u1ed9c quy\u1ec1n d\u00e0nh ri\u00eang cho ng\u01b0\u1eddi d\u00f9ng di \u0111\u1ed9ng.","breadcrumb":{"@id":"https:\/\/betwinner.tips\/vi\/app\/#breadcrumb"},"inLanguage":"vi","potentialAction":[{"@type":"ReadAction","target":["https:\/\/betwinner.tips\/vi\/app\/"]}]},{"@type":"BreadcrumbList","@id":"https:\/\/betwinner.tips\/vi\/app\/#breadcrumb","itemListElement":[{"@type":"ListItem","position":1,"name":"Home","item":"https:\/\/betwinner.tips\/vi\/"},{"@type":"ListItem","position":2,"name":"\u1ee8ng d\u1ee5ng"}]},{"@type":"WebSite","@id":"https:\/\/betwinner.tips\/vi\/#website","url":"https:\/\/betwinner.tips\/vi\/","name":"Betwinner Tips VI","description":"My WordPress Blog","potentialAction":[{"@type":"SearchAction","target":{"@type":"EntryPoint","urlTemplate":"https:\/\/betwinner.tips\/vi\/?s={search_term_string}"},"query-input":{"@type":"PropertyValueSpecification","valueRequired":true,"valueName":"search_term_string"}}],"inLanguage":"vi"}]}},"_links":{"self":[{"href":"https:\/\/betwinner.tips\/vi\/wp-json\/wp\/v2\/pages\/321","targetHints":{"allow":["GET"]}}],"collection":[{"href":"https:\/\/betwinner.tips\/vi\/wp-json\/wp\/v2\/pages"}],"about":[{"href":"https:\/\/betwinner.tips\/vi\/wp-json\/wp\/v2\/types\/page"}],"author":[{"embeddable":true,"href":"https:\/\/betwinner.tips\/vi\/wp-json\/wp\/v2\/users\/1"}],"replies":[{"embeddable":true,"href":"https:\/\/betwinner.tips\/vi\/wp-json\/wp\/v2\/comments?post=321"}],"version-history":[{"count":7,"href":"https:\/\/betwinner.tips\/vi\/wp-json\/wp\/v2\/pages\/321\/revisions"}],"predecessor-version":[{"id":634,"href":"https:\/\/betwinner.tips\/vi\/wp-json\/wp\/v2\/pages\/321\/revisions\/634"}],"wp:attachment":[{"href":"https:\/\/betwinner.tips\/vi\/wp-json\/wp\/v2\/media?parent=321"}],"curies":[{"name":"wp","href":"https:\/\/api.w.org\/{rel}","templated":true}]}}