{"id":339,"date":"2024-11-01T08:00:46","date_gmt":"2024-11-01T08:00:46","guid":{"rendered":"https:\/\/betwinner.tips\/vi\/?page_id=339"},"modified":"2026-04-25T14:32:52","modified_gmt":"2026-04-25T14:32:52","slug":"casino","status":"publish","type":"page","link":"https:\/\/betwinner.tips\/vi\/casino\/","title":{"rendered":"S\u00f2ng b\u1ea1c"},"content":{"rendered":"","protected":false},"excerpt":{"rendered":"","protected":false},"author":1,"featured_media":0,"parent":0,"menu_order":0,"comment_status":"closed","ping_status":"closed","template":"","meta":{"footnotes":""},"class_list":["post-339","page","type-page","status-publish","hentry"],"yoast_head":"<!-- This site is optimized with the Yoast SEO plugin v25.6 - https:\/\/yoast.com\/wordpress\/plugins\/seo\/ -->\n<title>Betwinner S\u00f2ng b\u1ea1c \u2705 H\u01b0\u1edbng d\u1eabn v\u1ec1 c\u00e1c tr\u00f2 ch\u01a1i v\u00e0 nh\u1eefng chi\u1ebfn th\u1eafng l\u1edbn!<\/title>\n<meta name=\"description\" content=\"S\u00f2ng b\u1ea1c Betwinner: Ch\u01a1i, th\u1eafng v\u00e0 th\u1ea3 m\u00ecnh v\u00e0o kh\u00f4ng kh\u00ed s\u00f4i \u0111\u1ed9ng! \ud83d\udd25Ch\u1ec9 c\u1ea7n m\u1ed9t c\u00fa nh\u1ea5p chu\u1ed9t l\u00e0 b\u1ea1n \u0111\u00e3 c\u00f3 th\u1ec3 t\u1eadn h\u01b0\u1edfng nh\u1eefng v\u00f2ng quay \u0111i\u00ean cu\u1ed3ng v\u00e0 nh\u1eefng ph\u1ea7n th\u01b0\u1edfng kh\u1ed5ng l\u1ed3! H\u00e3y tham gia S\u00f2ng b\u1ea1c Betwinner ngay!\" \/>\n<meta name=\"robots\" content=\"noindex, follow, max-snippet:-1, max-image-preview:large, max-video-preview:-1\" \/>\n<meta property=\"og:locale\" content=\"vi_VN\" \/>\n<meta property=\"og:type\" content=\"article\" \/>\n<meta property=\"og:title\" content=\"Betwinner S\u00f2ng b\u1ea1c \u2705 H\u01b0\u1edbng d\u1eabn v\u1ec1 c\u00e1c tr\u00f2 ch\u01a1i v\u00e0 nh\u1eefng chi\u1ebfn th\u1eafng l\u1edbn!\" \/>\n<meta property=\"og:description\" content=\"S\u00f2ng b\u1ea1c Betwinner: Ch\u01a1i, th\u1eafng v\u00e0 th\u1ea3 m\u00ecnh v\u00e0o kh\u00f4ng kh\u00ed s\u00f4i \u0111\u1ed9ng! \ud83d\udd25Ch\u1ec9 c\u1ea7n m\u1ed9t c\u00fa nh\u1ea5p chu\u1ed9t l\u00e0 b\u1ea1n \u0111\u00e3 c\u00f3 th\u1ec3 t\u1eadn h\u01b0\u1edfng nh\u1eefng v\u00f2ng quay \u0111i\u00ean cu\u1ed3ng v\u00e0 nh\u1eefng ph\u1ea7n th\u01b0\u1edfng kh\u1ed5ng l\u1ed3! H\u00e3y tham gia S\u00f2ng b\u1ea1c Betwinner ngay!\" \/>\n<meta property=\"og:url\" content=\"https:\/\/betwinner.tips\/vi\/casino\/\" \/>\n<meta property=\"og:site_name\" content=\"Betwinner Tips VI\" \/>\n<meta property=\"article:modified_time\" content=\"2026-04-25T14:32:52+00:00\" \/>\n<meta name=\"twitter:card\" content=\"summary_large_image\" \/>\n<script type=\"application\/ld+json\" class=\"yoast-schema-graph\">{\"@context\":\"https:\/\/schema.org\",\"@graph\":[{\"@type\":\"WebPage\",\"@id\":\"https:\/\/betwinner.tips\/vi\/casino\/\",\"url\":\"https:\/\/betwinner.tips\/vi\/casino\/\",\"name\":\"Betwinner S\u00f2ng b\u1ea1c \u2705 H\u01b0\u1edbng d\u1eabn v\u1ec1 c\u00e1c tr\u00f2 ch\u01a1i v\u00e0 nh\u1eefng chi\u1ebfn th\u1eafng l\u1edbn!\",\"isPartOf\":{\"@id\":\"https:\/\/betwinner.tips\/vi\/#website\"},\"datePublished\":\"2024-11-01T08:00:46+00:00\",\"dateModified\":\"2026-04-25T14:32:52+00:00\",\"description\":\"S\u00f2ng b\u1ea1c Betwinner: Ch\u01a1i, th\u1eafng v\u00e0 th\u1ea3 m\u00ecnh v\u00e0o kh\u00f4ng kh\u00ed s\u00f4i \u0111\u1ed9ng! \ud83d\udd25Ch\u1ec9 c\u1ea7n m\u1ed9t c\u00fa nh\u1ea5p chu\u1ed9t l\u00e0 b\u1ea1n \u0111\u00e3 c\u00f3 th\u1ec3 t\u1eadn h\u01b0\u1edfng nh\u1eefng v\u00f2ng quay \u0111i\u00ean cu\u1ed3ng v\u00e0 nh\u1eefng ph\u1ea7n th\u01b0\u1edfng kh\u1ed5ng l\u1ed3! H\u00e3y tham gia S\u00f2ng b\u1ea1c Betwinner ngay!\",\"breadcrumb\":{\"@id\":\"https:\/\/betwinner.tips\/vi\/casino\/#breadcrumb\"},\"inLanguage\":\"vi\",\"potentialAction\":[{\"@type\":\"ReadAction\",\"target\":[\"https:\/\/betwinner.tips\/vi\/casino\/\"]}]},{\"@type\":\"BreadcrumbList\",\"@id\":\"https:\/\/betwinner.tips\/vi\/casino\/#breadcrumb\",\"itemListElement\":[{\"@type\":\"ListItem\",\"position\":1,\"name\":\"Home\",\"item\":\"https:\/\/betwinner.tips\/vi\/\"},{\"@type\":\"ListItem\",\"position\":2,\"name\":\"S\u00f2ng b\u1ea1c\"}]},{\"@type\":\"WebSite\",\"@id\":\"https:\/\/betwinner.tips\/vi\/#website\",\"url\":\"https:\/\/betwinner.tips\/vi\/\",\"name\":\"Betwinner Tips VI\",\"description\":\"My WordPress Blog\",\"potentialAction\":[{\"@type\":\"SearchAction\",\"target\":{\"@type\":\"EntryPoint\",\"urlTemplate\":\"https:\/\/betwinner.tips\/vi\/?s={search_term_string}\"},\"query-input\":{\"@type\":\"PropertyValueSpecification\",\"valueRequired\":true,\"valueName\":\"search_term_string\"}}],\"inLanguage\":\"vi\"}]}<\/script>\n<!-- \/ Yoast SEO plugin. -->","yoast_head_json":{"title":"Betwinner S\u00f2ng b\u1ea1c \u2705 H\u01b0\u1edbng d\u1eabn v\u1ec1 c\u00e1c tr\u00f2 ch\u01a1i v\u00e0 nh\u1eefng chi\u1ebfn th\u1eafng l\u1edbn!","description":"S\u00f2ng b\u1ea1c Betwinner: Ch\u01a1i, th\u1eafng v\u00e0 th\u1ea3 m\u00ecnh v\u00e0o kh\u00f4ng kh\u00ed s\u00f4i \u0111\u1ed9ng! \ud83d\udd25Ch\u1ec9 c\u1ea7n m\u1ed9t c\u00fa nh\u1ea5p chu\u1ed9t l\u00e0 b\u1ea1n \u0111\u00e3 c\u00f3 th\u1ec3 t\u1eadn h\u01b0\u1edfng nh\u1eefng v\u00f2ng quay \u0111i\u00ean cu\u1ed3ng v\u00e0 nh\u1eefng ph\u1ea7n th\u01b0\u1edfng kh\u1ed5ng l\u1ed3! H\u00e3y tham gia S\u00f2ng b\u1ea1c Betwinner ngay!","robots":{"index":"noindex","follow":"follow","max-snippet":"max-snippet:-1","max-image-preview":"max-image-preview:large","max-video-preview":"max-video-preview:-1"},"og_locale":"vi_VN","og_type":"article","og_title":"Betwinner S\u00f2ng b\u1ea1c \u2705 H\u01b0\u1edbng d\u1eabn v\u1ec1 c\u00e1c tr\u00f2 ch\u01a1i v\u00e0 nh\u1eefng chi\u1ebfn th\u1eafng l\u1edbn!","og_description":"S\u00f2ng b\u1ea1c Betwinner: Ch\u01a1i, th\u1eafng v\u00e0 th\u1ea3 m\u00ecnh v\u00e0o kh\u00f4ng kh\u00ed s\u00f4i \u0111\u1ed9ng! \ud83d\udd25Ch\u1ec9 c\u1ea7n m\u1ed9t c\u00fa nh\u1ea5p chu\u1ed9t l\u00e0 b\u1ea1n \u0111\u00e3 c\u00f3 th\u1ec3 t\u1eadn h\u01b0\u1edfng nh\u1eefng v\u00f2ng quay \u0111i\u00ean cu\u1ed3ng v\u00e0 nh\u1eefng ph\u1ea7n th\u01b0\u1edfng kh\u1ed5ng l\u1ed3! H\u00e3y tham gia S\u00f2ng b\u1ea1c Betwinner ngay!","og_url":"https:\/\/betwinner.tips\/vi\/casino\/","og_site_name":"Betwinner Tips VI","article_modified_time":"2026-04-25T14:32:52+00:00","twitter_card":"summary_large_image","schema":{"@context":"https:\/\/schema.org","@graph":[{"@type":"WebPage","@id":"https:\/\/betwinner.tips\/vi\/casino\/","url":"https:\/\/betwinner.tips\/vi\/casino\/","name":"Betwinner S\u00f2ng b\u1ea1c \u2705 H\u01b0\u1edbng d\u1eabn v\u1ec1 c\u00e1c tr\u00f2 ch\u01a1i v\u00e0 nh\u1eefng chi\u1ebfn th\u1eafng l\u1edbn!","isPartOf":{"@id":"https:\/\/betwinner.tips\/vi\/#website"},"datePublished":"2024-11-01T08:00:46+00:00","dateModified":"2026-04-25T14:32:52+00:00","description":"S\u00f2ng b\u1ea1c Betwinner: Ch\u01a1i, th\u1eafng v\u00e0 th\u1ea3 m\u00ecnh v\u00e0o kh\u00f4ng kh\u00ed s\u00f4i \u0111\u1ed9ng! \ud83d\udd25Ch\u1ec9 c\u1ea7n m\u1ed9t c\u00fa nh\u1ea5p chu\u1ed9t l\u00e0 b\u1ea1n \u0111\u00e3 c\u00f3 th\u1ec3 t\u1eadn h\u01b0\u1edfng nh\u1eefng v\u00f2ng quay \u0111i\u00ean cu\u1ed3ng v\u00e0 nh\u1eefng ph\u1ea7n th\u01b0\u1edfng kh\u1ed5ng l\u1ed3! H\u00e3y tham gia S\u00f2ng b\u1ea1c Betwinner ngay!","breadcrumb":{"@id":"https:\/\/betwinner.tips\/vi\/casino\/#breadcrumb"},"inLanguage":"vi","potentialAction":[{"@type":"ReadAction","target":["https:\/\/betwinner.tips\/vi\/casino\/"]}]},{"@type":"BreadcrumbList","@id":"https:\/\/betwinner.tips\/vi\/casino\/#breadcrumb","itemListElement":[{"@type":"ListItem","position":1,"name":"Home","item":"https:\/\/betwinner.tips\/vi\/"},{"@type":"ListItem","position":2,"name":"S\u00f2ng b\u1ea1c"}]},{"@type":"WebSite","@id":"https:\/\/betwinner.tips\/vi\/#website","url":"https:\/\/betwinner.tips\/vi\/","name":"Betwinner Tips VI","description":"My WordPress Blog","potentialAction":[{"@type":"SearchAction","target":{"@type":"EntryPoint","urlTemplate":"https:\/\/betwinner.tips\/vi\/?s={search_term_string}"},"query-input":{"@type":"PropertyValueSpecification","valueRequired":true,"valueName":"search_term_string"}}],"inLanguage":"vi"}]}},"_links":{"self":[{"href":"https:\/\/betwinner.tips\/vi\/wp-json\/wp\/v2\/pages\/339","targetHints":{"allow":["GET"]}}],"collection":[{"href":"https:\/\/betwinner.tips\/vi\/wp-json\/wp\/v2\/pages"}],"about":[{"href":"https:\/\/betwinner.tips\/vi\/wp-json\/wp\/v2\/types\/page"}],"author":[{"embeddable":true,"href":"https:\/\/betwinner.tips\/vi\/wp-json\/wp\/v2\/users\/1"}],"replies":[{"embeddable":true,"href":"https:\/\/betwinner.tips\/vi\/wp-json\/wp\/v2\/comments?post=339"}],"version-history":[{"count":7,"href":"https:\/\/betwinner.tips\/vi\/wp-json\/wp\/v2\/pages\/339\/revisions"}],"predecessor-version":[{"id":644,"href":"https:\/\/betwinner.tips\/vi\/wp-json\/wp\/v2\/pages\/339\/revisions\/644"}],"wp:attachment":[{"href":"https:\/\/betwinner.tips\/vi\/wp-json\/wp\/v2\/media?parent=339"}],"curies":[{"name":"wp","href":"https:\/\/api.w.org\/{rel}","templated":true}]}}