{"id":505,"date":"2026-04-13T08:56:35","date_gmt":"2026-04-13T08:56:35","guid":{"rendered":"https:\/\/betwinner.tips\/vi\/?page_id=505"},"modified":"2026-04-25T14:55:32","modified_gmt":"2026-04-25T14:55:32","slug":"football","status":"publish","type":"page","link":"https:\/\/betwinner.tips\/vi\/football\/","title":{"rendered":"B\u00f3ng \u0111\u00e1"},"content":{"rendered":"","protected":false},"excerpt":{"rendered":"","protected":false},"author":1,"featured_media":0,"parent":0,"menu_order":0,"comment_status":"closed","ping_status":"closed","template":"","meta":{"footnotes":""},"class_list":["post-505","page","type-page","status-publish","hentry"],"yoast_head":"<!-- This site is optimized with the Yoast SEO plugin v25.6 - https:\/\/yoast.com\/wordpress\/plugins\/seo\/ -->\n<title>C\u00e1 c\u01b0\u1ee3c b\u00f3ng \u0111\u00e1 t\u1ea1i BetWinner \u2014 \u0110\u1eb7t c\u01b0\u1ee3c NGAY v\u1edbi t\u1ef7 l\u1ec7 c\u01b0\u1ee3c cao<\/title>\n<meta name=\"description\" content=\"\u0110\u1eb7t c\u01b0\u1ee3c b\u00f3ng \u0111\u00e1 t\u1ea1i BetWinner: \u0110\u1ea7u ti\u00ean Gi\u1ea3i \u0111\u1ea5u,Gi\u1ea3i v\u00f4 \u0111\u1ecbch c\u00e1c c\u00e2u l\u1ea1c b\u1ed9 ch\u00e2u \u00c2u, La Liga v\u00e0 nhi\u1ec1u gi\u1ea3i \u0111\u1ea5u kh\u00e1c. Ph\u1ee7 s\u00f3ng r\u1ed9ng r\u00e3i, c\u00e1 c\u01b0\u1ee3c tr\u1ef1c ti\u1ebfp v\u00e0 t\u1ef7 l\u1ec7 c\u01b0\u1ee3c h\u1ea5p d\u1eabn!\" \/>\n<meta name=\"robots\" content=\"noindex, follow, max-snippet:-1, max-image-preview:large, max-video-preview:-1\" \/>\n<meta property=\"og:locale\" content=\"vi_VN\" \/>\n<meta property=\"og:type\" content=\"article\" \/>\n<meta property=\"og:title\" content=\"C\u00e1 c\u01b0\u1ee3c b\u00f3ng \u0111\u00e1 t\u1ea1i BetWinner \u2014 \u0110\u1eb7t c\u01b0\u1ee3c NGAY v\u1edbi t\u1ef7 l\u1ec7 c\u01b0\u1ee3c cao\" \/>\n<meta property=\"og:description\" content=\"\u0110\u1eb7t c\u01b0\u1ee3c b\u00f3ng \u0111\u00e1 t\u1ea1i BetWinner: \u0110\u1ea7u ti\u00ean Gi\u1ea3i \u0111\u1ea5u,Gi\u1ea3i v\u00f4 \u0111\u1ecbch c\u00e1c c\u00e2u l\u1ea1c b\u1ed9 ch\u00e2u \u00c2u, La Liga v\u00e0 nhi\u1ec1u gi\u1ea3i \u0111\u1ea5u kh\u00e1c. Ph\u1ee7 s\u00f3ng r\u1ed9ng r\u00e3i, c\u00e1 c\u01b0\u1ee3c tr\u1ef1c ti\u1ebfp v\u00e0 t\u1ef7 l\u1ec7 c\u01b0\u1ee3c h\u1ea5p d\u1eabn!\" \/>\n<meta property=\"og:url\" content=\"https:\/\/betwinner.tips\/vi\/football\/\" \/>\n<meta property=\"og:site_name\" content=\"Betwinner Tips VI\" \/>\n<meta property=\"article:modified_time\" content=\"2026-04-25T14:55:32+00:00\" \/>\n<meta name=\"twitter:card\" content=\"summary_large_image\" \/>\n<script type=\"application\/ld+json\" class=\"yoast-schema-graph\">{\"@context\":\"https:\/\/schema.org\",\"@graph\":[{\"@type\":\"WebPage\",\"@id\":\"https:\/\/betwinner.tips\/vi\/football\/\",\"url\":\"https:\/\/betwinner.tips\/vi\/football\/\",\"name\":\"C\u00e1 c\u01b0\u1ee3c b\u00f3ng \u0111\u00e1 t\u1ea1i BetWinner \u2014 \u0110\u1eb7t c\u01b0\u1ee3c NGAY v\u1edbi t\u1ef7 l\u1ec7 c\u01b0\u1ee3c cao\",\"isPartOf\":{\"@id\":\"https:\/\/betwinner.tips\/vi\/#website\"},\"datePublished\":\"2026-04-13T08:56:35+00:00\",\"dateModified\":\"2026-04-25T14:55:32+00:00\",\"description\":\"\u0110\u1eb7t c\u01b0\u1ee3c b\u00f3ng \u0111\u00e1 t\u1ea1i BetWinner: \u0110\u1ea7u ti\u00ean Gi\u1ea3i \u0111\u1ea5u,Gi\u1ea3i v\u00f4 \u0111\u1ecbch c\u00e1c c\u00e2u l\u1ea1c b\u1ed9 ch\u00e2u \u00c2u, La Liga v\u00e0 nhi\u1ec1u gi\u1ea3i \u0111\u1ea5u kh\u00e1c. Ph\u1ee7 s\u00f3ng r\u1ed9ng r\u00e3i, c\u00e1 c\u01b0\u1ee3c tr\u1ef1c ti\u1ebfp v\u00e0 t\u1ef7 l\u1ec7 c\u01b0\u1ee3c h\u1ea5p d\u1eabn!\",\"breadcrumb\":{\"@id\":\"https:\/\/betwinner.tips\/vi\/football\/#breadcrumb\"},\"inLanguage\":\"vi\",\"potentialAction\":[{\"@type\":\"ReadAction\",\"target\":[\"https:\/\/betwinner.tips\/vi\/football\/\"]}]},{\"@type\":\"BreadcrumbList\",\"@id\":\"https:\/\/betwinner.tips\/vi\/football\/#breadcrumb\",\"itemListElement\":[{\"@type\":\"ListItem\",\"position\":1,\"name\":\"Home\",\"item\":\"https:\/\/betwinner.tips\/vi\/\"},{\"@type\":\"ListItem\",\"position\":2,\"name\":\"B\u00f3ng \u0111\u00e1\"}]},{\"@type\":\"WebSite\",\"@id\":\"https:\/\/betwinner.tips\/vi\/#website\",\"url\":\"https:\/\/betwinner.tips\/vi\/\",\"name\":\"Betwinner Tips VI\",\"description\":\"My WordPress Blog\",\"potentialAction\":[{\"@type\":\"SearchAction\",\"target\":{\"@type\":\"EntryPoint\",\"urlTemplate\":\"https:\/\/betwinner.tips\/vi\/?s={search_term_string}\"},\"query-input\":{\"@type\":\"PropertyValueSpecification\",\"valueRequired\":true,\"valueName\":\"search_term_string\"}}],\"inLanguage\":\"vi\"}]}<\/script>\n<!-- \/ Yoast SEO plugin. -->","yoast_head_json":{"title":"C\u00e1 c\u01b0\u1ee3c b\u00f3ng \u0111\u00e1 t\u1ea1i BetWinner \u2014 \u0110\u1eb7t c\u01b0\u1ee3c NGAY v\u1edbi t\u1ef7 l\u1ec7 c\u01b0\u1ee3c cao","description":"\u0110\u1eb7t c\u01b0\u1ee3c b\u00f3ng \u0111\u00e1 t\u1ea1i BetWinner: \u0110\u1ea7u ti\u00ean Gi\u1ea3i \u0111\u1ea5u,Gi\u1ea3i v\u00f4 \u0111\u1ecbch c\u00e1c c\u00e2u l\u1ea1c b\u1ed9 ch\u00e2u \u00c2u, La Liga v\u00e0 nhi\u1ec1u gi\u1ea3i \u0111\u1ea5u kh\u00e1c. Ph\u1ee7 s\u00f3ng r\u1ed9ng r\u00e3i, c\u00e1 c\u01b0\u1ee3c tr\u1ef1c ti\u1ebfp v\u00e0 t\u1ef7 l\u1ec7 c\u01b0\u1ee3c h\u1ea5p d\u1eabn!","robots":{"index":"noindex","follow":"follow","max-snippet":"max-snippet:-1","max-image-preview":"max-image-preview:large","max-video-preview":"max-video-preview:-1"},"og_locale":"vi_VN","og_type":"article","og_title":"C\u00e1 c\u01b0\u1ee3c b\u00f3ng \u0111\u00e1 t\u1ea1i BetWinner \u2014 \u0110\u1eb7t c\u01b0\u1ee3c NGAY v\u1edbi t\u1ef7 l\u1ec7 c\u01b0\u1ee3c cao","og_description":"\u0110\u1eb7t c\u01b0\u1ee3c b\u00f3ng \u0111\u00e1 t\u1ea1i BetWinner: \u0110\u1ea7u ti\u00ean Gi\u1ea3i \u0111\u1ea5u,Gi\u1ea3i v\u00f4 \u0111\u1ecbch c\u00e1c c\u00e2u l\u1ea1c b\u1ed9 ch\u00e2u \u00c2u, La Liga v\u00e0 nhi\u1ec1u gi\u1ea3i \u0111\u1ea5u kh\u00e1c. Ph\u1ee7 s\u00f3ng r\u1ed9ng r\u00e3i, c\u00e1 c\u01b0\u1ee3c tr\u1ef1c ti\u1ebfp v\u00e0 t\u1ef7 l\u1ec7 c\u01b0\u1ee3c h\u1ea5p d\u1eabn!","og_url":"https:\/\/betwinner.tips\/vi\/football\/","og_site_name":"Betwinner Tips VI","article_modified_time":"2026-04-25T14:55:32+00:00","twitter_card":"summary_large_image","schema":{"@context":"https:\/\/schema.org","@graph":[{"@type":"WebPage","@id":"https:\/\/betwinner.tips\/vi\/football\/","url":"https:\/\/betwinner.tips\/vi\/football\/","name":"C\u00e1 c\u01b0\u1ee3c b\u00f3ng \u0111\u00e1 t\u1ea1i BetWinner \u2014 \u0110\u1eb7t c\u01b0\u1ee3c NGAY v\u1edbi t\u1ef7 l\u1ec7 c\u01b0\u1ee3c cao","isPartOf":{"@id":"https:\/\/betwinner.tips\/vi\/#website"},"datePublished":"2026-04-13T08:56:35+00:00","dateModified":"2026-04-25T14:55:32+00:00","description":"\u0110\u1eb7t c\u01b0\u1ee3c b\u00f3ng \u0111\u00e1 t\u1ea1i BetWinner: \u0110\u1ea7u ti\u00ean Gi\u1ea3i \u0111\u1ea5u,Gi\u1ea3i v\u00f4 \u0111\u1ecbch c\u00e1c c\u00e2u l\u1ea1c b\u1ed9 ch\u00e2u \u00c2u, La Liga v\u00e0 nhi\u1ec1u gi\u1ea3i \u0111\u1ea5u kh\u00e1c. Ph\u1ee7 s\u00f3ng r\u1ed9ng r\u00e3i, c\u00e1 c\u01b0\u1ee3c tr\u1ef1c ti\u1ebfp v\u00e0 t\u1ef7 l\u1ec7 c\u01b0\u1ee3c h\u1ea5p d\u1eabn!","breadcrumb":{"@id":"https:\/\/betwinner.tips\/vi\/football\/#breadcrumb"},"inLanguage":"vi","potentialAction":[{"@type":"ReadAction","target":["https:\/\/betwinner.tips\/vi\/football\/"]}]},{"@type":"BreadcrumbList","@id":"https:\/\/betwinner.tips\/vi\/football\/#breadcrumb","itemListElement":[{"@type":"ListItem","position":1,"name":"Home","item":"https:\/\/betwinner.tips\/vi\/"},{"@type":"ListItem","position":2,"name":"B\u00f3ng \u0111\u00e1"}]},{"@type":"WebSite","@id":"https:\/\/betwinner.tips\/vi\/#website","url":"https:\/\/betwinner.tips\/vi\/","name":"Betwinner Tips VI","description":"My WordPress Blog","potentialAction":[{"@type":"SearchAction","target":{"@type":"EntryPoint","urlTemplate":"https:\/\/betwinner.tips\/vi\/?s={search_term_string}"},"query-input":{"@type":"PropertyValueSpecification","valueRequired":true,"valueName":"search_term_string"}}],"inLanguage":"vi"}]}},"_links":{"self":[{"href":"https:\/\/betwinner.tips\/vi\/wp-json\/wp\/v2\/pages\/505","targetHints":{"allow":["GET"]}}],"collection":[{"href":"https:\/\/betwinner.tips\/vi\/wp-json\/wp\/v2\/pages"}],"about":[{"href":"https:\/\/betwinner.tips\/vi\/wp-json\/wp\/v2\/types\/page"}],"author":[{"embeddable":true,"href":"https:\/\/betwinner.tips\/vi\/wp-json\/wp\/v2\/users\/1"}],"replies":[{"embeddable":true,"href":"https:\/\/betwinner.tips\/vi\/wp-json\/wp\/v2\/comments?post=505"}],"version-history":[{"count":5,"href":"https:\/\/betwinner.tips\/vi\/wp-json\/wp\/v2\/pages\/505\/revisions"}],"predecessor-version":[{"id":650,"href":"https:\/\/betwinner.tips\/vi\/wp-json\/wp\/v2\/pages\/505\/revisions\/650"}],"wp:attachment":[{"href":"https:\/\/betwinner.tips\/vi\/wp-json\/wp\/v2\/media?parent=505"}],"curies":[{"name":"wp","href":"https:\/\/api.w.org\/{rel}","templated":true}]}}