{"id":539,"date":"2026-04-14T08:23:51","date_gmt":"2026-04-14T08:23:51","guid":{"rendered":"https:\/\/betwinner.tips\/vi\/?page_id=539"},"modified":"2026-04-25T15:04:40","modified_gmt":"2026-04-25T15:04:40","slug":"games","status":"publish","type":"page","link":"https:\/\/betwinner.tips\/vi\/games\/","title":{"rendered":"Tr\u00f2 ch\u01a1i"},"content":{"rendered":"","protected":false},"excerpt":{"rendered":"","protected":false},"author":1,"featured_media":0,"parent":0,"menu_order":0,"comment_status":"closed","ping_status":"closed","template":"","meta":{"footnotes":""},"class_list":["post-539","page","type-page","status-publish","hentry"],"yoast_head":"<!-- This site is optimized with the Yoast SEO plugin v25.6 - https:\/\/yoast.com\/wordpress\/plugins\/seo\/ -->\n<title>Tr\u00f2 ch\u01a1i tr\u1ef1c tuy\u1ebfn t\u1ea1i BetWinner \u2014 Ch\u01a1i v\u00e0 gi\u00e0nh chi\u1ebfn th\u1eafng<\/title>\n<meta name=\"description\" content=\"Tham gia c\u00e1c tr\u00f2 ch\u01a1i tr\u1ef1c tuy\u1ebfn hay nh\u1ea5t t\u1ea1i BetWinner: m\u00e1y \u0111\u00e1nh b\u1ea1c, tr\u00f2 ch\u01a1i crash v\u00e0 nhi\u1ec1u tr\u00f2 ch\u01a1i kh\u00e1c. Tr\u1ea3i nghi\u1ec7m ch\u01a1i m\u01b0\u1ee3t m\u00e0, nhi\u1ec1u ph\u1ea7n th\u01b0\u1edfng h\u1ea5p d\u1eabn v\u00e0 c\u01a1 h\u1ed9i tr\u00fang th\u01b0\u1edfng l\u1edbn!\" \/>\n<meta name=\"robots\" content=\"noindex, follow, max-snippet:-1, max-image-preview:large, max-video-preview:-1\" \/>\n<meta property=\"og:locale\" content=\"vi_VN\" \/>\n<meta property=\"og:type\" content=\"article\" \/>\n<meta property=\"og:title\" content=\"Tr\u00f2 ch\u01a1i tr\u1ef1c tuy\u1ebfn t\u1ea1i BetWinner \u2014 Ch\u01a1i v\u00e0 gi\u00e0nh chi\u1ebfn th\u1eafng\" \/>\n<meta property=\"og:description\" content=\"Tham gia c\u00e1c tr\u00f2 ch\u01a1i tr\u1ef1c tuy\u1ebfn hay nh\u1ea5t t\u1ea1i BetWinner: m\u00e1y \u0111\u00e1nh b\u1ea1c, tr\u00f2 ch\u01a1i crash v\u00e0 nhi\u1ec1u tr\u00f2 ch\u01a1i kh\u00e1c. Tr\u1ea3i nghi\u1ec7m ch\u01a1i m\u01b0\u1ee3t m\u00e0, nhi\u1ec1u ph\u1ea7n th\u01b0\u1edfng h\u1ea5p d\u1eabn v\u00e0 c\u01a1 h\u1ed9i tr\u00fang th\u01b0\u1edfng l\u1edbn!\" \/>\n<meta property=\"og:url\" content=\"https:\/\/betwinner.tips\/vi\/games\/\" \/>\n<meta property=\"og:site_name\" content=\"Betwinner Tips VI\" \/>\n<meta property=\"article:modified_time\" content=\"2026-04-25T15:04:40+00:00\" \/>\n<meta name=\"twitter:card\" content=\"summary_large_image\" \/>\n<script type=\"application\/ld+json\" class=\"yoast-schema-graph\">{\"@context\":\"https:\/\/schema.org\",\"@graph\":[{\"@type\":\"WebPage\",\"@id\":\"https:\/\/betwinner.tips\/vi\/games\/\",\"url\":\"https:\/\/betwinner.tips\/vi\/games\/\",\"name\":\"Tr\u00f2 ch\u01a1i tr\u1ef1c tuy\u1ebfn t\u1ea1i BetWinner \u2014 Ch\u01a1i v\u00e0 gi\u00e0nh chi\u1ebfn th\u1eafng\",\"isPartOf\":{\"@id\":\"https:\/\/betwinner.tips\/vi\/#website\"},\"datePublished\":\"2026-04-14T08:23:51+00:00\",\"dateModified\":\"2026-04-25T15:04:40+00:00\",\"description\":\"Tham gia c\u00e1c tr\u00f2 ch\u01a1i tr\u1ef1c tuy\u1ebfn hay nh\u1ea5t t\u1ea1i BetWinner: m\u00e1y \u0111\u00e1nh b\u1ea1c, tr\u00f2 ch\u01a1i crash v\u00e0 nhi\u1ec1u tr\u00f2 ch\u01a1i kh\u00e1c. Tr\u1ea3i nghi\u1ec7m ch\u01a1i m\u01b0\u1ee3t m\u00e0, nhi\u1ec1u ph\u1ea7n th\u01b0\u1edfng h\u1ea5p d\u1eabn v\u00e0 c\u01a1 h\u1ed9i tr\u00fang th\u01b0\u1edfng l\u1edbn!\",\"breadcrumb\":{\"@id\":\"https:\/\/betwinner.tips\/vi\/games\/#breadcrumb\"},\"inLanguage\":\"vi\",\"potentialAction\":[{\"@type\":\"ReadAction\",\"target\":[\"https:\/\/betwinner.tips\/vi\/games\/\"]}]},{\"@type\":\"BreadcrumbList\",\"@id\":\"https:\/\/betwinner.tips\/vi\/games\/#breadcrumb\",\"itemListElement\":[{\"@type\":\"ListItem\",\"position\":1,\"name\":\"Home\",\"item\":\"https:\/\/betwinner.tips\/vi\/\"},{\"@type\":\"ListItem\",\"position\":2,\"name\":\"Tr\u00f2 ch\u01a1i\"}]},{\"@type\":\"WebSite\",\"@id\":\"https:\/\/betwinner.tips\/vi\/#website\",\"url\":\"https:\/\/betwinner.tips\/vi\/\",\"name\":\"Betwinner Tips VI\",\"description\":\"My WordPress Blog\",\"potentialAction\":[{\"@type\":\"SearchAction\",\"target\":{\"@type\":\"EntryPoint\",\"urlTemplate\":\"https:\/\/betwinner.tips\/vi\/?s={search_term_string}\"},\"query-input\":{\"@type\":\"PropertyValueSpecification\",\"valueRequired\":true,\"valueName\":\"search_term_string\"}}],\"inLanguage\":\"vi\"}]}<\/script>\n<!-- \/ Yoast SEO plugin. -->","yoast_head_json":{"title":"Tr\u00f2 ch\u01a1i tr\u1ef1c tuy\u1ebfn t\u1ea1i BetWinner \u2014 Ch\u01a1i v\u00e0 gi\u00e0nh chi\u1ebfn th\u1eafng","description":"Tham gia c\u00e1c tr\u00f2 ch\u01a1i tr\u1ef1c tuy\u1ebfn hay nh\u1ea5t t\u1ea1i BetWinner: m\u00e1y \u0111\u00e1nh b\u1ea1c, tr\u00f2 ch\u01a1i crash v\u00e0 nhi\u1ec1u tr\u00f2 ch\u01a1i kh\u00e1c. Tr\u1ea3i nghi\u1ec7m ch\u01a1i m\u01b0\u1ee3t m\u00e0, nhi\u1ec1u ph\u1ea7n th\u01b0\u1edfng h\u1ea5p d\u1eabn v\u00e0 c\u01a1 h\u1ed9i tr\u00fang th\u01b0\u1edfng l\u1edbn!","robots":{"index":"noindex","follow":"follow","max-snippet":"max-snippet:-1","max-image-preview":"max-image-preview:large","max-video-preview":"max-video-preview:-1"},"og_locale":"vi_VN","og_type":"article","og_title":"Tr\u00f2 ch\u01a1i tr\u1ef1c tuy\u1ebfn t\u1ea1i BetWinner \u2014 Ch\u01a1i v\u00e0 gi\u00e0nh chi\u1ebfn th\u1eafng","og_description":"Tham gia c\u00e1c tr\u00f2 ch\u01a1i tr\u1ef1c tuy\u1ebfn hay nh\u1ea5t t\u1ea1i BetWinner: m\u00e1y \u0111\u00e1nh b\u1ea1c, tr\u00f2 ch\u01a1i crash v\u00e0 nhi\u1ec1u tr\u00f2 ch\u01a1i kh\u00e1c. Tr\u1ea3i nghi\u1ec7m ch\u01a1i m\u01b0\u1ee3t m\u00e0, nhi\u1ec1u ph\u1ea7n th\u01b0\u1edfng h\u1ea5p d\u1eabn v\u00e0 c\u01a1 h\u1ed9i tr\u00fang th\u01b0\u1edfng l\u1edbn!","og_url":"https:\/\/betwinner.tips\/vi\/games\/","og_site_name":"Betwinner Tips VI","article_modified_time":"2026-04-25T15:04:40+00:00","twitter_card":"summary_large_image","schema":{"@context":"https:\/\/schema.org","@graph":[{"@type":"WebPage","@id":"https:\/\/betwinner.tips\/vi\/games\/","url":"https:\/\/betwinner.tips\/vi\/games\/","name":"Tr\u00f2 ch\u01a1i tr\u1ef1c tuy\u1ebfn t\u1ea1i BetWinner \u2014 Ch\u01a1i v\u00e0 gi\u00e0nh chi\u1ebfn th\u1eafng","isPartOf":{"@id":"https:\/\/betwinner.tips\/vi\/#website"},"datePublished":"2026-04-14T08:23:51+00:00","dateModified":"2026-04-25T15:04:40+00:00","description":"Tham gia c\u00e1c tr\u00f2 ch\u01a1i tr\u1ef1c tuy\u1ebfn hay nh\u1ea5t t\u1ea1i BetWinner: m\u00e1y \u0111\u00e1nh b\u1ea1c, tr\u00f2 ch\u01a1i crash v\u00e0 nhi\u1ec1u tr\u00f2 ch\u01a1i kh\u00e1c. Tr\u1ea3i nghi\u1ec7m ch\u01a1i m\u01b0\u1ee3t m\u00e0, nhi\u1ec1u ph\u1ea7n th\u01b0\u1edfng h\u1ea5p d\u1eabn v\u00e0 c\u01a1 h\u1ed9i tr\u00fang th\u01b0\u1edfng l\u1edbn!","breadcrumb":{"@id":"https:\/\/betwinner.tips\/vi\/games\/#breadcrumb"},"inLanguage":"vi","potentialAction":[{"@type":"ReadAction","target":["https:\/\/betwinner.tips\/vi\/games\/"]}]},{"@type":"BreadcrumbList","@id":"https:\/\/betwinner.tips\/vi\/games\/#breadcrumb","itemListElement":[{"@type":"ListItem","position":1,"name":"Home","item":"https:\/\/betwinner.tips\/vi\/"},{"@type":"ListItem","position":2,"name":"Tr\u00f2 ch\u01a1i"}]},{"@type":"WebSite","@id":"https:\/\/betwinner.tips\/vi\/#website","url":"https:\/\/betwinner.tips\/vi\/","name":"Betwinner Tips VI","description":"My WordPress Blog","potentialAction":[{"@type":"SearchAction","target":{"@type":"EntryPoint","urlTemplate":"https:\/\/betwinner.tips\/vi\/?s={search_term_string}"},"query-input":{"@type":"PropertyValueSpecification","valueRequired":true,"valueName":"search_term_string"}}],"inLanguage":"vi"}]}},"_links":{"self":[{"href":"https:\/\/betwinner.tips\/vi\/wp-json\/wp\/v2\/pages\/539","targetHints":{"allow":["GET"]}}],"collection":[{"href":"https:\/\/betwinner.tips\/vi\/wp-json\/wp\/v2\/pages"}],"about":[{"href":"https:\/\/betwinner.tips\/vi\/wp-json\/wp\/v2\/types\/page"}],"author":[{"embeddable":true,"href":"https:\/\/betwinner.tips\/vi\/wp-json\/wp\/v2\/users\/1"}],"replies":[{"embeddable":true,"href":"https:\/\/betwinner.tips\/vi\/wp-json\/wp\/v2\/comments?post=539"}],"version-history":[{"count":4,"href":"https:\/\/betwinner.tips\/vi\/wp-json\/wp\/v2\/pages\/539\/revisions"}],"predecessor-version":[{"id":652,"href":"https:\/\/betwinner.tips\/vi\/wp-json\/wp\/v2\/pages\/539\/revisions\/652"}],"wp:attachment":[{"href":"https:\/\/betwinner.tips\/vi\/wp-json\/wp\/v2\/media?parent=539"}],"curies":[{"name":"wp","href":"https:\/\/api.w.org\/{rel}","templated":true}]}}